{"id":2739,"date":"2026-01-05T09:13:53","date_gmt":"2026-01-05T06:13:53","guid":{"rendered":"https:\/\/kalitetercume.com.tr\/Legal\/?page_id=2739"},"modified":"2026-01-06T10:32:02","modified_gmt":"2026-01-06T07:32:02","slug":"kontakt","status":"publish","type":"page","link":"https:\/\/kalitetercume.com.tr\/Legal\/de\/ev\/kontakt\/","title":{"rendered":"Kontakt"},"content":{"rendered":"<div class=\"wpb-content-wrapper\"><p>[vc_row wrap_container=&#8221;yes&#8221; css=&#8221;.vc_custom_1608515725089{background-color: #f7f7f7 !important;}&#8221; el_class=&#8221;position-relative&#8221;][vc_column el_class=&#8221;pt-5 pb-md-5 mt-md-5 mb-4 contact-info-wrapper&#8221; offset=&#8221;vc_col-md-7&#8243; conditional_render=&#8221;%5B%7B%22value_role%22%3A%22administrator%22%7D%5D&#8221;][vc_row_inner][vc_column_inner width=&#8221;1\/2&#8243;][vc_custom_heading text=&#8221;Kontakt aufnehmen&#8221; font_container=&#8221;tag:h2|font_size:2em|text_align:left|line_height:42px&#8221; use_theme_fonts=&#8221;yes&#8221; font_weight=&#8221;700&#8243; letter_spacing=&#8221;-0.05em&#8221; css=&#8221;.vc_custom_1767593397077{margin-bottom: 32px !important;}&#8221; css_params=&#8221;&#8221;][vc_custom_heading text=&#8221;Arbeitsanfragen&#8221; font_container=&#8221;tag:h3|font_size:1.2em|text_align:left|line_height:24px&#8221; use_theme_fonts=&#8221;yes&#8221; font_family=&#8221;Poppins&#8221; font_weight=&#8221;700&#8243; letter_spacing=&#8221;-0.05em&#8221; el_class=&#8221;mb-0 fst-normal&#8221; css_params=&#8221;&#8221;][vc_custom_heading text=&#8221;+90 324 327 17 11&#8243; font_container=&#8221;tag:p|font_size:14px|text_align:left|color:%23777777|line_height:26px&#8221; use_theme_fonts=&#8221;yes&#8221; css=&#8221;.vc_custom_1763984690403{margin-bottom: 24px !important;}&#8221; link=&#8221;url:%2B90%20324%20327%2015%2011&#8243; css_params=&#8221;&#8221;][vc_custom_heading text=&#8221;WhatsApp&#8221; font_container=&#8221;tag:h3|font_size:1.2em|text_align:left|line_height:24px&#8221; use_theme_fonts=&#8221;yes&#8221; font_family=&#8221;Poppins&#8221; font_weight=&#8221;700&#8243; letter_spacing=&#8221;-0.05em&#8221; el_class=&#8221;mb-0 fst-normal&#8221; css_params=&#8221;&#8221;][vc_custom_heading text=&#8221;+90 507 220 38 62&#8243; font_container=&#8221;tag:p|font_size:14px|text_align:left|color:%23777777|line_height:26px&#8221; use_theme_fonts=&#8221;yes&#8221; css=&#8221;.vc_custom_1761307647170{margin-bottom: 24px !important;}&#8221; link=&#8221;url:%2B90%20507%20220%2038%2062&#8243; css_params=&#8221;&#8221;][vc_custom_heading text=&#8221;Servicezeiten&#8221; font_container=&#8221;tag:h3|font_size:1.2em|text_align:left|line_height:24px&#8221; use_theme_fonts=&#8221;yes&#8221; font_family=&#8221;Poppins&#8221; font_weight=&#8221;700&#8243; letter_spacing=&#8221;-0.05em&#8221; el_class=&#8221;mb-0 fst-normal&#8221; css_params=&#8221;&#8221;][vc_custom_heading text=&#8221;Rund um die Uhr verf\u00fcgbar \u2013 24\/7, 365 Tage im Jahr&#8221; font_container=&#8221;tag:p|font_size:14px|text_align:left|color:%23777777|line_height:26px&#8221; use_theme_fonts=&#8221;yes&#8221; css=&#8221;.vc_custom_1767593218972{margin-bottom: 44px !important;}&#8221; css_params=&#8221;&#8221;][\/vc_column_inner][vc_column_inner width=&#8221;1\/2&#8243;][vc_custom_heading text=&#8221;Adresse und E-Mail&#8221; font_container=&#8221;tag:h2|font_size:2em|text_align:left|line_height:42px&#8221; use_theme_fonts=&#8221;yes&#8221; font_weight=&#8221;700&#8243; letter_spacing=&#8221;-0.05em&#8221; css=&#8221;.vc_custom_1767593079828{margin-bottom: 32px !important;}&#8221; css_params=&#8221;&#8221;][vc_custom_heading text=&#8221;Adresse&#8221; font_container=&#8221;tag:h3|font_size:1.2em|text_align:left|line_height:24px&#8221; use_theme_fonts=&#8221;yes&#8221; font_family=&#8221;Poppins&#8221; font_weight=&#8221;700&#8243; letter_spacing=&#8221;-0.05em&#8221; el_class=&#8221;mb-0 fst-normal&#8221; css_params=&#8221;&#8221;][vc_custom_heading text=&#8221;Bah\u00e7elievler Mah. GMK Bul. 18. Cad.<br \/>\nAksa Sit. A-3 Blok Kat: 5\/32 Yenisehir<br \/>\nMERSIN, TURKEY&#8221; font_container=&#8221;tag:p|font_size:14px|text_align:left|color:%23777777|line_height:26px&#8221; use_theme_fonts=&#8221;yes&#8221; css=&#8221;.vc_custom_1761307404299{margin-bottom: 20px !important;}&#8221; css_params=&#8221;&#8221;][vc_custom_heading text=&#8221;E-Mail&#8221; font_container=&#8221;tag:h3|font_size:1.2em|text_align:left|line_height:24px&#8221; use_theme_fonts=&#8221;yes&#8221; font_family=&#8221;Poppins&#8221; font_weight=&#8221;700&#8243; letter_spacing=&#8221;-0.05em&#8221; el_class=&#8221;mb-0 fst-normal&#8221; css_params=&#8221;&#8221;][vc_custom_heading text=&#8221;info@kalitetercume.com.tr&#8221; font_container=&#8221;tag:p|font_size:14px|text_align:left|color:%23777777|line_height:26px&#8221; use_theme_fonts=&#8221;yes&#8221; css=&#8221;.vc_custom_1761307493514{margin-bottom: 24px !important;}&#8221; link=&#8221;url:mailto%3Amail%40example.com&#8221; el_class=&#8221;text-decoration-underline&#8221; css_params=&#8221;&#8221;][\/vc_column_inner][\/vc_row_inner][\/vc_column][vc_column el_class=&#8221;mb-5 pb-lg-0 mb-lg-0 google-map-wrapper&#8221; offset=&#8221;vc_col-md-5&#8243; conditional_render=&#8221;%5B%7B%22value_role%22%3A%22administrator%22%7D%5D&#8221;][vc_column_text css=&#8221;&#8221; css_params=&#8221;&#8221;]<\/p>\n<div style=\"position: relative; overflow: hidden;\"><a style=\"color: #eee; font-size: 12px; position: absolute; top: 0px;\" href=\"https:\/\/yandex.com.tr\/harita\/org\/kalite_tercume\/238854741657\/?utm_medium=mapframe&amp;utm_source=maps\">Kalite Terc\u00fcme<\/a><a style=\"color: #eee; font-size: 12px; position: absolute; top: 14px;\" href=\"https:\/\/yandex.com.tr\/harita\/103823\/mersin\/category\/translation_agency\/184105416\/?utm_medium=mapframe&amp;utm_source=maps\">Mersin i\u00e7in Terc\u00fcme b\u00fcrolar\u0131<\/a><iframe loading=\"lazy\" style=\"position: relative;\" src=\"https:\/\/yandex.com.tr\/map-widget\/v1\/?ll=34.595081%2C36.785795&amp;mode=search&amp;oid=238854741657&amp;ol=biz&amp;sctx=ZAAAAAgBEAAaKAoSCbFvJxHhS0FAEbtCHyxjZUJAEhIJ8IgK1c3Fjz8R4lgXt9EAfj8iBgABAgMEBSgKOABAj6sGSAFiEmxldG9fdl9nb3JvZGU9dHJ1ZWoCdHKdAc3MTD2gAQCoAQC9AUEGTdrCAQaZvejm%2BQbqAQDyAQD4AQCCAiJCYWjDp2VsaWV2bGVyIE1haC4ga2FsaXRlIHRlcmPDvG1ligIAkgIGMTE1NzQ4mgIMZGVza3RvcC1tYXBz&amp;sll=34.595081%2C36.785795&amp;sspn=0.047029%2C0.022206&amp;text=Bah%C3%A7elievler%20Mah.%20kalite%20terc%C3%BCme&amp;z=15.39\" width=\"850\" height=\"510\" frameborder=\"1\" allowfullscreen=\"allowfullscreen\"><\/iframe><\/div>\n<p>[\/vc_column_text][\/vc_column][\/vc_row][vc_row wrap_container=&#8221;yes&#8221; content_placement=&#8221;middle&#8221; el_class=&#8221;py-5 my-0 my-md-5 faq-wrapper&#8221; conditional_render=&#8221;%5B%7B%22value_role%22%3A%22administrator%22%7D%5D&#8221;][vc_column animation_delay=&#8221;200&#8243; offset=&#8221;vc_col-md-6&#8243; el_class=&#8221;mb-5 mb-lg-0&#8243; animation_type=&#8221;fadeIn&#8221; conditional_render=&#8221;%5B%7B%22value_role%22%3A%22administrator%22%7D%5D&#8221;]<div class=\"porto-ultimate-content-box-container bg-primary py-5 px-3 px-md-5 position-relative\"><style>.porto_ucb_21b6bf01188be9ba0119a2cb5c097588{will-change: box-shadow;box-shadow: none;}.porto_ucb_21b6bf01188be9ba0119a2cb5c097588:hover{box-shadow:none}<\/style><div class=\"porto-ultimate-content-box porto_ucb_21b6bf01188be9ba0119a2cb5c097588\" style=\"\">[vc_custom_heading text=&#8221;Haben Sie Fragen?&#8221; font_container=&#8221;tag:h4|font_size:1.2em|text_align:left|line_height:24px&#8221; use_theme_fonts=&#8221;yes&#8221; font_weight=&#8221;500&#8243; skin=&#8221;light&#8221; letter_spacing=&#8221;-0.05em&#8221; el_class=&#8221;opacity-8 mb-0&#8243; css_params=&#8221;&#8221;][vc_custom_heading text=&#8221;H\u00e4ufig gestellte Fragen&#8221; font_container=&#8221;tag:h2|font_size:2.5em|text_align:left|color:%23ffffff|line_height:42px&#8221; use_theme_fonts=&#8221;yes&#8221; font_weight=&#8221;700&#8243; skin=&#8221;light&#8221; letter_spacing=&#8221;-0.05em&#8221; el_class=&#8221;pb-2 mb-4 font-style-normal&#8221; css_params=&#8221;&#8221;][vc_empty_space][vc_toggle title=&#8221;1-Ist die Beglaubigung im Wortpreis enthalten?&#8221; css=&#8221;&#8221; css_params=&#8221;&#8221;]<\/p>\n<p style=\"color: #fff;\">Notarielle Beglaubigung \/ Apostille werden getrennt berechnet (amtliche Geb\u00fchren plus Bearbeitungsgeb\u00fchr).<\/p>\n<p>[\/vc_toggle][vc_toggle title=&#8221;2-Akzeptieren Sie sensible \/ vertrauliche Unterlagen?&#8221; css=&#8221;&#8221; css_params=&#8221;&#8221;]<\/p>\n<p style=\"color: #fff;\">Ja. Wir arbeiten unter Geheimhaltungsvereinbarung (NDA) mit verschl\u00fcsselter \u00dcbertragung\/Speicherung und eingeschr\u00e4nktem Zugriff.<\/p>\n<p>[\/vc_toggle][vc_toggle title=&#8221;3-K\u00f6nnen Sie unseren internen juristischen Stil anpassen?&#8221; css=&#8221;&#8221; css_params=&#8221;&#8221;]<\/p>\n<p style=\"color: #fff;\">Ja. Wir erstellen und pflegen f\u00fcr jeden Kunden Glossare und Stilrichtlinien.<\/p>\n<p>[\/vc_toggle][vc_toggle title=&#8221;4-Bieten Sie beglaubigte gedruckte Exemplare an?&#8221; css=&#8221;&#8221; css_params=&#8221;&#8221;]<\/p>\n<p style=\"color: #fff;\">Ja. Auf Wunsch stellen wir gestempelte Originalkopien aus und versenden sie weltweit.<\/p>\n<p>[\/vc_toggle]<\/div><\/div>[\/vc_column][vc_column offset=&#8221;vc_col-lg-offset-1 vc_col-lg-5 vc_col-md-6&#8243;][vc_custom_heading text=&#8221;Lassen Sie uns reden&#8221; font_container=&#8221;tag:div|font_size:1.2em|text_align:left|line_height:24px&#8221; use_theme_fonts=&#8221;yes&#8221; font_weight=&#8221;500&#8243; skin=&#8221;primary&#8221; animation_delay=&#8221;400&#8243; el_class=&#8221;mb-0 text-lg-end&#8221; animation_type=&#8221;fadeInUp&#8221; css_params=&#8221;&#8221;][vc_custom_heading text=&#8221;Beratung anfordern&#8221; font_container=&#8221;tag:h2|font_size:2.5em|text_align:left|line_height:42px&#8221; use_theme_fonts=&#8221;yes&#8221; text_transform=&#8221;text-capitalize&#8221; font_weight=&#8221;700&#8243; letter_spacing=&#8221;-0.05em&#8221; animation_delay=&#8221;600&#8243; el_class=&#8221;pb-2 mb-4 align-lg-right text-lg-end&#8221; animation_type=&#8221;fadeInUp&#8221; css_params=&#8221;&#8221;]<div class=\"porto-ultimate-content-box-container \" data-appear-animation=\"fadeInUp\" data-appear-animation-delay=\"800\"><style>.porto_ucb_21b6bf01188be9ba0119a2cb5c097588{will-change: box-shadow;box-shadow: none;}.porto_ucb_21b6bf01188be9ba0119a2cb5c097588:hover{box-shadow:none}<\/style><div class=\"porto-ultimate-content-box porto_ucb_21b6bf01188be9ba0119a2cb5c097588\" style=\"\"><div class=\"wpb_custom_79c32a8725593cdfc0a363c46643d7ab\">\n<div class=\"wpcf7 no-js\" id=\"wpcf7-f2742-o1\" lang=\"en-US\" dir=\"ltr\" data-wpcf7-id=\"2742\">\n<div class=\"screen-reader-response\"><p role=\"status\" aria-live=\"polite\" aria-atomic=\"true\"><\/p> <ul><\/ul><\/div>\n<form action=\"\/Legal\/wp-json\/wp\/v2\/pages\/2739#wpcf7-f2742-o1\" method=\"post\" class=\"wpcf7-form init\" aria-label=\"Contact form\" enctype=\"multipart\/form-data\" novalidate=\"novalidate\" data-status=\"init\">\n<fieldset class=\"hidden-fields-container\"><input type=\"hidden\" name=\"_wpcf7\" value=\"2742\" \/><input type=\"hidden\" name=\"_wpcf7_version\" value=\"6.1.5\" \/><input type=\"hidden\" name=\"_wpcf7_locale\" value=\"en_US\" \/><input type=\"hidden\" name=\"_wpcf7_unit_tag\" value=\"wpcf7-f2742-o1\" \/><input type=\"hidden\" name=\"_wpcf7_container_post\" value=\"0\" \/><input type=\"hidden\" name=\"_wpcf7_posted_data_hash\" value=\"\" \/>\n<\/fieldset>\n<div class=\"form-group mb-3\">\n\t<span class=\"wpcf7-form-control-wrap\" data-name=\"your-name\"><input size=\"40\" maxlength=\"400\" class=\"wpcf7-form-control wpcf7-text wpcf7-validates-as-required form-control\" aria-required=\"true\" aria-invalid=\"false\" placeholder=\"Name *\" value=\"\" type=\"text\" name=\"your-name\" \/><\/span>\n<\/div>\n<div class=\"form-group mb-3\">\n\t<span class=\"wpcf7-form-control-wrap\" data-name=\"your-email\"><input size=\"40\" maxlength=\"400\" class=\"wpcf7-form-control wpcf7-email wpcf7-validates-as-required wpcf7-text wpcf7-validates-as-email form-control\" aria-required=\"true\" aria-invalid=\"false\" placeholder=\"E-mail *\" value=\"\" type=\"email\" name=\"your-email\" \/><\/span>\n<\/div>\n<div class=\"form-group mb-3\">\n\t<span class=\"wpcf7-form-control-wrap\" data-name=\"Phone\"><input size=\"40\" maxlength=\"400\" class=\"wpcf7-form-control wpcf7-tel wpcf7-validates-as-required wpcf7-text wpcf7-validates-as-tel form-control\" aria-required=\"true\" aria-invalid=\"false\" placeholder=\"Telefon *\" value=\"\" type=\"tel\" name=\"Phone\" \/><\/span>\n<\/div>\n<div class=\"form-group mb-4\">\n\t<span class=\"wpcf7-form-control-wrap\" data-name=\"your-message\"><textarea cols=\"40\" rows=\"7\" maxlength=\"2000\" class=\"wpcf7-form-control wpcf7-textarea wpcf7-validates-as-required form-control\" aria-required=\"true\" aria-invalid=\"false\" placeholder=\"Nachricht *\" name=\"your-message\"><\/textarea><\/span>\n<\/div>\n<span class=\"wpcf7-form-control-wrap\" data-name=\"file-579\"><input size=\"40\" class=\"wpcf7-form-control wpcf7-file\" accept=\"audio\/*,video\/*,image\/*\" aria-invalid=\"false\" type=\"file\" name=\"file-579\" \/><\/span>\n<div class=\"form-group text-lg-end mb-0\">\n    <button type=\"submit\" class=\"btn btn-primary btn-modern btn-lg\">Senden<\/button>\n<\/div><p style=\"display: none !important;\" class=\"akismet-fields-container\" data-prefix=\"_wpcf7_ak_\"><label>&#916;<textarea name=\"_wpcf7_ak_hp_textarea\" cols=\"45\" rows=\"8\" maxlength=\"100\"><\/textarea><\/label><input type=\"hidden\" id=\"ak_js_1\" name=\"_wpcf7_ak_js\" value=\"65\"\/><script>document.getElementById( \"ak_js_1\" ).setAttribute( \"value\", ( new Date() ).getTime() );<\/script><\/p><div class=\"wpcf7-response-output\" aria-hidden=\"true\"><\/div>\n<\/form>\n<\/div>\n<\/div><\/div><\/div>[\/vc_column][\/vc_row]<\/p>\n<\/div>","protected":false},"excerpt":{"rendered":"<p>[vc_row wrap_container=&#8221;yes&#8221; css=&#8221;.vc_custom_1608515725089{background-color: #f7f7f7 !important;}&#8221; el_class=&#8221;position-relative&#8221;][vc_column el_class=&#8221;pt-5 pb-md-5 mt-md-5 mb-4 contact-info-wrapper&#8221; offset=&#8221;vc_col-md-7&#8243; conditional_render=&#8221;%5B%7B%22value_role%22%3A%22administrator%22%7D%5D&#8221;][vc_row_inner][vc_column_inner width=&#8221;1\/2&#8243;][vc_custom_heading text=&#8221;Kontakt aufnehmen&#8221; font_container=&#8221;tag:h2|font_size:2em|text_align:left|line_height:42px&#8221; use_theme_fonts=&#8221;yes&#8221; font_weight=&#8221;700&#8243; letter_spacing=&#8221;-0.05em&#8221; css=&#8221;.vc_custom_1767593397077{margin-bottom: 32px !important;}&#8221; css_params=&#8221;&#8221;][vc_custom_heading text=&#8221;Arbeitsanfragen&#8221; font_container=&#8221;tag:h3|font_size:1.2em|text_align:left|line_height:24px&#8221; use_theme_fonts=&#8221;yes&#8221; font_family=&#8221;Poppins&#8221; font_weight=&#8221;700&#8243; letter_spacing=&#8221;-0.05em&#8221; el_class=&#8221;mb-0 fst-normal&#8221; css_params=&#8221;&#8221;][vc_custom_heading text=&#8221;+90 324 327 17 11&#8243; font_container=&#8221;tag:p|font_size:14px|text_align:left|color:%23777777|line_height:26px&#8221; use_theme_fonts=&#8221;yes&#8221; css=&#8221;.vc_custom_1763984690403{margin-bottom: 24px !important;}&#8221; link=&#8221;url:%2B90%20324%20327%2015%2011&#8243; css_params=&#8221;&#8221;][vc_custom_heading text=&#8221;WhatsApp&#8221; font_container=&#8221;tag:h3|font_size:1.2em|text_align:left|line_height:24px&#8221; use_theme_fonts=&#8221;yes&#8221; font_family=&#8221;Poppins&#8221; font_weight=&#8221;700&#8243; letter_spacing=&#8221;-0.05em&#8221; el_class=&#8221;mb-0 fst-normal&#8221; css_params=&#8221;&#8221;][vc_custom_heading text=&#8221;+90 [&hellip;]<\/p>\n","protected":false},"author":1,"featured_media":0,"parent":2730,"menu_order":0,"comment_status":"closed","ping_status":"closed","template":"","meta":{"_acf_changed":false,"footnotes":""},"class_list":["post-2739","page","type-page","status-publish","hentry"],"acf":[],"_links":{"self":[{"href":"https:\/\/kalitetercume.com.tr\/Legal\/wp-json\/wp\/v2\/pages\/2739","targetHints":{"allow":["GET"]}}],"collection":[{"href":"https:\/\/kalitetercume.com.tr\/Legal\/wp-json\/wp\/v2\/pages"}],"about":[{"href":"https:\/\/kalitetercume.com.tr\/Legal\/wp-json\/wp\/v2\/types\/page"}],"author":[{"embeddable":true,"href":"https:\/\/kalitetercume.com.tr\/Legal\/wp-json\/wp\/v2\/users\/1"}],"replies":[{"embeddable":true,"href":"https:\/\/kalitetercume.com.tr\/Legal\/wp-json\/wp\/v2\/comments?post=2739"}],"version-history":[{"count":12,"href":"https:\/\/kalitetercume.com.tr\/Legal\/wp-json\/wp\/v2\/pages\/2739\/revisions"}],"predecessor-version":[{"id":2760,"href":"https:\/\/kalitetercume.com.tr\/Legal\/wp-json\/wp\/v2\/pages\/2739\/revisions\/2760"}],"up":[{"embeddable":true,"href":"https:\/\/kalitetercume.com.tr\/Legal\/wp-json\/wp\/v2\/pages\/2730"}],"wp:attachment":[{"href":"https:\/\/kalitetercume.com.tr\/Legal\/wp-json\/wp\/v2\/media?parent=2739"}],"curies":[{"name":"wp","href":"https:\/\/api.w.org\/{rel}","templated":true}]}}