{"id":28,"date":"2020-12-15T05:28:13","date_gmt":"2020-12-15T05:28:13","guid":{"rendered":"http:\/\/sw-themes.com\/porto_dummy\/?page_id=28"},"modified":"2026-01-07T10:10:16","modified_gmt":"2026-01-07T07:10:16","slug":"contact","status":"publish","type":"page","link":"https:\/\/kalitetercume.com.tr\/Legal\/contact\/","title":{"rendered":"Contact"},"content":{"rendered":"<div class=\"wpb-content-wrapper\"><p>[vc_row wrap_container=&#8221;yes&#8221; css=&#8221;.vc_custom_1608515725089{background-color: #f7f7f7 !important;}&#8221; el_class=&#8221;position-relative&#8221;][vc_column el_class=&#8221;pt-5 pb-md-5 mt-md-5 mb-4 contact-info-wrapper&#8221; offset=&#8221;vc_col-md-7&#8243; conditional_render=&#8221;%5B%7B%22value_role%22%3A%22administrator%22%7D%5D&#8221;][vc_row_inner][vc_column_inner width=&#8221;1\/2&#8243;][vc_custom_heading text=&#8221;Get In Touch&#8221; font_container=&#8221;tag:h2|font_size:2em|text_align:left|line_height:42px&#8221; use_theme_fonts=&#8221;yes&#8221; font_weight=&#8221;700&#8243; letter_spacing=&#8221;-0.05em&#8221; css=&#8221;.vc_custom_1709799938707{margin-bottom: 32px !important;}&#8221;][vc_custom_heading text=&#8221;Work Inquiries&#8221; font_container=&#8221;tag:h3|font_size:1.2em|text_align:left|line_height:24px&#8221; use_theme_fonts=&#8221;yes&#8221; font_family=&#8221;Poppins&#8221; font_weight=&#8221;700&#8243; letter_spacing=&#8221;-0.05em&#8221; el_class=&#8221;mb-0 fst-normal&#8221; css_params=&#8221;&#8221;][vc_custom_heading text=&#8221;+90 324 327 17 11&#8243; font_container=&#8221;tag:p|font_size:14px|text_align:left|color:%23777777|line_height:26px&#8221; use_theme_fonts=&#8221;yes&#8221; css=&#8221;.vc_custom_1763984690403{margin-bottom: 24px !important;}&#8221; link=&#8221;url:%2B90%20324%20327%2015%2011&#8243; css_params=&#8221;&#8221;][vc_custom_heading text=&#8221;WhatsApp&#8221; font_container=&#8221;tag:h3|font_size:1.2em|text_align:left|line_height:24px&#8221; use_theme_fonts=&#8221;yes&#8221; font_family=&#8221;Poppins&#8221; font_weight=&#8221;700&#8243; letter_spacing=&#8221;-0.05em&#8221; el_class=&#8221;mb-0 fst-normal&#8221; css_params=&#8221;&#8221;][vc_custom_heading text=&#8221;+90 507 220 38 62&#8243; font_container=&#8221;tag:p|font_size:14px|text_align:left|color:%23777777|line_height:26px&#8221; use_theme_fonts=&#8221;yes&#8221; css=&#8221;.vc_custom_1761307647170{margin-bottom: 24px !important;}&#8221; link=&#8221;url:%2B90%20507%20220%2038%2062&#8243; css_params=&#8221;&#8221;][vc_custom_heading text=&#8221;Service Hours&#8221; font_container=&#8221;tag:h3|font_size:1.2em|text_align:left|line_height:24px&#8221; use_theme_fonts=&#8221;yes&#8221; font_family=&#8221;Poppins&#8221; font_weight=&#8221;700&#8243; letter_spacing=&#8221;-0.05em&#8221; el_class=&#8221;mb-0 fst-normal&#8221; css_params=&#8221;&#8221;][vc_custom_heading text=&#8221;Available 24\/7, 365 days a year.&#8221; font_container=&#8221;tag:p|font_size:14px|text_align:left|color:%23777777|line_height:26px&#8221; use_theme_fonts=&#8221;yes&#8221; css=&#8221;.vc_custom_1763984666900{margin-bottom: 44px !important;}&#8221; css_params=&#8221;&#8221;][\/vc_column_inner][vc_column_inner width=&#8221;1\/2&#8243;][vc_custom_heading text=&#8221;Address and Mail&#8221; font_container=&#8221;tag:h2|font_size:2em|text_align:left|line_height:42px&#8221; use_theme_fonts=&#8221;yes&#8221; font_weight=&#8221;700&#8243; letter_spacing=&#8221;-0.05em&#8221; css=&#8221;.vc_custom_1709799943499{margin-bottom: 32px !important;}&#8221;][vc_custom_heading text=&#8221;Address&#8221; font_container=&#8221;tag:h3|font_size:1.2em|text_align:left|line_height:24px&#8221; use_theme_fonts=&#8221;yes&#8221; font_family=&#8221;Poppins&#8221; font_weight=&#8221;700&#8243; letter_spacing=&#8221;-0.05em&#8221; el_class=&#8221;mb-0 fst-normal&#8221; css_params=&#8221;&#8221;][vc_custom_heading text=&#8221;Bah\u00e7elievler Mah. GMK Bul. 18. Cad.<br \/>\nAksa Sit. A-3 Blok Kat: 5\/32 Yenisehir<br \/>\nMERSIN, TURKEY&#8221; font_container=&#8221;tag:p|font_size:14px|text_align:left|color:%23777777|line_height:26px&#8221; use_theme_fonts=&#8221;yes&#8221; css=&#8221;.vc_custom_1761307404299{margin-bottom: 20px !important;}&#8221; css_params=&#8221;&#8221;][vc_custom_heading text=&#8221;Email&#8221; font_container=&#8221;tag:h3|font_size:1.2em|text_align:left|line_height:24px&#8221; use_theme_fonts=&#8221;yes&#8221; font_family=&#8221;Poppins&#8221; font_weight=&#8221;700&#8243; letter_spacing=&#8221;-0.05em&#8221; el_class=&#8221;mb-0 fst-normal&#8221; css_params=&#8221;&#8221;][vc_custom_heading text=&#8221;info@kalitetercume.com.tr&#8221; font_container=&#8221;tag:p|font_size:14px|text_align:left|color:%23777777|line_height:26px&#8221; use_theme_fonts=&#8221;yes&#8221; css=&#8221;.vc_custom_1761307493514{margin-bottom: 24px !important;}&#8221; link=&#8221;url:mailto%3Amail%40example.com&#8221; el_class=&#8221;text-decoration-underline&#8221; css_params=&#8221;&#8221;][\/vc_column_inner][\/vc_row_inner][\/vc_column][vc_column el_class=&#8221;mb-5 pb-lg-0 mb-lg-0 google-map-wrapper&#8221; offset=&#8221;vc_col-md-5&#8243; conditional_render=&#8221;%5B%7B%22value_role%22%3A%22administrator%22%7D%5D&#8221;][vc_column_text css=&#8221;&#8221; css_params=&#8221;&#8221;]<\/p>\n<div style=\"position: relative; overflow: hidden;\"><a style=\"color: #eee; font-size: 12px; position: absolute; top: 0px;\" href=\"https:\/\/yandex.com.tr\/harita\/org\/kalite_tercume\/238854741657\/?utm_medium=mapframe&amp;utm_source=maps\">Kalite Terc\u00fcme<\/a><a style=\"color: #eee; font-size: 12px; position: absolute; top: 14px;\" href=\"https:\/\/yandex.com.tr\/harita\/103823\/mersin\/category\/translation_agency\/184105416\/?utm_medium=mapframe&amp;utm_source=maps\">Mersin i\u00e7in Terc\u00fcme b\u00fcrolar\u0131<\/a><iframe loading=\"lazy\" style=\"position: relative;\" src=\"https:\/\/yandex.com.tr\/map-widget\/v1\/?ll=34.595081%2C36.785795&amp;mode=search&amp;oid=238854741657&amp;ol=biz&amp;sctx=ZAAAAAgBEAAaKAoSCbFvJxHhS0FAEbtCHyxjZUJAEhIJ8IgK1c3Fjz8R4lgXt9EAfj8iBgABAgMEBSgKOABAj6sGSAFiEmxldG9fdl9nb3JvZGU9dHJ1ZWoCdHKdAc3MTD2gAQCoAQC9AUEGTdrCAQaZvejm%2BQbqAQDyAQD4AQCCAiJCYWjDp2VsaWV2bGVyIE1haC4ga2FsaXRlIHRlcmPDvG1ligIAkgIGMTE1NzQ4mgIMZGVza3RvcC1tYXBz&amp;sll=34.595081%2C36.785795&amp;sspn=0.047029%2C0.022206&amp;text=Bah%C3%A7elievler%20Mah.%20kalite%20terc%C3%BCme&amp;z=15.39\" width=\"850\" height=\"510\" frameborder=\"1\" allowfullscreen=\"allowfullscreen\"><\/iframe><\/div>\n<p>[\/vc_column_text][\/vc_column][\/vc_row][vc_row wrap_container=&#8221;yes&#8221; content_placement=&#8221;middle&#8221; el_class=&#8221;py-5 my-0 my-md-5 faq-wrapper&#8221; conditional_render=&#8221;%5B%7B%22value_role%22%3A%22administrator%22%7D%5D&#8221;][vc_column animation_delay=&#8221;200&#8243; offset=&#8221;vc_col-md-6&#8243; el_class=&#8221;mb-5 mb-lg-0&#8243; animation_type=&#8221;fadeIn&#8221; conditional_render=&#8221;%5B%7B%22value_role%22%3A%22administrator%22%7D%5D&#8221;]<div class=\"porto-ultimate-content-box-container bg-primary py-5 px-3 px-md-5 position-relative\"><style>.porto_ucb_21b6bf01188be9ba0119a2cb5c097588{will-change: box-shadow;box-shadow: none;}.porto_ucb_21b6bf01188be9ba0119a2cb5c097588:hover{box-shadow:none}<\/style><div class=\"porto-ultimate-content-box porto_ucb_21b6bf01188be9ba0119a2cb5c097588\" style=\"\">[vc_custom_heading text=&#8221;Any Questions?&#8221; font_container=&#8221;tag:h4|font_size:1.2em|text_align:left|line_height:24px&#8221; use_theme_fonts=&#8221;yes&#8221; font_weight=&#8221;500&#8243; skin=&#8221;light&#8221; letter_spacing=&#8221;-0.05em&#8221; el_class=&#8221;opacity-8 mb-0&#8243; css_params=&#8221;&#8221;][vc_custom_heading text=&#8221;Frequent Asked Questions&#8221; font_container=&#8221;tag:h2|font_size:2.5em|text_align:left|color:%23ffffff|line_height:42px&#8221; use_theme_fonts=&#8221;yes&#8221; font_weight=&#8221;700&#8243; skin=&#8221;light&#8221; letter_spacing=&#8221;-0.05em&#8221; el_class=&#8221;pb-2 mb-4 font-style-normal&#8221; css_params=&#8221;&#8221;]<div class=\"porto-faqs porto-faqsfujp wpb_content_element  mb-4\">\r\n\t<div class=\"page-faqs clearfix wpb_custom_7fe7ddf8f1a240d6488c8a8c41279112\" id=\"porto_faqs_ww42\">\r\n\r\n\t\t\r\n\t\t\r\n\t\t<div class=\"faq-row faqs-container\">\r\n\t\t\t\r\n<div class=\"faq post-3635 type-faq status-publish hentry\">\r\n\t<section class=\"toggle\">\r\n\t\t<label>1- Noter tasdiki kelime \u00fccretine dahil mi?<\/label>\r\n\t\t<div class=\"toggle-content\">\r\n\t\t<h3 class=\"entry-title\" style=\"display: none;\">1- Noter tasdiki kelime \u00fccretine dahil mi?<\/h3><span class=\"vcard\" style=\"display: none;\"><span class=\"fn\"><a href=\"https:\/\/kalitetercume.com.tr\/Legal\/author\/legal\/\" title=\"Posts by legal\" rel=\"author\">legal<\/a><\/span><\/span><span class=\"updated\" style=\"display:none\">2026-03-18T17:01:01+03:00<\/span>\n<p>Noter tasdiki\/Apostil i\u015flemleri resmi \u00fccretler i\u00e7erir ve maliyetine ek olarak k\u00fc\u00e7\u00fck bir i\u015flem \u00fccretiyle ayr\u0131 olarak faturaland\u0131r\u0131l\u0131r.<\/p>\n\n\n\n<p><\/p>\n\t\t<\/div>\r\n\t<\/section>\r\n<\/div>\r\n\r\n<div class=\"faq post-3634 type-faq status-publish hentry\">\r\n\t<section class=\"toggle\">\r\n\t\t<label>2- Hassas\/gizli materyalleri kabul ediyor musunuz?<\/label>\r\n\t\t<div class=\"toggle-content\">\r\n\t\t<h3 class=\"entry-title\" style=\"display: none;\">2- Hassas\/gizli materyalleri kabul ediyor musunuz?<\/h3><span class=\"vcard\" style=\"display: none;\"><span class=\"fn\"><a href=\"https:\/\/kalitetercume.com.tr\/Legal\/author\/legal\/\" title=\"Posts by legal\" rel=\"author\">legal<\/a><\/span><\/span><span class=\"updated\" style=\"display:none\">2026-03-18T17:00:16+03:00<\/span><p>Evet. Gizlilik s\u00f6zle\u015fmesi (NDA) kapsam\u0131nda, \u015fifrelenmi\u015f veri aktar\u0131m\u0131\/depolama ve k\u0131s\u0131tl\u0131 eri\u015fimle \u00e7al\u0131\u015f\u0131yoruz.<\/p>\n\n\n<p><\/p>\n\t\t<\/div>\r\n\t<\/section>\r\n<\/div>\r\n\r\n<div class=\"faq post-3633 type-faq status-publish hentry\">\r\n\t<section class=\"toggle\">\r\n\t\t<label>3- \u015eirket i\u00e7i hukuk tarz\u0131m\u0131za uyum sa\u011flayabilir misiniz?<\/label>\r\n\t\t<div class=\"toggle-content\">\r\n\t\t<h3 class=\"entry-title\" style=\"display: none;\">3- \u015eirket i\u00e7i hukuk tarz\u0131m\u0131za uyum sa\u011flayabilir misiniz?<\/h3><span class=\"vcard\" style=\"display: none;\"><span class=\"fn\"><a href=\"https:\/\/kalitetercume.com.tr\/Legal\/author\/legal\/\" title=\"Posts by legal\" rel=\"author\">legal<\/a><\/span><\/span><span class=\"updated\" style=\"display:none\">2026-03-18T16:59:21+03:00<\/span><p>Kesinlikle. M\u00fc\u015fterilerimiz i\u00e7in s\u00f6zl\u00fckler ve stil k\u0131lavuzlar\u0131 olu\u015fturuyor ve bunlar\u0131 t\u00fcm davalar boyunca g\u00fcncel tutuyoruz.<\/p>\n\n\n<p><\/p>\n\t\t<\/div>\r\n\t<\/section>\r\n<\/div>\r\n\r\n<div class=\"faq post-3632 type-faq status-publish hentry\">\r\n\t<section class=\"toggle\">\r\n\t\t<label>4- Onayl\u0131 bas\u0131l\u0131 kopyalar sunuyor musunuz?<\/label>\r\n\t\t<div class=\"toggle-content\">\r\n\t\t<h3 class=\"entry-title\" style=\"display: none;\">4- Onayl\u0131 bas\u0131l\u0131 kopyalar sunuyor musunuz?<\/h3><span class=\"vcard\" style=\"display: none;\"><span class=\"fn\"><a href=\"https:\/\/kalitetercume.com.tr\/Legal\/author\/legal\/\" title=\"Posts by legal\" rel=\"author\">legal<\/a><\/span><\/span><span class=\"updated\" style=\"display:none\">2026-03-18T16:58:33+03:00<\/span><p>Evet. Talep \u00fczerine damgal\u0131 bas\u0131l\u0131 kopyalar sa\u011fl\u0131yor ve bunlar\u0131 d\u00fcnya \u00e7ap\u0131nda kargo ile g\u00f6nderiyoruz.<\/p>\n\n\n<p><\/p>\n\t\t<\/div>\r\n\t<\/section>\r\n<\/div>\r\n\r\n<div class=\"faq post-3286 type-faq status-publish hentry\">\r\n\t<section class=\"toggle\">\r\n\t\t<label>4- Offrez-vous des copies certifi\u00e9es imprim\u00e9es ?<\/label>\r\n\t\t<div class=\"toggle-content\">\r\n\t\t<h3 class=\"entry-title\" style=\"display: none;\">4- Offrez-vous des copies certifi\u00e9es imprim\u00e9es ?<\/h3><span class=\"vcard\" style=\"display: none;\"><span class=\"fn\"><a href=\"https:\/\/kalitetercume.com.tr\/Legal\/author\/legal\/\" title=\"Posts by legal\" rel=\"author\">legal<\/a><\/span><\/span><span class=\"updated\" style=\"display:none\">2026-01-29T12:28:27+03:00<\/span><p>Oui. Nous fournissons des copies imprim\u00e9es avec tampons et les exp\u00e9dions dans le monde entier sur demande.<\/p>\n\n\n<p><\/p>\n\t\t<\/div>\r\n\t<\/section>\r\n<\/div>\r\n\r\n<div class=\"faq post-3285 type-faq status-publish hentry\">\r\n\t<section class=\"toggle\">\r\n\t\t<label>3- Pouvez-vous respecter notre style juridique interne ?<\/label>\r\n\t\t<div class=\"toggle-content\">\r\n\t\t<h3 class=\"entry-title\" style=\"display: none;\">3- Pouvez-vous respecter notre style juridique interne ?<\/h3><span class=\"vcard\" style=\"display: none;\"><span class=\"fn\"><a href=\"https:\/\/kalitetercume.com.tr\/Legal\/author\/legal\/\" title=\"Posts by legal\" rel=\"author\">legal<\/a><\/span><\/span><span class=\"updated\" style=\"display:none\">2026-01-29T12:27:42+03:00<\/span>Absolument. Nous \u00e9laborons des glossaires et guides de style pour les clients et les mettons \u00e0 jour sur tous les dossiers.\t\t<\/div>\r\n\t<\/section>\r\n<\/div>\r\n\r\n<div class=\"faq post-3284 type-faq status-publish hentry\">\r\n\t<section class=\"toggle\">\r\n\t\t<label>2- Acceptez-vous des documents sensibles\/confidentiels ?<\/label>\r\n\t\t<div class=\"toggle-content\">\r\n\t\t<h3 class=\"entry-title\" style=\"display: none;\">2- Acceptez-vous des documents sensibles\/confidentiels ?<\/h3><span class=\"vcard\" style=\"display: none;\"><span class=\"fn\"><a href=\"https:\/\/kalitetercume.com.tr\/Legal\/author\/legal\/\" title=\"Posts by legal\" rel=\"author\">legal<\/a><\/span><\/span><span class=\"updated\" style=\"display:none\">2026-01-29T12:26:49+03:00<\/span><p>Oui. Nous travaillons sous accord de confidentialit\u00e9 (NDA), avec transfert\/stockage crypt\u00e9 et acc\u00e8s restreint.<\/p>\n\n\n<p><\/p>\n\t\t<\/div>\r\n\t<\/section>\r\n<\/div>\r\n\t\t<\/div>\r\n\r\n\t\t\r\n\t<\/div>\r\n\r\n\t\r\n\t<\/div>[vc_btn title=&#8221;<span class='sr-only'>Show More<\/span>&#8221; style=&#8221;custom&#8221; custom_background=&#8221;rgba(0,0,0,0)&#8221; custom_text=&#8221;#ffffff&#8221; i_type=&#8221;porto&#8221; skin=&#8221;light&#8221; btn_fs=&#8221;21px&#8221; el_cls=&#8221;border-0&#8243; add_icon=&#8221;true&#8221; css=&#8221;.vc_custom_1748596559496{padding-top: 30px !important;padding-bottom: 6px !important;}&#8221; el_class=&#8221;btn-faq-more mb-0&#8243; i_icon_porto=&#8221;porto-icon-down-open-big&#8221; btn_px=&#8221;0px&#8221; btn_py=&#8221;0px&#8221; btn_icon_spacing=&#8221;{&#8220;xl&#8220;:&#8220;0&#8220;,&#8220;unit&#8220;:&#8220;&#8220;,&#8220;xs&#8220;:&#8220;&#8220;,&#8220;sm&#8220;:&#8220;&#8220;,&#8220;md&#8220;:&#8220;&#8220;,&#8220;lg&#8220;:&#8220;&#8220;}&#8221; css_params=&#8221;&#8221;]<\/div><\/div>[\/vc_column][vc_column offset=&#8221;vc_col-lg-offset-1 vc_col-lg-5 vc_col-md-6&#8243;][vc_custom_heading text=&#8221;Let&#8217;s Talk&#8221; font_container=&#8221;tag:div|font_size:1.2em|text_align:left|line_height:24px&#8221; use_theme_fonts=&#8221;yes&#8221; font_weight=&#8221;500&#8243; skin=&#8221;primary&#8221; animation_delay=&#8221;400&#8243; el_class=&#8221;mb-0 text-lg-end&#8221; animation_type=&#8221;fadeInUp&#8221; css_params=&#8221;&#8221;][vc_custom_heading text=&#8221;Request Consultation&#8221; font_container=&#8221;tag:h2|font_size:2.5em|text_align:left|line_height:42px&#8221; use_theme_fonts=&#8221;yes&#8221; text_transform=&#8221;text-capitalize&#8221; font_weight=&#8221;700&#8243; letter_spacing=&#8221;-0.05em&#8221; animation_delay=&#8221;600&#8243; el_class=&#8221;pb-2 mb-4 align-lg-right text-lg-end&#8221; animation_type=&#8221;fadeInUp&#8221;]<div class=\"porto-ultimate-content-box-container \" data-appear-animation=\"fadeInUp\" data-appear-animation-delay=\"800\"><style>.porto_ucb_21b6bf01188be9ba0119a2cb5c097588{will-change: box-shadow;box-shadow: none;}.porto_ucb_21b6bf01188be9ba0119a2cb5c097588:hover{box-shadow:none}<\/style><div class=\"porto-ultimate-content-box porto_ucb_21b6bf01188be9ba0119a2cb5c097588\" style=\"\"><div class=\"wpb_custom_79c32a8725593cdfc0a363c46643d7ab\">\n<div class=\"wpcf7 no-js\" id=\"wpcf7-f285-o1\" lang=\"en-US\" dir=\"ltr\" data-wpcf7-id=\"285\">\n<div class=\"screen-reader-response\"><p role=\"status\" aria-live=\"polite\" aria-atomic=\"true\"><\/p> <ul><\/ul><\/div>\n<form action=\"\/Legal\/wp-json\/wp\/v2\/pages\/28#wpcf7-f285-o1\" method=\"post\" class=\"wpcf7-form init\" aria-label=\"Contact form\" enctype=\"multipart\/form-data\" novalidate=\"novalidate\" data-status=\"init\">\n<fieldset class=\"hidden-fields-container\"><input type=\"hidden\" name=\"_wpcf7\" value=\"285\" \/><input type=\"hidden\" name=\"_wpcf7_version\" value=\"6.1.5\" \/><input type=\"hidden\" name=\"_wpcf7_locale\" value=\"en_US\" \/><input type=\"hidden\" name=\"_wpcf7_unit_tag\" value=\"wpcf7-f285-o1\" \/><input type=\"hidden\" name=\"_wpcf7_container_post\" value=\"0\" \/><input type=\"hidden\" name=\"_wpcf7_posted_data_hash\" value=\"\" \/>\n<\/fieldset>\n<div class=\"form-group mb-3\">\n\t<span class=\"wpcf7-form-control-wrap\" data-name=\"your-name\"><input size=\"40\" maxlength=\"400\" class=\"wpcf7-form-control wpcf7-text wpcf7-validates-as-required form-control\" aria-required=\"true\" aria-invalid=\"false\" placeholder=\"Name *\" value=\"\" type=\"text\" name=\"your-name\" \/><\/span>\n<\/div>\n<div class=\"form-group mb-3\">\n\t<span class=\"wpcf7-form-control-wrap\" data-name=\"your-email\"><input size=\"40\" maxlength=\"400\" class=\"wpcf7-form-control wpcf7-email wpcf7-validates-as-required wpcf7-text wpcf7-validates-as-email form-control\" aria-required=\"true\" aria-invalid=\"false\" placeholder=\"E-mail *\" value=\"\" type=\"email\" name=\"your-email\" \/><\/span>\n<\/div>\n<div class=\"form-group mb-3\">\n\t<span class=\"wpcf7-form-control-wrap\" data-name=\"Phone\"><input size=\"40\" maxlength=\"400\" class=\"wpcf7-form-control wpcf7-tel wpcf7-validates-as-required wpcf7-text wpcf7-validates-as-tel form-control\" aria-required=\"true\" aria-invalid=\"false\" placeholder=\"Phone *\" value=\"\" type=\"tel\" name=\"Phone\" \/><\/span>\n<\/div>\n<div class=\"form-group mb-4\">\n\t<span class=\"wpcf7-form-control-wrap\" data-name=\"your-message\"><textarea cols=\"40\" rows=\"7\" maxlength=\"2000\" class=\"wpcf7-form-control wpcf7-textarea wpcf7-validates-as-required form-control\" aria-required=\"true\" aria-invalid=\"false\" placeholder=\"Message *\" name=\"your-message\"><\/textarea><\/span>\n<\/div>\n<span class=\"wpcf7-form-control-wrap\" data-name=\"file-579\"><input size=\"40\" class=\"wpcf7-form-control wpcf7-file\" accept=\"audio\/*,video\/*,image\/*\" aria-invalid=\"false\" type=\"file\" name=\"file-579\" \/><\/span>\n<div class=\"form-group text-lg-end mb-0\">\n    <button type=\"submit\" class=\"btn btn-primary btn-modern btn-lg\">Send<\/button>\n<\/div><p style=\"display: none !important;\" class=\"akismet-fields-container\" data-prefix=\"_wpcf7_ak_\"><label>&#916;<textarea name=\"_wpcf7_ak_hp_textarea\" cols=\"45\" rows=\"8\" maxlength=\"100\"><\/textarea><\/label><input type=\"hidden\" id=\"ak_js_1\" name=\"_wpcf7_ak_js\" value=\"234\"\/><script>document.getElementById( \"ak_js_1\" ).setAttribute( \"value\", ( new Date() ).getTime() );<\/script><\/p><div class=\"wpcf7-response-output\" aria-hidden=\"true\"><\/div>\n<\/form>\n<\/div>\n<\/div><\/div><\/div>[\/vc_column][\/vc_row]<\/p>\n<\/div>","protected":false},"excerpt":{"rendered":"<p>[vc_row wrap_container=&#8221;yes&#8221; css=&#8221;.vc_custom_1608515725089{background-color: #f7f7f7 !important;}&#8221; el_class=&#8221;position-relative&#8221;][vc_column el_class=&#8221;pt-5 pb-md-5 mt-md-5 mb-4 contact-info-wrapper&#8221; offset=&#8221;vc_col-md-7&#8243; conditional_render=&#8221;%5B%7B%22value_role%22%3A%22administrator%22%7D%5D&#8221;][vc_row_inner][vc_column_inner width=&#8221;1\/2&#8243;][vc_custom_heading text=&#8221;Get In Touch&#8221; font_container=&#8221;tag:h2|font_size:2em|text_align:left|line_height:42px&#8221; use_theme_fonts=&#8221;yes&#8221; font_weight=&#8221;700&#8243; letter_spacing=&#8221;-0.05em&#8221; css=&#8221;.vc_custom_1709799938707{margin-bottom: 32px !important;}&#8221;][vc_custom_heading text=&#8221;Work Inquiries&#8221; font_container=&#8221;tag:h3|font_size:1.2em|text_align:left|line_height:24px&#8221; use_theme_fonts=&#8221;yes&#8221; font_family=&#8221;Poppins&#8221; font_weight=&#8221;700&#8243; letter_spacing=&#8221;-0.05em&#8221; el_class=&#8221;mb-0 fst-normal&#8221; css_params=&#8221;&#8221;][vc_custom_heading text=&#8221;+90 324 327 17 11&#8243; font_container=&#8221;tag:p|font_size:14px|text_align:left|color:%23777777|line_height:26px&#8221; use_theme_fonts=&#8221;yes&#8221; css=&#8221;.vc_custom_1763984690403{margin-bottom: 24px !important;}&#8221; link=&#8221;url:%2B90%20324%20327%2015%2011&#8243; css_params=&#8221;&#8221;][vc_custom_heading text=&#8221;WhatsApp&#8221; font_container=&#8221;tag:h3|font_size:1.2em|text_align:left|line_height:24px&#8221; use_theme_fonts=&#8221;yes&#8221; font_family=&#8221;Poppins&#8221; font_weight=&#8221;700&#8243; letter_spacing=&#8221;-0.05em&#8221; el_class=&#8221;mb-0 fst-normal&#8221; css_params=&#8221;&#8221;][vc_custom_heading [&hellip;]<\/p>\n","protected":false},"author":1,"featured_media":0,"parent":0,"menu_order":0,"comment_status":"closed","ping_status":"closed","template":"","meta":{"_acf_changed":false,"footnotes":""},"class_list":["post-28","page","type-page","status-publish","hentry"],"acf":[],"_links":{"self":[{"href":"https:\/\/kalitetercume.com.tr\/Legal\/wp-json\/wp\/v2\/pages\/28","targetHints":{"allow":["GET"]}}],"collection":[{"href":"https:\/\/kalitetercume.com.tr\/Legal\/wp-json\/wp\/v2\/pages"}],"about":[{"href":"https:\/\/kalitetercume.com.tr\/Legal\/wp-json\/wp\/v2\/types\/page"}],"author":[{"embeddable":true,"href":"https:\/\/kalitetercume.com.tr\/Legal\/wp-json\/wp\/v2\/users\/1"}],"replies":[{"embeddable":true,"href":"https:\/\/kalitetercume.com.tr\/Legal\/wp-json\/wp\/v2\/comments?post=28"}],"version-history":[{"count":15,"href":"https:\/\/kalitetercume.com.tr\/Legal\/wp-json\/wp\/v2\/pages\/28\/revisions"}],"predecessor-version":[{"id":2484,"href":"https:\/\/kalitetercume.com.tr\/Legal\/wp-json\/wp\/v2\/pages\/28\/revisions\/2484"}],"wp:attachment":[{"href":"https:\/\/kalitetercume.com.tr\/Legal\/wp-json\/wp\/v2\/media?parent=28"}],"curies":[{"name":"wp","href":"https:\/\/api.w.org\/{rel}","templated":true}]}}