{"id":2898,"date":"2026-01-12T11:16:30","date_gmt":"2026-01-12T08:16:30","guid":{"rendered":"https:\/\/kalitetercume.com.tr\/Legal\/?page_id=2898"},"modified":"2026-01-12T11:36:29","modified_gmt":"2026-01-12T08:36:29","slug":"karriere","status":"publish","type":"page","link":"https:\/\/kalitetercume.com.tr\/Legal\/de\/karriere\/","title":{"rendered":"Karriere"},"content":{"rendered":"<div class=\"wpb-content-wrapper\"><p>[vc_row][vc_column width=&#8221;1\/4&#8243;][\/vc_column][vc_column width=&#8221;1\/4&#8243;][\/vc_column][vc_column width=&#8221;1\/4&#8243;][\/vc_column][vc_column width=&#8221;1\/4&#8243;][\/vc_column][\/vc_row][vc_row wrap_container=&#8221;yes&#8221; content_placement=&#8221;middle&#8221; css=&#8221;.vc_custom_1761807430128{padding-top: 50px !important;padding-bottom: 50px !important;}&#8221; conditional_render=&#8221;%5B%7B%22value_role%22%3A%22administrator%22%7D%5D&#8221; css_params=&#8221;&#8221;][vc_column offset=&#8221;vc_col-lg-8 vc_col-md-8&#8243;][vc_empty_space height=&#8221;30px&#8221; css_params=&#8221;&#8221;][vc_separator color=&#8221;custom&#8221; border_width=&#8221;3&#8243; css_animation=&#8221;slideInLeft&#8221; style=&#8221;solid&#8221; el_class=&#8221;custom-border customLineAnimation d-inline-block me-3 mb-1&#8243; accent_color=&#8221;#00a1cd&#8221;][vc_custom_heading text=&#8221;Karriere&#8221; font_container=&#8221;tag:h6|font_size:2.2em|text_align:left|color:var(&#8211;porto-quaternary-color)|line_height:1.3&#8243; use_theme_fonts=&#8221;yes&#8221; font_weight=&#8221;600&#8243; animation_delay=&#8221;1000&#8243; el_class=&#8221;mb-2 d-inline-block&#8221; animation_type=&#8221;fadeInLeft&#8221; css_params=&#8221;&#8221;][\/vc_column][\/vc_row][vc_row full_width_css=&#8221;stretch_row_css&#8221; wrap_container=&#8221;yes&#8221; conditional_render=&#8221;%5B%7B%22value_role%22%3A%22administrator%22%7D%5D&#8221; css_params=&#8221;&#8221; css=&#8221;.vc_custom_1763120198096{border-top-width: 30px !important;border-bottom-width: 30px !important;background-color: #393c40 !important;}&#8221;][vc_column width=&#8221;2\/3&#8243;][vc_empty_space height=&#8221;20px&#8221; css_params=&#8221;&#8221;][vc_empty_space height=&#8221;20px&#8221; css_params=&#8221;&#8221;][vc_column_text css=&#8221;.vc_custom_1768205643521{margin-top: 30px !important;}&#8221; css_params=&#8221;&#8221;]<\/p>\n<h3 style=\"color: #fff;\"><strong>Freiberuflicher juristischer \u00dcbersetzer<\/strong><\/h3>\n<p>[\/vc_column_text][vc_column_text css=&#8221;&#8221; css_params=&#8221;&#8221;]<\/p>\n<p style=\"text-align: justify; color: #fff;\">Kalite Legal Translations, ein f\u00fchrender Anbieter von juristischen \u00dcbersetzungs- und Sprachdienstleistungen, verzeichnet ein stetiges Wachstum auf dem globalen Markt. W\u00e4hrend wir unser Kundenportfolio in \u00fcber 50 L\u00e4ndern erweitern, suchen wir hochqualifizierte und erfahrene \u00dcbersetzer zur Verst\u00e4rkung unseres internationalen Freelance-Netzwerks.<\/p>\n<p style=\"text-align: justify; color: #fff;\">Wir legen gro\u00dfen Wert auf Professionalit\u00e4t, Pr\u00e4zision und Vertraulichkeit in jedem Projekt. Unser dreiphasiger \u00dcbersetzungs-Workflow \u2014 \u00dcbersetzung, Lektorat und Korrekturlesen \u2014 gew\u00e4hrleistet h\u00f6chste sprachliche Qualit\u00e4t und unterst\u00fctzt unsere Translatoren dabei, ihre Expertise im juristischen Bereich kontinuierlich zu vertiefen. Viele unserer derzeitigen freiberuflichen \u00dcbersetzer sch\u00e4tzen die M\u00f6glichkeiten zur fachlichen Weiterentwicklung und Zusammenarbeit in unserem System.<\/p>\n<p style=\"text-align: justify; color: #fff;\">Wir laden Linguisten mit hoher Verantwortungsbereitschaft, ethischen Standards und ausgepr\u00e4gter Kundenorientierung ein, Teil unseres Teams als freiberufliche juristische \u00dcbersetzer zu werden.<\/p>\n<p>[\/vc_column_text][vc_empty_space height=&#8221;20px&#8221; css_params=&#8221;&#8221;][vc_empty_space height=&#8221;20px&#8221; css_params=&#8221;&#8221;][\/vc_column][vc_column width=&#8221;1\/3&#8243;][vc_empty_space height=&#8221;20px&#8221; css_params=&#8221;&#8221;][vc_empty_space height=&#8221;20px&#8221; css_params=&#8221;&#8221;][vc_empty_space height=&#8221;20px&#8221; css_params=&#8221;&#8221;][vc_single_image image=&#8221;1643&#8243; img_size=&#8221;full&#8221; css=&#8221;.vc_custom_1763120380270{margin-top: 70px !important;}&#8221; css_params=&#8221;&#8221;][\/vc_column][\/vc_row][vc_row full_width_css=&#8221;stretch_row_css&#8221; wrap_container=&#8221;yes&#8221; conditional_render=&#8221;%5B%7B%22value_role%22%3A%22administrator%22%7D%5D&#8221; css_params=&#8221;&#8221; css=&#8221;.vc_custom_1763120452958{margin-top: 30px !important;margin-bottom: 30px !important;}&#8221;][vc_column width=&#8221;1\/4&#8243;][vc_empty_space height=&#8221;60px&#8221; css_params=&#8221;&#8221;][vc_single_image image=&#8221;1646&#8243; img_size=&#8221;full&#8221; css=&#8221;.vc_custom_1763120523100{margin-top: 60px !important;}&#8221; css_params=&#8221;&#8221;][\/vc_column][vc_column width=&#8221;3\/4&#8243;][vc_column_text css=&#8221;.vc_custom_1768205702834{margin-top: 60px !important;}&#8221; css_params=&#8221;&#8221;]<\/p>\n<h3><strong>Erforderliche Qualifikationen<\/strong><\/h3>\n<p>[\/vc_column_text][vc_column_text css=&#8221;.vc_custom_1768205788708{margin-left: 30px !important;}&#8221; css_params=&#8221;&#8221;]\u2022 Mindestens 2 Jahre professionelle \u00dcbersetzungserfahrung (idealerweise im juristischen Bereich)<\/p>\n<p>\u2022 Bachelor-Abschluss in \u00dcbersetzung &#038; Dolmetschen, Rechtswissenschaften, Linguistik oder einem relevanten Fachgebiet<\/p>\n<p>\u2022 Hervorragende Kenntnisse juristischer Terminologie<\/p>\n<p>\u2022 Erfahrung mit CAT-Tools und Microsoft Office<\/p>\n<p>\u2022 Ausgepr\u00e4gte Recherchef\u00e4higkeiten und Detailgenauigkeit<\/p>\n<p>\u2022 Selbstdiszipliniert, zuverl\u00e4ssig und fristgerecht arbeitend<\/p>\n<p>\u2022 Sehr gute schriftliche Kommunikationsf\u00e4higkeit und Reaktionsbereitschaft[\/vc_column_text][\/vc_column][\/vc_row][vc_row full_width_css=&#8221;stretch_row_css&#8221; wrap_container=&#8221;yes&#8221; conditional_render=&#8221;%5B%7B%22value_role%22%3A%22administrator%22%7D%5D&#8221; css_params=&#8221;&#8221; css=&#8221;.vc_custom_1763120198096{border-top-width: 30px !important;border-bottom-width: 30px !important;background-color: #393c40 !important;}&#8221;][vc_column width=&#8221;2\/3&#8243;][vc_empty_space height=&#8221;20px&#8221; css_params=&#8221;&#8221;][vc_empty_space height=&#8221;20px&#8221; css_params=&#8221;&#8221;][vc_column_text css=&#8221;.vc_custom_1768206279666{margin-top: 30px !important;}&#8221; css_params=&#8221;&#8221;]<\/p>\n<h3 style=\"color: #fff;\"><strong>Arbeitsprozess<\/strong><\/h3>\n<p>[\/vc_column_text][vc_column_text css=&#8221;&#8221; css_params=&#8221;&#8221;]<\/p>\n<p style=\"text-align: justify; color: #fff;\">Unser Standard-Workflow stellt Konsistenz, Transparenz und Qualit\u00e4t in jeder Phase sicher:<\/p>\n<p>[\/vc_column_text][vc_column_text css=&#8221;&#8221; css_params=&#8221;&#8221;]<\/p>\n<ol style=\"margin-left: 15px; color: #fff;\">\n<li><strong>Zuteilung:<\/strong> Der Projektmanager weist dem qualifizierten \u00dcbersetzer das entsprechende Dokument zu und best\u00e4tigt die Lieferfrist.<\/li>\n<li><strong>\u00dcbersetzung:<\/strong> Der \u00dcbersetzer erstellt die Erst\u00fcbersetzung mit Fokus auf Terminologie und Kontext.<\/li>\n<li><strong>Lektorat:<\/strong> Der Text wird von einem zweiten linguistischen Experten oder juristischen Editor gepr\u00fcft.<\/li>\n<li><strong>Korrekturlesen:<\/strong> Die Datei wird zur abschlie\u00dfenden Kontrolle und Qualit\u00e4tssicherung an den urspr\u00fcnglichen \u00dcbersetzer zur\u00fcckgegeben.<\/li>\n<\/ol>\n<p>[\/vc_column_text][vc_column_text css=&#8221;&#8221; css_params=&#8221;&#8221;]<\/p>\n<p style=\"text-align: justify; color: #fff;\">Wir respektieren die Work-Life-Balance unserer freiberuflichen Partner und dr\u00e4ngen nie auf die Annahme von Projekten, die nicht in ihren Zeitplan passen. Angemessene Verz\u00f6gerungen oder Projektunterbrechungen sind akzeptabel, sofern sie im Voraus kommuniziert werden.<\/p>\n<p>[\/vc_column_text][vc_empty_space height=&#8221;20px&#8221; css_params=&#8221;&#8221;][vc_empty_space height=&#8221;20px&#8221; css_params=&#8221;&#8221;][\/vc_column][vc_column width=&#8221;1\/3&#8243;][vc_single_image image=&#8221;2034&#8243; img_size=&#8221;full&#8221; css=&#8221;.vc_custom_1763121631227{margin-top: 140px !important;}&#8221; css_params=&#8221;&#8221;][\/vc_column][\/vc_row][vc_row full_width_css=&#8221;stretch_row_css&#8221; wrap_container=&#8221;yes&#8221; conditional_render=&#8221;%5B%7B%22value_role%22%3A%22administrator%22%7D%5D&#8221; css_params=&#8221;&#8221; css=&#8221;.vc_custom_1763121704987{margin-top: 30px !important;margin-bottom: 30px !important;}&#8221;][vc_column width=&#8221;1\/3&#8243;][vc_single_image image=&#8221;2042&#8243; img_size=&#8221;full&#8221; css=&#8221;.vc_custom_1763122165521{margin-top: 160px !important;}&#8221; css_params=&#8221;&#8221;][\/vc_column][vc_column width=&#8221;2\/3&#8243;][vc_column_text css=&#8221;.vc_custom_1768206448538{margin-top: 60px !important;}&#8221; css_params=&#8221;&#8221;]<\/p>\n<h3><strong>Erwartungen an freiberufliche \u00dcbersetzer<\/strong><\/h3>\n<p>[\/vc_column_text][vc_column_text css=&#8221;.vc_custom_1768206530785{margin-left: 30px !important;}&#8221; css_params=&#8221;&#8221;]\u2022 Beginnen Sie kein Projekt ohne schriftliche Best\u00e4tigung durch unser Projektmanagement.<\/p>\n<p>\u2022 Informieren Sie uns umgehend bei Verz\u00f6gerungen, technischen Problemen oder Unf\u00e4higkeit zur Fertigstellung.<\/p>\n<p>\u2022 F\u00fchren Sie \u00dcbersetzungen pers\u00f6nlich durch \u2014 wir arbeiten <strong>nicht mit un\u00fcberpr\u00fcften \u00dcbersetzergruppen.<\/strong><\/p>\n<p>\u2022 Halten Sie eine <strong>klare und rechtzeitige Kommunikation<\/strong> w\u00e4hrend des gesamten Projekts aufrecht.<\/p>\n<p>\u2022 F\u00fchren Sie die notwendige juristische Terminologierecherche durch und liefern Sie rechtzeitig.<\/p>\n<p>\u2022 \u00dcberpr\u00fcfen Sie vor der Abgabe eigenst\u00e4ndig <strong>Terminologie, Konsistenz und Formatierung.<\/strong>[\/vc_column_text][vc_column_text css=&#8221;&#8221; css_params=&#8221;&#8221;]<\/p>\n<p style=\"text-align: justify;\">Alle weiteren relevanten Details und projektspezifischen Anweisungen werden vor jedem Auftrag bereitgestellt.<\/p>\n<p>[\/vc_column_text][\/vc_column][\/vc_row][vc_row full_width_css=&#8221;stretch_row_css&#8221; wrap_container=&#8221;yes&#8221; conditional_render=&#8221;%5B%7B%22value_role%22%3A%22administrator%22%7D%5D&#8221; css_params=&#8221;&#8221; css=&#8221;.vc_custom_1763120198096{border-top-width: 30px !important;border-bottom-width: 30px !important;background-color: #393c40 !important;}&#8221;][vc_column width=&#8221;2\/3&#8243;][vc_empty_space height=&#8221;20px&#8221; css_params=&#8221;&#8221;][vc_empty_space height=&#8221;20px&#8221; css_params=&#8221;&#8221;][vc_column_text css=&#8221;.vc_custom_1768206609634{margin-top: 30px !important;}&#8221; css_params=&#8221;&#8221;]<\/p>\n<h3 style=\"color: #fff;\"><strong>Zusammenarbeit mit unseren \u00dcbersetzern<\/strong><\/h3>\n<p>[\/vc_column_text][vc_column_text css=&#8221;&#8221; css_params=&#8221;&#8221;]<\/p>\n<p style=\"text-align: justify; color: #fff;\">Bei Kalite Legal Translations arbeiten wir mit professionellen Linguisten in einem klaren, effizienten und qualit\u00e4tsorientierten Workflow zusammen. Beispiele f\u00fcr Kommunikationspunkte im Auswahlverfahren:<\/p>\n<p>[\/vc_column_text][vc_column_text css=&#8221;&#8221; css_params=&#8221;&#8221;]<\/p>\n<ol style=\"margin-left: 15px; color: #fff;\">\n<li>Welche <strong>CAT-Tools<\/strong> werden verwendet? (z. B. Trados, memoQ, Memsource, Wordfast)<\/li>\n<li>Mit welchen Dateitypen arbeiten Sie? Word, PDF, Excel, PowerPoint, gescannte Dateien oder andere Formate?<\/li>\n<li>Welche Plattform nutzen Sie f\u00fcr <strong>sicheren Upload\/Transfer<\/strong>? (OneDrive, Google Drive, Dropbox)<\/li>\n<\/ol>\n<p>[\/vc_column_text][vc_column_text css=&#8221;&#8221; css_params=&#8221;&#8221;]<\/p>\n<p style=\"text-align: justify; color: #fff;\">Ihr eingereichter Lebenslauf wird im Rahmen unseres Bewerbungsprozesses gepr\u00fcft. Wenn Ihr Profil geeignet ist, setzen wir uns mit Ihnen in Verbindung.<\/p>\n<p>[\/vc_column_text][vc_empty_space height=&#8221;20px&#8221; css_params=&#8221;&#8221;][vc_empty_space height=&#8221;20px&#8221; css_params=&#8221;&#8221;][\/vc_column][vc_column width=&#8221;1\/3&#8243;][vc_single_image image=&#8221;1655&#8243; img_size=&#8221;full&#8221; css=&#8221;.vc_custom_1763125058590{margin-top: 50px !important;}&#8221; css_params=&#8221;&#8221;][\/vc_column][\/vc_row][vc_row full_width_css=&#8221;stretch_row_css&#8221; wrap_container=&#8221;yes&#8221; conditional_render=&#8221;%5B%7B%22value_role%22%3A%22administrator%22%7D%5D&#8221; css_params=&#8221;&#8221; css=&#8221;.vc_custom_1763125137159{margin-top: 40px !important;margin-bottom: 40px !important;}&#8221;][vc_column width=&#8221;1\/3&#8243;][vc_empty_space height=&#8221;20px&#8221; css_params=&#8221;&#8221;][vc_single_image image=&#8221;2054&#8243; img_size=&#8221;600*500&#8243; css=&#8221;&#8221; css_params=&#8221;&#8221;][\/vc_column][vc_column width=&#8221;2\/3&#8243;][vc_column_text css=&#8221;.vc_custom_1768206735457{margin-top: 40px !important;}&#8221; css_params=&#8221;&#8221;]<\/p>\n<h3><strong>Bewerbungsformular<\/strong><\/h3>\n<p>[\/vc_column_text][vc_column_text css=&#8221;&#8221; css_params=&#8221;&#8221;]<\/p>\n<p style=\"text-align: justify;\">Wenn Sie ein qualifizierter juristischer \u00dcbersetzer sind und mit Kalite Legal Translations zusammenarbeiten m\u00f6chten, f\u00fcllen Sie bitte das untenstehende <strong>Anmeldeformular f\u00fcr freiberufliche \u00dcbersetzer<\/strong> aus.<\/p>\n<p style=\"text-align: justify;\">Unser HR- und Projektmanagement-Team pr\u00fcft Ihr Profil und kontaktiert Sie bei passenden Kooperationsm\u00f6glichkeiten.<\/p>\n<p>[\/vc_column_text][vc_btn title=&#8221;Jetzt bewerben \u2192&#8221; skin=&#8221;primary&#8221; btn_fw=&#8221;700&#8243; el_cls=&#8221;br-thick&#8221; link=&#8221;url:https%3A%2F%2Fkalitetercume.com.tr%2Ffreelance-translator-application-form|title:Contact|target:_blank&#8221; btn_px=&#8221;2.4rem&#8221; btn_py=&#8221;1.29rem&#8221; el_class=&#8221;text-none mb-0&#8243; css_params=&#8221;&#8221;][vc_empty_space height=&#8221;20px&#8221; css_params=&#8221;&#8221;][vc_empty_space height=&#8221;20px&#8221; css_params=&#8221;&#8221;][\/vc_column][\/vc_row][vc_row wrap_container=&#8221;yes&#8221; animation_delay=&#8221;300&#8243; el_class=&#8221;overlay-dark position-relative&#8221; css=&#8221;.vc_custom_1767104728681{padding-top: 106px !important;padding-bottom: 55px !important;background-image: url(https:\/\/kalitetercume.com.tr\/Legal\/wp-content\/uploads\/2025\/12\/lf2-background-1-1.jpg?id=2687) !important;background-position: center !important;background-repeat: no-repeat !important;background-size: cover !important;}&#8221; animation_type=&#8221;fadeIn&#8221; conditional_render=&#8221;%5B%7B%22value_role%22%3A%22administrator%22%7D%5D&#8221; css_params=&#8221;&#8221;][vc_column el_class=&#8221;z-index-1&#8243; conditional_render=&#8221;%5B%7B%22value_role%22%3A%22administrator%22%7D%5D&#8221;][vc_custom_heading text=&#8221;Unser Unterschied&#8221; font_container=&#8221;tag:h4|font_size:1.2em|text_align:center&#8221; use_theme_fonts=&#8221;yes&#8221; font_weight=&#8221;600&#8243; skin=&#8221;primary&#8221; letter_spacing=&#8221;-0.05em&#8221; css=&#8221;.vc_custom_1768206798741{margin-bottom: 15px !important;}&#8221; css_params=&#8221;&#8221;][vc_custom_heading text=&#8221;Unternehmensprofil&#8221; font_container=&#8221;tag:h2|font_size:2.75em|text_align:center|line_height:24px&#8221; use_theme_fonts=&#8221;yes&#8221; font_weight=&#8221;700&#8243; skin=&#8221;light&#8221; letter_spacing=&#8221;-1px&#8221; el_class=&#8221;pb-3 mb-5 font-style-normal&#8221; css_params=&#8221;&#8221;][vc_custom_heading text=&#8221;Unser Unterschied liegt in der Tiefe unserer Spezialisierung &#8211; Wir arbeiten ausschlie\u00dflich mit juristisch ausgebildeten \u00dcbersetzern und Lektoren, von denen viele \u00fcber LL.B.- oder LL.M.-Abschl\u00fcsse sowie Promotionen in Rechtswissenschaften und Linguistik verf\u00fcgen.<br \/>\nSo stellen wir sicher, dass jeder juristische Text \u2013 von Vertr\u00e4gen bis hin zu Schiedsverfahren \u2013 seine exakte rechtliche Bedeutung und Durchsetzbarkeit beh\u00e4lt.&#8221; font_container=&#8221;tag:p|font_size:1.2em|text_align:center|line_height:26px&#8221; use_theme_fonts=&#8221;yes&#8221; skin=&#8221;light&#8221; css=&#8221;.vc_custom_1768206819341{padding-bottom: 2px !important;}&#8221; el_class=&#8221;mx-auto mb-3 col-md-11 px-0&#8243; css_params=&#8221;&#8221;][vc_row_inner el_class=&#8221;pt-5 pb-4&#8243;][vc_column_inner width=&#8221;1\/2&#8243; offset=&#8221;vc_col-md-3&#8243;]<div class=\"stats-block stats-top   wpb_custom_c4adc97aea333ecd4954deba660692d8\"><div class=\"stats-desc\"><div id=\"counter_43773633769e0a40b24ac0\" data-id=\"counter_43773633769e0a40b24ac0\" class=\"stats-number\" style=\" font-size:4em;line-height:1.2;color:#ffffff;\" data-speed=\"3\" data-counter-value=\"25\" data-separator=\",\" data-decimal=\".\">0<\/div><div class=\"counter_suffix mycust\" style=\" font-size:4em;color:var(--porto-primary-color)\">+<\/div><div class=\"stats-text\" style=\"font-weight:700;font-size:1.2em;line-height:15px;color:#ffffff;\">Erfahrung<\/div><\/div><\/div>[\/vc_column_inner][vc_column_inner width=&#8221;1\/2&#8243; offset=&#8221;vc_col-md-3&#8243;]<div class=\"stats-block stats-top   wpb_custom_c4adc97aea333ecd4954deba660692d8\"><div class=\"stats-desc\"><div id=\"counter_84244423969e0a40b24e56\" data-id=\"counter_84244423969e0a40b24e56\" class=\"stats-number\" style=\" font-size:4em;line-height:1.2;color:#ffffff;\" data-speed=\"3\" data-counter-value=\"23.283\" data-separator=\",\" data-decimal=\".\">0<\/div><div class=\"counter_suffix mycust\" style=\" font-size:4em;color:var(--porto-primary-color)\">+<\/div><div class=\"stats-text\" style=\"font-weight:700;font-size:1.2em;line-height:15px;color:#ffffff;\">Projekte<\/div><\/div><\/div>[\/vc_column_inner][vc_column_inner width=&#8221;1\/2&#8243; offset=&#8221;vc_col-md-3&#8243;]<div class=\"stats-block stats-top   wpb_custom_c4adc97aea333ecd4954deba660692d8\"><div class=\"stats-desc\"><div id=\"counter_117334738169e0a40b251b8\" data-id=\"counter_117334738169e0a40b251b8\" class=\"stats-number\" style=\" font-size:4em;line-height:1.2;color:#ffffff;\" data-speed=\"3\" data-counter-value=\"450\" data-separator=\"none\" data-decimal=\".\">0<\/div><div class=\"counter_suffix mycust\" style=\" font-size:4em;color:var(--porto-primary-color)\">+<\/div><div class=\"stats-text\" style=\"font-weight:700;font-size:1.2em;line-height:15px;color:#ffffff;\">Linguisten<\/div><\/div><\/div>[\/vc_column_inner][vc_column_inner width=&#8221;1\/2&#8243; offset=&#8221;vc_col-md-3&#8243;]<div class=\"stats-block stats-top   wpb_custom_c4adc97aea333ecd4954deba660692d8\"><div class=\"stats-desc\"><div id=\"counter_37301035069e0a40b25529\" data-id=\"counter_37301035069e0a40b25529\" class=\"stats-number\" style=\" font-size:4em;line-height:1.2;color:#ffffff;\" data-speed=\"3\" data-counter-value=\"50\" data-separator=\",\" data-decimal=\".\">0<\/div><div class=\"counter_suffix mycust\" style=\" font-size:4em;color:var(--porto-primary-color)\">+<\/div><div class=\"stats-text\" style=\"font-weight:700;font-size:1.2em;line-height:15px;color:#ffffff;\">Sprachen<\/div><\/div><\/div>[\/vc_column_inner][\/vc_row_inner][\/vc_column][\/vc_row][vc_row wrap_container=&#8221;yes&#8221; content_placement=&#8221;middle&#8221; animation_delay=&#8221;&#8221; css=&#8221;.vc_custom_1709680861094{padding-top: 90px !important;padding-bottom: 90px !important;background-color: #4e4129 !important;}&#8221; conditional_render=&#8221;%5B%7B%22value_role%22%3A%22administrator%22%7D%5D&#8221;][vc_column offset=&#8221;vc_col-lg-6&#8243; el_class=&#8221;mb-5 mb-xl-0&#8243;][vc_custom_heading text=&#8221;Wie k\u00f6nnen wir Ihnen helfen?&#8221; font_container=&#8221;tag:h4|font_size:1.2em|text_align:center|color:rgba(255%2C255%2C255%2C0.9)|line_height:24px&#8221; use_theme_fonts=&#8221;yes&#8221; font_weight=&#8221;600&#8243; letter_spacing=&#8221;-0.05em&#8221; animation_delay=&#8221;500&#8243; el_class=&#8221;opacity-9 mb-1&#8243; animation_type=&#8221;lightSpeedIn&#8221; css_params=&#8221;&#8221;][vc_custom_heading text=&#8221;Ben\u00f6tigen Sie eine beglaubigte \u00dcbersetzung?&#8221; font_container=&#8221;tag:h2|font_size:2.75em|text_align:center&#8221; use_theme_fonts=&#8221;yes&#8221; font_weight=&#8221;700&#8243; skin=&#8221;light&#8221; letter_spacing=&#8221;-1px&#8221; animation_delay=&#8221;750&#8243; el_class=&#8221;mb-2 font-style-normal&#8221; animation_type=&#8221;lightSpeedIn&#8221; css_params=&#8221;&#8221;][vc_custom_heading text=&#8221;Kontaktieren Sie uns sofort&#8221; font_container=&#8221;tag:p|font_size:1.1em|text_align:center|color:rgba(255%2C255%2C255%2C0.8)|line_height:26px&#8221; use_theme_fonts=&#8221;yes&#8221; animation_delay=&#8221;950&#8243; el_class=&#8221;mb-0 opacity-8&#8243; animation_type=&#8221;lightSpeedIn&#8221; css_params=&#8221;&#8221;][\/vc_column][vc_column animation_delay=&#8221;1600&#8243; el_class=&#8221;mb-5 mb-xl-0 order-lg-first&#8221; offset=&#8221;vc_col-lg-3&#8243; animation_type=&#8221;fadeInRight&#8221; conditional_render=&#8221;%5B%7B%22value_role%22%3A%22administrator%22%7D%5D&#8221;]<div class=\"porto-sicon-box  vc_custom_1761635678173 top-n1-icon-box mb-3 justify-content-center justify-content-xl-start  wpb_custom_a4802976ddc90dd45e8cea536ff68ec0 style_1 default-icon\"><div class=\"porto-sicon-default\"><div class=\"porto-just-icon-wrapper porto-icon none\" style=\"color:#ad9263;font-size:23.1px;\"><i class=\"Simple-Line-Icons-phone\"><\/i><\/div><\/div><div class=\"porto-sicon-header\"><a class=\"porto-sicon-box-link\" href=\"tel:+1234567890\"><div class=\"porto-sicon-title\" style=\"font-weight:700;font-size:21px;color:#ffffff;line-height:24px;letter-spacing:0;\">+90 507 220 38 62<\/div><\/a><\/div> <!-- header --><\/div><!-- porto-sicon-box --><div class=\"porto-sicon-box top-2-icon-box mb-0 justify-content-center justify-content-xl-start  wpb_custom_2ccbe3e616e3e99d1ad178e76088c729 style_1 default-icon\"><div class=\"porto-sicon-default\"><div class=\"porto-just-icon-wrapper porto-icon none\" style=\"color:#ad9263;font-size:25.2px;\"><i class=\"Simple-Line-Icons-envelope\"><\/i><\/div><\/div><div class=\"porto-sicon-header\"><a class=\"porto-sicon-box-link\" href=\"mailto:porto@consulting.com\"><div class=\"porto-sicon-title\" style=\"font-size:16.8px;color:#ffffff;line-height:24px;letter-spacing:0;\">info@kalitetercume.com.tr<\/div><\/a><\/div> <!-- header --><\/div><!-- porto-sicon-box --><div class=\"porto-sicon-box top-n1-icon-box mb-0 justify-content-center justify-content-xl-start  wpb_custom_136027c11a884a725fcd8d2f9b9d602a style_1 default-icon\"><div class=\"porto-sicon-default\"><div class=\"porto-just-icon-wrapper porto-icon none\" style=\"color:#ad9263;font-size:25.2px;\"><i class=\"Simple-Line-Icons-calendar\"><\/i><\/div><\/div><div class=\"porto-sicon-header\"><h6 class=\"porto-sicon-title\" style=\"\">365 Tage, 24 Stunden zu Ihren Diensten<\/h6><\/div> <!-- header --><\/div><!-- porto-sicon-box -->[\/vc_column][vc_column animation_delay=&#8221;1600&#8243; offset=&#8221;vc_col-lg-3&#8243; el_class=&#8221;text-center text-xl-end&#8221; animation_type=&#8221;fadeInLeft&#8221;][vc_btn title=&#8221;Kontakt aufnehmen&#8221; skin=&#8221;primary&#8221; btn_fw=&#8221;700&#8243; el_cls=&#8221;br-thick&#8221; link=&#8221;url:https%3A%2F%2Fkalitetercume.com.tr%2FLegal%2Fde%2Fev%2Fkontakt%2F|title:Contact&#8221; btn_px=&#8221;2.4rem&#8221; btn_py=&#8221;1.29rem&#8221; el_class=&#8221;text-none mb-0&#8243; css_params=&#8221;&#8221;][\/vc_column][\/vc_row]<\/p>\n<\/div>","protected":false},"excerpt":{"rendered":"<p>[vc_row][vc_column width=&#8221;1\/4&#8243;][\/vc_column][vc_column width=&#8221;1\/4&#8243;][\/vc_column][vc_column width=&#8221;1\/4&#8243;][\/vc_column][vc_column width=&#8221;1\/4&#8243;][\/vc_column][\/vc_row][vc_row wrap_container=&#8221;yes&#8221; content_placement=&#8221;middle&#8221; css=&#8221;.vc_custom_1761807430128{padding-top: 50px !important;padding-bottom: 50px !important;}&#8221; conditional_render=&#8221;%5B%7B%22value_role%22%3A%22administrator%22%7D%5D&#8221; css_params=&#8221;&#8221;][vc_column offset=&#8221;vc_col-lg-8 vc_col-md-8&#8243;][vc_empty_space height=&#8221;30px&#8221; css_params=&#8221;&#8221;][vc_separator color=&#8221;custom&#8221; border_width=&#8221;3&#8243; css_animation=&#8221;slideInLeft&#8221; style=&#8221;solid&#8221; el_class=&#8221;custom-border customLineAnimation d-inline-block me-3 mb-1&#8243; accent_color=&#8221;#00a1cd&#8221;][vc_custom_heading text=&#8221;Karriere&#8221; font_container=&#8221;tag:h6|font_size:2.2em|text_align:left|color:var(&#8211;porto-quaternary-color)|line_height:1.3&#8243; use_theme_fonts=&#8221;yes&#8221; font_weight=&#8221;600&#8243; animation_delay=&#8221;1000&#8243; el_class=&#8221;mb-2 d-inline-block&#8221; animation_type=&#8221;fadeInLeft&#8221; css_params=&#8221;&#8221;][\/vc_column][\/vc_row][vc_row full_width_css=&#8221;stretch_row_css&#8221; wrap_container=&#8221;yes&#8221; conditional_render=&#8221;%5B%7B%22value_role%22%3A%22administrator%22%7D%5D&#8221; css_params=&#8221;&#8221; css=&#8221;.vc_custom_1763120198096{border-top-width: 30px !important;border-bottom-width: 30px !important;background-color: #393c40 !important;}&#8221;][vc_column width=&#8221;2\/3&#8243;][vc_empty_space height=&#8221;20px&#8221; css_params=&#8221;&#8221;][vc_empty_space height=&#8221;20px&#8221; css_params=&#8221;&#8221;][vc_column_text css=&#8221;.vc_custom_1768205643521{margin-top: 30px [&hellip;]<\/p>\n","protected":false},"author":1,"featured_media":0,"parent":0,"menu_order":0,"comment_status":"closed","ping_status":"closed","template":"","meta":{"_acf_changed":false,"footnotes":""},"class_list":["post-2898","page","type-page","status-publish","hentry"],"acf":[],"_links":{"self":[{"href":"https:\/\/kalitetercume.com.tr\/Legal\/wp-json\/wp\/v2\/pages\/2898","targetHints":{"allow":["GET"]}}],"collection":[{"href":"https:\/\/kalitetercume.com.tr\/Legal\/wp-json\/wp\/v2\/pages"}],"about":[{"href":"https:\/\/kalitetercume.com.tr\/Legal\/wp-json\/wp\/v2\/types\/page"}],"author":[{"embeddable":true,"href":"https:\/\/kalitetercume.com.tr\/Legal\/wp-json\/wp\/v2\/users\/1"}],"replies":[{"embeddable":true,"href":"https:\/\/kalitetercume.com.tr\/Legal\/wp-json\/wp\/v2\/comments?post=2898"}],"version-history":[{"count":2,"href":"https:\/\/kalitetercume.com.tr\/Legal\/wp-json\/wp\/v2\/pages\/2898\/revisions"}],"predecessor-version":[{"id":2901,"href":"https:\/\/kalitetercume.com.tr\/Legal\/wp-json\/wp\/v2\/pages\/2898\/revisions\/2901"}],"wp:attachment":[{"href":"https:\/\/kalitetercume.com.tr\/Legal\/wp-json\/wp\/v2\/media?parent=2898"}],"curies":[{"name":"wp","href":"https:\/\/api.w.org\/{rel}","templated":true}]}}