{"id":2905,"date":"2026-01-12T11:55:02","date_gmt":"2026-01-12T08:55:02","guid":{"rendered":"https:\/\/kalitetercume.com.tr\/Legal\/?page_id=2905"},"modified":"2026-01-12T12:05:15","modified_gmt":"2026-01-12T09:05:15","slug":"kunden","status":"publish","type":"page","link":"https:\/\/kalitetercume.com.tr\/Legal\/de\/kunden\/","title":{"rendered":"Kunden"},"content":{"rendered":"<div class=\"wpb-content-wrapper\"><p>[vc_row][vc_column width=&#8221;1\/4&#8243;][\/vc_column][vc_column width=&#8221;1\/4&#8243;][\/vc_column][vc_column width=&#8221;1\/4&#8243;][\/vc_column][vc_column width=&#8221;1\/4&#8243;][\/vc_column][\/vc_row][vc_row wrap_container=&#8221;yes&#8221; content_placement=&#8221;middle&#8221; css=&#8221;.vc_custom_1761807430128{padding-top: 50px !important;padding-bottom: 50px !important;}&#8221; conditional_render=&#8221;%5B%7B%22value_role%22%3A%22administrator%22%7D%5D&#8221; css_params=&#8221;&#8221;][vc_column offset=&#8221;vc_col-lg-8 vc_col-md-8&#8243;][vc_empty_space height=&#8221;30px&#8221; css_params=&#8221;&#8221;][vc_separator color=&#8221;custom&#8221; border_width=&#8221;3&#8243; css_animation=&#8221;slideInLeft&#8221; style=&#8221;solid&#8221; el_class=&#8221;custom-border customLineAnimation d-inline-block me-3 mb-1&#8243; accent_color=&#8221;#00a1cd&#8221;][vc_custom_heading text=&#8221;Unsere Kunden&#8221; font_container=&#8221;tag:h3|font_size:2.2em|text_align:left|color:var(&#8211;porto-quaternary-color)|line_height:1.3&#8243; use_theme_fonts=&#8221;yes&#8221; font_weight=&#8221;600&#8243; animation_delay=&#8221;1000&#8243; el_class=&#8221;mb-2 d-inline-block&#8221; animation_type=&#8221;fadeInLeft&#8221; css_params=&#8221;&#8221;][\/vc_column][\/vc_row][vc_row full_width_css=&#8221;stretch_row_css&#8221; wrap_container=&#8221;yes&#8221; conditional_render=&#8221;%5B%7B%22value_role%22%3A%22administrator%22%7D%5D&#8221; css_params=&#8221;&#8221; css=&#8221;.vc_custom_1763125846374{margin-top: 10px !important;margin-bottom: 30px !important;background-color: #393c40 !important;}&#8221;][vc_column width=&#8221;2\/3&#8243;][vc_empty_space height=&#8221;30px&#8221; css_params=&#8221;&#8221;][vc_empty_space height=&#8221;30px&#8221; css_params=&#8221;&#8221;][vc_column_text css=&#8221;.vc_custom_1768208205338{margin-top: 40px !important;margin-bottom: 40px !important;}&#8221; css_params=&#8221;&#8221;]<\/p>\n<p style=\"text-align: justify; color: #fff;\">In der heutigen globalisierten Welt werden rechtliche und gesch\u00e4ftliche Beziehungen immer komplexer. Internationale Anwaltskanzleien, Unternehmen und Institutionen ben\u00f6tigen Partner, <strong>die die Feinheiten der juristischen Sprache wirklich verstehen und pr\u00e4zise, zuverl\u00e4ssige sowie vertrauliche sprachliche L\u00f6sungen liefern k\u00f6nnen.<\/strong><\/p>\n<p style=\"text-align: justify; color: #fff;\">Bei <strong>Kalite Legal Translations<\/strong> arbeiten wir eng mit unseren Kunden zusammen, um ihre spezifischen Anforderungen zu verstehen und <strong>ma\u00dfgeschneiderte juristische \u00dcbersetzungsdienstleistungen<\/strong> zu erbringen, die ihre globalen Zielsetzungen unterst\u00fctzen.<\/p>\n<p>[\/vc_column_text][\/vc_column][vc_column width=&#8221;1\/3&#8243;][vc_empty_space height=&#8221;30px&#8221; css_params=&#8221;&#8221;][vc_single_image image=&#8221;2058&#8243; img_size=&#8221;full&#8221; css=&#8221;.vc_custom_1763125775412{margin-top: 40px !important;margin-bottom: 40px !important;}&#8221; css_params=&#8221;&#8221; animation_type=&#8221;bounceInRight&#8221;][\/vc_column][\/vc_row][vc_row full_width_css=&#8221;stretch_row_css&#8221; wrap_container=&#8221;yes&#8221; conditional_render=&#8221;%5B%7B%22value_role%22%3A%22administrator%22%7D%5D&#8221; css_params=&#8221;&#8221; css=&#8221;.vc_custom_1763125914813{margin-top: 40px !important;margin-bottom: 40px !important;}&#8221;][vc_column width=&#8221;1\/3&#8243;][vc_empty_space height=&#8221;30px&#8221; css_params=&#8221;&#8221;][vc_single_image image=&#8221;1790&#8243; img_size=&#8221;full&#8221; css=&#8221;&#8221; css_params=&#8221;&#8221; animation_type=&#8221;bounceInLeft&#8221;][\/vc_column][vc_column width=&#8221;2\/3&#8243;][vc_empty_space height=&#8221;30px&#8221; css_params=&#8221;&#8221;][vc_column_text css=&#8221;&#8221; css_params=&#8221;&#8221;]<\/p>\n<h3><strong>Eine auf Vertrauen basierende Partnerschaft<\/strong><\/h3>\n<p>[\/vc_column_text][vc_column_text css=&#8221;&#8221; css_params=&#8221;&#8221;]<\/p>\n<p style=\"text-align: justify;\">Wir glauben an <strong>langfristige Zusammenarbeit statt einmaliger Dienstleistungserbringung.<\/strong> Unsere Kundenbeziehungen gr\u00fcnden auf Vertrauen, Vertraulichkeit und Kontinuit\u00e4t. Durch die Zuweisung dedizierter \u00dcbersetzerteams und den Aufbau kundenspezifischer juristischer Termdatenbanken stellen wir sicher, dass jedes Projekt von <strong>angesammelter Erfahrung, kontextueller Kenntnis und absoluter Pr\u00e4zision<\/strong> profitiert.<\/p>\n<p style=\"text-align: justify;\">Mit diesen Partnerschaften wird <strong>Kalite Legal zu einer Erweiterung der internen Teams unserer Kunden<\/strong> \u2013 indem wir kontinuierliche sprachliche Unterst\u00fctzung f\u00fcr juristische Angelegenheiten in mehreren Rechtsordnungen und Fachgebieten bieten.<\/p>\n<p>[\/vc_column_text][\/vc_column][\/vc_row][vc_row full_width_css=&#8221;stretch_row_css&#8221; wrap_container=&#8221;yes&#8221; conditional_render=&#8221;%5B%7B%22value_role%22%3A%22administrator%22%7D%5D&#8221; css_params=&#8221;&#8221; css=&#8221;.vc_custom_1763125846374{margin-top: 10px !important;margin-bottom: 30px !important;background-color: #393c40 !important;}&#8221;][vc_column width=&#8221;2\/3&#8243;][vc_empty_space height=&#8221;30px&#8221; css_params=&#8221;&#8221;][vc_empty_space height=&#8221;30px&#8221; css_params=&#8221;&#8221;][vc_column_text css=&#8221;.vc_custom_1768208308505{margin-top: 40px !important;margin-bottom: 40px !important;}&#8221; css_params=&#8221;&#8221;]<\/p>\n<h3 style=\"color: #fff;\"><strong>Wen wir betreuen<\/strong><\/h3>\n<p>[\/vc_column_text][vc_column_text css=&#8221;.vc_custom_1768208479762{margin-top: 40px !important;margin-bottom: 40px !important;}&#8221; css_params=&#8221;&#8221;]<\/p>\n<p style=\"text-align: justify; color: #fff;\">Unser Kundenportfolio umfasst <strong>f\u00fchrende internationale und lokale Organisationen<\/strong> aus dem juristischen und unternehmerischen Bereich:<\/p>\n<ul style=\"margin-left: 30px; color: #fff;\">\n<li>Anwaltskanzleien, Gerichte und Schiedsinstitutionen<\/li>\n<li>Rechtsabteilungen multinationaler Unternehmen<\/li>\n<li>Internationale Organisationen und \u00f6ffentliche Institutionen<\/li>\n<li>Universit\u00e4ten, juristische Forscher und akademische Verlage<\/li>\n<li>Finanzinstitute, Banken und Versicherungen<\/li>\n<li>Pharma- und Medizintechnikunternehmen<\/li>\n<li>Technologie- und Telekommunikationsunternehmen<\/li>\n<li>Energie-, Logistik- und Bauunternehmen<\/li>\n<li>\u00c4mter f\u00fcr geistiges Eigentum und Patentbeh\u00f6rden<\/li>\n<li>Compliance- und Regulierungsbeh\u00f6rden<\/li>\n<li>\u00dcbersetzungs- und Lokalisierungsagenturen weltweit<\/li>\n<\/ul>\n<p style=\"text-align: justify; color: #fff;\">Wir arbeiten auch mit <strong>Partneragenturen und juristischen Dienstleistern auf f\u00fcnf Kontinenten zusammen<\/strong>, um nahtlose mehrsprachige Unterst\u00fctzung f\u00fcr <strong>grenz\u00fcberschreitende juristische Abl\u00e4ufe<\/strong> sicherzustellen.<\/p>\n<p>[\/vc_column_text][vc_empty_space height=&#8221;30px&#8221; css_params=&#8221;&#8221;][\/vc_column][vc_column width=&#8221;1\/3&#8243;][vc_empty_space height=&#8221;30px&#8221; css_params=&#8221;&#8221;][vc_empty_space height=&#8221;30px&#8221; css_params=&#8221;&#8221;][vc_single_image image=&#8221;2070&#8243; img_size=&#8221;full&#8221; css=&#8221;.vc_custom_1763128150544{margin-top: 180px !important;}&#8221; css_params=&#8221;&#8221; animation_type=&#8221;bounceInRight&#8221;][\/vc_column][\/vc_row][vc_row full_width_css=&#8221;stretch_row_css&#8221; wrap_container=&#8221;yes&#8221; conditional_render=&#8221;%5B%7B%22value_role%22%3A%22administrator%22%7D%5D&#8221; css_params=&#8221;&#8221; css=&#8221;.vc_custom_1763128220905{margin-top: 40px !important;margin-bottom: 40px !important;}&#8221;][vc_column width=&#8221;1\/3&#8243;][vc_empty_space height=&#8221;30px&#8221; css_params=&#8221;&#8221;][vc_single_image image=&#8221;1795&#8243; img_size=&#8221;full&#8221; css=&#8221;&#8221; css_params=&#8221;&#8221; animation_type=&#8221;bounceInLeft&#8221;][\/vc_column][vc_column width=&#8221;2\/3&#8243;][vc_empty_space height=&#8221;30px&#8221; css_params=&#8221;&#8221;][vc_column_text css=&#8221;&#8221; css_params=&#8221;&#8221;]<\/p>\n<h3><strong>Globale juristische Kommunikation st\u00e4rken<\/strong><\/h3>\n<p>[\/vc_column_text][vc_column_text css=&#8221;&#8221; css_params=&#8221;&#8221;]<\/p>\n<p style=\"text-align: justify;\">Mit \u00fcber <strong>25 Jahren Erfahrung in juristischen \u00dcbersetzungen<\/strong> hilft Kalite Legal Anwaltskanzleien, Unternehmen und \u00f6ffentlichen Institutionen dabei, <strong>klar und selbstbewusst in jeder Rechtsordnung zu kommunizieren<\/strong>. Unsere Expertise erm\u00f6glicht es Kunden, <strong>Risiken zu reduzieren, Zeit zu sparen und rechtliche Compliance in allen Sprachen, in denen sie t\u00e4tig sind, sicherzustellen.<\/strong><\/p>\n<p style=\"text-align: justify;\"><strong>Unser Ziel ist einfach:<\/strong><\/p>\n<p style=\"text-align: justify;\"><strong>Ihr vertrauensw\u00fcrdiger linguistischer Partner zu sein \u2013 mit Pr\u00e4zision, Vertraulichkeit und Professionalit\u00e4t bei jeder juristischen \u00dcbersetzung, die wir erstellen.<\/strong><\/p>\n<p>[\/vc_column_text][\/vc_column][\/vc_row][vc_row wrap_container=&#8221;yes&#8221; animation_delay=&#8221;300&#8243; el_class=&#8221;overlay-dark position-relative&#8221; css=&#8221;.vc_custom_1767104782910{padding-top: 106px !important;padding-bottom: 55px !important;background-image: url(https:\/\/kalitetercume.com.tr\/Legal\/wp-content\/uploads\/2025\/12\/lf2-background-1-1.jpg?id=2687) !important;background-position: center !important;background-repeat: no-repeat !important;background-size: cover !important;}&#8221; animation_type=&#8221;fadeIn&#8221; conditional_render=&#8221;%5B%7B%22value_role%22%3A%22administrator%22%7D%5D&#8221; css_params=&#8221;&#8221;][vc_column el_class=&#8221;z-index-1&#8243; conditional_render=&#8221;%5B%7B%22value_role%22%3A%22administrator%22%7D%5D&#8221;][vc_custom_heading text=&#8221;Unser Unterschied&#8221; font_container=&#8221;tag:h4|font_size:1.2em|text_align:center&#8221; use_theme_fonts=&#8221;yes&#8221; font_weight=&#8221;600&#8243; skin=&#8221;primary&#8221; letter_spacing=&#8221;-0.05em&#8221; css=&#8221;.vc_custom_1768208593293{margin-bottom: 15px !important;}&#8221; css_params=&#8221;&#8221;][vc_custom_heading text=&#8221;Unternehmensprofil&#8221; font_container=&#8221;tag:h2|font_size:2.75em|text_align:center|line_height:24px&#8221; use_theme_fonts=&#8221;yes&#8221; font_weight=&#8221;700&#8243; skin=&#8221;light&#8221; letter_spacing=&#8221;-1px&#8221; el_class=&#8221;pb-3 mb-5 font-style-normal&#8221; css_params=&#8221;&#8221;][vc_custom_heading text=&#8221;Unser Unterschied liegt in der Tiefe unserer Spezialisierung &#8211; Wir arbeiten ausschlie\u00dflich mit juristisch ausgebildeten \u00dcbersetzern und Lektoren, von denen viele \u00fcber LL.B.- oder LL.M.-Abschl\u00fcsse sowie Promotionen in Rechtswissenschaften und Linguistik verf\u00fcgen.<br \/>\nSo stellen wir sicher, dass jeder juristische Text \u2013 von Vertr\u00e4gen bis hin zu Schiedsverfahren \u2013 seine exakte rechtliche Bedeutung und Durchsetzbarkeit beh\u00e4lt.&#8221; font_container=&#8221;tag:p|font_size:1.2em|text_align:center|line_height:26px&#8221; use_theme_fonts=&#8221;yes&#8221; skin=&#8221;light&#8221; css=&#8221;.vc_custom_1768208612237{padding-bottom: 2px !important;}&#8221; el_class=&#8221;mx-auto mb-3 col-md-11 px-0&#8243; css_params=&#8221;&#8221;][vc_row_inner el_class=&#8221;pt-5 pb-4&#8243;][vc_column_inner width=&#8221;1\/2&#8243; offset=&#8221;vc_col-md-3&#8243;]<div class=\"stats-block stats-top   wpb_custom_c4adc97aea333ecd4954deba660692d8\"><div class=\"stats-desc\"><div id=\"counter_59960801069e0a538993d4\" data-id=\"counter_59960801069e0a538993d4\" class=\"stats-number\" style=\" font-size:4em;line-height:1.2;color:#ffffff;\" data-speed=\"3\" data-counter-value=\"25\" data-separator=\",\" data-decimal=\".\">0<\/div><div class=\"counter_suffix mycust\" style=\" font-size:4em;color:var(--porto-primary-color)\">+<\/div><div class=\"stats-text\" style=\"font-weight:700;font-size:1.2em;line-height:15px;color:#ffffff;\">Erfahrung<\/div><\/div><\/div>[\/vc_column_inner][vc_column_inner width=&#8221;1\/2&#8243; offset=&#8221;vc_col-md-3&#8243;]<div class=\"stats-block stats-top   wpb_custom_c4adc97aea333ecd4954deba660692d8\"><div class=\"stats-desc\"><div id=\"counter_52478988569e0a5389977c\" data-id=\"counter_52478988569e0a5389977c\" class=\"stats-number\" style=\" font-size:4em;line-height:1.2;color:#ffffff;\" data-speed=\"3\" data-counter-value=\"23.283\" data-separator=\",\" data-decimal=\".\">0<\/div><div class=\"counter_suffix mycust\" style=\" font-size:4em;color:var(--porto-primary-color)\">+<\/div><div class=\"stats-text\" style=\"font-weight:700;font-size:1.2em;line-height:15px;color:#ffffff;\">Projekte<\/div><\/div><\/div>[\/vc_column_inner][vc_column_inner width=&#8221;1\/2&#8243; offset=&#8221;vc_col-md-3&#8243;]<div class=\"stats-block stats-top   wpb_custom_c4adc97aea333ecd4954deba660692d8\"><div class=\"stats-desc\"><div id=\"counter_38660760769e0a53899af9\" data-id=\"counter_38660760769e0a53899af9\" class=\"stats-number\" style=\" font-size:4em;line-height:1.2;color:#ffffff;\" data-speed=\"3\" data-counter-value=\"450\" data-separator=\"none\" data-decimal=\".\">0<\/div><div class=\"counter_suffix mycust\" style=\" font-size:4em;color:var(--porto-primary-color)\">+<\/div><div class=\"stats-text\" style=\"font-weight:700;font-size:1.2em;line-height:15px;color:#ffffff;\">Linguisten<\/div><\/div><\/div>[\/vc_column_inner][vc_column_inner width=&#8221;1\/2&#8243; offset=&#8221;vc_col-md-3&#8243;]<div class=\"stats-block stats-top   wpb_custom_c4adc97aea333ecd4954deba660692d8\"><div class=\"stats-desc\"><div id=\"counter_28367837469e0a53899e6c\" data-id=\"counter_28367837469e0a53899e6c\" class=\"stats-number\" style=\" font-size:4em;line-height:1.2;color:#ffffff;\" data-speed=\"3\" data-counter-value=\"50\" data-separator=\",\" data-decimal=\".\">0<\/div><div class=\"counter_suffix mycust\" style=\" font-size:4em;color:var(--porto-primary-color)\">+<\/div><div class=\"stats-text\" style=\"font-weight:700;font-size:1.2em;line-height:15px;color:#ffffff;\">Sprachen<\/div><\/div><\/div>[\/vc_column_inner][\/vc_row_inner][\/vc_column][\/vc_row][vc_row wrap_container=&#8221;yes&#8221; content_placement=&#8221;middle&#8221; animation_delay=&#8221;&#8221; css=&#8221;.vc_custom_1709680861094{padding-top: 90px !important;padding-bottom: 90px !important;background-color: #4e4129 !important;}&#8221; conditional_render=&#8221;%5B%7B%22value_role%22%3A%22administrator%22%7D%5D&#8221;][vc_column offset=&#8221;vc_col-lg-6&#8243; el_class=&#8221;mb-5 mb-xl-0&#8243;][vc_custom_heading text=&#8221;Wie k\u00f6nnen wir Ihnen helfen?&#8221; font_container=&#8221;tag:h4|font_size:1.2em|text_align:center|color:rgba(255%2C255%2C255%2C0.9)|line_height:24px&#8221; use_theme_fonts=&#8221;yes&#8221; font_weight=&#8221;600&#8243; letter_spacing=&#8221;-0.05em&#8221; animation_delay=&#8221;500&#8243; el_class=&#8221;opacity-9 mb-1&#8243; animation_type=&#8221;lightSpeedIn&#8221; css_params=&#8221;&#8221;][vc_custom_heading text=&#8221;Ben\u00f6tigen Sie eine beglaubigte \u00dcbersetzung?&#8221; font_container=&#8221;tag:h2|font_size:2.75em|text_align:center&#8221; use_theme_fonts=&#8221;yes&#8221; font_weight=&#8221;700&#8243; skin=&#8221;light&#8221; letter_spacing=&#8221;-1px&#8221; animation_delay=&#8221;750&#8243; el_class=&#8221;mb-2 font-style-normal&#8221; animation_type=&#8221;lightSpeedIn&#8221; css_params=&#8221;&#8221;][vc_custom_heading text=&#8221;Kontaktieren Sie uns sofort&#8221; font_container=&#8221;tag:p|font_size:1.1em|text_align:center|color:rgba(255%2C255%2C255%2C0.8)|line_height:26px&#8221; use_theme_fonts=&#8221;yes&#8221; animation_delay=&#8221;950&#8243; el_class=&#8221;mb-0 opacity-8&#8243; animation_type=&#8221;lightSpeedIn&#8221; css_params=&#8221;&#8221;][\/vc_column][vc_column animation_delay=&#8221;1600&#8243; el_class=&#8221;mb-5 mb-xl-0 order-lg-first&#8221; offset=&#8221;vc_col-lg-3&#8243; animation_type=&#8221;fadeInRight&#8221; conditional_render=&#8221;%5B%7B%22value_role%22%3A%22administrator%22%7D%5D&#8221;]<div class=\"porto-sicon-box  vc_custom_1761635678173 top-n1-icon-box mb-3 justify-content-center justify-content-xl-start  wpb_custom_a4802976ddc90dd45e8cea536ff68ec0 style_1 default-icon\"><div class=\"porto-sicon-default\"><div class=\"porto-just-icon-wrapper porto-icon none\" style=\"color:#ad9263;font-size:23.1px;\"><i class=\"Simple-Line-Icons-phone\"><\/i><\/div><\/div><div class=\"porto-sicon-header\"><a class=\"porto-sicon-box-link\" href=\"tel:+1234567890\"><div class=\"porto-sicon-title\" style=\"font-weight:700;font-size:21px;color:#ffffff;line-height:24px;letter-spacing:0;\">+90 507 220 38 62<\/div><\/a><\/div> <!-- header --><\/div><!-- porto-sicon-box --><div class=\"porto-sicon-box top-2-icon-box mb-0 justify-content-center justify-content-xl-start  wpb_custom_2ccbe3e616e3e99d1ad178e76088c729 style_1 default-icon\"><div class=\"porto-sicon-default\"><div class=\"porto-just-icon-wrapper porto-icon none\" style=\"color:#ad9263;font-size:25.2px;\"><i class=\"Simple-Line-Icons-envelope\"><\/i><\/div><\/div><div class=\"porto-sicon-header\"><a class=\"porto-sicon-box-link\" href=\"mailto:porto@consulting.com\"><div class=\"porto-sicon-title\" style=\"font-size:16.8px;color:#ffffff;line-height:24px;letter-spacing:0;\">info@kalitetercume.com.tr<\/div><\/a><\/div> <!-- header --><\/div><!-- porto-sicon-box --><div class=\"porto-sicon-box top-n1-icon-box mb-0 justify-content-center justify-content-xl-start  wpb_custom_136027c11a884a725fcd8d2f9b9d602a style_1 default-icon\"><div class=\"porto-sicon-default\"><div class=\"porto-just-icon-wrapper porto-icon none\" style=\"color:#ad9263;font-size:25.2px;\"><i class=\"Simple-Line-Icons-calendar\"><\/i><\/div><\/div><div class=\"porto-sicon-header\"><h6 class=\"porto-sicon-title\" style=\"\">365 Tage, 24 Stunden zu Ihren Diensten<\/h6><\/div> <!-- header --><\/div><!-- porto-sicon-box -->[\/vc_column][vc_column animation_delay=&#8221;1600&#8243; offset=&#8221;vc_col-lg-3&#8243; el_class=&#8221;text-center text-xl-end&#8221; animation_type=&#8221;fadeInLeft&#8221;][vc_btn title=&#8221;Kontakt aufnehmen&#8221; skin=&#8221;primary&#8221; btn_fw=&#8221;700&#8243; el_cls=&#8221;br-thick&#8221; link=&#8221;url:https%3A%2F%2Fkalitetercume.com.tr%2FLegal%2Fde%2Fev%2Fkontakt%2F|title:Contact&#8221; btn_px=&#8221;2.4rem&#8221; btn_py=&#8221;1.29rem&#8221; el_class=&#8221;text-none mb-0&#8243; css_params=&#8221;&#8221;][\/vc_column][\/vc_row]<\/p>\n<\/div>","protected":false},"excerpt":{"rendered":"<p>[vc_row][vc_column width=&#8221;1\/4&#8243;][\/vc_column][vc_column width=&#8221;1\/4&#8243;][\/vc_column][vc_column width=&#8221;1\/4&#8243;][\/vc_column][vc_column width=&#8221;1\/4&#8243;][\/vc_column][\/vc_row][vc_row wrap_container=&#8221;yes&#8221; content_placement=&#8221;middle&#8221; css=&#8221;.vc_custom_1761807430128{padding-top: 50px !important;padding-bottom: 50px !important;}&#8221; conditional_render=&#8221;%5B%7B%22value_role%22%3A%22administrator%22%7D%5D&#8221; css_params=&#8221;&#8221;][vc_column offset=&#8221;vc_col-lg-8 vc_col-md-8&#8243;][vc_empty_space height=&#8221;30px&#8221; css_params=&#8221;&#8221;][vc_separator color=&#8221;custom&#8221; border_width=&#8221;3&#8243; css_animation=&#8221;slideInLeft&#8221; style=&#8221;solid&#8221; el_class=&#8221;custom-border customLineAnimation d-inline-block me-3 mb-1&#8243; accent_color=&#8221;#00a1cd&#8221;][vc_custom_heading text=&#8221;Unsere Kunden&#8221; font_container=&#8221;tag:h3|font_size:2.2em|text_align:left|color:var(&#8211;porto-quaternary-color)|line_height:1.3&#8243; use_theme_fonts=&#8221;yes&#8221; font_weight=&#8221;600&#8243; animation_delay=&#8221;1000&#8243; el_class=&#8221;mb-2 d-inline-block&#8221; animation_type=&#8221;fadeInLeft&#8221; css_params=&#8221;&#8221;][\/vc_column][\/vc_row][vc_row full_width_css=&#8221;stretch_row_css&#8221; wrap_container=&#8221;yes&#8221; conditional_render=&#8221;%5B%7B%22value_role%22%3A%22administrator%22%7D%5D&#8221; css_params=&#8221;&#8221; css=&#8221;.vc_custom_1763125846374{margin-top: 10px !important;margin-bottom: 30px !important;background-color: #393c40 !important;}&#8221;][vc_column width=&#8221;2\/3&#8243;][vc_empty_space height=&#8221;30px&#8221; css_params=&#8221;&#8221;][vc_empty_space height=&#8221;30px&#8221; css_params=&#8221;&#8221;][vc_column_text css=&#8221;.vc_custom_1768208205338{margin-top: [&hellip;]<\/p>\n","protected":false},"author":1,"featured_media":0,"parent":0,"menu_order":0,"comment_status":"closed","ping_status":"closed","template":"","meta":{"_acf_changed":false,"footnotes":""},"class_list":["post-2905","page","type-page","status-publish","hentry"],"acf":[],"_links":{"self":[{"href":"https:\/\/kalitetercume.com.tr\/Legal\/wp-json\/wp\/v2\/pages\/2905","targetHints":{"allow":["GET"]}}],"collection":[{"href":"https:\/\/kalitetercume.com.tr\/Legal\/wp-json\/wp\/v2\/pages"}],"about":[{"href":"https:\/\/kalitetercume.com.tr\/Legal\/wp-json\/wp\/v2\/types\/page"}],"author":[{"embeddable":true,"href":"https:\/\/kalitetercume.com.tr\/Legal\/wp-json\/wp\/v2\/users\/1"}],"replies":[{"embeddable":true,"href":"https:\/\/kalitetercume.com.tr\/Legal\/wp-json\/wp\/v2\/comments?post=2905"}],"version-history":[{"count":3,"href":"https:\/\/kalitetercume.com.tr\/Legal\/wp-json\/wp\/v2\/pages\/2905\/revisions"}],"predecessor-version":[{"id":2909,"href":"https:\/\/kalitetercume.com.tr\/Legal\/wp-json\/wp\/v2\/pages\/2905\/revisions\/2909"}],"wp:attachment":[{"href":"https:\/\/kalitetercume.com.tr\/Legal\/wp-json\/wp\/v2\/media?parent=2905"}],"curies":[{"name":"wp","href":"https:\/\/api.w.org\/{rel}","templated":true}]}}