{"id":3304,"date":"2026-02-10T15:11:39","date_gmt":"2026-02-10T12:11:39","guid":{"rendered":"https:\/\/kalitetercume.com.tr\/Legal\/?page_id=3304"},"modified":"2026-02-11T16:32:34","modified_gmt":"2026-02-11T13:32:34","slug":"f-a-q-2","status":"publish","type":"page","link":"https:\/\/kalitetercume.com.tr\/Legal\/fr\/f-a-q-2\/","title":{"rendered":"F.A.Q"},"content":{"rendered":"<div class=\"wpb-content-wrapper\"><p>[vc_row][vc_column width=&#8221;1\/6&#8243;][\/vc_column][vc_column width=&#8221;2\/3&#8243;][\/vc_column][vc_column width=&#8221;1\/6&#8243;][\/vc_column][\/vc_row][vc_row wrap_container=&#8221;yes&#8221; content_placement=&#8221;middle&#8221; css=&#8221;.vc_custom_1761807430128{padding-top: 50px !important;padding-bottom: 50px !important;}&#8221; conditional_render=&#8221;%5B%7B%22value_role%22%3A%22administrator%22%7D%5D&#8221; css_params=&#8221;&#8221;][vc_column offset=&#8221;vc_col-lg-8 vc_col-md-8&#8243;][vc_empty_space height=&#8221;30px&#8221; css_params=&#8221;&#8221;][vc_separator color=&#8221;custom&#8221; border_width=&#8221;3&#8243; css_animation=&#8221;slideInLeft&#8221; style=&#8221;solid&#8221; el_class=&#8221;custom-border customLineAnimation d-inline-block me-3 mb-1&#8243; accent_color=&#8221;#00a1cd&#8221;][vc_custom_heading text=&#8221;Questions Fr\u00e9quemment Pos\u00e9es&#8221; font_container=&#8221;tag:h6|font_size:2.2em|text_align:left|color:%2300a1cd|line_height:1.3&#8243; use_theme_fonts=&#8221;yes&#8221; font_weight=&#8221;600&#8243; animation_delay=&#8221;1000&#8243; el_class=&#8221;mb-2 d-inline-block&#8221; animation_type=&#8221;fadeInLeft&#8221; css_params=&#8221;&#8221;][\/vc_column][\/vc_row][vc_row][vc_column][vc_separator css=&#8221;&#8221; css_params=&#8221;&#8221;][vc_empty_space height=&#8221;30px&#8221; css_params=&#8221;&#8221;][\/vc_column][\/vc_row][vc_row][vc_column width=&#8221;1\/4&#8243;][\/vc_column][vc_column width=&#8221;1\/4&#8243;][vc_accordion active_tab=&#8221;1&#8243; collapsible=&#8221;yes&#8221; type=&#8221;custom&#8221; size=&#8221;panel-group-lg&#8221; use_accordion=&#8221;true&#8221; el_class=&#8221;faq-list&#8221; heading_color=&#8221;#212529&#8243; heading_bg_color=&#8221;#ffffff&#8221;][vc_accordion_tab title=&#8221;1 &#8211; Pouvez-vous livrer des traductions juridiques urgentes pour des d\u00e9lais judiciaires ?&#8221;][vc_custom_heading text=&#8221;Oui. Nous assurons une gestion de projet 24h\/24 et 7j\/7 et pouvons constituer des \u00e9quipes multi-linguistes pour les projets urgents. Indiquez simplement le d\u00e9lai, la paire de langues et l\u2019objectif (d\u00e9p\u00f4t au tribunal, r\u00e9vision interne, etc.).&#8221; font_container=&#8221;tag:p|text_align:left|color:%23777777|line_height:26px&#8221; use_theme_fonts=&#8221;yes&#8221; el_class=&#8221;mb-0&#8243; css_params=&#8221;&#8221;][\/vc_accordion_tab][vc_accordion_tab title=&#8221;2 \u2013 Utilisez-vous des outils CAT et des bases terminologiques ?&#8221;][vc_custom_heading text=&#8221;Oui. Nous utilisons des outils CAT standard du secteur ainsi que des bases terminologiques juridiques sp\u00e9cifiques aux clients afin d\u2019assurer la coh\u00e9rence et d\u2019optimiser les co\u00fbts.&#8221; font_container=&#8221;tag:p|text_align:left|color:%23777777|line_height:26px&#8221; use_theme_fonts=&#8221;yes&#8221; el_class=&#8221;mb-0&#8243; css_params=&#8221;&#8221;][\/vc_accordion_tab][vc_accordion_tab title=&#8221;3 \u2013 Qui traduit mes documents ?&#8221;][vc_custom_heading text=&#8221;Des traducteurs form\u00e9s en droit ou ayant plus de 10 ans d\u2019exp\u00e9rience juridique. Chaque projet suit la norme ISO 17100 : traduction \u2192 r\u00e9vision \u2192 relecture.&#8221; font_container=&#8221;tag:p|text_align:left|color:%23777777|line_height:26px&#8221; use_theme_fonts=&#8221;yes&#8221; el_class=&#8221;mb-0&#8243; css_params=&#8221;&#8221;][\/vc_accordion_tab][vc_accordion_tab title=&#8221;4 \u2013 Quelle est la diff\u00e9rence entre traduction et localisation juridique ?&#8221;][vc_custom_heading text=&#8221;La localisation adapte la terminologie, les r\u00e9f\u00e9rences juridiques, les formats, et la structure selon la juridiction cible.&#8221; font_container=&#8221;tag:p|text_align:left|color:%23777777|line_height:26px&#8221; use_theme_fonts=&#8221;yes&#8221; el_class=&#8221;mb-0&#8243; css_params=&#8221;&#8221;][\/vc_accordion_tab][vc_accordion_tab title=&#8221;5 \u2013 Proposez-vous le MTPE pour les textes juridiques ?&#8221;][vc_custom_heading text=&#8221;Oui, uniquement pour les contenus non sensibles et \u00e0 faible risque, avec post-\u00e9dition r\u00e9alis\u00e9e par un linguiste juridique.&#8221; font_container=&#8221;tag:p|text_align:left|color:%23777777|line_height:26px&#8221; use_theme_fonts=&#8221;yes&#8221; el_class=&#8221;mb-0&#8243; css_params=&#8221;&#8221;][\/vc_accordion_tab][vc_accordion_tab title=&#8221;6 \u2013 Pouvez-vous r\u00e9viser une traduction faite par notre \u00e9quipe ?&#8221;][vc_custom_heading text=&#8221;Oui. Nous proposons une r\u00e9vision bilingue ou monolingue par des r\u00e9viseurs juridiques natifs.&#8221; font_container=&#8221;tag:p|text_align:left|color:%23777777|line_height:26px&#8221; use_theme_fonts=&#8221;yes&#8221; el_class=&#8221;mb-0&#8243; css_params=&#8221;&#8221;][\/vc_accordion_tab][vc_accordion_tab title=&#8221;7 \u2013 Vos traductions sont-elles accept\u00e9es par les tribunaux et autorit\u00e9s ?&#8221;][vc_custom_heading text=&#8221;Oui. Nous fournissons des traductions asserment\u00e9es\/certifi\u00e9es et pouvons organiser la notarisation et l\u2019Apostille si n\u00e9cessaire.&#8221; font_container=&#8221;tag:p|text_align:left|color:%23777777|line_height:26px&#8221; use_theme_fonts=&#8221;yes&#8221; el_class=&#8221;mb-0&#8243; css_params=&#8221;&#8221;][\/vc_accordion_tab][vc_accordion_tab title=&#8221;8 \u2013 Pouvez-vous g\u00e9rer la notarisation et l\u2019Apostille ?&#8221;][vc_custom_heading text=&#8221;Oui. Nous coordonnons les proc\u00e9dures notariales et d\u2019Apostille conform\u00e9ment aux r\u00e9glementations internationales.&#8221; font_container=&#8221;tag:p|text_align:left|color:%23777777|line_height:26px&#8221; use_theme_fonts=&#8221;yes&#8221; el_class=&#8221;mb-0&#8243; css_params=&#8221;&#8221;][\/vc_accordion_tab][vc_accordion_tab title=&#8221;9 \u2013 Quels formats de fichiers acceptez-vous ?&#8221;][vc_custom_heading text=&#8221;ord, Excel, PowerPoint, PDF (y compris scann\u00e9s), InDesign\/IDML, images, CSV, JSON, XML.&#8221; font_container=&#8221;tag:p|text_align:left|color:%23777777|line_height:26px&#8221; use_theme_fonts=&#8221;yes&#8221; el_class=&#8221;mb-0&#8243; css_params=&#8221;&#8221;][\/vc_accordion_tab][vc_accordion_tab title=&#8221;10 \u2013 Comment envoyer les fichiers en toute s\u00e9curit\u00e9 ?&#8221;][vc_custom_heading text=&#8221;Via notre portail s\u00e9curis\u00e9 ou email crypt\u00e9. Acc\u00e8s limit\u00e9 et conformit\u00e9 RGPD.&#8221; font_container=&#8221;tag:p|text_align:left|color:%23777777|line_height:26px&#8221; use_theme_fonts=&#8221;yes&#8221; el_class=&#8221;mb-0&#8243; css_params=&#8221;&#8221;][\/vc_accordion_tab][vc_accordion_tab title=&#8221;11 \u2013 Comment prot\u00e9gez-vous la confidentialit\u00e9 ?&#8221;][vc_custom_heading text=&#8221;NDA obligatoires, stockage et transfert crypt\u00e9s, acc\u00e8s restreint et suppression sur demande.&#8221; font_container=&#8221;tag:p|text_align:left|color:%23777777|line_height:26px&#8221; use_theme_fonts=&#8221;yes&#8221; el_class=&#8221;mb-0&#8243; css_params=&#8221;&#8221;][\/vc_accordion_tab][\/vc_accordion][\/vc_column][vc_column width=&#8221;1\/4&#8243;][vc_accordion active_tab=&#8221;1&#8243; collapsible=&#8221;yes&#8221; type=&#8221;custom&#8221; size=&#8221;panel-group-lg&#8221; use_accordion=&#8221;true&#8221; el_class=&#8221;faq-list&#8221; heading_color=&#8221;#212529&#8243; heading_bg_color=&#8221;#ffffff&#8221;][vc_accordion_tab title=&#8221;12 \u2013 Comment les prix sont-ils calcul\u00e9s ?&#8221;][vc_custom_heading text=&#8221;Selon la paire de langues, la complexit\u00e9, le volume, la certification, la mise en page et le d\u00e9lai.&#8221; font_container=&#8221;tag:p|text_align:left|color:%23777777|line_height:26px&#8221; use_theme_fonts=&#8221;yes&#8221; el_class=&#8221;mb-0&#8243; css_params=&#8221;&#8221;][\/vc_accordion_tab][vc_accordion_tab title=&#8221;13 \u2013 Quelles devises et m\u00e9thodes de paiement acceptez-vous ?&#8221;][vc_custom_heading text=&#8221;EUR \/ USD \/ GBP \/ TRY \u2013 virement bancaire ou carte professionnelle.&#8221; font_container=&#8221;tag:p|text_align:left|color:%23777777|line_height:26px&#8221; use_theme_fonts=&#8221;yes&#8221; el_class=&#8221;mb-0&#8243; css_params=&#8221;&#8221;][\/vc_accordion_tab][vc_accordion_tab title=&#8221;14 \u2013 Quel est le volume de production standard ?&#8221;][vc_custom_heading text=&#8221;Environ 2 000 \u2013 2 500 mots par jour et par traducteur.&#8221; font_container=&#8221;tag:p|text_align:left|color:%23777777|line_height:26px&#8221; use_theme_fonts=&#8221;yes&#8221; el_class=&#8221;mb-0&#8243; css_params=&#8221;&#8221;][\/vc_accordion_tab][vc_accordion_tab title=&#8221;15 \u2013 Les r\u00e9visions sont-elles incluses ?&#8221;][vc_custom_heading text=&#8221;Oui, pour les ajustements raisonnables li\u00e9s \u00e0 la terminologie et au style.&#8221; font_container=&#8221;tag:p|text_align:left|color:%23777777|line_height:26px&#8221; use_theme_fonts=&#8221;yes&#8221; el_class=&#8221;mb-0&#8243; css_params=&#8221;&#8221;][\/vc_accordion_tab][vc_accordion_tab title=&#8221;16 \u2013 Pouvez-vous pr\u00e9server la mise en page et les tableaux ?&#8221;][vc_custom_heading text=&#8221;Oui, via notre \u00e9quipe DTP (tampons, tableaux, en-t\u00eates, annexes, etc.).&#8221; font_container=&#8221;tag:p|text_align:left|color:%23777777|line_height:26px&#8221; use_theme_fonts=&#8221;yes&#8221; el_class=&#8221;mb-0&#8243; css_params=&#8221;&#8221;][\/vc_accordion_tab][vc_accordion_tab title=&#8221;17 \u2013 Comment s\u00e9lectionnez-vous les traducteurs ?&#8221;][vc_custom_heading text=&#8221;Selon leur sp\u00e9cialisation juridique (arbitrage, PI, fiscalit\u00e9, bancaire, etc.).&#8221; font_container=&#8221;tag:p|text_align:left|color:%23777777|line_height:26px&#8221; use_theme_fonts=&#8221;yes&#8221; el_class=&#8221;mb-0&#8243; css_params=&#8221;&#8221;][\/vc_accordion_tab][vc_accordion_tab title=&#8221;18 \u2013 Pouvez-vous suivre notre guide de style interne ?&#8221;][vc_custom_heading text=&#8221;Oui, nous cr\u00e9ons et maintenons des glossaires et guides sp\u00e9cifiques client.&#8221; font_container=&#8221;tag:p|text_align:left|color:%23777777|line_height:26px&#8221; use_theme_fonts=&#8221;yes&#8221; el_class=&#8221;mb-0&#8243; css_params=&#8221;&#8221;][\/vc_accordion_tab][vc_accordion_tab title=&#8221;19 \u2013 Proposez-vous la transcription d\u2019audiences ?&#8221;][vc_custom_heading text=&#8221;Oui, transcription mot \u00e0 mot ou \u00e9dit\u00e9e, avec horodatage si n\u00e9cessaire.&#8221; font_container=&#8221;tag:p|text_align:left|color:%23777777|line_height:26px&#8221; use_theme_fonts=&#8221;yes&#8221; el_class=&#8221;mb-0&#8243; css_params=&#8221;&#8221;][\/vc_accordion_tab][vc_accordion_tab title=&#8221;20 \u2013 Proposez-vous l\u2019interpr\u00e9tation juridique \u00e0 distance ?&#8221;][vc_custom_heading text=&#8221;Oui, pour audiences, arbitrages, m\u00e9diations et r\u00e9unions clients.&#8221; font_container=&#8221;tag:p|text_align:left|color:%23777777|line_height:26px&#8221; use_theme_fonts=&#8221;yes&#8221; el_class=&#8221;mb-0&#8243; css_params=&#8221;&#8221;][\/vc_accordion_tab][vc_accordion_tab title=&#8221;21 \u2013 Quand faut-il une traduction certifi\u00e9e ?&#8221;][vc_custom_heading text=&#8221;Pour la plupart des usages officiels (tribunal, minist\u00e8re, consulat, notaire).&#8221; font_container=&#8221;tag:p|text_align:left|color:%23777777|line_height:26px&#8221; use_theme_fonts=&#8221;yes&#8221; el_class=&#8221;mb-0&#8243; css_params=&#8221;&#8221;][\/vc_accordion_tab][vc_accordion_tab title=&#8221;22 \u2013 De quoi avez-vous besoin pour d\u00e9marrer ?&#8221;][vc_custom_heading text=&#8221;Fichiers, langues, objectif, d\u00e9lais et \u00e9ventuelles consignes terminologiques.&#8221; font_container=&#8221;tag:p|text_align:left|color:%23777777|line_height:26px&#8221; use_theme_fonts=&#8221;yes&#8221; el_class=&#8221;mb-0&#8243; css_params=&#8221;&#8221;][\/vc_accordion_tab][vc_accordion_tab title=&#8221;23 \u2013 Comment obtenir un devis rapide ?&#8221;][vc_custom_heading text=&#8221;Envoyez vos fichiers par email ou via le portail s\u00e9curis\u00e9.&#8221; font_container=&#8221;tag:p|text_align:left|color:%23777777|line_height:26px&#8221; use_theme_fonts=&#8221;yes&#8221; el_class=&#8221;mb-0&#8243; css_params=&#8221;&#8221;][\/vc_accordion_tab][\/vc_accordion][\/vc_column][vc_column width=&#8221;1\/4&#8243;][\/vc_column][\/vc_row][vc_row][vc_column][vc_empty_space css_params=&#8221;&#8221;][vc_empty_space css_params=&#8221;&#8221;][\/vc_column][\/vc_row][vc_row wrap_container=&#8221;yes&#8221; animation_delay=&#8221;300&#8243; el_class=&#8221;overlay-dark position-relative&#8221; css=&#8221;.vc_custom_1767105540552{padding-top: 106px !important;padding-bottom: 55px !important;background-image: url(https:\/\/kalitetercume.com.tr\/Legal\/wp-content\/uploads\/2025\/12\/lf2-background-1-1.jpg?id=2687) !important;background-position: center !important;background-repeat: no-repeat !important;background-size: cover !important;}&#8221; animation_type=&#8221;fadeIn&#8221; conditional_render=&#8221;%5B%7B%22value_role%22%3A%22administrator%22%7D%5D&#8221; css_params=&#8221;&#8221;][vc_column el_class=&#8221;z-index-1&#8243; conditional_render=&#8221;%5B%7B%22value_role%22%3A%22administrator%22%7D%5D&#8221;][vc_custom_heading text=&#8221;Notre diff\u00e9rence&#8221; font_container=&#8221;tag:h4|font_size:1.2em|text_align:center&#8221; use_theme_fonts=&#8221;yes&#8221; font_weight=&#8221;600&#8243; skin=&#8221;primary&#8221; letter_spacing=&#8221;-0.05em&#8221; css=&#8221;.vc_custom_1770726200934{margin-bottom: 15px !important;}&#8221; css_params=&#8221;&#8221;][vc_custom_heading text=&#8221;D\u00e9tails de l\u2019entreprise&#8221; font_container=&#8221;tag:h2|font_size:2.75em|text_align:center|line_height:24px&#8221; use_theme_fonts=&#8221;yes&#8221; font_weight=&#8221;700&#8243; skin=&#8221;light&#8221; letter_spacing=&#8221;-1px&#8221; el_class=&#8221;pb-3 mb-5 font-style-normal&#8221; css_params=&#8221;&#8221;][vc_custom_heading text=&#8221;Notre diff\u00e9rence repose sur une sp\u00e9cialisation juridique approfondie. Nous collaborons exclusivement avec des traducteurs et r\u00e9viseurs juristes, form\u00e9s au droit et disposant, pour beaucoup, de dipl\u00f4mes avanc\u00e9s en droit ou en linguistique juridique.<br \/>\nCette expertise garantit que chaque document juridique \u2014 qu\u2019il s\u2019agisse de contrats ou de dossiers d\u2019arbitrage \u2014 conserve toute sa pr\u00e9cision, sa port\u00e9e juridique et sa force ex\u00e9cutoire.&#8221; font_container=&#8221;tag:p|font_size:1.2em|text_align:center|line_height:26px&#8221; use_theme_fonts=&#8221;yes&#8221; skin=&#8221;light&#8221; css=&#8221;.vc_custom_1770726322310{padding-bottom: 2px !important;}&#8221; el_class=&#8221;mx-auto mb-3 col-md-11 px-0&#8243; css_params=&#8221;&#8221;][vc_row_inner el_class=&#8221;pt-5 pb-4&#8243;][vc_column_inner width=&#8221;1\/2&#8243; offset=&#8221;vc_col-md-3&#8243;]<div class=\"stats-block stats-top   wpb_custom_c4adc97aea333ecd4954deba660692d8\"><div class=\"stats-desc\"><div id=\"counter_98479480369e0a40227df9\" data-id=\"counter_98479480369e0a40227df9\" class=\"stats-number\" style=\" font-size:4em;line-height:1.2;color:#ffffff;\" data-speed=\"3\" data-counter-value=\"25\" data-separator=\",\" data-decimal=\".\">0<\/div><div class=\"counter_suffix mycust\" style=\" font-size:4em;color:var(--porto-primary-color)\">+<\/div><div class=\"stats-text\" style=\"font-weight:700;font-size:1.2em;line-height:15px;color:#ffffff;\">Exp\u00e9rience<\/div><\/div><\/div>[\/vc_column_inner][vc_column_inner width=&#8221;1\/2&#8243; offset=&#8221;vc_col-md-3&#8243;]<div class=\"stats-block stats-top   wpb_custom_c4adc97aea333ecd4954deba660692d8\"><div class=\"stats-desc\"><div id=\"counter_124213908369e0a40228179\" data-id=\"counter_124213908369e0a40228179\" class=\"stats-number\" style=\" font-size:4em;line-height:1.2;color:#ffffff;\" data-speed=\"3\" data-counter-value=\"23.283\" data-separator=\",\" data-decimal=\".\">0<\/div><div class=\"counter_suffix mycust\" style=\" font-size:4em;color:var(--porto-primary-color)\">+<\/div><div class=\"stats-text\" style=\"font-weight:700;font-size:1.2em;line-height:15px;color:#ffffff;\">Projets<\/div><\/div><\/div>[\/vc_column_inner][vc_column_inner width=&#8221;1\/2&#8243; offset=&#8221;vc_col-md-3&#8243;]<div class=\"stats-block stats-top   wpb_custom_c4adc97aea333ecd4954deba660692d8\"><div class=\"stats-desc\"><div id=\"counter_119064665269e0a402284e9\" data-id=\"counter_119064665269e0a402284e9\" class=\"stats-number\" style=\" font-size:4em;line-height:1.2;color:#ffffff;\" data-speed=\"3\" data-counter-value=\"450\" data-separator=\"none\" data-decimal=\".\">0<\/div><div class=\"counter_suffix mycust\" style=\" font-size:4em;color:var(--porto-primary-color)\">+<\/div><div class=\"stats-text\" style=\"font-weight:700;font-size:1.2em;line-height:15px;color:#ffffff;\">Linguistes<\/div><\/div><\/div>[\/vc_column_inner][vc_column_inner width=&#8221;1\/2&#8243; offset=&#8221;vc_col-md-3&#8243;]<div class=\"stats-block stats-top   wpb_custom_c4adc97aea333ecd4954deba660692d8\"><div class=\"stats-desc\"><div id=\"counter_10060178469e0a4022884e\" data-id=\"counter_10060178469e0a4022884e\" class=\"stats-number\" style=\" font-size:4em;line-height:1.2;color:#ffffff;\" data-speed=\"3\" data-counter-value=\"50\" data-separator=\",\" data-decimal=\".\">0<\/div><div class=\"counter_suffix mycust\" style=\" font-size:4em;color:var(--porto-primary-color)\">+<\/div><div class=\"stats-text\" style=\"font-weight:700;font-size:1.2em;line-height:15px;color:#ffffff;\">Langues<\/div><\/div><\/div>[\/vc_column_inner][\/vc_row_inner][\/vc_column][\/vc_row][vc_row wrap_container=&#8221;yes&#8221; content_placement=&#8221;middle&#8221; animation_delay=&#8221;&#8221; css=&#8221;.vc_custom_1709680861094{padding-top: 90px !important;padding-bottom: 90px !important;background-color: #4e4129 !important;}&#8221; conditional_render=&#8221;%5B%7B%22value_role%22%3A%22administrator%22%7D%5D&#8221;][vc_column offset=&#8221;vc_col-lg-6&#8243; el_class=&#8221;mb-5 mb-xl-0&#8243;][vc_custom_heading text=&#8221;Comment pouvons-nous vous aider ?&#8221; font_container=&#8221;tag:h4|font_size:1.2em|text_align:center|color:rgba(255%2C255%2C255%2C0.9)|line_height:24px&#8221; use_theme_fonts=&#8221;yes&#8221; font_weight=&#8221;600&#8243; letter_spacing=&#8221;-0.05em&#8221; animation_delay=&#8221;500&#8243; el_class=&#8221;opacity-9 mb-1&#8243; animation_type=&#8221;lightSpeedIn&#8221; css_params=&#8221;&#8221;][vc_custom_heading text=&#8221;Avez-vous besoin d&#8217;une traduction l\u00e9gale ?&#8221; font_container=&#8221;tag:h2|font_size:2.75em|text_align:center&#8221; use_theme_fonts=&#8221;yes&#8221; font_weight=&#8221;700&#8243; skin=&#8221;light&#8221; letter_spacing=&#8221;-1px&#8221; animation_delay=&#8221;750&#8243; el_class=&#8221;mb-2 font-style-normal&#8221; animation_type=&#8221;lightSpeedIn&#8221; css_params=&#8221;&#8221;][vc_custom_heading text=&#8221;Contactez-nous imm\u00e9diatement&#8221; font_container=&#8221;tag:p|font_size:1.1em|text_align:center|color:rgba(255%2C255%2C255%2C0.8)|line_height:26px&#8221; use_theme_fonts=&#8221;yes&#8221; animation_delay=&#8221;950&#8243; el_class=&#8221;mb-0 opacity-8&#8243; animation_type=&#8221;lightSpeedIn&#8221; css_params=&#8221;&#8221;][\/vc_column][vc_column animation_delay=&#8221;1600&#8243; el_class=&#8221;mb-5 mb-xl-0 order-lg-first&#8221; offset=&#8221;vc_col-lg-3&#8243; animation_type=&#8221;fadeInRight&#8221; conditional_render=&#8221;%5B%7B%22value_role%22%3A%22administrator%22%7D%5D&#8221;]<div class=\"porto-sicon-box  vc_custom_1761635678173 top-n1-icon-box mb-3 justify-content-center justify-content-xl-start  wpb_custom_a4802976ddc90dd45e8cea536ff68ec0 style_1 default-icon\"><div class=\"porto-sicon-default\"><div class=\"porto-just-icon-wrapper porto-icon none\" style=\"color:#ad9263;font-size:23.1px;\"><i class=\"Simple-Line-Icons-phone\"><\/i><\/div><\/div><div class=\"porto-sicon-header\"><a class=\"porto-sicon-box-link\" href=\"tel:+1234567890\"><div class=\"porto-sicon-title\" style=\"font-weight:700;font-size:21px;color:#ffffff;line-height:24px;letter-spacing:0;\">+90 507 220 38 62<\/div><\/a><\/div> <!-- header --><\/div><!-- porto-sicon-box --><div class=\"porto-sicon-box top-2-icon-box mb-0 justify-content-center justify-content-xl-start  wpb_custom_2ccbe3e616e3e99d1ad178e76088c729 style_1 default-icon\"><div class=\"porto-sicon-default\"><div class=\"porto-just-icon-wrapper porto-icon none\" style=\"color:#ad9263;font-size:25.2px;\"><i class=\"Simple-Line-Icons-envelope\"><\/i><\/div><\/div><div class=\"porto-sicon-header\"><a class=\"porto-sicon-box-link\" href=\"mailto:porto@consulting.com\"><div class=\"porto-sicon-title\" style=\"font-size:16.8px;color:#ffffff;line-height:24px;letter-spacing:0;\">info@kalitetercume.com.tr<\/div><\/a><\/div> <!-- header --><\/div><!-- porto-sicon-box --><div class=\"porto-sicon-box top-n1-icon-box mb-0 justify-content-center justify-content-xl-start  wpb_custom_60425684da0c77f9639fd63024624afd style_1 default-icon\"><div class=\"porto-sicon-default\"><div class=\"porto-just-icon-wrapper porto-icon none\" style=\"color:#ad9263;font-size:25.2px;\"><i class=\"Simple-Line-Icons-calendar\"><\/i><\/div><\/div><div class=\"porto-sicon-header\"><h6 class=\"porto-sicon-title\" style=\"\">\u00c0 votre service 24h\/24, 365 jours par an.<\/h6><\/div> <!-- header --><\/div><!-- porto-sicon-box -->[\/vc_column][vc_column animation_delay=&#8221;1600&#8243; offset=&#8221;vc_col-lg-3&#8243; el_class=&#8221;text-center text-xl-end&#8221; animation_type=&#8221;fadeInLeft&#8221;][vc_btn title=&#8221;Enter en contact&#8221; skin=&#8221;primary&#8221; btn_fw=&#8221;700&#8243; el_cls=&#8221;br-thick&#8221; link=&#8221;url:https%3A%2F%2Fkalitetercume.com.tr%2FLegal%2Ffr%2Fcontact-2%2F|title:Contact&#8221; btn_px=&#8221;2.4rem&#8221; btn_py=&#8221;1.29rem&#8221; el_class=&#8221;text-none mb-0&#8243; css_params=&#8221;&#8221;][\/vc_column][\/vc_row]<\/p>\n<\/div>","protected":false},"excerpt":{"rendered":"<p>[vc_row][vc_column width=&#8221;1\/6&#8243;][\/vc_column][vc_column width=&#8221;2\/3&#8243;][\/vc_column][vc_column width=&#8221;1\/6&#8243;][\/vc_column][\/vc_row][vc_row wrap_container=&#8221;yes&#8221; content_placement=&#8221;middle&#8221; css=&#8221;.vc_custom_1761807430128{padding-top: 50px !important;padding-bottom: 50px !important;}&#8221; conditional_render=&#8221;%5B%7B%22value_role%22%3A%22administrator%22%7D%5D&#8221; css_params=&#8221;&#8221;][vc_column offset=&#8221;vc_col-lg-8 vc_col-md-8&#8243;][vc_empty_space height=&#8221;30px&#8221; css_params=&#8221;&#8221;][vc_separator color=&#8221;custom&#8221; border_width=&#8221;3&#8243; css_animation=&#8221;slideInLeft&#8221; style=&#8221;solid&#8221; el_class=&#8221;custom-border customLineAnimation d-inline-block me-3 mb-1&#8243; accent_color=&#8221;#00a1cd&#8221;][vc_custom_heading text=&#8221;Questions Fr\u00e9quemment Pos\u00e9es&#8221; font_container=&#8221;tag:h6|font_size:2.2em|text_align:left|color:%2300a1cd|line_height:1.3&#8243; use_theme_fonts=&#8221;yes&#8221; font_weight=&#8221;600&#8243; animation_delay=&#8221;1000&#8243; el_class=&#8221;mb-2 d-inline-block&#8221; animation_type=&#8221;fadeInLeft&#8221; css_params=&#8221;&#8221;][\/vc_column][\/vc_row][vc_row][vc_column][vc_separator css=&#8221;&#8221; css_params=&#8221;&#8221;][vc_empty_space height=&#8221;30px&#8221; css_params=&#8221;&#8221;][\/vc_column][\/vc_row][vc_row][vc_column width=&#8221;1\/4&#8243;][\/vc_column][vc_column width=&#8221;1\/4&#8243;][vc_accordion active_tab=&#8221;1&#8243; collapsible=&#8221;yes&#8221; type=&#8221;custom&#8221; size=&#8221;panel-group-lg&#8221; use_accordion=&#8221;true&#8221; el_class=&#8221;faq-list&#8221; heading_color=&#8221;#212529&#8243; heading_bg_color=&#8221;#ffffff&#8221;][vc_accordion_tab title=&#8221;1 &#8211; Pouvez-vous [&hellip;]<\/p>\n","protected":false},"author":1,"featured_media":2685,"parent":0,"menu_order":0,"comment_status":"closed","ping_status":"closed","template":"","meta":{"_acf_changed":false,"footnotes":""},"class_list":["post-3304","page","type-page","status-publish","has-post-thumbnail","hentry"],"acf":[],"_links":{"self":[{"href":"https:\/\/kalitetercume.com.tr\/Legal\/wp-json\/wp\/v2\/pages\/3304","targetHints":{"allow":["GET"]}}],"collection":[{"href":"https:\/\/kalitetercume.com.tr\/Legal\/wp-json\/wp\/v2\/pages"}],"about":[{"href":"https:\/\/kalitetercume.com.tr\/Legal\/wp-json\/wp\/v2\/types\/page"}],"author":[{"embeddable":true,"href":"https:\/\/kalitetercume.com.tr\/Legal\/wp-json\/wp\/v2\/users\/1"}],"replies":[{"embeddable":true,"href":"https:\/\/kalitetercume.com.tr\/Legal\/wp-json\/wp\/v2\/comments?post=3304"}],"version-history":[{"count":10,"href":"https:\/\/kalitetercume.com.tr\/Legal\/wp-json\/wp\/v2\/pages\/3304\/revisions"}],"predecessor-version":[{"id":3354,"href":"https:\/\/kalitetercume.com.tr\/Legal\/wp-json\/wp\/v2\/pages\/3304\/revisions\/3354"}],"wp:featuredmedia":[{"embeddable":true,"href":"https:\/\/kalitetercume.com.tr\/Legal\/wp-json\/wp\/v2\/media\/2685"}],"wp:attachment":[{"href":"https:\/\/kalitetercume.com.tr\/Legal\/wp-json\/wp\/v2\/media?parent=3304"}],"curies":[{"name":"wp","href":"https:\/\/api.w.org\/{rel}","templated":true}]}}