{"id":3363,"date":"2026-02-12T14:42:42","date_gmt":"2026-02-12T11:42:42","guid":{"rendered":"https:\/\/kalitetercume.com.tr\/Legal\/?page_id=3363"},"modified":"2026-02-12T15:07:08","modified_gmt":"2026-02-12T12:07:08","slug":"nos-clients","status":"publish","type":"page","link":"https:\/\/kalitetercume.com.tr\/Legal\/fr\/nos-clients\/","title":{"rendered":"Nos clients"},"content":{"rendered":"<div class=\"wpb-content-wrapper\"><p>[vc_row][vc_column width=&#8221;1\/4&#8243;][\/vc_column][vc_column width=&#8221;1\/4&#8243;][\/vc_column][vc_column width=&#8221;1\/4&#8243;][\/vc_column][vc_column width=&#8221;1\/4&#8243;][\/vc_column][\/vc_row][vc_row wrap_container=&#8221;yes&#8221; content_placement=&#8221;middle&#8221; css=&#8221;.vc_custom_1761807430128{padding-top: 50px !important;padding-bottom: 50px !important;}&#8221; conditional_render=&#8221;%5B%7B%22value_role%22%3A%22administrator%22%7D%5D&#8221; css_params=&#8221;&#8221;][vc_column offset=&#8221;vc_col-lg-8 vc_col-md-8&#8243;][vc_empty_space height=&#8221;30px&#8221; css_params=&#8221;&#8221;][vc_separator color=&#8221;custom&#8221; border_width=&#8221;3&#8243; css_animation=&#8221;slideInLeft&#8221; style=&#8221;solid&#8221; el_class=&#8221;custom-border customLineAnimation d-inline-block me-3 mb-1&#8243; accent_color=&#8221;#00a1cd&#8221;][vc_custom_heading text=&#8221;Nos clients&#8221; font_container=&#8221;tag:h3|font_size:2.2em|text_align:left|color:var(&#8211;porto-quaternary-color)|line_height:1.3&#8243; use_theme_fonts=&#8221;yes&#8221; font_weight=&#8221;600&#8243; animation_delay=&#8221;1000&#8243; el_class=&#8221;mb-2 d-inline-block&#8221; animation_type=&#8221;fadeInLeft&#8221; css_params=&#8221;&#8221;][\/vc_column][\/vc_row][vc_row full_width_css=&#8221;stretch_row_css&#8221; wrap_container=&#8221;yes&#8221; conditional_render=&#8221;%5B%7B%22value_role%22%3A%22administrator%22%7D%5D&#8221; css_params=&#8221;&#8221; css=&#8221;.vc_custom_1763125846374{margin-top: 10px !important;margin-bottom: 30px !important;background-color: #393c40 !important;}&#8221;][vc_column width=&#8221;2\/3&#8243;][vc_empty_space height=&#8221;30px&#8221; css_params=&#8221;&#8221;][vc_empty_space height=&#8221;30px&#8221; css_params=&#8221;&#8221;][vc_column_text css=&#8221;.vc_custom_1770896718332{margin-top: 40px !important;margin-bottom: 40px !important;}&#8221; css_params=&#8221;&#8221;]<\/p>\n<p style=\"text-align: justify; color: #fff;\">Dans le monde globalis\u00e9 d&#8217;aujourd&#8217;hui, les relations juridiques et commerciales sont devenues de plus en plus complexes. Les cabinets d&#8217;avocats, les entreprises et les institutions internationales ont besoin de partenaires qui ma\u00eetrisent parfaitement les subtilit\u00e9s du langage juridique et qui peuvent fournir des solutions linguistiques pr\u00e9cises, fiables et confidentielles.<\/p>\n<p style=\"text-align: justify; color: #fff;\">Chez <strong>Kalite Legal Translations<\/strong>, nous travaillons en \u00e9troite collaboration avec nos clients pour comprendre leurs besoins sp\u00e9cifiques et leur fournir des services de traduction juridique sur mesure qui soutiennent leurs objectifs globaux.<\/p>\n<p>[\/vc_column_text][\/vc_column][vc_column width=&#8221;1\/3&#8243;][vc_empty_space height=&#8221;30px&#8221; css_params=&#8221;&#8221;][vc_single_image image=&#8221;2058&#8243; img_size=&#8221;full&#8221; css=&#8221;.vc_custom_1763125775412{margin-top: 40px !important;margin-bottom: 40px !important;}&#8221; css_params=&#8221;&#8221; animation_type=&#8221;bounceInRight&#8221;][\/vc_column][\/vc_row][vc_row full_width_css=&#8221;stretch_row_css&#8221; wrap_container=&#8221;yes&#8221; conditional_render=&#8221;%5B%7B%22value_role%22%3A%22administrator%22%7D%5D&#8221; css_params=&#8221;&#8221; css=&#8221;.vc_custom_1763125914813{margin-top: 40px !important;margin-bottom: 40px !important;}&#8221;][vc_column width=&#8221;1\/3&#8243;][vc_empty_space height=&#8221;30px&#8221; css_params=&#8221;&#8221;][vc_single_image image=&#8221;1790&#8243; img_size=&#8221;full&#8221; css=&#8221;&#8221; css_params=&#8221;&#8221; animation_type=&#8221;bounceInLeft&#8221;][\/vc_column][vc_column width=&#8221;2\/3&#8243;][vc_empty_space height=&#8221;30px&#8221; css_params=&#8221;&#8221;][vc_column_text css=&#8221;&#8221; css_params=&#8221;&#8221;]<\/p>\n<h3><strong>Un partenariat fond\u00e9 sur la confiance<\/strong><\/h3>\n<p>[\/vc_column_text][vc_column_text css=&#8221;&#8221; css_params=&#8221;&#8221;]<\/p>\n<p style=\"text-align: justify;\">Nous privil\u00e9gions la collaboration \u00e0 long terme plut\u00f4t que les prestations ponctuelles. Nos relations clients reposent sur la confiance, la confidentialit\u00e9 et la constance. Gr\u00e2ce \u00e0 des \u00e9quipes de traduction d\u00e9di\u00e9es et \u00e0 la constitution de bases terminologiques juridiques sp\u00e9cifiques \u00e0 chaque client, nous garantissons \u00e0 chaque projet une expertise accumul\u00e9e, une connaissance approfondie du contexte et une pr\u00e9cision absolue.<\/p>\n<p style=\"text-align: justify;\">Gr\u00e2ce \u00e0 ces partenariats, Kalite Legal devient un prolongement des \u00e9quipes internes de nos clients, offrant un soutien linguistique continu pour les questions juridiques dans de multiples juridictions et domaines de pratique.<\/p>\n<p>[\/vc_column_text][\/vc_column][\/vc_row][vc_row full_width_css=&#8221;stretch_row_css&#8221; wrap_container=&#8221;yes&#8221; conditional_render=&#8221;%5B%7B%22value_role%22%3A%22administrator%22%7D%5D&#8221; css_params=&#8221;&#8221; css=&#8221;.vc_custom_1763125846374{margin-top: 10px !important;margin-bottom: 30px !important;background-color: #393c40 !important;}&#8221;][vc_column width=&#8221;2\/3&#8243;][vc_empty_space height=&#8221;30px&#8221; css_params=&#8221;&#8221;][vc_empty_space height=&#8221;30px&#8221; css_params=&#8221;&#8221;][vc_column_text css=&#8221;.vc_custom_1770896787022{margin-top: 40px !important;margin-bottom: 40px !important;}&#8221; css_params=&#8221;&#8221;]<\/p>\n<h3 style=\"color: #fff;\"><strong>Qui nous servons<\/strong><\/h3>\n<p>[\/vc_column_text][vc_column_text css=&#8221;.vc_custom_1770896939320{margin-top: 40px !important;margin-bottom: 40px !important;}&#8221; css_params=&#8221;&#8221;]<\/p>\n<p style=\"text-align: justify; color: #fff;\">Notre portefeuille de clients comprend des organisations internationales et locales de premier plan issues de l&#8217;ensemble du secteur juridique et commercial :<\/p>\n<ul style=\"margin-left: 30px; color: #fff;\">\n<li>Cabinets d&#8217;avocats, tribunaux et institutions d&#8217;arbitrage<\/li>\n<li>Les services juridiques des soci\u00e9t\u00e9s multinationales<\/li>\n<li>organisations internationales et institutions publiques<\/li>\n<li>Universit\u00e9s, chercheurs en droit et \u00e9diteurs universitaires<\/li>\n<li>Les institutions financi\u00e8res, les banques et les compagnies d&#8217;assurance<\/li>\n<li>entreprises pharmaceutiques et de dispositifs m\u00e9dicaux<\/li>\n<li>entreprises technologiques et de t\u00e9l\u00e9communications<\/li>\n<li>Entreprises d&#8217;\u00e9nergie, de logistique et de construction<\/li>\n<li>Offices de la propri\u00e9t\u00e9 intellectuelle et des brevets<\/li>\n<li>organismes de conformit\u00e9 et de r\u00e9glementation<\/li>\n<li>Entreprises de traduction et de localisation dans le monde entier<\/li>\n<\/ul>\n<p style=\"text-align: justify; color: #fff;\">Nous collaborons \u00e9galement avec des agences de traduction partenaires et des prestataires de services juridiques sur les cinq continents, assurant ainsi un soutien multilingue sans faille pour les op\u00e9rations juridiques transfrontali\u00e8res.<\/p>\n<p>[\/vc_column_text][vc_empty_space height=&#8221;30px&#8221; css_params=&#8221;&#8221;][\/vc_column][vc_column width=&#8221;1\/3&#8243;][vc_empty_space height=&#8221;30px&#8221; css_params=&#8221;&#8221;][vc_empty_space height=&#8221;30px&#8221; css_params=&#8221;&#8221;][vc_single_image image=&#8221;2070&#8243; img_size=&#8221;full&#8221; css=&#8221;.vc_custom_1763128150544{margin-top: 180px !important;}&#8221; css_params=&#8221;&#8221; animation_type=&#8221;bounceInRight&#8221;][\/vc_column][\/vc_row][vc_row full_width_css=&#8221;stretch_row_css&#8221; wrap_container=&#8221;yes&#8221; conditional_render=&#8221;%5B%7B%22value_role%22%3A%22administrator%22%7D%5D&#8221; css_params=&#8221;&#8221; css=&#8221;.vc_custom_1763128220905{margin-top: 40px !important;margin-bottom: 40px !important;}&#8221;][vc_column width=&#8221;1\/3&#8243;][vc_empty_space height=&#8221;30px&#8221; css_params=&#8221;&#8221;][vc_single_image image=&#8221;1795&#8243; img_size=&#8221;full&#8221; css=&#8221;&#8221; css_params=&#8221;&#8221; animation_type=&#8221;bounceInLeft&#8221;][\/vc_column][vc_column width=&#8221;2\/3&#8243;][vc_empty_space height=&#8221;30px&#8221; css_params=&#8221;&#8221;][vc_column_text css=&#8221;&#8221; css_params=&#8221;&#8221;]<\/p>\n<h3><strong>Renforcer la communication juridique mondiale<\/strong><\/h3>\n<p>[\/vc_column_text][vc_column_text css=&#8221;&#8221; css_params=&#8221;&#8221;]<\/p>\n<p style=\"text-align: justify;\">Forte de plus de 25 ans d&#8217;exp\u00e9rience en traduction juridique, Kalite Legal aide les cabinets d&#8217;avocats, les entreprises et les institutions publiques \u00e0 communiquer avec clart\u00e9 et assurance dans toutes les juridictions. Notre expertise permet \u00e0 nos clients de r\u00e9duire les risques, de gagner du temps et de garantir leur conformit\u00e9 juridique dans toutes les langues o\u00f9 ils interviennent.<\/p>\n<p style=\"text-align: justify;\"><strong>Notre objectif est simple :<\/strong><\/p>\n<p style=\"text-align: justify;\">\u00catre votre partenaire linguistique de confiance \u2014 en vous offrant pr\u00e9cision, confidentialit\u00e9 et professionnalisme dans chaque traduction juridique que nous r\u00e9alisons.<\/p>\n<p>[\/vc_column_text][\/vc_column][\/vc_row][vc_row wrap_container=&#8221;yes&#8221; animation_delay=&#8221;300&#8243; el_class=&#8221;overlay-dark position-relative&#8221; css=&#8221;.vc_custom_1767104782910{padding-top: 106px !important;padding-bottom: 55px !important;background-image: url(https:\/\/kalitetercume.com.tr\/Legal\/wp-content\/uploads\/2025\/12\/lf2-background-1-1.jpg?id=2687) !important;background-position: center !important;background-repeat: no-repeat !important;background-size: cover !important;}&#8221; animation_type=&#8221;fadeIn&#8221; conditional_render=&#8221;%5B%7B%22value_role%22%3A%22administrator%22%7D%5D&#8221; css_params=&#8221;&#8221;][vc_column el_class=&#8221;z-index-1&#8243; conditional_render=&#8221;%5B%7B%22value_role%22%3A%22administrator%22%7D%5D&#8221;][vc_custom_heading text=&#8221;Notre diff\u00e9rence&#8221; font_container=&#8221;tag:h4|font_size:1.2em|text_align:center&#8221; use_theme_fonts=&#8221;yes&#8221; font_weight=&#8221;600&#8243; skin=&#8221;primary&#8221; letter_spacing=&#8221;-0.05em&#8221; css=&#8221;.vc_custom_1770897896531{margin-bottom: 15px !important;}&#8221; css_params=&#8221;&#8221;][vc_custom_heading text=&#8221;D\u00e9tails de l\u2019entreprise&#8221; font_container=&#8221;tag:h2|font_size:2.75em|text_align:center|line_height:24px&#8221; use_theme_fonts=&#8221;yes&#8221; font_weight=&#8221;700&#8243; skin=&#8221;light&#8221; letter_spacing=&#8221;-1px&#8221; el_class=&#8221;pb-3 mb-5 font-style-normal&#8221; css_params=&#8221;&#8221;][vc_custom_heading text=&#8221;Notre diff\u00e9rence repose sur une sp\u00e9cialisation juridique approfondie. Nous collaborons exclusivement avec des traducteurs et r\u00e9viseurs juristes, form\u00e9s au droit et disposant, pour beaucoup, de dipl\u00f4mes avanc\u00e9s en droit ou en linguistique juridique.<br \/>\nCette expertise garantit que chaque document juridique \u2014 qu\u2019il s\u2019agisse de contrats ou de dossiers d\u2019arbitrage \u2014 conserve toute sa pr\u00e9cision, sa port\u00e9e juridique et sa force ex\u00e9cutoire.&#8221; font_container=&#8221;tag:p|font_size:1.2em|text_align:center|line_height:26px&#8221; use_theme_fonts=&#8221;yes&#8221; skin=&#8221;light&#8221; css=&#8221;.vc_custom_1770897911810{padding-bottom: 2px !important;}&#8221; el_class=&#8221;mx-auto mb-3 col-md-11 px-0&#8243; css_params=&#8221;&#8221;][vc_row_inner el_class=&#8221;pt-5 pb-4&#8243;][vc_column_inner width=&#8221;1\/2&#8243; offset=&#8221;vc_col-md-3&#8243;]<div class=\"stats-block stats-top   wpb_custom_c4adc97aea333ecd4954deba660692d8\"><div class=\"stats-desc\"><div id=\"counter_131076657169e0a5d93bf42\" data-id=\"counter_131076657169e0a5d93bf42\" class=\"stats-number\" style=\" font-size:4em;line-height:1.2;color:#ffffff;\" data-speed=\"3\" data-counter-value=\"25\" data-separator=\",\" data-decimal=\".\">0<\/div><div class=\"counter_suffix mycust\" style=\" font-size:4em;color:var(--porto-primary-color)\">+<\/div><div class=\"stats-text\" style=\"font-weight:700;font-size:1.2em;line-height:15px;color:#ffffff;\">Exp\u00e9rience<\/div><\/div><\/div>[\/vc_column_inner][vc_column_inner width=&#8221;1\/2&#8243; offset=&#8221;vc_col-md-3&#8243;]<div class=\"stats-block stats-top   wpb_custom_c4adc97aea333ecd4954deba660692d8\"><div class=\"stats-desc\"><div id=\"counter_170211020769e0a5d93c4d7\" data-id=\"counter_170211020769e0a5d93c4d7\" class=\"stats-number\" style=\" font-size:4em;line-height:1.2;color:#ffffff;\" data-speed=\"3\" data-counter-value=\"23.283\" data-separator=\",\" data-decimal=\".\">0<\/div><div class=\"counter_suffix mycust\" style=\" font-size:4em;color:var(--porto-primary-color)\">+<\/div><div class=\"stats-text\" style=\"font-weight:700;font-size:1.2em;line-height:15px;color:#ffffff;\">Projets<\/div><\/div><\/div>[\/vc_column_inner][vc_column_inner width=&#8221;1\/2&#8243; offset=&#8221;vc_col-md-3&#8243;]<div class=\"stats-block stats-top   wpb_custom_c4adc97aea333ecd4954deba660692d8\"><div class=\"stats-desc\"><div id=\"counter_29083125669e0a5d93cac9\" data-id=\"counter_29083125669e0a5d93cac9\" class=\"stats-number\" style=\" font-size:4em;line-height:1.2;color:#ffffff;\" data-speed=\"3\" data-counter-value=\"450\" data-separator=\"none\" data-decimal=\".\">0<\/div><div class=\"counter_suffix mycust\" style=\" font-size:4em;color:var(--porto-primary-color)\">+<\/div><div class=\"stats-text\" style=\"font-weight:700;font-size:1.2em;line-height:15px;color:#ffffff;\">Linguistes<\/div><\/div><\/div>[\/vc_column_inner][vc_column_inner width=&#8221;1\/2&#8243; offset=&#8221;vc_col-md-3&#8243;]<div class=\"stats-block stats-top   wpb_custom_c4adc97aea333ecd4954deba660692d8\"><div class=\"stats-desc\"><div id=\"counter_62750040169e0a5d93cfe4\" data-id=\"counter_62750040169e0a5d93cfe4\" class=\"stats-number\" style=\" font-size:4em;line-height:1.2;color:#ffffff;\" data-speed=\"3\" data-counter-value=\"50\" data-separator=\",\" data-decimal=\".\">0<\/div><div class=\"counter_suffix mycust\" style=\" font-size:4em;color:var(--porto-primary-color)\">+<\/div><div class=\"stats-text\" style=\"font-weight:700;font-size:1.2em;line-height:15px;color:#ffffff;\">Langues<\/div><\/div><\/div>[\/vc_column_inner][\/vc_row_inner][\/vc_column][\/vc_row][vc_row wrap_container=&#8221;yes&#8221; content_placement=&#8221;middle&#8221; animation_delay=&#8221;&#8221; css=&#8221;.vc_custom_1709680861094{padding-top: 90px !important;padding-bottom: 90px !important;background-color: #4e4129 !important;}&#8221; conditional_render=&#8221;%5B%7B%22value_role%22%3A%22administrator%22%7D%5D&#8221;][vc_column offset=&#8221;vc_col-lg-6&#8243; el_class=&#8221;mb-5 mb-xl-0&#8243;][vc_custom_heading text=&#8221;Comment pouvons-nous vous aider ?&#8221; font_container=&#8221;tag:h4|font_size:1.2em|text_align:center|color:rgba(255%2C255%2C255%2C0.9)|line_height:24px&#8221; use_theme_fonts=&#8221;yes&#8221; font_weight=&#8221;600&#8243; letter_spacing=&#8221;-0.05em&#8221; animation_delay=&#8221;500&#8243; el_class=&#8221;opacity-9 mb-1&#8243; animation_type=&#8221;lightSpeedIn&#8221; css_params=&#8221;&#8221;][vc_custom_heading text=&#8221;Avez-vous besoin d&#8217;une traduction l\u00e9gale ?&#8221; font_container=&#8221;tag:h2|font_size:2.75em|text_align:center&#8221; use_theme_fonts=&#8221;yes&#8221; font_weight=&#8221;700&#8243; skin=&#8221;light&#8221; letter_spacing=&#8221;-1px&#8221; animation_delay=&#8221;750&#8243; el_class=&#8221;mb-2 font-style-normal&#8221; animation_type=&#8221;lightSpeedIn&#8221; css_params=&#8221;&#8221;][vc_custom_heading text=&#8221;Contactez-nous imm\u00e9diatement&#8221; font_container=&#8221;tag:p|font_size:1.1em|text_align:center|color:rgba(255%2C255%2C255%2C0.8)|line_height:26px&#8221; use_theme_fonts=&#8221;yes&#8221; animation_delay=&#8221;950&#8243; el_class=&#8221;mb-0 opacity-8&#8243; animation_type=&#8221;lightSpeedIn&#8221; css_params=&#8221;&#8221;][\/vc_column][vc_column animation_delay=&#8221;1600&#8243; el_class=&#8221;mb-5 mb-xl-0 order-lg-first&#8221; offset=&#8221;vc_col-lg-3&#8243; animation_type=&#8221;fadeInRight&#8221; conditional_render=&#8221;%5B%7B%22value_role%22%3A%22administrator%22%7D%5D&#8221;]<div class=\"porto-sicon-box  vc_custom_1761635678173 top-n1-icon-box mb-3 justify-content-center justify-content-xl-start  wpb_custom_a4802976ddc90dd45e8cea536ff68ec0 style_1 default-icon\"><div class=\"porto-sicon-default\"><div class=\"porto-just-icon-wrapper porto-icon none\" style=\"color:#ad9263;font-size:23.1px;\"><i class=\"Simple-Line-Icons-phone\"><\/i><\/div><\/div><div class=\"porto-sicon-header\"><a class=\"porto-sicon-box-link\" href=\"tel:+1234567890\"><div class=\"porto-sicon-title\" style=\"font-weight:700;font-size:21px;color:#ffffff;line-height:24px;letter-spacing:0;\">+90 507 220 38 62<\/div><\/a><\/div> <!-- header --><\/div><!-- porto-sicon-box --><div class=\"porto-sicon-box top-2-icon-box mb-0 justify-content-center justify-content-xl-start  wpb_custom_2ccbe3e616e3e99d1ad178e76088c729 style_1 default-icon\"><div class=\"porto-sicon-default\"><div class=\"porto-just-icon-wrapper porto-icon none\" style=\"color:#ad9263;font-size:25.2px;\"><i class=\"Simple-Line-Icons-envelope\"><\/i><\/div><\/div><div class=\"porto-sicon-header\"><a class=\"porto-sicon-box-link\" href=\"mailto:porto@consulting.com\"><div class=\"porto-sicon-title\" style=\"font-size:16.8px;color:#ffffff;line-height:24px;letter-spacing:0;\">info@kalitetercume.com.tr<\/div><\/a><\/div> <!-- header --><\/div><!-- porto-sicon-box --><div class=\"porto-sicon-box top-n1-icon-box mb-0 justify-content-center justify-content-xl-start  wpb_custom_136027c11a884a725fcd8d2f9b9d602a style_1 default-icon\"><div class=\"porto-sicon-default\"><div class=\"porto-just-icon-wrapper porto-icon none\" style=\"color:#ad9263;font-size:25.2px;\"><i class=\"Simple-Line-Icons-calendar\"><\/i><\/div><\/div><div class=\"porto-sicon-header\"><h6 class=\"porto-sicon-title\" style=\"\">\u00c0 votre service 24h\/24, 365 jours par an.<\/h6><\/div> <!-- header --><\/div><!-- porto-sicon-box -->[\/vc_column][vc_column animation_delay=&#8221;1600&#8243; offset=&#8221;vc_col-lg-3&#8243; el_class=&#8221;text-center text-xl-end&#8221; animation_type=&#8221;fadeInLeft&#8221;][vc_btn title=&#8221;Enter en contact&#8221; skin=&#8221;primary&#8221; btn_fw=&#8221;700&#8243; el_cls=&#8221;br-thick&#8221; link=&#8221;url:https%3A%2F%2Fkalitetercume.com.tr%2FLegal%2Ffr%2Fcontact-2%2F|title:Contact&#8221; btn_px=&#8221;2.4rem&#8221; btn_py=&#8221;1.29rem&#8221; el_class=&#8221;text-none mb-0&#8243; css_params=&#8221;&#8221;][\/vc_column][\/vc_row]<\/p>\n<\/div>","protected":false},"excerpt":{"rendered":"<p>[vc_row][vc_column width=&#8221;1\/4&#8243;][\/vc_column][vc_column width=&#8221;1\/4&#8243;][\/vc_column][vc_column width=&#8221;1\/4&#8243;][\/vc_column][vc_column width=&#8221;1\/4&#8243;][\/vc_column][\/vc_row][vc_row wrap_container=&#8221;yes&#8221; content_placement=&#8221;middle&#8221; css=&#8221;.vc_custom_1761807430128{padding-top: 50px !important;padding-bottom: 50px !important;}&#8221; conditional_render=&#8221;%5B%7B%22value_role%22%3A%22administrator%22%7D%5D&#8221; css_params=&#8221;&#8221;][vc_column offset=&#8221;vc_col-lg-8 vc_col-md-8&#8243;][vc_empty_space height=&#8221;30px&#8221; css_params=&#8221;&#8221;][vc_separator color=&#8221;custom&#8221; border_width=&#8221;3&#8243; css_animation=&#8221;slideInLeft&#8221; style=&#8221;solid&#8221; el_class=&#8221;custom-border customLineAnimation d-inline-block me-3 mb-1&#8243; accent_color=&#8221;#00a1cd&#8221;][vc_custom_heading text=&#8221;Nos clients&#8221; font_container=&#8221;tag:h3|font_size:2.2em|text_align:left|color:var(&#8211;porto-quaternary-color)|line_height:1.3&#8243; use_theme_fonts=&#8221;yes&#8221; font_weight=&#8221;600&#8243; animation_delay=&#8221;1000&#8243; el_class=&#8221;mb-2 d-inline-block&#8221; animation_type=&#8221;fadeInLeft&#8221; css_params=&#8221;&#8221;][\/vc_column][\/vc_row][vc_row full_width_css=&#8221;stretch_row_css&#8221; wrap_container=&#8221;yes&#8221; conditional_render=&#8221;%5B%7B%22value_role%22%3A%22administrator%22%7D%5D&#8221; css_params=&#8221;&#8221; css=&#8221;.vc_custom_1763125846374{margin-top: 10px !important;margin-bottom: 30px !important;background-color: #393c40 !important;}&#8221;][vc_column width=&#8221;2\/3&#8243;][vc_empty_space height=&#8221;30px&#8221; css_params=&#8221;&#8221;][vc_empty_space height=&#8221;30px&#8221; css_params=&#8221;&#8221;][vc_column_text css=&#8221;.vc_custom_1770896718332{margin-top: [&hellip;]<\/p>\n","protected":false},"author":1,"featured_media":0,"parent":0,"menu_order":0,"comment_status":"closed","ping_status":"closed","template":"","meta":{"_acf_changed":false,"footnotes":""},"class_list":["post-3363","page","type-page","status-publish","hentry"],"acf":[],"_links":{"self":[{"href":"https:\/\/kalitetercume.com.tr\/Legal\/wp-json\/wp\/v2\/pages\/3363","targetHints":{"allow":["GET"]}}],"collection":[{"href":"https:\/\/kalitetercume.com.tr\/Legal\/wp-json\/wp\/v2\/pages"}],"about":[{"href":"https:\/\/kalitetercume.com.tr\/Legal\/wp-json\/wp\/v2\/types\/page"}],"author":[{"embeddable":true,"href":"https:\/\/kalitetercume.com.tr\/Legal\/wp-json\/wp\/v2\/users\/1"}],"replies":[{"embeddable":true,"href":"https:\/\/kalitetercume.com.tr\/Legal\/wp-json\/wp\/v2\/comments?post=3363"}],"version-history":[{"count":3,"href":"https:\/\/kalitetercume.com.tr\/Legal\/wp-json\/wp\/v2\/pages\/3363\/revisions"}],"predecessor-version":[{"id":3367,"href":"https:\/\/kalitetercume.com.tr\/Legal\/wp-json\/wp\/v2\/pages\/3363\/revisions\/3367"}],"wp:attachment":[{"href":"https:\/\/kalitetercume.com.tr\/Legal\/wp-json\/wp\/v2\/media?parent=3363"}],"curies":[{"name":"wp","href":"https:\/\/api.w.org\/{rel}","templated":true}]}}