{"id":3452,"date":"2026-02-16T16:30:31","date_gmt":"2026-02-16T13:30:31","guid":{"rendered":"https:\/\/kalitetercume.com.tr\/Legal\/?page_id=3452"},"modified":"2026-02-16T16:30:31","modified_gmt":"2026-02-16T13:30:31","slug":"droit-maritime","status":"publish","type":"page","link":"https:\/\/kalitetercume.com.tr\/Legal\/fr\/droit-maritime\/","title":{"rendered":"Droit maritime"},"content":{"rendered":"<div class=\"wpb-content-wrapper\"><p>[vc_row wrap_container=&#8221;yes&#8221; conditional_render=&#8221;%5B%7B%22value_role%22%3A%22administrator%22%7D%5D&#8221; css_params=&#8221;&#8221;][vc_column][vc_empty_space height=&#8221;20px&#8221; css_params=&#8221;&#8221;][vc_empty_space height=&#8221;20px&#8221; css_params=&#8221;&#8221;][vc_custom_heading text=&#8221;Droit maritime&#8221; font_container=&#8221;tag:h6|font_size:2.2em|text_align:left|color:var(&#8211;porto-quaternary-color)|line_height:1.3&#8243; use_theme_fonts=&#8221;yes&#8221; font_weight=&#8221;600&#8243; animation_delay=&#8221;1000&#8243; el_class=&#8221;mb-2 d-inline-block&#8221; animation_type=&#8221;bounceIn&#8221; css_params=&#8221;&#8221;][vc_empty_space height=&#8221;20px&#8221; css_params=&#8221;&#8221;][\/vc_column][\/vc_row][vc_row full_width_css=&#8221;stretch_row_css&#8221; wrap_container=&#8221;yes&#8221; conditional_render=&#8221;%5B%7B%22value_role%22%3A%22administrator%22%7D%5D&#8221; css_params=&#8221;&#8221;][vc_column width=&#8221;2\/3&#8243;][vc_column_text css=&#8221;&#8221; css_params=&#8221;&#8221;]<\/p>\n<h5>Traduction juridique certifi\u00e9e pour le droit maritime, le transport maritime et le droit de l\u2019amiraut\u00e9<\/h5>\n<p data-start=\"258\" data-end=\"512\">Le droit maritime r\u00e9git l\u2019un des domaines les plus complexes et les plus internationaux du commerce mondial, en encadrant le transport maritime, le commerce, l\u2019assurance et la responsabilit\u00e9 au-del\u00e0 des fronti\u00e8res.<\/p>\n<p data-start=\"514\" data-end=\"834\">Chez Kalite Legal, nous sommes sp\u00e9cialis\u00e9s dans la traduction certifi\u00e9e de documents relevant du droit maritime et de l\u2019amiraut\u00e9, en garantissant pr\u00e9cision juridique, coh\u00e9rence terminologique et conformit\u00e9 avec les conventions maritimes internationales et les normes commerciales.<\/p>\n<p data-start=\"836\" data-end=\"1128\">Nos traducteurs poss\u00e8dent une expertise approfondie en droit maritime, logistique et commerce, ainsi qu\u2019une parfaite ma\u00eetrise de la terminologie utilis\u00e9e par des organisations telles que l\u2019Organisation maritime internationale (OMI) et Lloyd\u2019s Register.<\/p>\n<p data-start=\"1130\" data-end=\"1357\">Nous accompagnons les cabinets d\u2019avocats, les compagnies maritimes, les assureurs et les institutions d\u2019arbitrage avec des traductions fiables, accept\u00e9es par les autorit\u00e9s r\u00e9glementaires.<\/p>\n<h3><span dir=\"auto\">&#8212;&#8212;&#8212;&#8212;&#8212;&#8212;&#8212;&#8212;&#8212;&#8212;&#8212;&#8212;&#8212;&#8212;&#8212;&#8212;&#8212;&#8212;&#8212;&#8212;&#8212;&#8212;&#8212;&#8212;&#8212;&#8212;&#8212;&#8212;&#8212;&#8212;&#8212;<\/span><\/h3>\n<h4>Traduction juridique certifi\u00e9e ISO 17100 et r\u00e9vision par des experts<\/h4>\n<p data-start=\"1442\" data-end=\"1717\">Toutes les traductions en droit maritime suivent notre workflow certifi\u00e9 ISO 17100 : chaque document est traduit par un sp\u00e9cialiste du droit maritime puis r\u00e9vis\u00e9 par un second linguiste disposant d\u2019une expertise juridique et technique.<\/p>\n<p data-start=\"1719\" data-end=\"1793\">Nos experts ma\u00eetrisent les principaux cadres et conventions, notamment :<\/p>\n<ul data-start=\"1794\" data-end=\"2208\">\n<li data-start=\"1794\" data-end=\"1858\">\n<p data-start=\"1796\" data-end=\"1858\"><strong>Convention des Nations Unies sur le droit de la mer (UNCLOS)<\/strong><\/p>\n<\/li>\n<li data-start=\"1859\" data-end=\"1908\">\n<p data-start=\"1861\" data-end=\"1908\"><strong>R\u00e8gles de La Haye-Visby et R\u00e8gles de Hambourg<\/strong><\/p>\n<\/li>\n<li data-start=\"1909\" data-end=\"1996\">\n<p data-start=\"1911\" data-end=\"1996\"><strong>R\u00e8gles de Rotterdam et r\u00e9glementations internationales du transport de marchandises<\/strong><\/p>\n<\/li>\n<li data-start=\"1997\" data-end=\"2054\">\n<p data-start=\"1999\" data-end=\"2054\"><strong>Conventions d\u2019assurance maritime et de responsabilit\u00e9<\/strong><\/p>\n<\/li>\n<li data-start=\"2055\" data-end=\"2095\">\n<p data-start=\"2057\" data-end=\"2095\"><strong>Documents de conformit\u00e9 OMI et SOLAS<\/strong><\/p>\n<\/li>\n<li data-start=\"2096\" data-end=\"2208\">\n<p data-start=\"2098\" data-end=\"2208\"><strong>Droit d\u2019affr\u00e8tement, sauvetage maritime et immatriculation des navires<\/strong><\/p>\n<\/li>\n<\/ul>\n<p data-start=\"2210\" data-end=\"2432\">Nous veillons \u00e0 ce que toutes les traductions r\u00e9pondent aux exigences des tribunaux maritimes, des autorit\u00e9s portuaires et des organismes de r\u00e9gulation maritime dans le monde entier.<\/p>\n<h3><span dir=\"auto\">&#8212;&#8212;&#8212;&#8212;&#8212;&#8212;&#8212;&#8212;&#8212;&#8212;&#8212;&#8212;&#8212;&#8212;&#8212;&#8212;&#8212;&#8212;&#8212;&#8212;&#8212;&#8212;&#8212;&#8212;&#8212;&#8212;&#8212;&#8212;&#8212;&#8212;&#8212;<\/span><\/h3>\n<h4 data-start=\"2081\" data-end=\"2146\">Documents de droit maritime que nous traduisons<\/h4>\n<ul>\n<li data-start=\"2496\" data-end=\"2540\">\n<p data-start=\"2498\" data-end=\"2540\">Contrats d\u2019affr\u00e8tement et connaissements<\/p>\n<\/li>\n<li data-start=\"2541\" data-end=\"2600\">\n<p data-start=\"2543\" data-end=\"2600\">Documents d\u2019immatriculation et de propri\u00e9t\u00e9 des navires<\/p>\n<\/li>\n<li data-start=\"2601\" data-end=\"2658\">\n<p data-start=\"2603\" data-end=\"2658\">Contrats d\u2019assurance maritime et dossiers de sinistre<\/p>\n<\/li>\n<li data-start=\"2659\" data-end=\"2714\">\n<p data-start=\"2661\" data-end=\"2714\">Manifestes de cargaison et certificats d\u2019exp\u00e9dition<\/p>\n<\/li>\n<li data-start=\"2715\" data-end=\"2769\">\n<p data-start=\"2717\" data-end=\"2769\">Correspondances et permis des autorit\u00e9s portuaires<\/p>\n<\/li>\n<li data-start=\"2770\" data-end=\"2822\">\n<p data-start=\"2772\" data-end=\"2822\">Rapports de conformit\u00e9 environnementale maritime<\/p>\n<\/li>\n<li data-start=\"2823\" data-end=\"2868\">\n<p data-start=\"2825\" data-end=\"2868\">Dossiers d\u2019arbitrage et litiges maritimes<\/p>\n<\/li>\n<li data-start=\"2869\" data-end=\"2927\">\n<p data-start=\"2871\" data-end=\"2927\">Contrats d\u2019emploi des \u00e9quipages et manuels de s\u00e9curit\u00e9<\/p>\n<\/li>\n<li data-start=\"2928\" data-end=\"2976\">\n<p data-start=\"2930\" data-end=\"2976\">Contrats logistiques et d\u2019exp\u00e9dition de fret<\/p>\n<\/li>\n<li data-start=\"2977\" data-end=\"3051\">\n<p data-start=\"2979\" data-end=\"3051\">Documents relatifs aux collisions, au sauvetage et aux responsabilit\u00e9s<\/p>\n<\/li>\n<li data-start=\"3052\" data-end=\"3097\">\n<p data-start=\"3054\" data-end=\"3097\">D\u00e9cisions judiciaires maritimes et appels<\/p>\n<\/li>\n<li data-start=\"3098\" data-end=\"3136\">\n<p data-start=\"3100\" data-end=\"3136\">Documents douaniers et commerciaux<\/p>\n<\/li>\n<li data-start=\"3137\" data-end=\"3180\">\n<p data-start=\"3139\" data-end=\"3180\">Rapports des soci\u00e9t\u00e9s de classification<\/p>\n<\/li>\n<li data-start=\"3181\" data-end=\"3259\">\n<p data-start=\"3183\" data-end=\"3259\">Certificats d\u2019audit et de conformit\u00e9<\/p>\n<\/li>\n<\/ul>\n<h3><span dir=\"auto\">&#8212;&#8212;&#8212;&#8212;&#8212;&#8212;&#8212;&#8212;&#8212;&#8212;&#8212;&#8212;&#8212;&#8212;&#8212;&#8212;&#8212;&#8212;&#8212;&#8212;&#8212;&#8212;&#8212;&#8212;&#8212;&#8212;&#8212;&#8212;&#8212;&#8212;&#8212;<\/span><\/h3>\n<h4 data-start=\"3266\" data-end=\"3323\"><strong data-start=\"3270\" data-end=\"3323\">Confidentialit\u00e9, pr\u00e9cision et expertise technique<\/strong><\/h4>\n<p data-start=\"3325\" data-end=\"3521\">Les documents en droit maritime combinent des contenus juridiques, financiers et techniques n\u00e9cessitant une pr\u00e9cision absolue et une confidentialit\u00e9 totale.<\/p>\n<p data-start=\"3523\" data-end=\"3712\">Chez Kalite Legal, nous appliquons des protocoles stricts de confidentialit\u00e9 et de s\u00e9curit\u00e9 des donn\u00e9es conform\u00e9ment au RGPD et \u00e0 la norme ISO 17100.<\/p>\n<p data-start=\"3714\" data-end=\"3892\">Tous les traducteurs et r\u00e9viseurs sont li\u00e9s par des accords de confidentialit\u00e9 (NDA) et form\u00e9s \u00e0 la terminologie maritime et logistique.<\/p>\n<p data-start=\"3894\" data-end=\"4110\">Nous maintenons des bases terminologiques d\u00e9di\u00e9es couvrant le vocabulaire juridique, logistique et maritime afin d\u2019assurer la coh\u00e9rence sur les projets multi-juridictionnels.<\/p>\n<p data-start=\"4112\" data-end=\"4344\">Notre syst\u00e8me de gestion de projet disponible 24h\/24 et 7j\/7 garantit un service rapide et coordonn\u00e9 pour les hubs maritimes mondiaux et les cabinets d\u2019avocats sur tous les fuseaux horaires.<\/p>\n<h3><span dir=\"auto\">&#8212;&#8212;&#8212;&#8212;&#8212;&#8212;&#8212;&#8212;&#8212;&#8212;&#8212;&#8212;&#8212;&#8212;&#8212;&#8212;&#8212;&#8212;&#8212;&#8212;&#8212;&#8212;&#8212;&#8212;&#8212;&#8212;&#8212;&#8212;&#8212;&#8212;&#8212;<\/span><\/h3>\n<h4><strong><span dir=\"auto\">Demander un devis<\/span><\/strong><\/h4>\n<p data-start=\"4378\" data-end=\"4492\">Vous avez besoin d\u2019une traduction certifi\u00e9e pour des documents li\u00e9s au droit maritime ou au transport maritime ?<\/p>\n<p data-start=\"4494\" data-end=\"4748\">Kalite Legal Translations fournit des traductions certifi\u00e9es ISO 17100, r\u00e9vis\u00e9es en double, approuv\u00e9es par des compagnies maritimes, des assureurs et des cabinets d\u2019avocats internationaux dans plus de 50 langues.<\/p>\n<h5><strong><img decoding=\"async\" class=\"emoji\" role=\"img\" draggable=\"false\" src=\"https:\/\/s.w.org\/images\/core\/emoji\/17.0.2\/svg\/1f4e9.svg\" alt=\"\ud83d\udce9\" \/> Contactez d\u00e8s aujourd\u2019hui nos sp\u00e9cialistes en traduction juridique maritime pour une consultation ou un devis.<\/strong><\/h5>\n<p>[\/vc_column_text][\/vc_column][vc_column width=&#8221;1\/3&#8243; conditional_render=&#8221;%5B%7B%22value_role%22%3A%22administrator%22%7D%5D&#8221; css_params=&#8221;&#8221;]<div class=\"porto-ultimate-content-box-container mb-5\"><style>.porto_ucb_b0572038ed623d75079aebad6cf9ef13{will-change: box-shadow;box-shadow:0px 0px 31px -5px rgba(0,0,0,0.14);}.porto_ucb_b0572038ed623d75079aebad6cf9ef13:hover{box-shadow:0px 0px 31px -5px rgba(0,0,0,0.14)}<\/style><div class=\"porto-ultimate-content-box vc_custom_1768400234565 porto_ucb_b0572038ed623d75079aebad6cf9ef13\" style=\"\">[vc_custom_heading text=&#8221;Nos domaines de traduction juridique&#8221; font_container=&#8221;tag:h5|font_size:1.4em|text_align:center|color:%23ad9263|line_height:20px&#8221; use_theme_fonts=&#8221;yes&#8221; font_weight=&#8221;700&#8243; letter_spacing=&#8221;-0.05em&#8221; css=&#8221;.vc_custom_1771223260927{margin-bottom: 33px !important;}&#8221; css_params=&#8221;&#8221;][vc_separator color=&#8221;white&#8221; border_width=&#8221;4&#8243; css=&#8221;&#8221; css_params=&#8221;&#8221;]<div class=\"widget_sidebar_menu main-sidebar-menu vc_custom_1771223266845  wpb_custom_f1bf3be01688f2932659384675d1d31c\"><div class=\"sidebar-menu-wrap\"><ul id=\"menu-our-legal-translation-areas-fr\" class=\"sidebar-menu\"><li id=\"nav-menu-item-3507\" class=\"menu-item menu-item-type-post_type menu-item-object-page  narrow \"><a href=\"https:\/\/kalitetercume.com.tr\/Legal\/fr\/droit-des-societes-et-droit-des-contrats\/\">Droit des soci\u00e9t\u00e9s et droit des contrats<\/a><\/li>\n<li id=\"nav-menu-item-3504\" class=\"menu-item menu-item-type-post_type menu-item-object-page  narrow \"><a href=\"https:\/\/kalitetercume.com.tr\/Legal\/fr\/arbitrage-et-contentieux\/\">Arbitrage et Contentieux<\/a><\/li>\n<li id=\"nav-menu-item-3501\" class=\"menu-item menu-item-type-post_type menu-item-object-page  narrow \"><a href=\"https:\/\/kalitetercume.com.tr\/Legal\/fr\/documents-judiciaires-et-juridiques\/\">Documents judiciaires et juridiques<\/a><\/li>\n<li id=\"nav-menu-item-3498\" class=\"menu-item menu-item-type-post_type menu-item-object-page  narrow \"><a href=\"https:\/\/kalitetercume.com.tr\/Legal\/fr\/immigration-procedures-notariales\/\">Immigration &#038; Proc\u00e9dures Notariales<\/a><\/li>\n<li id=\"nav-menu-item-3495\" class=\"menu-item menu-item-type-post_type menu-item-object-page  narrow \"><a href=\"https:\/\/kalitetercume.com.tr\/Legal\/fr\/conformite-et-droit-reglementaire\/\">Conformit\u00e9 et droit r\u00e9glementaire<\/a><\/li>\n<li id=\"nav-menu-item-3492\" class=\"menu-item menu-item-type-post_type menu-item-object-page  narrow \"><a href=\"https:\/\/kalitetercume.com.tr\/Legal\/fr\/droit-de-la-famille\/\">Droit de la famille<\/a><\/li>\n<li id=\"nav-menu-item-3489\" class=\"menu-item menu-item-type-post_type menu-item-object-page  narrow \"><a href=\"https:\/\/kalitetercume.com.tr\/Legal\/fr\/droit-de-la-sante\/\">Droit de la sant\u00e9<\/a><\/li>\n<li id=\"nav-menu-item-3486\" class=\"menu-item menu-item-type-post_type menu-item-object-page  narrow \"><a href=\"https:\/\/kalitetercume.com.tr\/Legal\/fr\/droit-de-la-propriete-intellectuelle\/\">Droit de la Propri\u00e9t\u00e9 Intellectuelle<\/a><\/li>\n<li id=\"nav-menu-item-3482\" class=\"menu-item menu-item-type-post_type menu-item-object-page  narrow \"><a href=\"https:\/\/kalitetercume.com.tr\/Legal\/fr\/droit-penal\/\">Droit p\u00e9nal<\/a><\/li>\n<li id=\"nav-menu-item-3478\" class=\"menu-item menu-item-type-post_type menu-item-object-page  narrow \"><a href=\"https:\/\/kalitetercume.com.tr\/Legal\/fr\/droit-du-travail\/\">Droit du travail<\/a><\/li>\n<li id=\"nav-menu-item-3475\" class=\"menu-item menu-item-type-post_type menu-item-object-page  narrow \"><a href=\"https:\/\/kalitetercume.com.tr\/Legal\/fr\/droit-immobilier-et-droit-de-la-construction\/\">Droit immobilier et droit de la construction<\/a><\/li>\n<li id=\"nav-menu-item-3471\" class=\"menu-item menu-item-type-post_type menu-item-object-page  narrow \"><a href=\"https:\/\/kalitetercume.com.tr\/Legal\/fr\/droit-fiscal-et-financier\/\">Droit fiscal et financier<\/a><\/li>\n<li id=\"nav-menu-item-3467\" class=\"menu-item menu-item-type-post_type menu-item-object-page  narrow \"><a href=\"https:\/\/kalitetercume.com.tr\/Legal\/fr\/droit-des-assurances\/\">Droit des assurances<\/a><\/li>\n<li id=\"nav-menu-item-3464\" class=\"menu-item menu-item-type-post_type menu-item-object-page  narrow \"><a href=\"https:\/\/kalitetercume.com.tr\/Legal\/fr\/droit-administratif\/\">Droit Administratif<\/a><\/li>\n<li id=\"nav-menu-item-3457\" class=\"menu-item menu-item-type-post_type menu-item-object-page  narrow \"><a href=\"https:\/\/kalitetercume.com.tr\/Legal\/fr\/droit-international\/\">Droit international<\/a><\/li>\n<li id=\"nav-menu-item-3454\" class=\"menu-item menu-item-type-post_type menu-item-object-page  narrow \"><a href=\"https:\/\/kalitetercume.com.tr\/Legal\/fr\/droit-maritime\/\">Droit maritime<\/a><\/li>\n<li id=\"nav-menu-item-3449\" class=\"menu-item menu-item-type-post_type menu-item-object-page  narrow \"><a href=\"https:\/\/kalitetercume.com.tr\/Legal\/fr\/droit-de-lenvironnement\/\">Droit de l\u2019environnement<\/a><\/li>\n<li id=\"nav-menu-item-3437\" class=\"menu-item menu-item-type-post_type menu-item-object-page  narrow \"><a href=\"https:\/\/kalitetercume.com.tr\/Legal\/fr\/droit-bancaire-et-financier\/\">Droit bancaire et financier<\/a><\/li>\n<\/ul><\/div><\/div><\/div><\/div><div class=\"porto-ultimate-content-box-container text-center\"><style>.porto_ucb_b0572038ed623d75079aebad6cf9ef13{will-change: box-shadow;box-shadow:0px 0px 31px -5px rgba(0,0,0,0.14);}.porto_ucb_b0572038ed623d75079aebad6cf9ef13:hover{box-shadow:0px 0px 31px -5px rgba(0,0,0,0.14)}<\/style><div class=\"porto-ultimate-content-box vc_custom_1709720852896 porto_ucb_b0572038ed623d75079aebad6cf9ef13\" style=\"\">[vc_custom_heading text=&#8221;Comment pouvons-nous vous aider ?&#8221; font_container=&#8221;tag:div|font_size:1.1em|text_align:center|color:rgba(255%2C255%2C255%2C0.9)|line_height:24px&#8221; use_theme_fonts=&#8221;yes&#8221; font_weight=&#8221;600&#8243; letter_spacing=&#8221;-0.05em&#8221; animation_delay=&#8221;500&#8243; el_class=&#8221;opacity-9 mb-1&#8243; animation_type=&#8221;lightSpeedIn&#8221; css_params=&#8221;&#8221;][vc_custom_heading text=&#8221;Avez-vous besoin d&#8217;une traduction l\u00e9gale ?&#8221; font_container=&#8221;tag:h2|font_size:1.7em|text_align:center&#8221; use_theme_fonts=&#8221;yes&#8221; font_weight=&#8221;700&#8243; skin=&#8221;light&#8221; letter_spacing=&#8221;-1px&#8221; animation_delay=&#8221;750&#8243; el_class=&#8221;mb-2 font-style-normal&#8221; animation_type=&#8221;lightSpeedIn&#8221; css_params=&#8221;&#8221;][vc_custom_heading text=&#8221;Contactez-nous imm\u00e9diatement&#8221; font_container=&#8221;tag:p|font_size:1.1em|text_align:center|color:rgba(255%2C255%2C255%2C0.8)|line_height:26px&#8221; use_theme_fonts=&#8221;yes&#8221; animation_delay=&#8221;950&#8243; css=&#8221;.vc_custom_1771223294537{margin-bottom: 47px !important;}&#8221; el_class=&#8221;opacity-8&#8243; animation_type=&#8221;lightSpeedIn&#8221; css_params=&#8221;&#8221;]<div class=\"porto-sicon-box  vc_custom_1761551232120 top-n1-icon-box justify-content-center  wpb_custom_a4802976ddc90dd45e8cea536ff68ec0 style_1 default-icon\"><div class=\"porto-sicon-default\"><div class=\"porto-just-icon-wrapper porto-icon none\" style=\"color:var(--porto-primary-color);font-size:23.1px;\"><i class=\"Simple-Line-Icons-phone\"><\/i><\/div><\/div><div class=\"porto-sicon-header\"><a class=\"porto-sicon-box-link\" href=\"tel:+1234567890\"><div class=\"porto-sicon-title\" style=\"font-weight:700;font-size:21px;color:#ffffff;line-height:24px;letter-spacing:0;\">+90 507 220 38 62<\/div><\/a><\/div> <!-- header --><\/div><!-- porto-sicon-box --><div class=\"porto-sicon-box  vc_custom_1761551253231 top-2-icon-box justify-content-center  wpb_custom_2ccbe3e616e3e99d1ad178e76088c729 style_1 default-icon\"><div class=\"porto-sicon-default\"><div class=\"porto-just-icon-wrapper porto-icon none\" style=\"color:var(--porto-primary-color);font-size:25.2px;\"><i class=\"Simple-Line-Icons-envelope\"><\/i><\/div><\/div><div class=\"porto-sicon-header\"><a class=\"porto-sicon-box-link\" href=\"mailto:porto@consulting.com\"><div class=\"porto-sicon-title\" style=\"font-size:16.8px;color:#ffffff;line-height:24px;letter-spacing:0;\">info@kalitetercume.com.tr<\/div><\/a><\/div> <!-- header --><\/div><!-- porto-sicon-box --><div class=\"porto-sicon-box  vc_custom_1771223318500 top-n1-icon-box justify-content-center  wpb_custom_68c54048e3c209cf95a5deb478b05eb6 style_1 default-icon\"><div class=\"porto-sicon-default\"><div class=\"porto-just-icon-wrapper porto-icon none\" style=\"color:var(--porto-primary-color);font-size:25.2px;\"><i class=\"Simple-Line-Icons-calendar\"><\/i><\/div><\/div><div class=\"porto-sicon-header\"><div class=\"porto-sicon-title\" style=\"\">\u00c0 votre service 24h\/24, 365 jours par an.<\/div><\/div> <!-- header --><\/div><!-- porto-sicon-box -->[vc_btn title=&#8221;Enter en contact&#8221; skin=&#8221;primary&#8221; btn_fw=&#8221;700&#8243; el_cls=&#8221;br-thick&#8221; link=&#8221;url:https%3A%2F%2Fkalitetercume.com.tr%2FLegal%2Ffr%2Fcontact-2%2F|title:Contact&#8221; btn_px=&#8221;2.4rem&#8221; btn_py=&#8221;1.29rem&#8221; el_class=&#8221;text-none mb-0&#8243; css_params=&#8221;&#8221;]<\/div><\/div>[\/vc_column][\/vc_row][vc_row][vc_column][vc_empty_space height=&#8221;20px&#8221; css_params=&#8221;&#8221;][vc_empty_space height=&#8221;20px&#8221; css_params=&#8221;&#8221;][\/vc_column][\/vc_row][vc_row full_width_css=&#8221;stretch_row_css&#8221; css=&#8221;.vc_custom_1767162407247{padding-top: 98px !important;padding-bottom: 218px !important;background-image: url(https:\/\/kalitetercume.com.tr\/Legal\/wp-content\/uploads\/2025\/12\/lf2-background-1-1.jpg?id=2687) !important;background-position: center !important;background-repeat: no-repeat !important;background-size: cover !important;}&#8221; el_class=&#8221;overlay-dark position-relative&#8221; conditional_render=&#8221;%5B%7B%22value_role%22%3A%22administrator%22%7D%5D&#8221; css_params=&#8221;&#8221;][vc_column el_class=&#8221;z-index-1&#8243; conditional_render=&#8221;%5B%7B%22value_role%22%3A%22administrator%22%7D%5D&#8221;][vc_custom_heading text=&#8221;Avocats et partenaires&#8221; font_container=&#8221;tag:div|font_size:1.2em|text_align:center|line_height:24px&#8221; use_theme_fonts=&#8221;yes&#8221; font_weight=&#8221;600&#8243; skin=&#8221;primary&#8221; letter_spacing=&#8221;-0.05em&#8221; animation_delay=&#8221;200&#8243; el_class=&#8221;mb-2&#8243; animation_type=&#8221;fadeInUp&#8221; css_params=&#8221;&#8221;][vc_empty_space height=&#8221;20px&#8221; css_params=&#8221;&#8221;][vc_custom_heading text=&#8221;Notre \u00e9quipe juridique&#8221; font_container=&#8221;tag:h2|font_size:2.75em|text_align:center|line_height:42px&#8221; use_theme_fonts=&#8221;yes&#8221; text_transform=&#8221;text-capitalize&#8221; font_weight=&#8221;700&#8243; skin=&#8221;light&#8221; letter_spacing=&#8221;-1px&#8221; animation_delay=&#8221;400&#8243; el_class=&#8221;mb-0 font-style-normal&#8221; animation_type=&#8221;fadeInUp&#8221; css_params=&#8221;&#8221;][vc_empty_space height=&#8221;20px&#8221; css_params=&#8221;&#8221;][\/vc_column][\/vc_row][vc_row full_width_css=&#8221;stretch_row_css&#8221; no_padding=&#8221;yes&#8221; animation_delay=&#8221;1000&#8243; css=&#8221;.vc_custom_1767162167650{margin-top: -187px !important;padding-bottom: 24px !important;}&#8221; animation_type=&#8221;fadeInUp&#8221; conditional_render=&#8221;%5B%7B%22value_role%22%3A%22administrator%22%7D%5D&#8221; css_params=&#8221;&#8221;][vc_column conditional_render=&#8221;%5B%7B%22value_role%22%3A%22administrator%22%7D%5D&#8221;][porto_tb_posts post_type=&#8221;member&#8221; view=&#8221;slider&#8221; spacing=&#8221;20&#8243; columns=&#8221;5&#8243; columns_tablet=&#8221;2&#8243; navigation=&#8221;&#8221; pagination=&#8221;yes&#8221; dots_pos=&#8221;custom-dots&#8221; dots_visible=&#8221;{&#8220;xl&#8220;:&#8220;{&#8220;xl&#8220;:&#8220;`{`object&#8220;}&#8221; dots_original=&#8221;-50%&#8221; builder_id=&#8221;764&#8243; dots_pos_bottom=&#8221;{&#8220;sm&#8220;:&#8220;10&#8220;,&#8220;unit&#8220;:&#8220;&#8220;,&#8220;xs&#8220;:&#8220;&#8220;,&#8220;md&#8220;:&#8220;&#8220;,&#8220;lg&#8220;:&#8220;&#8220;,&#8220;xl&#8220;:-40}&#8221; dots_pos_left=&#8221;{&#8220;unit&#8220;:&#8220;%&#8220;,&#8220;xs&#8220;:&#8220;&#8220;,&#8220;sm&#8220;:&#8220;&#8220;,&#8220;md&#8220;:&#8220;&#8220;,&#8220;lg&#8220;:&#8220;&#8220;,&#8220;xl&#8220;:&#8220;50&#8220;}&#8221; dots_bg_color=&#8221;rgba(33,33,33,0.6)&#8221; dots_abg_color=&#8221;#212529&#8243; el_class=&#8221;mb-0 mb-md-5 pb-5 box-shadow-carousel p-l-md p-r-md&#8221;][\/vc_column][\/vc_row]<\/p>\n<\/div>","protected":false},"excerpt":{"rendered":"<p>[vc_row wrap_container=&#8221;yes&#8221; conditional_render=&#8221;%5B%7B%22value_role%22%3A%22administrator%22%7D%5D&#8221; css_params=&#8221;&#8221;][vc_column][vc_empty_space height=&#8221;20px&#8221; css_params=&#8221;&#8221;][vc_empty_space height=&#8221;20px&#8221; css_params=&#8221;&#8221;][vc_custom_heading text=&#8221;Droit maritime&#8221; font_container=&#8221;tag:h6|font_size:2.2em|text_align:left|color:var(&#8211;porto-quaternary-color)|line_height:1.3&#8243; use_theme_fonts=&#8221;yes&#8221; font_weight=&#8221;600&#8243; animation_delay=&#8221;1000&#8243; el_class=&#8221;mb-2 d-inline-block&#8221; animation_type=&#8221;bounceIn&#8221; css_params=&#8221;&#8221;][vc_empty_space height=&#8221;20px&#8221; css_params=&#8221;&#8221;][\/vc_column][\/vc_row][vc_row full_width_css=&#8221;stretch_row_css&#8221; wrap_container=&#8221;yes&#8221; conditional_render=&#8221;%5B%7B%22value_role%22%3A%22administrator%22%7D%5D&#8221; css_params=&#8221;&#8221;][vc_column width=&#8221;2\/3&#8243;][vc_column_text css=&#8221;&#8221; css_params=&#8221;&#8221;] Traduction juridique certifi\u00e9e pour le droit maritime, le transport maritime et le droit de l\u2019amiraut\u00e9 Le droit maritime r\u00e9git l\u2019un des domaines les plus complexes et les plus [&hellip;]<\/p>\n","protected":false},"author":1,"featured_media":0,"parent":0,"menu_order":0,"comment_status":"closed","ping_status":"closed","template":"","meta":{"_acf_changed":false,"footnotes":""},"class_list":["post-3452","page","type-page","status-publish","hentry"],"acf":[],"_links":{"self":[{"href":"https:\/\/kalitetercume.com.tr\/Legal\/wp-json\/wp\/v2\/pages\/3452","targetHints":{"allow":["GET"]}}],"collection":[{"href":"https:\/\/kalitetercume.com.tr\/Legal\/wp-json\/wp\/v2\/pages"}],"about":[{"href":"https:\/\/kalitetercume.com.tr\/Legal\/wp-json\/wp\/v2\/types\/page"}],"author":[{"embeddable":true,"href":"https:\/\/kalitetercume.com.tr\/Legal\/wp-json\/wp\/v2\/users\/1"}],"replies":[{"embeddable":true,"href":"https:\/\/kalitetercume.com.tr\/Legal\/wp-json\/wp\/v2\/comments?post=3452"}],"version-history":[{"count":1,"href":"https:\/\/kalitetercume.com.tr\/Legal\/wp-json\/wp\/v2\/pages\/3452\/revisions"}],"predecessor-version":[{"id":3453,"href":"https:\/\/kalitetercume.com.tr\/Legal\/wp-json\/wp\/v2\/pages\/3452\/revisions\/3453"}],"wp:attachment":[{"href":"https:\/\/kalitetercume.com.tr\/Legal\/wp-json\/wp\/v2\/media?parent=3452"}],"curies":[{"name":"wp","href":"https:\/\/api.w.org\/{rel}","templated":true}]}}