{"id":3472,"date":"2026-02-17T09:22:34","date_gmt":"2026-02-17T06:22:34","guid":{"rendered":"https:\/\/kalitetercume.com.tr\/Legal\/?page_id=3472"},"modified":"2026-02-17T09:22:44","modified_gmt":"2026-02-17T06:22:44","slug":"droit-immobilier-et-droit-de-la-construction","status":"publish","type":"page","link":"https:\/\/kalitetercume.com.tr\/Legal\/fr\/droit-immobilier-et-droit-de-la-construction\/","title":{"rendered":"Droit immobilier et droit de la construction"},"content":{"rendered":"<div class=\"wpb-content-wrapper\"><p>[vc_row wrap_container=&#8221;yes&#8221; conditional_render=&#8221;%5B%7B%22value_role%22%3A%22administrator%22%7D%5D&#8221; css_params=&#8221;&#8221;][vc_column][vc_empty_space height=&#8221;20px&#8221; css_params=&#8221;&#8221;][vc_empty_space height=&#8221;20px&#8221; css_params=&#8221;&#8221;][vc_custom_heading text=&#8221;Droit immobilier et droit de la construction&#8221; font_container=&#8221;tag:h6|font_size:2.2em|text_align:left|color:var(&#8211;porto-quaternary-color)|line_height:1.3&#8243; use_theme_fonts=&#8221;yes&#8221; font_weight=&#8221;600&#8243; animation_delay=&#8221;1000&#8243; el_class=&#8221;mb-2 d-inline-block&#8221; animation_type=&#8221;bounceIn&#8221; css_params=&#8221;&#8221;][vc_empty_space height=&#8221;20px&#8221; css_params=&#8221;&#8221;][\/vc_column][\/vc_row][vc_row full_width_css=&#8221;stretch_row_css&#8221; wrap_container=&#8221;yes&#8221; conditional_render=&#8221;%5B%7B%22value_role%22%3A%22administrator%22%7D%5D&#8221; css_params=&#8221;&#8221;][vc_column width=&#8221;2\/3&#8243;][vc_column_text css=&#8221;&#8221; css_params=&#8221;&#8221;]<\/p>\n<h4 data-start=\"179\" data-end=\"263\"><strong data-start=\"183\" data-end=\"263\">Traduction juridique pr\u00e9cise pour les projets immobiliers et de construction<\/strong><\/h4>\n<p data-start=\"265\" data-end=\"548\">Les traductions en droit immobilier et en droit de la construction exigent non seulement une pr\u00e9cision juridique, mais aussi une compr\u00e9hension approfondie de la terminologie technique li\u00e9e \u00e0 l\u2019ing\u00e9nierie, \u00e0 la propri\u00e9t\u00e9 et \u00e0 la r\u00e9glementation.<\/p>\n<p data-start=\"550\" data-end=\"839\">Chez Kalite Legal, nous fournissons des traductions juridiques certifi\u00e9es pour les transactions immobili\u00e8res, les projets de d\u00e9veloppement et les litiges de construction, en garantissant clart\u00e9, exactitude et conformit\u00e9 dans toutes les juridictions.<\/p>\n<p data-start=\"841\" data-end=\"1136\">Nos traducteurs poss\u00e8dent une solide exp\u00e9rience des contrats de construction (FIDIC), des r\u00e9glementations d\u2019urbanisme, des contrats de location et des transactions immobili\u00e8res, combinant expertise linguistique et compr\u00e9hension technique et contractuelle.<\/p>\n<p data-start=\"1138\" data-end=\"1325\">Nous accompagnons des cabinets d\u2019avocats, promoteurs immobiliers, soci\u00e9t\u00e9s d\u2019ing\u00e9nierie, investisseurs et autorit\u00e9s publiques dans le monde entier.<\/p>\n<h3><span dir=\"auto\">&#8212;&#8212;&#8212;&#8212;&#8212;&#8212;&#8212;&#8212;&#8212;&#8212;&#8212;&#8212;&#8212;&#8212;&#8212;&#8212;&#8212;&#8212;&#8212;&#8212;&#8212;&#8212;&#8212;&#8212;&#8212;&#8212;&#8212;&#8212;&#8212;&#8212;&#8212;<\/span><\/h3>\n<h4>Processus de traduction juridique certifi\u00e9 ISO 17100<\/h4>\n<p data-start=\"1394\" data-end=\"1672\">Toutes les traductions sont r\u00e9alis\u00e9es selon des proc\u00e9dures certifi\u00e9es ISO 17100, incluant un processus en deux \u00e9tapes : traduction par un sp\u00e9cialiste juridique et technique, suivie d\u2019une r\u00e9vision par un second linguiste expert du secteur.<\/p>\n<p data-start=\"1674\" data-end=\"1758\">Nos experts ma\u00eetrisent notamment les cadres et documents internationaux suivants :<\/p>\n<ul data-start=\"1759\" data-end=\"2064\">\n<li data-start=\"1759\" data-end=\"1814\">\n<p data-start=\"1761\" data-end=\"1814\">Contrats FIDIC (Red Book, Yellow Book, Silver Book)<\/p>\n<\/li>\n<li data-start=\"1815\" data-end=\"1870\">\n<p data-start=\"1817\" data-end=\"1870\">Permis de construire et r\u00e9glementations d\u2019urbanisme<\/p>\n<\/li>\n<li data-start=\"1871\" data-end=\"1962\">\n<p data-start=\"1873\" data-end=\"1962\">Transactions immobili\u00e8res internationales et droit des investissements transfrontaliers<\/p>\n<\/li>\n<li data-start=\"1963\" data-end=\"2064\">\n<p data-start=\"1965\" data-end=\"2064\">Documentation de conformit\u00e9 environnementale et de s\u00e9curit\u00e9<\/p>\n<\/li>\n<\/ul>\n<p data-start=\"2066\" data-end=\"2238\">Cela garantit des traductions juridiquement et techniquement pr\u00e9cises, adapt\u00e9es aux autorit\u00e9s r\u00e9glementaires, notaires et tribunaux.<\/p>\n<h3><span dir=\"auto\">&#8212;&#8212;&#8212;&#8212;&#8212;&#8212;&#8212;&#8212;&#8212;&#8212;&#8212;&#8212;&#8212;&#8212;&#8212;&#8212;&#8212;&#8212;&#8212;&#8212;&#8212;&#8212;&#8212;&#8212;&#8212;&#8212;&#8212;&#8212;&#8212;&#8212;&#8212;<\/span><\/h3>\n<h4 data-start=\"2081\" data-end=\"2146\">Documents immobiliers et de construction que nous traduisons<\/h4>\n<ul>\n<li data-start=\"2315\" data-end=\"2380\">\n<p data-start=\"2317\" data-end=\"2380\">Contrats de construction et appels d\u2019offres (y compris FIDIC)<\/p>\n<\/li>\n<li data-start=\"2381\" data-end=\"2438\">\n<p data-start=\"2383\" data-end=\"2438\">Contrats de location et contrats de vente immobili\u00e8re<\/p>\n<\/li>\n<li data-start=\"2439\" data-end=\"2484\">\n<p data-start=\"2441\" data-end=\"2484\">Registres fonciers et titres de propri\u00e9t\u00e9<\/p>\n<\/li>\n<li data-start=\"2485\" data-end=\"2530\">\n<p data-start=\"2487\" data-end=\"2530\">Permis, licences et documents d\u2019urbanisme<\/p>\n<\/li>\n<li data-start=\"2531\" data-end=\"2584\">\n<p data-start=\"2533\" data-end=\"2584\">Rapports d\u2019am\u00e9nagement urbain et de planification<\/p>\n<\/li>\n<li data-start=\"2585\" data-end=\"2645\">\n<p data-start=\"2587\" data-end=\"2645\">Sp\u00e9cifications techniques d\u2019ing\u00e9nierie et d\u2019architecture<\/p>\n<\/li>\n<li data-start=\"2646\" data-end=\"2702\">\n<p data-start=\"2648\" data-end=\"2702\">Rapports d\u2019inspection et de conformit\u00e9 des b\u00e2timents<\/p>\n<\/li>\n<li data-start=\"2703\" data-end=\"2744\">\n<p data-start=\"2705\" data-end=\"2744\">Documents d\u2019investissement immobilier<\/p>\n<\/li>\n<li data-start=\"2745\" data-end=\"2798\">\n<p data-start=\"2747\" data-end=\"2798\">Dossiers d\u2019arbitrage et de r\u00e9solution des litiges<\/p>\n<\/li>\n<li data-start=\"2799\" data-end=\"2852\">\n<p data-start=\"2801\" data-end=\"2852\">Documents d\u2019\u00e9valuation immobili\u00e8re et hypoth\u00e8ques<\/p>\n<\/li>\n<li data-start=\"2853\" data-end=\"2902\">\n<p data-start=\"2855\" data-end=\"2902\">Contrats avec entrepreneurs et sous-traitants<\/p>\n<\/li>\n<li data-start=\"2903\" data-end=\"2955\">\n<p data-start=\"2905\" data-end=\"2955\">Rapports de conformit\u00e9 s\u00e9curit\u00e9 et environnement<\/p>\n<\/li>\n<li data-start=\"2956\" data-end=\"3046\">\n<p data-start=\"2958\" data-end=\"3046\">Contrats de gestion et maintenance des b\u00e2timents<\/p>\n<\/li>\n<\/ul>\n<h3><span dir=\"auto\">&#8212;&#8212;&#8212;&#8212;&#8212;&#8212;&#8212;&#8212;&#8212;&#8212;&#8212;&#8212;&#8212;&#8212;&#8212;&#8212;&#8212;&#8212;&#8212;&#8212;&#8212;&#8212;&#8212;&#8212;&#8212;&#8212;&#8212;&#8212;&#8212;&#8212;&#8212;<\/span><\/h3>\n<h4 data-start=\"3266\" data-end=\"3323\">Confidentialit\u00e9, pr\u00e9cision et coh\u00e9rence technique<\/h4>\n<p data-start=\"3112\" data-end=\"3282\">Les projets immobiliers et de construction impliquent des investissements importants ainsi que des documents juridiques sensibles.<\/p>\n<p data-start=\"3284\" data-end=\"3496\">Chez Kalite Legal, nous appliquons des protocoles stricts de confidentialit\u00e9 et de protection des donn\u00e9es conformes au RGPD afin de garantir la s\u00e9curit\u00e9 de chaque document.<\/p>\n<p data-start=\"3498\" data-end=\"3808\">Nos traducteurs et r\u00e9viseurs sont soumis \u00e0 des accords de confidentialit\u00e9 (NDA) et utilisent des bases terminologiques sp\u00e9cialis\u00e9es en droit immobilier et construction. Nous garantissons \u00e9galement la coh\u00e9rence des unit\u00e9s techniques, mesures et r\u00e9f\u00e9rences d\u2019ing\u00e9nierie.<\/p>\n<p data-start=\"3810\" data-end=\"3987\">Notre gestion de projet disponible 24h\/24 et 7j\/7 permet de soutenir des projets internationaux multi-juridictionnels \u00e0 grande \u00e9chelle.<\/p>\n<h3><span dir=\"auto\">&#8212;&#8212;&#8212;&#8212;&#8212;&#8212;&#8212;&#8212;&#8212;&#8212;&#8212;&#8212;&#8212;&#8212;&#8212;&#8212;&#8212;&#8212;&#8212;&#8212;&#8212;&#8212;&#8212;&#8212;&#8212;&#8212;&#8212;&#8212;&#8212;&#8212;&#8212;<\/span><\/h3>\n<h4><strong><span dir=\"auto\">Demander un devis<\/span><\/strong><\/h4>\n<p data-start=\"4021\" data-end=\"4118\">Vous avez besoin d\u2019une traduction certifi\u00e9e pour des documents immobiliers ou de construction ?<\/p>\n<p data-start=\"4120\" data-end=\"4346\">Kalite Legal fournit des traductions certifi\u00e9es ISO 17100 avec double r\u00e9vision, utilis\u00e9es par des cabinets d\u2019avocats, soci\u00e9t\u00e9s de construction et investisseurs dans plus de 50 langues.<\/p>\n<h5><strong><img decoding=\"async\" class=\"emoji\" role=\"img\" draggable=\"false\" src=\"https:\/\/s.w.org\/images\/core\/emoji\/17.0.2\/svg\/1f4e9.svg\" alt=\"\ud83d\udce9\" \/> Contactez d\u00e8s aujourd\u2019hui nos sp\u00e9cialistes en traduction juridique immobili\u00e8re et construction pour une consultation ou un devis.<\/strong><\/h5>\n<p>[\/vc_column_text][\/vc_column][vc_column width=&#8221;1\/3&#8243; conditional_render=&#8221;%5B%7B%22value_role%22%3A%22administrator%22%7D%5D&#8221; css_params=&#8221;&#8221;]<div class=\"porto-ultimate-content-box-container mb-5\"><style>.porto_ucb_b0572038ed623d75079aebad6cf9ef13{will-change: box-shadow;box-shadow:0px 0px 31px -5px rgba(0,0,0,0.14);}.porto_ucb_b0572038ed623d75079aebad6cf9ef13:hover{box-shadow:0px 0px 31px -5px rgba(0,0,0,0.14)}<\/style><div class=\"porto-ultimate-content-box vc_custom_1768400234565 porto_ucb_b0572038ed623d75079aebad6cf9ef13\" style=\"\">[vc_custom_heading text=&#8221;Nos domaines de traduction juridique&#8221; font_container=&#8221;tag:h5|font_size:1.4em|text_align:center|color:%23ad9263|line_height:20px&#8221; use_theme_fonts=&#8221;yes&#8221; font_weight=&#8221;700&#8243; letter_spacing=&#8221;-0.05em&#8221; css=&#8221;.vc_custom_1771223260927{margin-bottom: 33px !important;}&#8221; css_params=&#8221;&#8221;][vc_separator color=&#8221;white&#8221; border_width=&#8221;4&#8243; css=&#8221;&#8221; css_params=&#8221;&#8221;]<div class=\"widget_sidebar_menu main-sidebar-menu vc_custom_1771223266845  wpb_custom_f1bf3be01688f2932659384675d1d31c\"><div class=\"sidebar-menu-wrap\"><ul id=\"menu-our-legal-translation-areas-fr\" class=\"sidebar-menu\"><li id=\"nav-menu-item-3507\" class=\"menu-item menu-item-type-post_type menu-item-object-page  narrow \"><a href=\"https:\/\/kalitetercume.com.tr\/Legal\/fr\/droit-des-societes-et-droit-des-contrats\/\">Droit des soci\u00e9t\u00e9s et droit des contrats<\/a><\/li>\n<li id=\"nav-menu-item-3504\" class=\"menu-item menu-item-type-post_type menu-item-object-page  narrow \"><a href=\"https:\/\/kalitetercume.com.tr\/Legal\/fr\/arbitrage-et-contentieux\/\">Arbitrage et Contentieux<\/a><\/li>\n<li id=\"nav-menu-item-3501\" class=\"menu-item menu-item-type-post_type menu-item-object-page  narrow \"><a href=\"https:\/\/kalitetercume.com.tr\/Legal\/fr\/documents-judiciaires-et-juridiques\/\">Documents judiciaires et juridiques<\/a><\/li>\n<li id=\"nav-menu-item-3498\" class=\"menu-item menu-item-type-post_type menu-item-object-page  narrow \"><a href=\"https:\/\/kalitetercume.com.tr\/Legal\/fr\/immigration-procedures-notariales\/\">Immigration &#038; Proc\u00e9dures Notariales<\/a><\/li>\n<li id=\"nav-menu-item-3495\" class=\"menu-item menu-item-type-post_type menu-item-object-page  narrow \"><a href=\"https:\/\/kalitetercume.com.tr\/Legal\/fr\/conformite-et-droit-reglementaire\/\">Conformit\u00e9 et droit r\u00e9glementaire<\/a><\/li>\n<li id=\"nav-menu-item-3492\" class=\"menu-item menu-item-type-post_type menu-item-object-page  narrow \"><a href=\"https:\/\/kalitetercume.com.tr\/Legal\/fr\/droit-de-la-famille\/\">Droit de la famille<\/a><\/li>\n<li id=\"nav-menu-item-3489\" class=\"menu-item menu-item-type-post_type menu-item-object-page  narrow \"><a href=\"https:\/\/kalitetercume.com.tr\/Legal\/fr\/droit-de-la-sante\/\">Droit de la sant\u00e9<\/a><\/li>\n<li id=\"nav-menu-item-3486\" class=\"menu-item menu-item-type-post_type menu-item-object-page  narrow \"><a href=\"https:\/\/kalitetercume.com.tr\/Legal\/fr\/droit-de-la-propriete-intellectuelle\/\">Droit de la Propri\u00e9t\u00e9 Intellectuelle<\/a><\/li>\n<li id=\"nav-menu-item-3482\" class=\"menu-item menu-item-type-post_type menu-item-object-page  narrow \"><a href=\"https:\/\/kalitetercume.com.tr\/Legal\/fr\/droit-penal\/\">Droit p\u00e9nal<\/a><\/li>\n<li id=\"nav-menu-item-3478\" class=\"menu-item menu-item-type-post_type menu-item-object-page  narrow \"><a href=\"https:\/\/kalitetercume.com.tr\/Legal\/fr\/droit-du-travail\/\">Droit du travail<\/a><\/li>\n<li id=\"nav-menu-item-3475\" class=\"menu-item menu-item-type-post_type menu-item-object-page  narrow \"><a href=\"https:\/\/kalitetercume.com.tr\/Legal\/fr\/droit-immobilier-et-droit-de-la-construction\/\">Droit immobilier et droit de la construction<\/a><\/li>\n<li id=\"nav-menu-item-3471\" class=\"menu-item menu-item-type-post_type menu-item-object-page  narrow \"><a href=\"https:\/\/kalitetercume.com.tr\/Legal\/fr\/droit-fiscal-et-financier\/\">Droit fiscal et financier<\/a><\/li>\n<li id=\"nav-menu-item-3467\" class=\"menu-item menu-item-type-post_type menu-item-object-page  narrow \"><a href=\"https:\/\/kalitetercume.com.tr\/Legal\/fr\/droit-des-assurances\/\">Droit des assurances<\/a><\/li>\n<li id=\"nav-menu-item-3464\" class=\"menu-item menu-item-type-post_type menu-item-object-page  narrow \"><a href=\"https:\/\/kalitetercume.com.tr\/Legal\/fr\/droit-administratif\/\">Droit Administratif<\/a><\/li>\n<li id=\"nav-menu-item-3457\" class=\"menu-item menu-item-type-post_type menu-item-object-page  narrow \"><a href=\"https:\/\/kalitetercume.com.tr\/Legal\/fr\/droit-international\/\">Droit international<\/a><\/li>\n<li id=\"nav-menu-item-3454\" class=\"menu-item menu-item-type-post_type menu-item-object-page  narrow \"><a href=\"https:\/\/kalitetercume.com.tr\/Legal\/fr\/droit-maritime\/\">Droit maritime<\/a><\/li>\n<li id=\"nav-menu-item-3449\" class=\"menu-item menu-item-type-post_type menu-item-object-page  narrow \"><a href=\"https:\/\/kalitetercume.com.tr\/Legal\/fr\/droit-de-lenvironnement\/\">Droit de l\u2019environnement<\/a><\/li>\n<li id=\"nav-menu-item-3437\" class=\"menu-item menu-item-type-post_type menu-item-object-page  narrow \"><a href=\"https:\/\/kalitetercume.com.tr\/Legal\/fr\/droit-bancaire-et-financier\/\">Droit bancaire et financier<\/a><\/li>\n<\/ul><\/div><\/div><\/div><\/div><div class=\"porto-ultimate-content-box-container text-center\"><style>.porto_ucb_b0572038ed623d75079aebad6cf9ef13{will-change: box-shadow;box-shadow:0px 0px 31px -5px rgba(0,0,0,0.14);}.porto_ucb_b0572038ed623d75079aebad6cf9ef13:hover{box-shadow:0px 0px 31px -5px rgba(0,0,0,0.14)}<\/style><div class=\"porto-ultimate-content-box vc_custom_1709720852896 porto_ucb_b0572038ed623d75079aebad6cf9ef13\" style=\"\">[vc_custom_heading text=&#8221;Comment pouvons-nous vous aider ?&#8221; font_container=&#8221;tag:div|font_size:1.1em|text_align:center|color:rgba(255%2C255%2C255%2C0.9)|line_height:24px&#8221; use_theme_fonts=&#8221;yes&#8221; font_weight=&#8221;600&#8243; letter_spacing=&#8221;-0.05em&#8221; animation_delay=&#8221;500&#8243; el_class=&#8221;opacity-9 mb-1&#8243; animation_type=&#8221;lightSpeedIn&#8221; css_params=&#8221;&#8221;][vc_custom_heading text=&#8221;Avez-vous besoin d&#8217;une traduction l\u00e9gale ?&#8221; font_container=&#8221;tag:h2|font_size:1.7em|text_align:center&#8221; use_theme_fonts=&#8221;yes&#8221; font_weight=&#8221;700&#8243; skin=&#8221;light&#8221; letter_spacing=&#8221;-1px&#8221; animation_delay=&#8221;750&#8243; el_class=&#8221;mb-2 font-style-normal&#8221; animation_type=&#8221;lightSpeedIn&#8221; css_params=&#8221;&#8221;][vc_custom_heading text=&#8221;Contactez-nous imm\u00e9diatement&#8221; font_container=&#8221;tag:p|font_size:1.1em|text_align:center|color:rgba(255%2C255%2C255%2C0.8)|line_height:26px&#8221; use_theme_fonts=&#8221;yes&#8221; animation_delay=&#8221;950&#8243; css=&#8221;.vc_custom_1771223294537{margin-bottom: 47px !important;}&#8221; el_class=&#8221;opacity-8&#8243; animation_type=&#8221;lightSpeedIn&#8221; css_params=&#8221;&#8221;]<div class=\"porto-sicon-box  vc_custom_1761551232120 top-n1-icon-box justify-content-center  wpb_custom_a4802976ddc90dd45e8cea536ff68ec0 style_1 default-icon\"><div class=\"porto-sicon-default\"><div class=\"porto-just-icon-wrapper porto-icon none\" style=\"color:var(--porto-primary-color);font-size:23.1px;\"><i class=\"Simple-Line-Icons-phone\"><\/i><\/div><\/div><div class=\"porto-sicon-header\"><a class=\"porto-sicon-box-link\" href=\"tel:+1234567890\"><div class=\"porto-sicon-title\" style=\"font-weight:700;font-size:21px;color:#ffffff;line-height:24px;letter-spacing:0;\">+90 507 220 38 62<\/div><\/a><\/div> <!-- header --><\/div><!-- porto-sicon-box --><div class=\"porto-sicon-box  vc_custom_1761551253231 top-2-icon-box justify-content-center  wpb_custom_2ccbe3e616e3e99d1ad178e76088c729 style_1 default-icon\"><div class=\"porto-sicon-default\"><div class=\"porto-just-icon-wrapper porto-icon none\" style=\"color:var(--porto-primary-color);font-size:25.2px;\"><i class=\"Simple-Line-Icons-envelope\"><\/i><\/div><\/div><div class=\"porto-sicon-header\"><a class=\"porto-sicon-box-link\" href=\"mailto:porto@consulting.com\"><div class=\"porto-sicon-title\" style=\"font-size:16.8px;color:#ffffff;line-height:24px;letter-spacing:0;\">info@kalitetercume.com.tr<\/div><\/a><\/div> <!-- header --><\/div><!-- porto-sicon-box --><div class=\"porto-sicon-box  vc_custom_1771223318500 top-n1-icon-box justify-content-center  wpb_custom_68c54048e3c209cf95a5deb478b05eb6 style_1 default-icon\"><div class=\"porto-sicon-default\"><div class=\"porto-just-icon-wrapper porto-icon none\" style=\"color:var(--porto-primary-color);font-size:25.2px;\"><i class=\"Simple-Line-Icons-calendar\"><\/i><\/div><\/div><div class=\"porto-sicon-header\"><div class=\"porto-sicon-title\" style=\"\">\u00c0 votre service 24h\/24, 365 jours par an.<\/div><\/div> <!-- header --><\/div><!-- porto-sicon-box -->[vc_btn title=&#8221;Enter en contact&#8221; skin=&#8221;primary&#8221; btn_fw=&#8221;700&#8243; el_cls=&#8221;br-thick&#8221; link=&#8221;url:https%3A%2F%2Fkalitetercume.com.tr%2FLegal%2Ffr%2Fcontact-2%2F|title:Contact&#8221; btn_px=&#8221;2.4rem&#8221; btn_py=&#8221;1.29rem&#8221; el_class=&#8221;text-none mb-0&#8243; css_params=&#8221;&#8221;]<\/div><\/div>[\/vc_column][\/vc_row][vc_row][vc_column][vc_empty_space height=&#8221;20px&#8221; css_params=&#8221;&#8221;][vc_empty_space height=&#8221;20px&#8221; css_params=&#8221;&#8221;][\/vc_column][\/vc_row][vc_row full_width_css=&#8221;stretch_row_css&#8221; css=&#8221;.vc_custom_1767162407247{padding-top: 98px !important;padding-bottom: 218px !important;background-image: url(https:\/\/kalitetercume.com.tr\/Legal\/wp-content\/uploads\/2025\/12\/lf2-background-1-1.jpg?id=2687) !important;background-position: center !important;background-repeat: no-repeat !important;background-size: cover !important;}&#8221; el_class=&#8221;overlay-dark position-relative&#8221; conditional_render=&#8221;%5B%7B%22value_role%22%3A%22administrator%22%7D%5D&#8221; css_params=&#8221;&#8221;][vc_column el_class=&#8221;z-index-1&#8243; conditional_render=&#8221;%5B%7B%22value_role%22%3A%22administrator%22%7D%5D&#8221;][vc_custom_heading text=&#8221;Avocats et partenaires&#8221; font_container=&#8221;tag:div|font_size:1.2em|text_align:center|line_height:24px&#8221; use_theme_fonts=&#8221;yes&#8221; font_weight=&#8221;600&#8243; skin=&#8221;primary&#8221; letter_spacing=&#8221;-0.05em&#8221; animation_delay=&#8221;200&#8243; el_class=&#8221;mb-2&#8243; animation_type=&#8221;fadeInUp&#8221; css_params=&#8221;&#8221;][vc_empty_space height=&#8221;20px&#8221; css_params=&#8221;&#8221;][vc_custom_heading text=&#8221;Notre \u00e9quipe juridique&#8221; font_container=&#8221;tag:h2|font_size:2.75em|text_align:center|line_height:42px&#8221; use_theme_fonts=&#8221;yes&#8221; text_transform=&#8221;text-capitalize&#8221; font_weight=&#8221;700&#8243; skin=&#8221;light&#8221; letter_spacing=&#8221;-1px&#8221; animation_delay=&#8221;400&#8243; el_class=&#8221;mb-0 font-style-normal&#8221; animation_type=&#8221;fadeInUp&#8221; css_params=&#8221;&#8221;][vc_empty_space height=&#8221;20px&#8221; css_params=&#8221;&#8221;][\/vc_column][\/vc_row][vc_row full_width_css=&#8221;stretch_row_css&#8221; no_padding=&#8221;yes&#8221; animation_delay=&#8221;1000&#8243; css=&#8221;.vc_custom_1767162167650{margin-top: -187px !important;padding-bottom: 24px !important;}&#8221; animation_type=&#8221;fadeInUp&#8221; conditional_render=&#8221;%5B%7B%22value_role%22%3A%22administrator%22%7D%5D&#8221; css_params=&#8221;&#8221;][vc_column conditional_render=&#8221;%5B%7B%22value_role%22%3A%22administrator%22%7D%5D&#8221;][porto_tb_posts post_type=&#8221;member&#8221; view=&#8221;slider&#8221; spacing=&#8221;20&#8243; columns=&#8221;5&#8243; columns_tablet=&#8221;2&#8243; navigation=&#8221;&#8221; pagination=&#8221;yes&#8221; dots_pos=&#8221;custom-dots&#8221; dots_visible=&#8221;{&#8220;xl&#8220;:&#8220;{&#8220;xl&#8220;:&#8220;`{`object&#8220;}&#8221; dots_original=&#8221;-50%&#8221; builder_id=&#8221;764&#8243; dots_pos_bottom=&#8221;{&#8220;sm&#8220;:&#8220;10&#8220;,&#8220;unit&#8220;:&#8220;&#8220;,&#8220;xs&#8220;:&#8220;&#8220;,&#8220;md&#8220;:&#8220;&#8220;,&#8220;lg&#8220;:&#8220;&#8220;,&#8220;xl&#8220;:-40}&#8221; dots_pos_left=&#8221;{&#8220;unit&#8220;:&#8220;%&#8220;,&#8220;xs&#8220;:&#8220;&#8220;,&#8220;sm&#8220;:&#8220;&#8220;,&#8220;md&#8220;:&#8220;&#8220;,&#8220;lg&#8220;:&#8220;&#8220;,&#8220;xl&#8220;:&#8220;50&#8220;}&#8221; dots_bg_color=&#8221;rgba(33,33,33,0.6)&#8221; dots_abg_color=&#8221;#212529&#8243; el_class=&#8221;mb-0 mb-md-5 pb-5 box-shadow-carousel p-l-md p-r-md&#8221;][\/vc_column][\/vc_row]<\/p>\n<\/div>","protected":false},"excerpt":{"rendered":"<p>[vc_row wrap_container=&#8221;yes&#8221; conditional_render=&#8221;%5B%7B%22value_role%22%3A%22administrator%22%7D%5D&#8221; css_params=&#8221;&#8221;][vc_column][vc_empty_space height=&#8221;20px&#8221; css_params=&#8221;&#8221;][vc_empty_space height=&#8221;20px&#8221; css_params=&#8221;&#8221;][vc_custom_heading text=&#8221;Droit immobilier et droit de la construction&#8221; font_container=&#8221;tag:h6|font_size:2.2em|text_align:left|color:var(&#8211;porto-quaternary-color)|line_height:1.3&#8243; use_theme_fonts=&#8221;yes&#8221; font_weight=&#8221;600&#8243; animation_delay=&#8221;1000&#8243; el_class=&#8221;mb-2 d-inline-block&#8221; animation_type=&#8221;bounceIn&#8221; css_params=&#8221;&#8221;][vc_empty_space height=&#8221;20px&#8221; css_params=&#8221;&#8221;][\/vc_column][\/vc_row][vc_row full_width_css=&#8221;stretch_row_css&#8221; wrap_container=&#8221;yes&#8221; conditional_render=&#8221;%5B%7B%22value_role%22%3A%22administrator%22%7D%5D&#8221; css_params=&#8221;&#8221;][vc_column width=&#8221;2\/3&#8243;][vc_column_text css=&#8221;&#8221; css_params=&#8221;&#8221;] Traduction juridique pr\u00e9cise pour les projets immobiliers et de construction Les traductions en droit immobilier et en droit de la construction exigent non [&hellip;]<\/p>\n","protected":false},"author":1,"featured_media":0,"parent":0,"menu_order":0,"comment_status":"closed","ping_status":"closed","template":"","meta":{"_acf_changed":false,"footnotes":""},"class_list":["post-3472","page","type-page","status-publish","hentry"],"acf":[],"_links":{"self":[{"href":"https:\/\/kalitetercume.com.tr\/Legal\/wp-json\/wp\/v2\/pages\/3472","targetHints":{"allow":["GET"]}}],"collection":[{"href":"https:\/\/kalitetercume.com.tr\/Legal\/wp-json\/wp\/v2\/pages"}],"about":[{"href":"https:\/\/kalitetercume.com.tr\/Legal\/wp-json\/wp\/v2\/types\/page"}],"author":[{"embeddable":true,"href":"https:\/\/kalitetercume.com.tr\/Legal\/wp-json\/wp\/v2\/users\/1"}],"replies":[{"embeddable":true,"href":"https:\/\/kalitetercume.com.tr\/Legal\/wp-json\/wp\/v2\/comments?post=3472"}],"version-history":[{"count":2,"href":"https:\/\/kalitetercume.com.tr\/Legal\/wp-json\/wp\/v2\/pages\/3472\/revisions"}],"predecessor-version":[{"id":3474,"href":"https:\/\/kalitetercume.com.tr\/Legal\/wp-json\/wp\/v2\/pages\/3472\/revisions\/3474"}],"wp:attachment":[{"href":"https:\/\/kalitetercume.com.tr\/Legal\/wp-json\/wp\/v2\/media?parent=3472"}],"curies":[{"name":"wp","href":"https:\/\/api.w.org\/{rel}","templated":true}]}}