{"id":3487,"date":"2026-02-18T09:02:06","date_gmt":"2026-02-18T06:02:06","guid":{"rendered":"https:\/\/kalitetercume.com.tr\/Legal\/?page_id=3487"},"modified":"2026-02-18T09:02:06","modified_gmt":"2026-02-18T06:02:06","slug":"droit-de-la-sante","status":"publish","type":"page","link":"https:\/\/kalitetercume.com.tr\/Legal\/fr\/droit-de-la-sante\/","title":{"rendered":"Droit de la sant\u00e9"},"content":{"rendered":"<div class=\"wpb-content-wrapper\"><p>[vc_row wrap_container=&#8221;yes&#8221; conditional_render=&#8221;%5B%7B%22value_role%22%3A%22administrator%22%7D%5D&#8221; css_params=&#8221;&#8221;][vc_column][vc_empty_space height=&#8221;20px&#8221; css_params=&#8221;&#8221;][vc_empty_space height=&#8221;20px&#8221; css_params=&#8221;&#8221;][vc_custom_heading text=&#8221;Droit de la sant\u00e9&#8221; font_container=&#8221;tag:h6|font_size:2.2em|text_align:left|color:var(&#8211;porto-quaternary-color)|line_height:1.3&#8243; use_theme_fonts=&#8221;yes&#8221; font_weight=&#8221;600&#8243; animation_delay=&#8221;1000&#8243; el_class=&#8221;mb-2 d-inline-block&#8221; animation_type=&#8221;bounceIn&#8221; css_params=&#8221;&#8221;][vc_empty_space height=&#8221;20px&#8221; css_params=&#8221;&#8221;][\/vc_column][\/vc_row][vc_row full_width_css=&#8221;stretch_row_css&#8221; wrap_container=&#8221;yes&#8221; conditional_render=&#8221;%5B%7B%22value_role%22%3A%22administrator%22%7D%5D&#8221; css_params=&#8221;&#8221;][vc_column width=&#8221;2\/3&#8243;][vc_column_text css=&#8221;&#8221; css_params=&#8221;&#8221;]<\/p>\n<h4><strong><span dir=\"auto\">Traduction juridique sp\u00e9cialis\u00e9e pour les documents relatifs au droit de la sant\u00e9 et au droit m\u00e9dical<\/span><\/strong><\/h4>\n<p><span dir=\"auto\">Le droit de la sant\u00e9 se situe au carrefour de la m\u00e9decine, du droit et de l&#8217;\u00e9thique, ce qui n\u00e9cessite des traducteurs ma\u00eetrisant \u00e0 la fois la terminologie clinique et juridique.<\/span><\/p>\n<p><span dir=\"auto\">Chez Kalite Legal, nous fournissons des traductions certifi\u00e9es de&nbsp;<\/span><strong><span dir=\"auto\">documents juridiques m\u00e9dicaux, pharmaceutiques et li\u00e9s aux soins de sant\u00e9,<\/span><\/strong><span dir=\"auto\">&nbsp;garantissant une conformit\u00e9 totale avec les r\u00e9glementations sanitaires internationales et les normes \u00e9thiques.<\/span><\/p>\n<p><span dir=\"auto\">Nos traducteurs sont des professionnels exp\u00e9riment\u00e9s, issus des domaines du&nbsp;<\/span><strong><span dir=\"auto\">droit, de la m\u00e9decine et des sciences de la vie,<\/span><\/strong><span dir=\"auto\">&nbsp;capables de traiter avec pr\u00e9cision et confidentialit\u00e9 des documents complexes tels que les accords d&#8217;essais cliniques, les formulaires de consentement des patients et les soumissions r\u00e9glementaires.<\/span><\/p>\n<p><span dir=\"auto\">Nous collaborons avec&nbsp;<\/span><strong><span dir=\"auto\">des cabinets d&#8217;avocats, des h\u00f4pitaux, des entreprises pharmaceutiques et des autorit\u00e9s sanitaires,<\/span><\/strong><span dir=\"auto\">&nbsp;en aidant nos clients \u00e0 communiquer clairement et l\u00e9galement par-del\u00e0 les langues et les fronti\u00e8res.<\/span><\/p>\n<h3><span dir=\"auto\">&#8212;&#8212;&#8212;&#8212;&#8212;&#8212;&#8212;&#8212;&#8212;&#8212;&#8212;&#8212;&#8212;&#8212;&#8212;&#8212;&#8212;&#8212;&#8212;&#8212;&#8212;&#8212;&#8212;&#8212;&#8212;&#8212;&#8212;&#8212;&#8212;&#8212;&#8212;<\/span><\/h3>\n<h4><strong><span dir=\"auto\">Processus certifi\u00e9 ISO 17100 et double examen par des experts<\/span><\/strong><\/h4>\n<p data-start=\"1379\" data-end=\"1628\">Chaque traduction en droit de la propri\u00e9t\u00e9 intellectuelle est r\u00e9alis\u00e9e conform\u00e9ment \u00e0 notre processus certifi\u00e9 ISO 17100, garantissant la traduction par un sp\u00e9cialiste juridique et technique, suivie d\u2019une relecture ind\u00e9pendante par un second expert.<\/p>\n<p data-start=\"1630\" data-end=\"1775\">Ce processus en deux niveaux assure une pr\u00e9cision maximale sur les aspects juridiques et scientifiques des documents de propri\u00e9t\u00e9 intellectuelle.<\/p>\n<p data-start=\"1777\" data-end=\"1978\">Nos \u00e9quipes ma\u00eetrisent les principaux syst\u00e8mes et institutions internationaux de PI, notamment les organisations et proc\u00e9dures internationales li\u00e9es aux brevets, marques et conventions internationales.<\/p>\n<p data-start=\"1980\" data-end=\"2191\">Nous veillons \u00e0 ce que les traductions soient accept\u00e9es par les offices de propri\u00e9t\u00e9 intellectuelle, les juridictions et les autorit\u00e9s r\u00e9glementaires \u00e0 l\u2019\u00e9chelle mondiale.<\/p>\n<h3><span dir=\"auto\">&#8212;&#8212;&#8212;&#8212;&#8212;&#8212;&#8212;&#8212;&#8212;&#8212;&#8212;&#8212;&#8212;&#8212;&#8212;&#8212;&#8212;&#8212;&#8212;&#8212;&#8212;&#8212;&#8212;&#8212;&#8212;&#8212;&#8212;&#8212;&#8212;&#8212;&#8212;<\/span><\/h3>\n<h4 data-start=\"2198\" data-end=\"2263\"><strong data-start=\"2202\" data-end=\"2263\">Documents de propri\u00e9t\u00e9 intellectuelle que nous traduisons<\/strong><\/h4>\n<p><span dir=\"auto\">Chaque traduction est r\u00e9alis\u00e9e selon&nbsp;<\/span><strong><span dir=\"auto\">les normes de qualit\u00e9 certifi\u00e9es ISO 17100,<\/span><\/strong><span dir=\"auto\">&nbsp;suivant un processus&nbsp;<\/span><strong><span dir=\"auto\">de r\u00e9vision en deux \u00e9tapes<\/span><\/strong><span dir=\"auto\">&nbsp;: traduction par un linguiste m\u00e9dico-juridique et r\u00e9vision par un second sp\u00e9cialiste pour l\u2019exactitude terminologique et la clart\u00e9 stylistique.<\/span><\/p>\n<p><span dir=\"auto\">Nos \u00e9quipes connaissent parfaitement les r\u00e9glementations et les cadres internationaux en mati\u00e8re de soins de sant\u00e9, notamment&nbsp;:<\/span><\/p>\n<ul>\n<li><strong><span dir=\"auto\">Loi HIPAA<\/span><\/strong><span dir=\"auto\">&nbsp;(Health Insurance Portability and Accountability Act)<\/span><\/li>\n<li><strong><span dir=\"auto\">Normes d&#8217;essais cliniques de l&#8217;EMA\/FDA<\/span><\/strong><\/li>\n<li><strong><span dir=\"auto\">Exigences de protection des donn\u00e9es m\u00e9dicales du RGPD<\/span><\/strong><\/li>\n<li><strong><span dir=\"auto\">Lignes directrices relatives aux bonnes pratiques cliniques (BPC)<\/span><\/strong><span dir=\"auto\">&nbsp;et&nbsp;<\/span><strong><span dir=\"auto\">aux bonnes pratiques de fabrication (BPF)<\/span><\/strong><\/li>\n<li><strong><span dir=\"auto\">Principes d&#8217;\u00e9thique m\u00e9dicale de l&#8217;OMS et de l&#8217;OCDE<\/span><\/strong><\/li>\n<\/ul>\n<p><span dir=\"auto\">Cela garantit que toutes les traductions sont exactes, conformes et acceptables par les autorit\u00e9s m\u00e9dicales et juridiques du monde entier.<\/span><\/p>\n<h3><span dir=\"auto\">&#8212;&#8212;&#8212;&#8212;&#8212;&#8212;&#8212;&#8212;&#8212;&#8212;&#8212;&#8212;&#8212;&#8212;&#8212;&#8212;&#8212;&#8212;&#8212;&#8212;&#8212;&#8212;&#8212;&#8212;&#8212;&#8212;&#8212;&#8212;&#8212;&#8212;&#8212;<\/span><\/h3>\n<h4><strong><span dir=\"auto\">Documents de droit de la sant\u00e9 que nous traduisons<\/span><\/strong><\/h4>\n<ul>\n<li><span dir=\"auto\">contrats m\u00e9dicaux et hospitaliers<\/span><\/li>\n<li><span dir=\"auto\">Accords relatifs aux essais cliniques et \u00e0 la recherche<\/span><\/li>\n<li><span dir=\"auto\">Formulaires de consentement des patients et avis de confidentialit\u00e9<\/span><\/li>\n<li><span dir=\"auto\">Dossiers de cas de faute m\u00e9dicale et documents judiciaires<\/span><\/li>\n<li><span dir=\"auto\">R\u00e9glementation pharmaceutique et rapports de conformit\u00e9<\/span><\/li>\n<li><span dir=\"auto\">Soumissions au comit\u00e9 d&#8217;\u00e9thique (IRB\/EC)<\/span><\/li>\n<li><span dir=\"auto\">polices et r\u00e9clamations d&#8217;assurance maladie<\/span><\/li>\n<li><span dir=\"auto\">documents d&#8217;enregistrement des dispositifs m\u00e9dicaux<\/span><\/li>\n<li><span dir=\"auto\">Documents relatifs aux r\u00e8glements et politiques de sant\u00e9 publique<\/span><\/li>\n<li><span dir=\"auto\">Rapports d&#8217;accr\u00e9ditation et d&#8217;audit des h\u00f4pitaux<\/span><\/li>\n<li><span dir=\"auto\">D\u00e9clarations relatives \u00e0 la protection des donn\u00e9es et \u00e0 la confidentialit\u00e9<\/span><\/li>\n<li><span dir=\"auto\">Publications de recherche et revues m\u00e9dico-l\u00e9gales<\/span><\/li>\n<\/ul>\n<h3><span dir=\"auto\">&#8212;&#8212;&#8212;&#8212;&#8212;&#8212;&#8212;&#8212;&#8212;&#8212;&#8212;&#8212;&#8212;&#8212;&#8212;&#8212;&#8212;&#8212;&#8212;&#8212;&#8212;&#8212;&#8212;&#8212;&#8212;&#8212;&#8212;&#8212;&#8212;&#8212;&#8212;<\/span><\/h3>\n<h4><strong><span dir=\"auto\">Confidentialit\u00e9 et protection des donn\u00e9es<\/span><\/strong><\/h4>\n<p><span dir=\"auto\">Les documents relatifs au droit de la sant\u00e9 contiennent souvent&nbsp;<\/span><strong><span dir=\"auto\">des donn\u00e9es personnelles et m\u00e9dicales sensibles.<\/span><\/strong><\/p>\n<p><span dir=\"auto\">Chez&nbsp;<\/span><strong><span dir=\"auto\">Kalite Legal,<\/span><\/strong><span dir=\"auto\">&nbsp;nous respectons les normes les plus strictes en mati\u00e8re de confidentialit\u00e9 et de s\u00e9curit\u00e9 des donn\u00e9es, conform\u00e9ment au&nbsp;<\/span><strong><span dir=\"auto\">RGPD, \u00e0 la loi HIPAA<\/span><\/strong><span dir=\"auto\">&nbsp;et&nbsp;<\/span><strong><span dir=\"auto\">\u00e0 la norme ISO 17100.<\/span><\/strong><\/p>\n<p><span dir=\"auto\">Nous utilisons&nbsp;<\/span><strong><span dir=\"auto\">des syst\u00e8mes de cryptage s\u00e9curis\u00e9s<\/span><\/strong><span dir=\"auto\">&nbsp;pour le transfert de donn\u00e9es et maintenons&nbsp;<\/span><strong><span dir=\"auto\">des bases de donn\u00e9es terminologiques<\/span><\/strong><span dir=\"auto\">&nbsp;adapt\u00e9es au droit de la sant\u00e9, garantissant ainsi la pr\u00e9cision dans toutes les langues.<\/span><\/p>\n<p><span dir=\"auto\">Notre \u00e9quipe&nbsp;<\/span><strong><span dir=\"auto\">de gestion de projet, disponible 24h\/24 et 7j\/7,<\/span><\/strong><span dir=\"auto\">&nbsp;accompagne les \u00e9tablissements de sant\u00e9 et les cabinets d&#8217;avocats dans tous les fuseaux horaires, garantissant des d\u00e9lais d&#8217;ex\u00e9cution fiables et une qualit\u00e9 constante.<\/span><\/p>\n<h3><span dir=\"auto\">&#8212;&#8212;&#8212;&#8212;&#8212;&#8212;&#8212;&#8212;&#8212;&#8212;&#8212;&#8212;&#8212;&#8212;&#8212;&#8212;&#8212;&#8212;&#8212;&#8212;&#8212;&#8212;&#8212;&#8212;&#8212;&#8212;&#8212;&#8212;&#8212;&#8212;&#8212;<\/span><\/h3>\n<h4><strong><span dir=\"auto\">Demander un devis<\/span><\/strong><\/h4>\n<p><span dir=\"auto\">Besoin de traductions certifi\u00e9es pour des documents relatifs au droit de la sant\u00e9 ou au droit m\u00e9dical&nbsp;?<\/span><\/p>\n<p><strong><span dir=\"auto\">Kalite Legal Translations<\/span><\/strong><span dir=\"auto\">&nbsp;fournit des traductions certifi\u00e9es ISO 17100, doublement relues, auxquelles font confiance les cabinets d&#8217;avocats, les h\u00f4pitaux et les entreprises pharmaceutiques dans plus de 50 langues.<\/span><\/p>\n<p data-start=\"4003\" data-end=\"4105\"><strong><img decoding=\"async\" class=\"emoji\" role=\"img\" draggable=\"false\" src=\"https:\/\/s.w.org\/images\/core\/emoji\/17.0.2\/svg\/1f4e9.svg\" alt=\"\ud83d\udce9\"><span dir=\"auto\">Contactez d\u00e8s aujourd&#8217;hui nos sp\u00e9cialistes en traduction juridique sp\u00e9cialis\u00e9e en droit de la sant\u00e9 pour une consultation ou un devis.<\/span><\/strong><\/p>\n<p>[\/vc_column_text][\/vc_column][vc_column width=&#8221;1\/3&#8243; conditional_render=&#8221;%5B%7B%22value_role%22%3A%22administrator%22%7D%5D&#8221; css_params=&#8221;&#8221;]<div class=\"porto-ultimate-content-box-container mb-5\"><style>.porto_ucb_b0572038ed623d75079aebad6cf9ef13{will-change: box-shadow;box-shadow:0px 0px 31px -5px rgba(0,0,0,0.14);}.porto_ucb_b0572038ed623d75079aebad6cf9ef13:hover{box-shadow:0px 0px 31px -5px rgba(0,0,0,0.14)}<\/style><div class=\"porto-ultimate-content-box vc_custom_1768400234565 porto_ucb_b0572038ed623d75079aebad6cf9ef13\" style=\"\">[vc_custom_heading text=&#8221;Nos domaines de traduction juridique&#8221; font_container=&#8221;tag:h5|font_size:1.4em|text_align:center|color:%23ad9263|line_height:20px&#8221; use_theme_fonts=&#8221;yes&#8221; font_weight=&#8221;700&#8243; letter_spacing=&#8221;-0.05em&#8221; css=&#8221;.vc_custom_1771223260927{margin-bottom: 33px !important;}&#8221; css_params=&#8221;&#8221;][vc_separator color=&#8221;white&#8221; border_width=&#8221;4&#8243; css=&#8221;&#8221; css_params=&#8221;&#8221;]<div class=\"widget_sidebar_menu main-sidebar-menu vc_custom_1771223266845  wpb_custom_f1bf3be01688f2932659384675d1d31c\"><div class=\"sidebar-menu-wrap\"><ul id=\"menu-our-legal-translation-areas-fr\" class=\"sidebar-menu\"><li id=\"nav-menu-item-3507\" class=\"menu-item menu-item-type-post_type menu-item-object-page  narrow \"><a href=\"https:\/\/kalitetercume.com.tr\/Legal\/fr\/droit-des-societes-et-droit-des-contrats\/\">Droit des soci\u00e9t\u00e9s et droit des contrats<\/a><\/li>\n<li id=\"nav-menu-item-3504\" class=\"menu-item menu-item-type-post_type menu-item-object-page  narrow \"><a href=\"https:\/\/kalitetercume.com.tr\/Legal\/fr\/arbitrage-et-contentieux\/\">Arbitrage et Contentieux<\/a><\/li>\n<li id=\"nav-menu-item-3501\" class=\"menu-item menu-item-type-post_type menu-item-object-page  narrow \"><a href=\"https:\/\/kalitetercume.com.tr\/Legal\/fr\/documents-judiciaires-et-juridiques\/\">Documents judiciaires et juridiques<\/a><\/li>\n<li id=\"nav-menu-item-3498\" class=\"menu-item menu-item-type-post_type menu-item-object-page  narrow \"><a href=\"https:\/\/kalitetercume.com.tr\/Legal\/fr\/immigration-procedures-notariales\/\">Immigration &#038; Proc\u00e9dures Notariales<\/a><\/li>\n<li id=\"nav-menu-item-3495\" class=\"menu-item menu-item-type-post_type menu-item-object-page  narrow \"><a href=\"https:\/\/kalitetercume.com.tr\/Legal\/fr\/conformite-et-droit-reglementaire\/\">Conformit\u00e9 et droit r\u00e9glementaire<\/a><\/li>\n<li id=\"nav-menu-item-3492\" class=\"menu-item menu-item-type-post_type menu-item-object-page  narrow \"><a href=\"https:\/\/kalitetercume.com.tr\/Legal\/fr\/droit-de-la-famille\/\">Droit de la famille<\/a><\/li>\n<li id=\"nav-menu-item-3489\" class=\"menu-item menu-item-type-post_type menu-item-object-page  narrow \"><a href=\"https:\/\/kalitetercume.com.tr\/Legal\/fr\/droit-de-la-sante\/\">Droit de la sant\u00e9<\/a><\/li>\n<li id=\"nav-menu-item-3486\" class=\"menu-item menu-item-type-post_type menu-item-object-page  narrow \"><a href=\"https:\/\/kalitetercume.com.tr\/Legal\/fr\/droit-de-la-propriete-intellectuelle\/\">Droit de la Propri\u00e9t\u00e9 Intellectuelle<\/a><\/li>\n<li id=\"nav-menu-item-3482\" class=\"menu-item menu-item-type-post_type menu-item-object-page  narrow \"><a href=\"https:\/\/kalitetercume.com.tr\/Legal\/fr\/droit-penal\/\">Droit p\u00e9nal<\/a><\/li>\n<li id=\"nav-menu-item-3478\" class=\"menu-item menu-item-type-post_type menu-item-object-page  narrow \"><a href=\"https:\/\/kalitetercume.com.tr\/Legal\/fr\/droit-du-travail\/\">Droit du travail<\/a><\/li>\n<li id=\"nav-menu-item-3475\" class=\"menu-item menu-item-type-post_type menu-item-object-page  narrow \"><a href=\"https:\/\/kalitetercume.com.tr\/Legal\/fr\/droit-immobilier-et-droit-de-la-construction\/\">Droit immobilier et droit de la construction<\/a><\/li>\n<li id=\"nav-menu-item-3471\" class=\"menu-item menu-item-type-post_type menu-item-object-page  narrow \"><a href=\"https:\/\/kalitetercume.com.tr\/Legal\/fr\/droit-fiscal-et-financier\/\">Droit fiscal et financier<\/a><\/li>\n<li id=\"nav-menu-item-3467\" class=\"menu-item menu-item-type-post_type menu-item-object-page  narrow \"><a href=\"https:\/\/kalitetercume.com.tr\/Legal\/fr\/droit-des-assurances\/\">Droit des assurances<\/a><\/li>\n<li id=\"nav-menu-item-3464\" class=\"menu-item menu-item-type-post_type menu-item-object-page  narrow \"><a href=\"https:\/\/kalitetercume.com.tr\/Legal\/fr\/droit-administratif\/\">Droit Administratif<\/a><\/li>\n<li id=\"nav-menu-item-3457\" class=\"menu-item menu-item-type-post_type menu-item-object-page  narrow \"><a href=\"https:\/\/kalitetercume.com.tr\/Legal\/fr\/droit-international\/\">Droit international<\/a><\/li>\n<li id=\"nav-menu-item-3454\" class=\"menu-item menu-item-type-post_type menu-item-object-page  narrow \"><a href=\"https:\/\/kalitetercume.com.tr\/Legal\/fr\/droit-maritime\/\">Droit maritime<\/a><\/li>\n<li id=\"nav-menu-item-3449\" class=\"menu-item menu-item-type-post_type menu-item-object-page  narrow \"><a href=\"https:\/\/kalitetercume.com.tr\/Legal\/fr\/droit-de-lenvironnement\/\">Droit de l\u2019environnement<\/a><\/li>\n<li id=\"nav-menu-item-3437\" class=\"menu-item menu-item-type-post_type menu-item-object-page  narrow \"><a href=\"https:\/\/kalitetercume.com.tr\/Legal\/fr\/droit-bancaire-et-financier\/\">Droit bancaire et financier<\/a><\/li>\n<\/ul><\/div><\/div><\/div><\/div><div class=\"porto-ultimate-content-box-container text-center\"><style>.porto_ucb_b0572038ed623d75079aebad6cf9ef13{will-change: box-shadow;box-shadow:0px 0px 31px -5px rgba(0,0,0,0.14);}.porto_ucb_b0572038ed623d75079aebad6cf9ef13:hover{box-shadow:0px 0px 31px -5px rgba(0,0,0,0.14)}<\/style><div class=\"porto-ultimate-content-box vc_custom_1709720852896 porto_ucb_b0572038ed623d75079aebad6cf9ef13\" style=\"\">[vc_custom_heading text=&#8221;Comment pouvons-nous vous aider ?&#8221; font_container=&#8221;tag:div|font_size:1.1em|text_align:center|color:rgba(255%2C255%2C255%2C0.9)|line_height:24px&#8221; use_theme_fonts=&#8221;yes&#8221; font_weight=&#8221;600&#8243; letter_spacing=&#8221;-0.05em&#8221; animation_delay=&#8221;500&#8243; el_class=&#8221;opacity-9 mb-1&#8243; animation_type=&#8221;lightSpeedIn&#8221; css_params=&#8221;&#8221;][vc_custom_heading text=&#8221;Avez-vous besoin d&#8217;une traduction l\u00e9gale ?&#8221; font_container=&#8221;tag:h2|font_size:1.7em|text_align:center&#8221; use_theme_fonts=&#8221;yes&#8221; font_weight=&#8221;700&#8243; skin=&#8221;light&#8221; letter_spacing=&#8221;-1px&#8221; animation_delay=&#8221;750&#8243; el_class=&#8221;mb-2 font-style-normal&#8221; animation_type=&#8221;lightSpeedIn&#8221; css_params=&#8221;&#8221;][vc_custom_heading text=&#8221;Contactez-nous imm\u00e9diatement&#8221; font_container=&#8221;tag:p|font_size:1.1em|text_align:center|color:rgba(255%2C255%2C255%2C0.8)|line_height:26px&#8221; use_theme_fonts=&#8221;yes&#8221; animation_delay=&#8221;950&#8243; css=&#8221;.vc_custom_1771223294537{margin-bottom: 47px !important;}&#8221; el_class=&#8221;opacity-8&#8243; animation_type=&#8221;lightSpeedIn&#8221; css_params=&#8221;&#8221;]<div class=\"porto-sicon-box  vc_custom_1761551232120 top-n1-icon-box justify-content-center  wpb_custom_a4802976ddc90dd45e8cea536ff68ec0 style_1 default-icon\"><div class=\"porto-sicon-default\"><div class=\"porto-just-icon-wrapper porto-icon none\" style=\"color:var(--porto-primary-color);font-size:23.1px;\"><i class=\"Simple-Line-Icons-phone\"><\/i><\/div><\/div><div class=\"porto-sicon-header\"><a class=\"porto-sicon-box-link\" href=\"tel:+1234567890\"><div class=\"porto-sicon-title\" style=\"font-weight:700;font-size:21px;color:#ffffff;line-height:24px;letter-spacing:0;\">+90 507 220 38 62<\/div><\/a><\/div> <!-- header --><\/div><!-- porto-sicon-box --><div class=\"porto-sicon-box  vc_custom_1761551253231 top-2-icon-box justify-content-center  wpb_custom_2ccbe3e616e3e99d1ad178e76088c729 style_1 default-icon\"><div class=\"porto-sicon-default\"><div class=\"porto-just-icon-wrapper porto-icon none\" style=\"color:var(--porto-primary-color);font-size:25.2px;\"><i class=\"Simple-Line-Icons-envelope\"><\/i><\/div><\/div><div class=\"porto-sicon-header\"><a class=\"porto-sicon-box-link\" href=\"mailto:porto@consulting.com\"><div class=\"porto-sicon-title\" style=\"font-size:16.8px;color:#ffffff;line-height:24px;letter-spacing:0;\">info@kalitetercume.com.tr<\/div><\/a><\/div> <!-- header --><\/div><!-- porto-sicon-box --><div class=\"porto-sicon-box  vc_custom_1771223318500 top-n1-icon-box justify-content-center  wpb_custom_68c54048e3c209cf95a5deb478b05eb6 style_1 default-icon\"><div class=\"porto-sicon-default\"><div class=\"porto-just-icon-wrapper porto-icon none\" style=\"color:var(--porto-primary-color);font-size:25.2px;\"><i class=\"Simple-Line-Icons-calendar\"><\/i><\/div><\/div><div class=\"porto-sicon-header\"><div class=\"porto-sicon-title\" style=\"\">\u00c0 votre service 24h\/24, 365 jours par an.<\/div><\/div> <!-- header --><\/div><!-- porto-sicon-box -->[vc_btn title=&#8221;Enter en contact&#8221; skin=&#8221;primary&#8221; btn_fw=&#8221;700&#8243; el_cls=&#8221;br-thick&#8221; link=&#8221;url:https%3A%2F%2Fkalitetercume.com.tr%2FLegal%2Ffr%2Fcontact-2%2F|title:Contact&#8221; btn_px=&#8221;2.4rem&#8221; btn_py=&#8221;1.29rem&#8221; el_class=&#8221;text-none mb-0&#8243; css_params=&#8221;&#8221;]<\/div><\/div>[\/vc_column][\/vc_row][vc_row][vc_column][vc_empty_space height=&#8221;20px&#8221; css_params=&#8221;&#8221;][vc_empty_space height=&#8221;20px&#8221; css_params=&#8221;&#8221;][\/vc_column][\/vc_row][vc_row full_width_css=&#8221;stretch_row_css&#8221; css=&#8221;.vc_custom_1767162407247{padding-top: 98px !important;padding-bottom: 218px !important;background-image: url(https:\/\/kalitetercume.com.tr\/Legal\/wp-content\/uploads\/2025\/12\/lf2-background-1-1.jpg?id=2687) !important;background-position: center !important;background-repeat: no-repeat !important;background-size: cover !important;}&#8221; el_class=&#8221;overlay-dark position-relative&#8221; conditional_render=&#8221;%5B%7B%22value_role%22%3A%22administrator%22%7D%5D&#8221; css_params=&#8221;&#8221;][vc_column el_class=&#8221;z-index-1&#8243; conditional_render=&#8221;%5B%7B%22value_role%22%3A%22administrator%22%7D%5D&#8221;][vc_custom_heading text=&#8221;Avocats et partenaires&#8221; font_container=&#8221;tag:div|font_size:1.2em|text_align:center|line_height:24px&#8221; use_theme_fonts=&#8221;yes&#8221; font_weight=&#8221;600&#8243; skin=&#8221;primary&#8221; letter_spacing=&#8221;-0.05em&#8221; animation_delay=&#8221;200&#8243; el_class=&#8221;mb-2&#8243; animation_type=&#8221;fadeInUp&#8221; css_params=&#8221;&#8221;][vc_empty_space height=&#8221;20px&#8221; css_params=&#8221;&#8221;][vc_custom_heading text=&#8221;Notre \u00e9quipe juridique&#8221; font_container=&#8221;tag:h2|font_size:2.75em|text_align:center|line_height:42px&#8221; use_theme_fonts=&#8221;yes&#8221; text_transform=&#8221;text-capitalize&#8221; font_weight=&#8221;700&#8243; skin=&#8221;light&#8221; letter_spacing=&#8221;-1px&#8221; animation_delay=&#8221;400&#8243; el_class=&#8221;mb-0 font-style-normal&#8221; animation_type=&#8221;fadeInUp&#8221; css_params=&#8221;&#8221;][vc_empty_space height=&#8221;20px&#8221; css_params=&#8221;&#8221;][\/vc_column][\/vc_row][vc_row full_width_css=&#8221;stretch_row_css&#8221; no_padding=&#8221;yes&#8221; animation_delay=&#8221;1000&#8243; css=&#8221;.vc_custom_1767162167650{margin-top: -187px !important;padding-bottom: 24px !important;}&#8221; animation_type=&#8221;fadeInUp&#8221; conditional_render=&#8221;%5B%7B%22value_role%22%3A%22administrator%22%7D%5D&#8221; css_params=&#8221;&#8221;][vc_column conditional_render=&#8221;%5B%7B%22value_role%22%3A%22administrator%22%7D%5D&#8221;][porto_tb_posts post_type=&#8221;member&#8221; view=&#8221;slider&#8221; spacing=&#8221;20&#8243; columns=&#8221;5&#8243; columns_tablet=&#8221;2&#8243; navigation=&#8221;&#8221; pagination=&#8221;yes&#8221; dots_pos=&#8221;custom-dots&#8221; dots_visible=&#8221;{&#8220;xl&#8220;:&#8220;{&#8220;xl&#8220;:&#8220;`{`object&#8220;}&#8221; dots_original=&#8221;-50%&#8221; builder_id=&#8221;764&#8243; dots_pos_bottom=&#8221;{&#8220;sm&#8220;:&#8220;10&#8220;,&#8220;unit&#8220;:&#8220;&#8220;,&#8220;xs&#8220;:&#8220;&#8220;,&#8220;md&#8220;:&#8220;&#8220;,&#8220;lg&#8220;:&#8220;&#8220;,&#8220;xl&#8220;:-40}&#8221; dots_pos_left=&#8221;{&#8220;unit&#8220;:&#8220;%&#8220;,&#8220;xs&#8220;:&#8220;&#8220;,&#8220;sm&#8220;:&#8220;&#8220;,&#8220;md&#8220;:&#8220;&#8220;,&#8220;lg&#8220;:&#8220;&#8220;,&#8220;xl&#8220;:&#8220;50&#8220;}&#8221; dots_bg_color=&#8221;rgba(33,33,33,0.6)&#8221; dots_abg_color=&#8221;#212529&#8243; el_class=&#8221;mb-0 mb-md-5 pb-5 box-shadow-carousel p-l-md p-r-md&#8221;][\/vc_column][\/vc_row]<\/p>\n<\/div>","protected":false},"excerpt":{"rendered":"<p>[vc_row wrap_container=&#8221;yes&#8221; conditional_render=&#8221;%5B%7B%22value_role%22%3A%22administrator%22%7D%5D&#8221; css_params=&#8221;&#8221;][vc_column][vc_empty_space height=&#8221;20px&#8221; css_params=&#8221;&#8221;][vc_empty_space height=&#8221;20px&#8221; css_params=&#8221;&#8221;][vc_custom_heading text=&#8221;Droit de la sant\u00e9&#8221; font_container=&#8221;tag:h6|font_size:2.2em|text_align:left|color:var(&#8211;porto-quaternary-color)|line_height:1.3&#8243; use_theme_fonts=&#8221;yes&#8221; font_weight=&#8221;600&#8243; animation_delay=&#8221;1000&#8243; el_class=&#8221;mb-2 d-inline-block&#8221; animation_type=&#8221;bounceIn&#8221; css_params=&#8221;&#8221;][vc_empty_space height=&#8221;20px&#8221; css_params=&#8221;&#8221;][\/vc_column][\/vc_row][vc_row full_width_css=&#8221;stretch_row_css&#8221; wrap_container=&#8221;yes&#8221; conditional_render=&#8221;%5B%7B%22value_role%22%3A%22administrator%22%7D%5D&#8221; css_params=&#8221;&#8221;][vc_column width=&#8221;2\/3&#8243;][vc_column_text css=&#8221;&#8221; css_params=&#8221;&#8221;] Traduction juridique sp\u00e9cialis\u00e9e pour les documents relatifs au droit de la sant\u00e9 et au droit m\u00e9dical Le droit de la sant\u00e9 se situe au carrefour de [&hellip;]<\/p>\n","protected":false},"author":1,"featured_media":0,"parent":0,"menu_order":0,"comment_status":"closed","ping_status":"closed","template":"","meta":{"_acf_changed":false,"footnotes":""},"class_list":["post-3487","page","type-page","status-publish","hentry"],"acf":[],"_links":{"self":[{"href":"https:\/\/kalitetercume.com.tr\/Legal\/wp-json\/wp\/v2\/pages\/3487","targetHints":{"allow":["GET"]}}],"collection":[{"href":"https:\/\/kalitetercume.com.tr\/Legal\/wp-json\/wp\/v2\/pages"}],"about":[{"href":"https:\/\/kalitetercume.com.tr\/Legal\/wp-json\/wp\/v2\/types\/page"}],"author":[{"embeddable":true,"href":"https:\/\/kalitetercume.com.tr\/Legal\/wp-json\/wp\/v2\/users\/1"}],"replies":[{"embeddable":true,"href":"https:\/\/kalitetercume.com.tr\/Legal\/wp-json\/wp\/v2\/comments?post=3487"}],"version-history":[{"count":1,"href":"https:\/\/kalitetercume.com.tr\/Legal\/wp-json\/wp\/v2\/pages\/3487\/revisions"}],"predecessor-version":[{"id":3488,"href":"https:\/\/kalitetercume.com.tr\/Legal\/wp-json\/wp\/v2\/pages\/3487\/revisions\/3488"}],"wp:attachment":[{"href":"https:\/\/kalitetercume.com.tr\/Legal\/wp-json\/wp\/v2\/media?parent=3487"}],"curies":[{"name":"wp","href":"https:\/\/api.w.org\/{rel}","templated":true}]}}