{"id":3496,"date":"2026-02-18T10:18:39","date_gmt":"2026-02-18T07:18:39","guid":{"rendered":"https:\/\/kalitetercume.com.tr\/Legal\/?page_id=3496"},"modified":"2026-02-18T10:18:39","modified_gmt":"2026-02-18T07:18:39","slug":"immigration-procedures-notariales","status":"publish","type":"page","link":"https:\/\/kalitetercume.com.tr\/Legal\/fr\/immigration-procedures-notariales\/","title":{"rendered":"Immigration &#038; Proc\u00e9dures Notariales"},"content":{"rendered":"<div class=\"wpb-content-wrapper\"><p>[vc_row wrap_container=&#8221;yes&#8221; conditional_render=&#8221;%5B%7B%22value_role%22%3A%22administrator%22%7D%5D&#8221; css_params=&#8221;&#8221;][vc_column][vc_empty_space height=&#8221;20px&#8221; css_params=&#8221;&#8221;][vc_empty_space height=&#8221;20px&#8221; css_params=&#8221;&#8221;][vc_custom_heading text=&#8221;Immigration &#038; Proc\u00e9dures Notariales&#8221; font_container=&#8221;tag:h6|font_size:2.2em|text_align:left|color:var(&#8211;porto-quaternary-color)|line_height:1.3&#8243; use_theme_fonts=&#8221;yes&#8221; font_weight=&#8221;600&#8243; animation_delay=&#8221;1000&#8243; el_class=&#8221;mb-2 d-inline-block&#8221; animation_type=&#8221;bounceIn&#8221; css_params=&#8221;&#8221;][vc_empty_space height=&#8221;20px&#8221; css_params=&#8221;&#8221;][\/vc_column][\/vc_row][vc_row full_width_css=&#8221;stretch_row_css&#8221; wrap_container=&#8221;yes&#8221; conditional_render=&#8221;%5B%7B%22value_role%22%3A%22administrator%22%7D%5D&#8221; css_params=&#8221;&#8221;][vc_column width=&#8221;2\/3&#8243;][vc_column_text css=&#8221;&#8221; css_params=&#8221;&#8221;]<\/p>\n<h4><strong><span dir=\"auto\">Traductions certifi\u00e9es pour les documents d&#8217;immigration, d&#8217;apostille et notari\u00e9s<\/span><\/strong><\/h4>\n<p><span dir=\"auto\">Les traductions pour l&#8217;immigration et les actes notari\u00e9s exigent une pr\u00e9cision absolue, la confidentialit\u00e9 et une validit\u00e9 juridique irr\u00e9prochable. Les documents soumis aux services d&#8217;immigration, aux ambassades ou aux autorit\u00e9s notariales doivent \u00eatre traduits par des traducteurs asserment\u00e9s ma\u00eetrisant les exigences linguistiques et proc\u00e9durales des documents officiels.<\/span><\/p>\n<p><span dir=\"auto\">Chez&nbsp;<\/span><strong><span dir=\"auto\">Kalite Legal,<\/span><\/strong><span dir=\"auto\">&nbsp;nous fournissons des traductions certifi\u00e9es et asserment\u00e9es, reconnues par&nbsp;<\/span><strong><span dir=\"auto\">les ambassades, les services d&#8217;immigration, les consulats et les tribunaux<\/span><\/strong><span dir=\"auto\">&nbsp;du monde entier. Nos traducteurs sont des professionnels asserment\u00e9s poss\u00e9dant une vaste exp\u00e9rience dans la traduction de documents personnels et juridiques requis pour les demandes de visa, de titre de s\u00e9jour et de citoyennet\u00e9.<\/span><\/p>\n<h3><span dir=\"auto\">&#8212;&#8212;&#8212;&#8212;&#8212;&#8212;&#8212;&#8212;&#8212;&#8212;&#8212;&#8212;&#8212;&#8212;&#8212;&#8212;&#8212;&#8212;&#8212;&#8212;&#8212;&#8212;&#8212;&#8212;&#8212;&#8212;&#8212;&#8212;&#8212;&#8212;&#8212;<\/span><\/h3>\n<h3><strong><span dir=\"auto\">Qualit\u00e9 certifi\u00e9e ISO 17100 et acceptation mondiale<\/span><\/strong><\/h3>\n<p><span dir=\"auto\">Toutes les traductions sont r\u00e9alis\u00e9es conform\u00e9ment \u00e0&nbsp;<\/span><strong><span dir=\"auto\">la norme ISO 17100,<\/span><\/strong><span dir=\"auto\">&nbsp;garantissant ainsi leur exactitude linguistique et leur fiabilit\u00e9 juridique. Chaque traduction est relue par un second linguiste afin d&#8217;en assurer la coh\u00e9rence, l&#8217;exhaustivit\u00e9 et la justesse.<\/span><\/p>\n<p><span dir=\"auto\">Nous proposons \u00e9galement&nbsp;<\/span><strong><span dir=\"auto\">une assistance pour l&#8217;apostille, la coordination des actes notari\u00e9s et la livraison internationale<\/span><\/strong><span dir=\"auto\">&nbsp;de documents officiels. Que ce soit pour une demande de r\u00e9sidence permanente, un enregistrement de mariage ou une immigration d&#8217;affaires, Kalite Legal garantit que chaque traduction est parfaitement conforme \u00e0 la l\u00e9gislation du pays de destination.<\/span><\/p>\n<h3><span dir=\"auto\">&#8212;&#8212;&#8212;&#8212;&#8212;&#8212;&#8212;&#8212;&#8212;&#8212;&#8212;&#8212;&#8212;&#8212;&#8212;&#8212;&#8212;&#8212;&#8212;&#8212;&#8212;&#8212;&#8212;&#8212;&#8212;&#8212;&#8212;&#8212;&#8212;&#8212;&#8212;<\/span><\/h3>\n<h3><strong><span dir=\"auto\">Traduction de documents d&#8217;immigration et notari\u00e9s<\/span><\/strong><\/h3>\n<ul>\n<li><span dir=\"auto\">Passeports et cartes d&#8217;identit\u00e9<\/span><\/li>\n<li><span dir=\"auto\">certificats de naissance et de mariage<\/span><\/li>\n<li><span dir=\"auto\">D\u00e9crets de divorce et jugements des tribunaux des affaires familiales<\/span><\/li>\n<li><span dir=\"auto\">Dipl\u00f4mes et relev\u00e9s de notes universitaires<\/span><\/li>\n<li><span dir=\"auto\">documents de visa et de permis de s\u00e9jour<\/span><\/li>\n<li><span dir=\"auto\">Documents de naturalisation et de citoyennet\u00e9<\/span><\/li>\n<li><span dir=\"auto\">certificats de police<\/span><\/li>\n<li><span dir=\"auto\">Procurations<\/span><\/li>\n<li><span dir=\"auto\">Certificats et d\u00e9clarations sous serment notari\u00e9s<\/span><\/li>\n<li><span dir=\"auto\">Documents d&#8217;apostille et de l\u00e9galisation<\/span><\/li>\n<li><span dir=\"auto\">Lettres d&#8217;emploi et de parrainage<\/span><\/li>\n<li><span dir=\"auto\">relev\u00e9s bancaires et justificatifs financiers<\/span><\/li>\n<\/ul>\n<h3><span dir=\"auto\">&#8212;&#8212;&#8212;&#8212;&#8212;&#8212;&#8212;&#8212;&#8212;&#8212;&#8212;&#8212;&#8212;&#8212;&#8212;&#8212;&#8212;&#8212;&#8212;&#8212;&#8212;&#8212;&#8212;&#8212;&#8212;&#8212;&#8212;&#8212;&#8212;&#8212;&#8212;<\/span><\/h3>\n<h3><strong><span dir=\"auto\">Confidentialit\u00e9 et livraison s\u00e9curis\u00e9e<\/span><\/strong><\/h3>\n<p><span dir=\"auto\">Toutes les informations personnelles et juridiques sont trait\u00e9es dans le strict respect de la confidentialit\u00e9. Nos traducteurs sont li\u00e9s par des accords de confidentialit\u00e9 et des politiques de protection des donn\u00e9es conformes au&nbsp;<\/span><strong><span dir=\"auto\">RGPD.<\/span><\/strong><\/p>\n<p><span dir=\"auto\">Les documents peuvent \u00eatre livr\u00e9s par voie \u00e9lectronique ou envoy\u00e9s par courrier international sur demande, avec possibilit\u00e9 de notarisation ou de l\u00e9galisation.<\/span><\/p>\n<h3><span dir=\"auto\">&#8212;&#8212;&#8212;&#8212;&#8212;&#8212;&#8212;&#8212;&#8212;&#8212;&#8212;&#8212;&#8212;&#8212;&#8212;&#8212;&#8212;&#8212;&#8212;&#8212;&#8212;&#8212;&#8212;&#8212;&#8212;&#8212;&#8212;&#8212;&#8212;&#8212;&#8212;<\/span><\/h3>\n<h4><strong><span dir=\"auto\">Demander un devis<\/span><\/strong><\/h4>\n<p><span dir=\"auto\">Besoin de traductions asserment\u00e9es ou notari\u00e9es pour des proc\u00e9dures d&#8217;immigration ou d&#8217;apostille&nbsp;?<\/span><\/p>\n<p><strong><span dir=\"auto\">Kalite Legal&nbsp;<\/span><\/strong><strong><span dir=\"auto\">Translations<\/span><\/strong><span dir=\"auto\">&nbsp;propose des traductions certifi\u00e9es accept\u00e9es par les ambassades et les institutions du monde entier \u2014 dans plus de&nbsp;<\/span><strong><span dir=\"auto\">50 langues,<\/span><\/strong><span dir=\"auto\">&nbsp;24h\/24 et 7j\/7.<\/span><\/p>\n<p><strong><img decoding=\"async\" class=\"emoji\" role=\"img\" draggable=\"false\" src=\"https:\/\/s.w.org\/images\/core\/emoji\/17.0.2\/svg\/1f4e9.svg\" alt=\"\ud83d\udce9\"> <span dir=\"auto\">Contactez-nous d\u00e8s aujourd&#8217;hui pour obtenir un devis ou une consultation.<\/span><\/strong>[\/vc_column_text][\/vc_column][vc_column width=&#8221;1\/3&#8243; conditional_render=&#8221;%5B%7B%22value_role%22%3A%22administrator%22%7D%5D&#8221; css_params=&#8221;&#8221;]<div class=\"porto-ultimate-content-box-container mb-5\"><style>.porto_ucb_b0572038ed623d75079aebad6cf9ef13{will-change: box-shadow;box-shadow:0px 0px 31px -5px rgba(0,0,0,0.14);}.porto_ucb_b0572038ed623d75079aebad6cf9ef13:hover{box-shadow:0px 0px 31px -5px rgba(0,0,0,0.14)}<\/style><div class=\"porto-ultimate-content-box vc_custom_1768400234565 porto_ucb_b0572038ed623d75079aebad6cf9ef13\" style=\"\">[vc_custom_heading text=&#8221;Nos domaines de traduction juridique&#8221; font_container=&#8221;tag:h5|font_size:1.4em|text_align:center|color:%23ad9263|line_height:20px&#8221; use_theme_fonts=&#8221;yes&#8221; font_weight=&#8221;700&#8243; letter_spacing=&#8221;-0.05em&#8221; css=&#8221;.vc_custom_1771223260927{margin-bottom: 33px !important;}&#8221; css_params=&#8221;&#8221;][vc_separator color=&#8221;white&#8221; border_width=&#8221;4&#8243; css=&#8221;&#8221; css_params=&#8221;&#8221;]<div class=\"widget_sidebar_menu main-sidebar-menu vc_custom_1771223266845  wpb_custom_f1bf3be01688f2932659384675d1d31c\"><div class=\"sidebar-menu-wrap\"><ul id=\"menu-our-legal-translation-areas-fr\" class=\"sidebar-menu\"><li id=\"nav-menu-item-3507\" class=\"menu-item menu-item-type-post_type menu-item-object-page  narrow \"><a href=\"https:\/\/kalitetercume.com.tr\/Legal\/fr\/droit-des-societes-et-droit-des-contrats\/\">Droit des soci\u00e9t\u00e9s et droit des contrats<\/a><\/li>\n<li id=\"nav-menu-item-3504\" class=\"menu-item menu-item-type-post_type menu-item-object-page  narrow \"><a href=\"https:\/\/kalitetercume.com.tr\/Legal\/fr\/arbitrage-et-contentieux\/\">Arbitrage et Contentieux<\/a><\/li>\n<li id=\"nav-menu-item-3501\" class=\"menu-item menu-item-type-post_type menu-item-object-page  narrow \"><a href=\"https:\/\/kalitetercume.com.tr\/Legal\/fr\/documents-judiciaires-et-juridiques\/\">Documents judiciaires et juridiques<\/a><\/li>\n<li id=\"nav-menu-item-3498\" class=\"menu-item menu-item-type-post_type menu-item-object-page  narrow \"><a href=\"https:\/\/kalitetercume.com.tr\/Legal\/fr\/immigration-procedures-notariales\/\">Immigration &#038; Proc\u00e9dures Notariales<\/a><\/li>\n<li id=\"nav-menu-item-3495\" class=\"menu-item menu-item-type-post_type menu-item-object-page  narrow \"><a href=\"https:\/\/kalitetercume.com.tr\/Legal\/fr\/conformite-et-droit-reglementaire\/\">Conformit\u00e9 et droit r\u00e9glementaire<\/a><\/li>\n<li id=\"nav-menu-item-3492\" class=\"menu-item menu-item-type-post_type menu-item-object-page  narrow \"><a href=\"https:\/\/kalitetercume.com.tr\/Legal\/fr\/droit-de-la-famille\/\">Droit de la famille<\/a><\/li>\n<li id=\"nav-menu-item-3489\" class=\"menu-item menu-item-type-post_type menu-item-object-page  narrow \"><a href=\"https:\/\/kalitetercume.com.tr\/Legal\/fr\/droit-de-la-sante\/\">Droit de la sant\u00e9<\/a><\/li>\n<li id=\"nav-menu-item-3486\" class=\"menu-item menu-item-type-post_type menu-item-object-page  narrow \"><a href=\"https:\/\/kalitetercume.com.tr\/Legal\/fr\/droit-de-la-propriete-intellectuelle\/\">Droit de la Propri\u00e9t\u00e9 Intellectuelle<\/a><\/li>\n<li id=\"nav-menu-item-3482\" class=\"menu-item menu-item-type-post_type menu-item-object-page  narrow \"><a href=\"https:\/\/kalitetercume.com.tr\/Legal\/fr\/droit-penal\/\">Droit p\u00e9nal<\/a><\/li>\n<li id=\"nav-menu-item-3478\" class=\"menu-item menu-item-type-post_type menu-item-object-page  narrow \"><a href=\"https:\/\/kalitetercume.com.tr\/Legal\/fr\/droit-du-travail\/\">Droit du travail<\/a><\/li>\n<li id=\"nav-menu-item-3475\" class=\"menu-item menu-item-type-post_type menu-item-object-page  narrow \"><a href=\"https:\/\/kalitetercume.com.tr\/Legal\/fr\/droit-immobilier-et-droit-de-la-construction\/\">Droit immobilier et droit de la construction<\/a><\/li>\n<li id=\"nav-menu-item-3471\" class=\"menu-item menu-item-type-post_type menu-item-object-page  narrow \"><a href=\"https:\/\/kalitetercume.com.tr\/Legal\/fr\/droit-fiscal-et-financier\/\">Droit fiscal et financier<\/a><\/li>\n<li id=\"nav-menu-item-3467\" class=\"menu-item menu-item-type-post_type menu-item-object-page  narrow \"><a href=\"https:\/\/kalitetercume.com.tr\/Legal\/fr\/droit-des-assurances\/\">Droit des assurances<\/a><\/li>\n<li id=\"nav-menu-item-3464\" class=\"menu-item menu-item-type-post_type menu-item-object-page  narrow \"><a href=\"https:\/\/kalitetercume.com.tr\/Legal\/fr\/droit-administratif\/\">Droit Administratif<\/a><\/li>\n<li id=\"nav-menu-item-3457\" class=\"menu-item menu-item-type-post_type menu-item-object-page  narrow \"><a href=\"https:\/\/kalitetercume.com.tr\/Legal\/fr\/droit-international\/\">Droit international<\/a><\/li>\n<li id=\"nav-menu-item-3454\" class=\"menu-item menu-item-type-post_type menu-item-object-page  narrow \"><a href=\"https:\/\/kalitetercume.com.tr\/Legal\/fr\/droit-maritime\/\">Droit maritime<\/a><\/li>\n<li id=\"nav-menu-item-3449\" class=\"menu-item menu-item-type-post_type menu-item-object-page  narrow \"><a href=\"https:\/\/kalitetercume.com.tr\/Legal\/fr\/droit-de-lenvironnement\/\">Droit de l\u2019environnement<\/a><\/li>\n<li id=\"nav-menu-item-3437\" class=\"menu-item menu-item-type-post_type menu-item-object-page  narrow \"><a href=\"https:\/\/kalitetercume.com.tr\/Legal\/fr\/droit-bancaire-et-financier\/\">Droit bancaire et financier<\/a><\/li>\n<\/ul><\/div><\/div><\/div><\/div><div class=\"porto-ultimate-content-box-container text-center\"><style>.porto_ucb_b0572038ed623d75079aebad6cf9ef13{will-change: box-shadow;box-shadow:0px 0px 31px -5px rgba(0,0,0,0.14);}.porto_ucb_b0572038ed623d75079aebad6cf9ef13:hover{box-shadow:0px 0px 31px -5px rgba(0,0,0,0.14)}<\/style><div class=\"porto-ultimate-content-box vc_custom_1709720852896 porto_ucb_b0572038ed623d75079aebad6cf9ef13\" style=\"\">[vc_custom_heading text=&#8221;Comment pouvons-nous vous aider ?&#8221; font_container=&#8221;tag:div|font_size:1.1em|text_align:center|color:rgba(255%2C255%2C255%2C0.9)|line_height:24px&#8221; use_theme_fonts=&#8221;yes&#8221; font_weight=&#8221;600&#8243; letter_spacing=&#8221;-0.05em&#8221; animation_delay=&#8221;500&#8243; el_class=&#8221;opacity-9 mb-1&#8243; animation_type=&#8221;lightSpeedIn&#8221; css_params=&#8221;&#8221;][vc_custom_heading text=&#8221;Avez-vous besoin d&#8217;une traduction l\u00e9gale ?&#8221; font_container=&#8221;tag:h2|font_size:1.7em|text_align:center&#8221; use_theme_fonts=&#8221;yes&#8221; font_weight=&#8221;700&#8243; skin=&#8221;light&#8221; letter_spacing=&#8221;-1px&#8221; animation_delay=&#8221;750&#8243; el_class=&#8221;mb-2 font-style-normal&#8221; animation_type=&#8221;lightSpeedIn&#8221; css_params=&#8221;&#8221;][vc_custom_heading text=&#8221;Contactez-nous imm\u00e9diatement&#8221; font_container=&#8221;tag:p|font_size:1.1em|text_align:center|color:rgba(255%2C255%2C255%2C0.8)|line_height:26px&#8221; use_theme_fonts=&#8221;yes&#8221; animation_delay=&#8221;950&#8243; css=&#8221;.vc_custom_1771223294537{margin-bottom: 47px !important;}&#8221; el_class=&#8221;opacity-8&#8243; animation_type=&#8221;lightSpeedIn&#8221; css_params=&#8221;&#8221;]<div class=\"porto-sicon-box  vc_custom_1761551232120 top-n1-icon-box justify-content-center  wpb_custom_a4802976ddc90dd45e8cea536ff68ec0 style_1 default-icon\"><div class=\"porto-sicon-default\"><div class=\"porto-just-icon-wrapper porto-icon none\" style=\"color:var(--porto-primary-color);font-size:23.1px;\"><i class=\"Simple-Line-Icons-phone\"><\/i><\/div><\/div><div class=\"porto-sicon-header\"><a class=\"porto-sicon-box-link\" href=\"tel:+1234567890\"><div class=\"porto-sicon-title\" style=\"font-weight:700;font-size:21px;color:#ffffff;line-height:24px;letter-spacing:0;\">+90 507 220 38 62<\/div><\/a><\/div> <!-- header --><\/div><!-- porto-sicon-box --><div class=\"porto-sicon-box  vc_custom_1761551253231 top-2-icon-box justify-content-center  wpb_custom_2ccbe3e616e3e99d1ad178e76088c729 style_1 default-icon\"><div class=\"porto-sicon-default\"><div class=\"porto-just-icon-wrapper porto-icon none\" style=\"color:var(--porto-primary-color);font-size:25.2px;\"><i class=\"Simple-Line-Icons-envelope\"><\/i><\/div><\/div><div class=\"porto-sicon-header\"><a class=\"porto-sicon-box-link\" href=\"mailto:porto@consulting.com\"><div class=\"porto-sicon-title\" style=\"font-size:16.8px;color:#ffffff;line-height:24px;letter-spacing:0;\">info@kalitetercume.com.tr<\/div><\/a><\/div> <!-- header --><\/div><!-- porto-sicon-box --><div class=\"porto-sicon-box  vc_custom_1771223318500 top-n1-icon-box justify-content-center  wpb_custom_68c54048e3c209cf95a5deb478b05eb6 style_1 default-icon\"><div class=\"porto-sicon-default\"><div class=\"porto-just-icon-wrapper porto-icon none\" style=\"color:var(--porto-primary-color);font-size:25.2px;\"><i class=\"Simple-Line-Icons-calendar\"><\/i><\/div><\/div><div class=\"porto-sicon-header\"><div class=\"porto-sicon-title\" style=\"\">\u00c0 votre service 24h\/24, 365 jours par an.<\/div><\/div> <!-- header --><\/div><!-- porto-sicon-box -->[vc_btn title=&#8221;Enter en contact&#8221; skin=&#8221;primary&#8221; btn_fw=&#8221;700&#8243; el_cls=&#8221;br-thick&#8221; link=&#8221;url:https%3A%2F%2Fkalitetercume.com.tr%2FLegal%2Ffr%2Fcontact-2%2F|title:Contact&#8221; btn_px=&#8221;2.4rem&#8221; btn_py=&#8221;1.29rem&#8221; el_class=&#8221;text-none mb-0&#8243; css_params=&#8221;&#8221;]<\/div><\/div>[\/vc_column][\/vc_row][vc_row][vc_column][vc_empty_space height=&#8221;20px&#8221; css_params=&#8221;&#8221;][vc_empty_space height=&#8221;20px&#8221; css_params=&#8221;&#8221;][\/vc_column][\/vc_row][vc_row full_width_css=&#8221;stretch_row_css&#8221; css=&#8221;.vc_custom_1767162407247{padding-top: 98px !important;padding-bottom: 218px !important;background-image: url(https:\/\/kalitetercume.com.tr\/Legal\/wp-content\/uploads\/2025\/12\/lf2-background-1-1.jpg?id=2687) !important;background-position: center !important;background-repeat: no-repeat !important;background-size: cover !important;}&#8221; el_class=&#8221;overlay-dark position-relative&#8221; conditional_render=&#8221;%5B%7B%22value_role%22%3A%22administrator%22%7D%5D&#8221; css_params=&#8221;&#8221;][vc_column el_class=&#8221;z-index-1&#8243; conditional_render=&#8221;%5B%7B%22value_role%22%3A%22administrator%22%7D%5D&#8221;][vc_custom_heading text=&#8221;Avocats et partenaires&#8221; font_container=&#8221;tag:div|font_size:1.2em|text_align:center|line_height:24px&#8221; use_theme_fonts=&#8221;yes&#8221; font_weight=&#8221;600&#8243; skin=&#8221;primary&#8221; letter_spacing=&#8221;-0.05em&#8221; animation_delay=&#8221;200&#8243; el_class=&#8221;mb-2&#8243; animation_type=&#8221;fadeInUp&#8221; css_params=&#8221;&#8221;][vc_empty_space height=&#8221;20px&#8221; css_params=&#8221;&#8221;][vc_custom_heading text=&#8221;Notre \u00e9quipe juridique&#8221; font_container=&#8221;tag:h2|font_size:2.75em|text_align:center|line_height:42px&#8221; use_theme_fonts=&#8221;yes&#8221; text_transform=&#8221;text-capitalize&#8221; font_weight=&#8221;700&#8243; skin=&#8221;light&#8221; letter_spacing=&#8221;-1px&#8221; animation_delay=&#8221;400&#8243; el_class=&#8221;mb-0 font-style-normal&#8221; animation_type=&#8221;fadeInUp&#8221; css_params=&#8221;&#8221;][vc_empty_space height=&#8221;20px&#8221; css_params=&#8221;&#8221;][\/vc_column][\/vc_row][vc_row full_width_css=&#8221;stretch_row_css&#8221; no_padding=&#8221;yes&#8221; animation_delay=&#8221;1000&#8243; css=&#8221;.vc_custom_1767162167650{margin-top: -187px !important;padding-bottom: 24px !important;}&#8221; animation_type=&#8221;fadeInUp&#8221; conditional_render=&#8221;%5B%7B%22value_role%22%3A%22administrator%22%7D%5D&#8221; css_params=&#8221;&#8221;][vc_column conditional_render=&#8221;%5B%7B%22value_role%22%3A%22administrator%22%7D%5D&#8221;][porto_tb_posts post_type=&#8221;member&#8221; view=&#8221;slider&#8221; spacing=&#8221;20&#8243; columns=&#8221;5&#8243; columns_tablet=&#8221;2&#8243; navigation=&#8221;&#8221; pagination=&#8221;yes&#8221; dots_pos=&#8221;custom-dots&#8221; dots_visible=&#8221;{&#8220;xl&#8220;:&#8220;{&#8220;xl&#8220;:&#8220;`{`object&#8220;}&#8221; dots_original=&#8221;-50%&#8221; builder_id=&#8221;764&#8243; dots_pos_bottom=&#8221;{&#8220;sm&#8220;:&#8220;10&#8220;,&#8220;unit&#8220;:&#8220;&#8220;,&#8220;xs&#8220;:&#8220;&#8220;,&#8220;md&#8220;:&#8220;&#8220;,&#8220;lg&#8220;:&#8220;&#8220;,&#8220;xl&#8220;:-40}&#8221; dots_pos_left=&#8221;{&#8220;unit&#8220;:&#8220;%&#8220;,&#8220;xs&#8220;:&#8220;&#8220;,&#8220;sm&#8220;:&#8220;&#8220;,&#8220;md&#8220;:&#8220;&#8220;,&#8220;lg&#8220;:&#8220;&#8220;,&#8220;xl&#8220;:&#8220;50&#8220;}&#8221; dots_bg_color=&#8221;rgba(33,33,33,0.6)&#8221; dots_abg_color=&#8221;#212529&#8243; el_class=&#8221;mb-0 mb-md-5 pb-5 box-shadow-carousel p-l-md p-r-md&#8221;][\/vc_column][\/vc_row]<\/p>\n<\/div>","protected":false},"excerpt":{"rendered":"<p>[vc_row wrap_container=&#8221;yes&#8221; conditional_render=&#8221;%5B%7B%22value_role%22%3A%22administrator%22%7D%5D&#8221; css_params=&#8221;&#8221;][vc_column][vc_empty_space height=&#8221;20px&#8221; css_params=&#8221;&#8221;][vc_empty_space height=&#8221;20px&#8221; css_params=&#8221;&#8221;][vc_custom_heading text=&#8221;Immigration &#038; Proc\u00e9dures Notariales&#8221; font_container=&#8221;tag:h6|font_size:2.2em|text_align:left|color:var(&#8211;porto-quaternary-color)|line_height:1.3&#8243; use_theme_fonts=&#8221;yes&#8221; font_weight=&#8221;600&#8243; animation_delay=&#8221;1000&#8243; el_class=&#8221;mb-2 d-inline-block&#8221; animation_type=&#8221;bounceIn&#8221; css_params=&#8221;&#8221;][vc_empty_space height=&#8221;20px&#8221; css_params=&#8221;&#8221;][\/vc_column][\/vc_row][vc_row full_width_css=&#8221;stretch_row_css&#8221; wrap_container=&#8221;yes&#8221; conditional_render=&#8221;%5B%7B%22value_role%22%3A%22administrator%22%7D%5D&#8221; css_params=&#8221;&#8221;][vc_column width=&#8221;2\/3&#8243;][vc_column_text css=&#8221;&#8221; css_params=&#8221;&#8221;] Traductions certifi\u00e9es pour les documents d&#8217;immigration, d&#8217;apostille et notari\u00e9s Les traductions pour l&#8217;immigration et les actes notari\u00e9s exigent une pr\u00e9cision absolue, la confidentialit\u00e9 et une validit\u00e9 [&hellip;]<\/p>\n","protected":false},"author":1,"featured_media":0,"parent":0,"menu_order":0,"comment_status":"closed","ping_status":"closed","template":"","meta":{"_acf_changed":false,"footnotes":""},"class_list":["post-3496","page","type-page","status-publish","hentry"],"acf":[],"_links":{"self":[{"href":"https:\/\/kalitetercume.com.tr\/Legal\/wp-json\/wp\/v2\/pages\/3496","targetHints":{"allow":["GET"]}}],"collection":[{"href":"https:\/\/kalitetercume.com.tr\/Legal\/wp-json\/wp\/v2\/pages"}],"about":[{"href":"https:\/\/kalitetercume.com.tr\/Legal\/wp-json\/wp\/v2\/types\/page"}],"author":[{"embeddable":true,"href":"https:\/\/kalitetercume.com.tr\/Legal\/wp-json\/wp\/v2\/users\/1"}],"replies":[{"embeddable":true,"href":"https:\/\/kalitetercume.com.tr\/Legal\/wp-json\/wp\/v2\/comments?post=3496"}],"version-history":[{"count":1,"href":"https:\/\/kalitetercume.com.tr\/Legal\/wp-json\/wp\/v2\/pages\/3496\/revisions"}],"predecessor-version":[{"id":3497,"href":"https:\/\/kalitetercume.com.tr\/Legal\/wp-json\/wp\/v2\/pages\/3496\/revisions\/3497"}],"wp:attachment":[{"href":"https:\/\/kalitetercume.com.tr\/Legal\/wp-json\/wp\/v2\/media?parent=3496"}],"curies":[{"name":"wp","href":"https:\/\/api.w.org\/{rel}","templated":true}]}}