{"id":3502,"date":"2026-02-18T11:30:29","date_gmt":"2026-02-18T08:30:29","guid":{"rendered":"https:\/\/kalitetercume.com.tr\/Legal\/?page_id=3502"},"modified":"2026-02-18T11:32:57","modified_gmt":"2026-02-18T08:32:57","slug":"arbitrage-et-contentieux","status":"publish","type":"page","link":"https:\/\/kalitetercume.com.tr\/Legal\/fr\/arbitrage-et-contentieux\/","title":{"rendered":"Arbitrage et Contentieux"},"content":{"rendered":"<div class=\"wpb-content-wrapper\"><p>[vc_row wrap_container=&#8221;yes&#8221; conditional_render=&#8221;%5B%7B%22value_role%22%3A%22administrator%22%7D%5D&#8221; css_params=&#8221;&#8221;][vc_column][vc_empty_space height=&#8221;20px&#8221; css_params=&#8221;&#8221;][vc_empty_space height=&#8221;20px&#8221; css_params=&#8221;&#8221;][vc_custom_heading text=&#8221;Arbitrage et Contentieux&#8221; font_container=&#8221;tag:h6|font_size:2.2em|text_align:left|color:var(&#8211;porto-quaternary-color)|line_height:1.3&#8243; use_theme_fonts=&#8221;yes&#8221; font_weight=&#8221;600&#8243; animation_delay=&#8221;1000&#8243; el_class=&#8221;mb-2 d-inline-block&#8221; animation_type=&#8221;bounceIn&#8221; css_params=&#8221;&#8221;][vc_empty_space height=&#8221;20px&#8221; css_params=&#8221;&#8221;][\/vc_column][\/vc_row][vc_row full_width_css=&#8221;stretch_row_css&#8221; wrap_container=&#8221;yes&#8221; conditional_render=&#8221;%5B%7B%22value_role%22%3A%22administrator%22%7D%5D&#8221; css_params=&#8221;&#8221;][vc_column width=&#8221;2\/3&#8243;][vc_column_text css=&#8221;&#8221; css_params=&#8221;&#8221;]<\/p>\n<h4>Traduction sp\u00e9cialis\u00e9e pour l\u2019arbitrage et les proc\u00e9dures judiciaires<\/h4>\n<p data-start=\"263\" data-end=\"805\">Les documents d\u2019arbitrage et de contentieux exigent un niveau exceptionnel de pr\u00e9cision juridique et linguistique. La moindre variation terminologique peut influencer l\u2019interpr\u00e9tation d\u2019une affaire ou modifier le sens voulu d\u2019un argument juridique. Chez Kalite Legal, nos traducteurs \u2014 tous issus d\u2019une formation juridique ou disposant d\u2019une longue exp\u00e9rience en traduction juridique \u2014 fournissent des traductions conformes aux normes strictes des juridictions internationales et des tribunaux arbitraux.<\/p>\n<p data-start=\"807\" data-end=\"1259\">Nous accompagnons les cabinets d\u2019avocats, les d\u00e9partements juridiques d\u2019entreprise et les praticiens de l\u2019arbitrage dans la traduction d\u2019actes de proc\u00e9dure, de d\u00e9clarations de t\u00e9moins, de d\u00e9cisions judiciaires et de documents proc\u00e9duraux. Notre exp\u00e9rience couvre aussi bien l\u2019arbitrage institutionnel (ICC, LCIA, ICSID) que les proc\u00e9dures ad hoc, garantissant pr\u00e9cision et coh\u00e9rence dans les dossiers multilingues.<\/p>\n<h3><span dir=\"auto\">&#8212;&#8212;&#8212;&#8212;&#8212;&#8212;&#8212;&#8212;&#8212;&#8212;&#8212;&#8212;&#8212;&#8212;&#8212;&#8212;&#8212;&#8212;&#8212;&#8212;&#8212;&#8212;&#8212;&#8212;&#8212;&#8212;&#8212;&#8212;&#8212;&#8212;&#8212;<\/span><\/h3>\n<h4>Traducteurs juridiques de confiance avec une exp\u00e9rience \u00e9prouv\u00e9e<\/h4>\n<p data-start=\"1336\" data-end=\"1723\">Toutes nos traductions sont r\u00e9alis\u00e9es conform\u00e9ment aux normes de certification ISO 17100 et r\u00e9vis\u00e9es par un second linguiste juridique avant livraison. Nos traducteurs ma\u00eetrisent la terminologie proc\u00e9durale utilis\u00e9e dans les syst\u00e8mes de droit civil et de common law, ce qui garantit une \u00e9quivalence pr\u00e9cise des concepts juridiques entre les langues.<\/p>\n<p data-start=\"1725\" data-end=\"2144\">Nous proposons \u00e9galement des traductions certifi\u00e9es et notari\u00e9es accept\u00e9es par les tribunaux et autorit\u00e9s administratives dans de nombreuses juridictions. Que vous ayez besoin de pi\u00e8ces bilingues, de dossiers d\u2019affaires complets ou de documents pour des proc\u00e9dures d\u2019ex\u00e9cution, Kalite Legal garantit des traductions pouvant \u00eatre examin\u00e9es et valid\u00e9es dans tout type de juridiction.<\/p>\n<h3><span dir=\"auto\">&#8212;&#8212;&#8212;&#8212;&#8212;&#8212;&#8212;&#8212;&#8212;&#8212;&#8212;&#8212;&#8212;&#8212;&#8212;&#8212;&#8212;&#8212;&#8212;&#8212;&#8212;&#8212;&#8212;&#8212;&#8212;&#8212;&#8212;&#8212;&#8212;&#8212;&#8212;<\/span><\/h3>\n<h4>Documents d\u2019arbitrage et de contentieux que nous traduisons<\/h4>\n<ul>\n<li data-start=\"2216\" data-end=\"2264\">\n<p data-start=\"2218\" data-end=\"2264\">Requ\u00eates judiciaires et d\u00e9cisions de justice<\/p>\n<\/li>\n<li data-start=\"2265\" data-end=\"2313\">\n<p data-start=\"2267\" data-end=\"2313\">M\u00e9moires d\u2019arbitrage et sentences arbitrales<\/p>\n<\/li>\n<li data-start=\"2314\" data-end=\"2363\">\n<p data-start=\"2316\" data-end=\"2363\">D\u00e9clarations de t\u00e9moins et rapports d\u2019experts<\/p>\n<\/li>\n<li data-start=\"2364\" data-end=\"2409\">\n<p data-start=\"2366\" data-end=\"2409\">Ordonnances et notifications proc\u00e9durales<\/p>\n<\/li>\n<li data-start=\"2410\" data-end=\"2446\">\n<p data-start=\"2412\" data-end=\"2446\">Documents d\u2019ex\u00e9cution et d\u2019appel<\/p>\n<\/li>\n<li data-start=\"2447\" data-end=\"2481\">\n<p data-start=\"2449\" data-end=\"2481\">Avis juridiques et m\u00e9morandums<\/p>\n<\/li>\n<li data-start=\"2482\" data-end=\"2523\">\n<p data-start=\"2484\" data-end=\"2523\">Dossiers d\u2019affaires et pi\u00e8ces annexes<\/p>\n<\/li>\n<li data-start=\"2524\" data-end=\"2551\">\n<p data-start=\"2526\" data-end=\"2551\">Accords transactionnels<\/p>\n<\/li>\n<li data-start=\"2552\" data-end=\"2582\">\n<p data-start=\"2554\" data-end=\"2582\">Transcriptions d\u2019audiences<\/p>\n<\/li>\n<li data-start=\"2583\" data-end=\"2617\">\n<p data-start=\"2585\" data-end=\"2617\">Dossiers de preuves et annexes<\/p>\n<\/li>\n<li data-start=\"2618\" data-end=\"2648\">\n<p data-start=\"2620\" data-end=\"2648\">Documents p\u00e9naux et civils<\/p>\n<\/li>\n<li data-start=\"2649\" data-end=\"2730\">\n<p data-start=\"2651\" data-end=\"2730\">Documents de m\u00e9diation et de conciliation<\/p>\n<\/li>\n<\/ul>\n<h3><span dir=\"auto\">&#8212;&#8212;&#8212;&#8212;&#8212;&#8212;&#8212;&#8212;&#8212;&#8212;&#8212;&#8212;&#8212;&#8212;&#8212;&#8212;&#8212;&#8212;&#8212;&#8212;&#8212;&#8212;&#8212;&#8212;&#8212;&#8212;&#8212;&#8212;&#8212;&#8212;&#8212;<\/span><\/h3>\n<h4>Pr\u00e9cision, impartialit\u00e9 et confidentialit\u00e9<\/h4>\n<p data-start=\"2785\" data-end=\"3179\">Les litiges juridiques n\u00e9cessitent des traducteurs qui ma\u00eetrisent non seulement la langue, mais comprennent \u00e9galement l\u2019int\u00e9grit\u00e9 proc\u00e9durale du droit. Nos traducteurs juridiques travaillent dans le respect total de l\u2019impartialit\u00e9 et de la confidentialit\u00e9, garantissant la protection de toutes les informations sensibles pendant le processus de traduction.<\/p>\n<p data-start=\"3181\" data-end=\"3404\">Chaque projet est g\u00e9r\u00e9 par notre \u00e9quipe de coordination juridique disponible 24h\/24 et 7j\/7, garantissant des d\u00e9lais de r\u00e9ponse rapides, m\u00eame pour les proc\u00e9dures contentieuses urgentes.<\/p>\n<h3><span dir=\"auto\">&#8212;&#8212;&#8212;&#8212;&#8212;&#8212;&#8212;&#8212;&#8212;&#8212;&#8212;&#8212;&#8212;&#8212;&#8212;&#8212;&#8212;&#8212;&#8212;&#8212;&#8212;&#8212;&#8212;&#8212;&#8212;&#8212;&#8212;&#8212;&#8212;&#8212;&#8212;<\/span><\/h3>\n<h4><strong><span dir=\"auto\">Demander un devis<\/span><\/strong><\/h4>\n<p data-start=\"3434\" data-end=\"3527\">Avez-vous besoin de traductions certifi\u00e9es pour vos documents d\u2019arbitrage ou de contentieux ?<\/p>\n<p data-start=\"3529\" data-end=\"3756\">Kalite Legal Translations fournit des services de traduction juridique fiables et certifi\u00e9s ISO, reconnus par des cabinets d\u2019avocats internationaux et des juridictions dans le monde entier.<\/p>\n<p data-start=\"3758\" data-end=\"3814\">\ud83d\udce9 <strong>Contactez-nous d\u00e8s aujourd\u2019hui pour obtenir un devis.<\/strong><\/p>\n<p>[\/vc_column_text][\/vc_column][vc_column width=&#8221;1\/3&#8243; conditional_render=&#8221;%5B%7B%22value_role%22%3A%22administrator%22%7D%5D&#8221; css_params=&#8221;&#8221;]<div class=\"porto-ultimate-content-box-container mb-5\"><style>.porto_ucb_b0572038ed623d75079aebad6cf9ef13{will-change: box-shadow;box-shadow:0px 0px 31px -5px rgba(0,0,0,0.14);}.porto_ucb_b0572038ed623d75079aebad6cf9ef13:hover{box-shadow:0px 0px 31px -5px rgba(0,0,0,0.14)}<\/style><div class=\"porto-ultimate-content-box vc_custom_1768400234565 porto_ucb_b0572038ed623d75079aebad6cf9ef13\" style=\"\">[vc_custom_heading text=&#8221;Nos domaines de traduction juridique&#8221; font_container=&#8221;tag:h5|font_size:1.4em|text_align:center|color:%23ad9263|line_height:20px&#8221; use_theme_fonts=&#8221;yes&#8221; font_weight=&#8221;700&#8243; letter_spacing=&#8221;-0.05em&#8221; css=&#8221;.vc_custom_1771223260927{margin-bottom: 33px !important;}&#8221; css_params=&#8221;&#8221;][vc_separator color=&#8221;white&#8221; border_width=&#8221;4&#8243; css=&#8221;&#8221; css_params=&#8221;&#8221;]<div class=\"widget_sidebar_menu main-sidebar-menu vc_custom_1771223266845  wpb_custom_f1bf3be01688f2932659384675d1d31c\"><div class=\"sidebar-menu-wrap\"><ul id=\"menu-our-legal-translation-areas-fr\" class=\"sidebar-menu\"><li id=\"nav-menu-item-3507\" class=\"menu-item menu-item-type-post_type menu-item-object-page  narrow \"><a href=\"https:\/\/kalitetercume.com.tr\/Legal\/fr\/droit-des-societes-et-droit-des-contrats\/\">Droit des soci\u00e9t\u00e9s et droit des contrats<\/a><\/li>\n<li id=\"nav-menu-item-3504\" class=\"menu-item menu-item-type-post_type menu-item-object-page  narrow \"><a href=\"https:\/\/kalitetercume.com.tr\/Legal\/fr\/arbitrage-et-contentieux\/\">Arbitrage et Contentieux<\/a><\/li>\n<li id=\"nav-menu-item-3501\" class=\"menu-item menu-item-type-post_type menu-item-object-page  narrow \"><a href=\"https:\/\/kalitetercume.com.tr\/Legal\/fr\/documents-judiciaires-et-juridiques\/\">Documents judiciaires et juridiques<\/a><\/li>\n<li id=\"nav-menu-item-3498\" class=\"menu-item menu-item-type-post_type menu-item-object-page  narrow \"><a href=\"https:\/\/kalitetercume.com.tr\/Legal\/fr\/immigration-procedures-notariales\/\">Immigration &#038; Proc\u00e9dures Notariales<\/a><\/li>\n<li id=\"nav-menu-item-3495\" class=\"menu-item menu-item-type-post_type menu-item-object-page  narrow \"><a href=\"https:\/\/kalitetercume.com.tr\/Legal\/fr\/conformite-et-droit-reglementaire\/\">Conformit\u00e9 et droit r\u00e9glementaire<\/a><\/li>\n<li id=\"nav-menu-item-3492\" class=\"menu-item menu-item-type-post_type menu-item-object-page  narrow \"><a href=\"https:\/\/kalitetercume.com.tr\/Legal\/fr\/droit-de-la-famille\/\">Droit de la famille<\/a><\/li>\n<li id=\"nav-menu-item-3489\" class=\"menu-item menu-item-type-post_type menu-item-object-page  narrow \"><a href=\"https:\/\/kalitetercume.com.tr\/Legal\/fr\/droit-de-la-sante\/\">Droit de la sant\u00e9<\/a><\/li>\n<li id=\"nav-menu-item-3486\" class=\"menu-item menu-item-type-post_type menu-item-object-page  narrow \"><a href=\"https:\/\/kalitetercume.com.tr\/Legal\/fr\/droit-de-la-propriete-intellectuelle\/\">Droit de la Propri\u00e9t\u00e9 Intellectuelle<\/a><\/li>\n<li id=\"nav-menu-item-3482\" class=\"menu-item menu-item-type-post_type menu-item-object-page  narrow \"><a href=\"https:\/\/kalitetercume.com.tr\/Legal\/fr\/droit-penal\/\">Droit p\u00e9nal<\/a><\/li>\n<li id=\"nav-menu-item-3478\" class=\"menu-item menu-item-type-post_type menu-item-object-page  narrow \"><a href=\"https:\/\/kalitetercume.com.tr\/Legal\/fr\/droit-du-travail\/\">Droit du travail<\/a><\/li>\n<li id=\"nav-menu-item-3475\" class=\"menu-item menu-item-type-post_type menu-item-object-page  narrow \"><a href=\"https:\/\/kalitetercume.com.tr\/Legal\/fr\/droit-immobilier-et-droit-de-la-construction\/\">Droit immobilier et droit de la construction<\/a><\/li>\n<li id=\"nav-menu-item-3471\" class=\"menu-item menu-item-type-post_type menu-item-object-page  narrow \"><a href=\"https:\/\/kalitetercume.com.tr\/Legal\/fr\/droit-fiscal-et-financier\/\">Droit fiscal et financier<\/a><\/li>\n<li id=\"nav-menu-item-3467\" class=\"menu-item menu-item-type-post_type menu-item-object-page  narrow \"><a href=\"https:\/\/kalitetercume.com.tr\/Legal\/fr\/droit-des-assurances\/\">Droit des assurances<\/a><\/li>\n<li id=\"nav-menu-item-3464\" class=\"menu-item menu-item-type-post_type menu-item-object-page  narrow \"><a href=\"https:\/\/kalitetercume.com.tr\/Legal\/fr\/droit-administratif\/\">Droit Administratif<\/a><\/li>\n<li id=\"nav-menu-item-3457\" class=\"menu-item menu-item-type-post_type menu-item-object-page  narrow \"><a href=\"https:\/\/kalitetercume.com.tr\/Legal\/fr\/droit-international\/\">Droit international<\/a><\/li>\n<li id=\"nav-menu-item-3454\" class=\"menu-item menu-item-type-post_type menu-item-object-page  narrow \"><a href=\"https:\/\/kalitetercume.com.tr\/Legal\/fr\/droit-maritime\/\">Droit maritime<\/a><\/li>\n<li id=\"nav-menu-item-3449\" class=\"menu-item menu-item-type-post_type menu-item-object-page  narrow \"><a href=\"https:\/\/kalitetercume.com.tr\/Legal\/fr\/droit-de-lenvironnement\/\">Droit de l\u2019environnement<\/a><\/li>\n<li id=\"nav-menu-item-3437\" class=\"menu-item menu-item-type-post_type menu-item-object-page  narrow \"><a href=\"https:\/\/kalitetercume.com.tr\/Legal\/fr\/droit-bancaire-et-financier\/\">Droit bancaire et financier<\/a><\/li>\n<\/ul><\/div><\/div><\/div><\/div><div class=\"porto-ultimate-content-box-container text-center\"><style>.porto_ucb_b0572038ed623d75079aebad6cf9ef13{will-change: box-shadow;box-shadow:0px 0px 31px -5px rgba(0,0,0,0.14);}.porto_ucb_b0572038ed623d75079aebad6cf9ef13:hover{box-shadow:0px 0px 31px -5px rgba(0,0,0,0.14)}<\/style><div class=\"porto-ultimate-content-box vc_custom_1709720852896 porto_ucb_b0572038ed623d75079aebad6cf9ef13\" style=\"\">[vc_custom_heading text=&#8221;Comment pouvons-nous vous aider ?&#8221; font_container=&#8221;tag:div|font_size:1.1em|text_align:center|color:rgba(255%2C255%2C255%2C0.9)|line_height:24px&#8221; use_theme_fonts=&#8221;yes&#8221; font_weight=&#8221;600&#8243; letter_spacing=&#8221;-0.05em&#8221; animation_delay=&#8221;500&#8243; el_class=&#8221;opacity-9 mb-1&#8243; animation_type=&#8221;lightSpeedIn&#8221; css_params=&#8221;&#8221;][vc_custom_heading text=&#8221;Avez-vous besoin d&#8217;une traduction l\u00e9gale ?&#8221; font_container=&#8221;tag:h2|font_size:1.7em|text_align:center&#8221; use_theme_fonts=&#8221;yes&#8221; font_weight=&#8221;700&#8243; skin=&#8221;light&#8221; letter_spacing=&#8221;-1px&#8221; animation_delay=&#8221;750&#8243; el_class=&#8221;mb-2 font-style-normal&#8221; animation_type=&#8221;lightSpeedIn&#8221; css_params=&#8221;&#8221;][vc_custom_heading text=&#8221;Contactez-nous imm\u00e9diatement&#8221; font_container=&#8221;tag:p|font_size:1.1em|text_align:center|color:rgba(255%2C255%2C255%2C0.8)|line_height:26px&#8221; use_theme_fonts=&#8221;yes&#8221; animation_delay=&#8221;950&#8243; css=&#8221;.vc_custom_1771223294537{margin-bottom: 47px !important;}&#8221; el_class=&#8221;opacity-8&#8243; animation_type=&#8221;lightSpeedIn&#8221; css_params=&#8221;&#8221;]<div class=\"porto-sicon-box  vc_custom_1761551232120 top-n1-icon-box justify-content-center  wpb_custom_a4802976ddc90dd45e8cea536ff68ec0 style_1 default-icon\"><div class=\"porto-sicon-default\"><div class=\"porto-just-icon-wrapper porto-icon none\" style=\"color:var(--porto-primary-color);font-size:23.1px;\"><i class=\"Simple-Line-Icons-phone\"><\/i><\/div><\/div><div class=\"porto-sicon-header\"><a class=\"porto-sicon-box-link\" href=\"tel:+1234567890\"><div class=\"porto-sicon-title\" style=\"font-weight:700;font-size:21px;color:#ffffff;line-height:24px;letter-spacing:0;\">+90 507 220 38 62<\/div><\/a><\/div> <!-- header --><\/div><!-- porto-sicon-box --><div class=\"porto-sicon-box  vc_custom_1761551253231 top-2-icon-box justify-content-center  wpb_custom_2ccbe3e616e3e99d1ad178e76088c729 style_1 default-icon\"><div class=\"porto-sicon-default\"><div class=\"porto-just-icon-wrapper porto-icon none\" style=\"color:var(--porto-primary-color);font-size:25.2px;\"><i class=\"Simple-Line-Icons-envelope\"><\/i><\/div><\/div><div class=\"porto-sicon-header\"><a class=\"porto-sicon-box-link\" href=\"mailto:porto@consulting.com\"><div class=\"porto-sicon-title\" style=\"font-size:16.8px;color:#ffffff;line-height:24px;letter-spacing:0;\">info@kalitetercume.com.tr<\/div><\/a><\/div> <!-- header --><\/div><!-- porto-sicon-box --><div class=\"porto-sicon-box  vc_custom_1771223318500 top-n1-icon-box justify-content-center  wpb_custom_68c54048e3c209cf95a5deb478b05eb6 style_1 default-icon\"><div class=\"porto-sicon-default\"><div class=\"porto-just-icon-wrapper porto-icon none\" style=\"color:var(--porto-primary-color);font-size:25.2px;\"><i class=\"Simple-Line-Icons-calendar\"><\/i><\/div><\/div><div class=\"porto-sicon-header\"><div class=\"porto-sicon-title\" style=\"\">\u00c0 votre service 24h\/24, 365 jours par an.<\/div><\/div> <!-- header --><\/div><!-- porto-sicon-box -->[vc_btn title=&#8221;Enter en contact&#8221; skin=&#8221;primary&#8221; btn_fw=&#8221;700&#8243; el_cls=&#8221;br-thick&#8221; link=&#8221;url:https%3A%2F%2Fkalitetercume.com.tr%2FLegal%2Ffr%2Fcontact-2%2F|title:Contact&#8221; btn_px=&#8221;2.4rem&#8221; btn_py=&#8221;1.29rem&#8221; el_class=&#8221;text-none mb-0&#8243; css_params=&#8221;&#8221;]<\/div><\/div>[\/vc_column][\/vc_row][vc_row][vc_column][vc_empty_space height=&#8221;20px&#8221; css_params=&#8221;&#8221;][vc_empty_space height=&#8221;20px&#8221; css_params=&#8221;&#8221;][\/vc_column][\/vc_row][vc_row full_width_css=&#8221;stretch_row_css&#8221; css=&#8221;.vc_custom_1767162407247{padding-top: 98px !important;padding-bottom: 218px !important;background-image: url(https:\/\/kalitetercume.com.tr\/Legal\/wp-content\/uploads\/2025\/12\/lf2-background-1-1.jpg?id=2687) !important;background-position: center !important;background-repeat: no-repeat !important;background-size: cover !important;}&#8221; el_class=&#8221;overlay-dark position-relative&#8221; conditional_render=&#8221;%5B%7B%22value_role%22%3A%22administrator%22%7D%5D&#8221; css_params=&#8221;&#8221;][vc_column el_class=&#8221;z-index-1&#8243; conditional_render=&#8221;%5B%7B%22value_role%22%3A%22administrator%22%7D%5D&#8221;][vc_custom_heading text=&#8221;Avocats et partenaires&#8221; font_container=&#8221;tag:div|font_size:1.2em|text_align:center|line_height:24px&#8221; use_theme_fonts=&#8221;yes&#8221; font_weight=&#8221;600&#8243; skin=&#8221;primary&#8221; letter_spacing=&#8221;-0.05em&#8221; animation_delay=&#8221;200&#8243; el_class=&#8221;mb-2&#8243; animation_type=&#8221;fadeInUp&#8221; css_params=&#8221;&#8221;][vc_empty_space height=&#8221;20px&#8221; css_params=&#8221;&#8221;][vc_custom_heading text=&#8221;Notre \u00e9quipe juridique&#8221; font_container=&#8221;tag:h2|font_size:2.75em|text_align:center|line_height:42px&#8221; use_theme_fonts=&#8221;yes&#8221; text_transform=&#8221;text-capitalize&#8221; font_weight=&#8221;700&#8243; skin=&#8221;light&#8221; letter_spacing=&#8221;-1px&#8221; animation_delay=&#8221;400&#8243; el_class=&#8221;mb-0 font-style-normal&#8221; animation_type=&#8221;fadeInUp&#8221; css_params=&#8221;&#8221;][vc_empty_space height=&#8221;20px&#8221; css_params=&#8221;&#8221;][\/vc_column][\/vc_row][vc_row full_width_css=&#8221;stretch_row_css&#8221; no_padding=&#8221;yes&#8221; animation_delay=&#8221;1000&#8243; css=&#8221;.vc_custom_1767162167650{margin-top: -187px !important;padding-bottom: 24px !important;}&#8221; animation_type=&#8221;fadeInUp&#8221; conditional_render=&#8221;%5B%7B%22value_role%22%3A%22administrator%22%7D%5D&#8221; css_params=&#8221;&#8221;][vc_column conditional_render=&#8221;%5B%7B%22value_role%22%3A%22administrator%22%7D%5D&#8221;][porto_tb_posts post_type=&#8221;member&#8221; view=&#8221;slider&#8221; spacing=&#8221;20&#8243; columns=&#8221;5&#8243; columns_tablet=&#8221;2&#8243; navigation=&#8221;&#8221; pagination=&#8221;yes&#8221; dots_pos=&#8221;custom-dots&#8221; dots_visible=&#8221;{&#8220;xl&#8220;:&#8220;{&#8220;xl&#8220;:&#8220;`{`object&#8220;}&#8221; dots_original=&#8221;-50%&#8221; builder_id=&#8221;764&#8243; dots_pos_bottom=&#8221;{&#8220;sm&#8220;:&#8220;10&#8220;,&#8220;unit&#8220;:&#8220;&#8220;,&#8220;xs&#8220;:&#8220;&#8220;,&#8220;md&#8220;:&#8220;&#8220;,&#8220;lg&#8220;:&#8220;&#8220;,&#8220;xl&#8220;:-40}&#8221; dots_pos_left=&#8221;{&#8220;unit&#8220;:&#8220;%&#8220;,&#8220;xs&#8220;:&#8220;&#8220;,&#8220;sm&#8220;:&#8220;&#8220;,&#8220;md&#8220;:&#8220;&#8220;,&#8220;lg&#8220;:&#8220;&#8220;,&#8220;xl&#8220;:&#8220;50&#8220;}&#8221; dots_bg_color=&#8221;rgba(33,33,33,0.6)&#8221; dots_abg_color=&#8221;#212529&#8243; el_class=&#8221;mb-0 mb-md-5 pb-5 box-shadow-carousel p-l-md p-r-md&#8221;][\/vc_column][\/vc_row]<\/p>\n<\/div>","protected":false},"excerpt":{"rendered":"<p>[vc_row wrap_container=&#8221;yes&#8221; conditional_render=&#8221;%5B%7B%22value_role%22%3A%22administrator%22%7D%5D&#8221; css_params=&#8221;&#8221;][vc_column][vc_empty_space height=&#8221;20px&#8221; css_params=&#8221;&#8221;][vc_empty_space height=&#8221;20px&#8221; css_params=&#8221;&#8221;][vc_custom_heading text=&#8221;Arbitrage et Contentieux&#8221; font_container=&#8221;tag:h6|font_size:2.2em|text_align:left|color:var(&#8211;porto-quaternary-color)|line_height:1.3&#8243; use_theme_fonts=&#8221;yes&#8221; font_weight=&#8221;600&#8243; animation_delay=&#8221;1000&#8243; el_class=&#8221;mb-2 d-inline-block&#8221; animation_type=&#8221;bounceIn&#8221; css_params=&#8221;&#8221;][vc_empty_space height=&#8221;20px&#8221; css_params=&#8221;&#8221;][\/vc_column][\/vc_row][vc_row full_width_css=&#8221;stretch_row_css&#8221; wrap_container=&#8221;yes&#8221; conditional_render=&#8221;%5B%7B%22value_role%22%3A%22administrator%22%7D%5D&#8221; css_params=&#8221;&#8221;][vc_column width=&#8221;2\/3&#8243;][vc_column_text css=&#8221;&#8221; css_params=&#8221;&#8221;] Traduction sp\u00e9cialis\u00e9e pour l\u2019arbitrage et les proc\u00e9dures judiciaires Les documents d\u2019arbitrage et de contentieux exigent un niveau exceptionnel de pr\u00e9cision juridique et linguistique. La moindre variation terminologique [&hellip;]<\/p>\n","protected":false},"author":1,"featured_media":0,"parent":0,"menu_order":0,"comment_status":"closed","ping_status":"closed","template":"","meta":{"_acf_changed":false,"footnotes":""},"class_list":["post-3502","page","type-page","status-publish","hentry"],"acf":[],"_links":{"self":[{"href":"https:\/\/kalitetercume.com.tr\/Legal\/wp-json\/wp\/v2\/pages\/3502","targetHints":{"allow":["GET"]}}],"collection":[{"href":"https:\/\/kalitetercume.com.tr\/Legal\/wp-json\/wp\/v2\/pages"}],"about":[{"href":"https:\/\/kalitetercume.com.tr\/Legal\/wp-json\/wp\/v2\/types\/page"}],"author":[{"embeddable":true,"href":"https:\/\/kalitetercume.com.tr\/Legal\/wp-json\/wp\/v2\/users\/1"}],"replies":[{"embeddable":true,"href":"https:\/\/kalitetercume.com.tr\/Legal\/wp-json\/wp\/v2\/comments?post=3502"}],"version-history":[{"count":1,"href":"https:\/\/kalitetercume.com.tr\/Legal\/wp-json\/wp\/v2\/pages\/3502\/revisions"}],"predecessor-version":[{"id":3503,"href":"https:\/\/kalitetercume.com.tr\/Legal\/wp-json\/wp\/v2\/pages\/3502\/revisions\/3503"}],"wp:attachment":[{"href":"https:\/\/kalitetercume.com.tr\/Legal\/wp-json\/wp\/v2\/media?parent=3502"}],"curies":[{"name":"wp","href":"https:\/\/api.w.org\/{rel}","templated":true}]}}