{"id":3645,"date":"2026-03-24T15:51:05","date_gmt":"2026-03-24T12:51:05","guid":{"rendered":"https:\/\/kalitetercume.com.tr\/Legal\/?page_id=3645"},"modified":"2026-03-24T17:48:31","modified_gmt":"2026-03-24T14:48:31","slug":"fiyatlandirma","status":"publish","type":"page","link":"https:\/\/kalitetercume.com.tr\/Legal\/tr\/fiyatlandirma\/","title":{"rendered":"Fiyatland\u0131rma"},"content":{"rendered":"<div class=\"wpb-content-wrapper\"><p>[vc_row wrap_container=&#8221;yes&#8221; content_placement=&#8221;middle&#8221; css=&#8221;.vc_custom_1763102028937{padding-top: 50px !important;padding-bottom: 0px !important;}&#8221; conditional_render=&#8221;%5B%7B%22value_role%22%3A%22administrator%22%7D%5D&#8221; css_params=&#8221;&#8221;][vc_column offset=&#8221;vc_col-lg-8 vc_col-md-8&#8243;][vc_empty_space height=&#8221;30px&#8221; css_params=&#8221;&#8221;][vc_separator color=&#8221;custom&#8221; border_width=&#8221;3&#8243; css_animation=&#8221;slideInLeft&#8221; style=&#8221;solid&#8221; el_class=&#8221;custom-border customLineAnimation d-inline-block me-3 mb-1&#8243; accent_color=&#8221;#00a1cd&#8221;][vc_custom_heading text=&#8221;Fiyatland\u0131rma&#8221; font_container=&#8221;tag:h6|font_size:2.2em|text_align:left|color:var(&#8211;porto-dark-color)|line_height:1.3&#8243; use_theme_fonts=&#8221;yes&#8221; font_weight=&#8221;600&#8243; animation_delay=&#8221;1000&#8243; el_class=&#8221;mb-2 d-inline-block&#8221; animation_type=&#8221;fadeInLeft&#8221; css_params=&#8221;&#8221;][\/vc_column][\/vc_row][vc_row wrap_container=&#8221;yes&#8221; conditional_render=&#8221;%5B%7B%22value_role%22%3A%22administrator%22%7D%5D&#8221; css_params=&#8221;&#8221; css=&#8221;.vc_custom_1763102104192{margin-top: 30px !important;margin-bottom: 30px !important;background-color: #393c40 !important;}&#8221;][vc_column width=&#8221;1\/3&#8243;][vc_single_image image=&#8221;1951&#8243; img_size=&#8221;280*280&#8243; css=&#8221;.vc_custom_1763106083607{margin-top: 40px !important;}&#8221; css_params=&#8221;&#8221; animation_type=&#8221;bounceInLeft&#8221;][\/vc_column][vc_column width=&#8221;2\/3&#8243; css=&#8221;.vc_custom_1762417517488{margin-top: -40px !important;}&#8221; conditional_render=&#8221;%5B%7B%22value_role%22%3A%22administrator%22%7D%5D&#8221; css_params=&#8221;&#8221;][vc_empty_space height=&#8221;30px&#8221; css_params=&#8221;&#8221;][vc_empty_space height=&#8221;20px&#8221; css_params=&#8221;&#8221;][vc_column_text css=&#8221;.vc_custom_1774363710207{margin-top: 90px !important;}&#8221; css_params=&#8221;&#8221;]<\/p>\n<h3 style=\"color: #fff;\"><strong>Hukuki \u0130\u00e7erik \u0130\u00e7in \u015eeffaf,  ISO 17100 Uyumlu Fiyatland\u0131rma<\/strong><\/h3>\n<p style=\"text-align: justify; color: #fff;\">Her hukuki mesele benzersizdir. Fiyatland\u0131rmam\u0131z, dil \u00e7iftini, konu karma\u015f\u0131kl\u0131\u011f\u0131n\u0131, bi\u00e7imlendirme gereksinimlerini, belgelendirme\/noter tasdik \u015fartlar\u0131n\u0131 ve talep edilen teslim s\u00fcresini yans\u0131t\u0131r. T\u00fcm fiyat teklifleri, <strong>ISO 17100<\/strong> standard\u0131na uygun olarak gizlilik ilkesine uygun i\u015flem ve \u00e7ift dilli kalite kontrol\u00fcn\u00fc i\u00e7erir.<\/p>\n<p>[\/vc_column_text][\/vc_column][\/vc_row][vc_row wrap_container=&#8221;yes&#8221; conditional_render=&#8221;%5B%7B%22value_role%22%3A%22administrator%22%7D%5D&#8221; css_params=&#8221;&#8221; css=&#8221;.vc_custom_1763103969668{margin-top: 30px !important;margin-bottom: 30px !important;}&#8221;][vc_column width=&#8221;2\/3&#8243;][vc_empty_space height=&#8221;30px&#8221; css_params=&#8221;&#8221;][vc_column_text css=&#8221;&#8221; css_params=&#8221;&#8221;]<\/p>\n<h3><strong>Teklifinizi Nas\u0131l Hesapl\u0131yoruz?<\/strong><\/h3>\n<p>[\/vc_column_text][vc_column_text css=&#8221;&#8221; css_params=&#8221;&#8221;]\u2022 <strong>Dil \u00c7ifti ve Nadirlik<\/strong> \u2013 yayg\u0131n ve nadir diller<\/p>\n<p>\u2022 <strong>Uygulama Alan\u0131 ve Karma\u015f\u0131kl\u0131k D\u00fczeyi<\/strong> \u2013 \u00f6rne\u011fin, birle\u015fme ve devralmalar, tahkim, fikri m\u00fclkiyet, vergi, uyumluluk<\/p>\n<p>\u2022 <strong>Hacim ve Tekrarlama <\/strong>\u2013 CAT kald\u0131ra\u00e7 etkisi ve s\u00f6zl\u00fck tutarl\u0131l\u0131\u011f\u0131 indirimleri<\/p>\n<p>\u2022 <strong>Bi\u00e7imlendirme ve Teslim Edilecekler<\/strong> \u2013 ekler, tablolar, onayl\u0131 bas\u0131l\u0131 kopyalar<\/p>\n<p>\u2022 <strong>Belgeleme Gereksinimleri<\/strong> \u2013 yeminli\/onayl\u0131 belge, noter tasdiki, Apostil\/yasalla\u015ft\u0131rma<\/p>\n<p>\u2022 <strong>\u0130\u015flem S\u00fcresi ve Servis Aral\u0131\u011f\u0131<\/strong> \u2013 standart vs. acil\/mesai d\u0131\u015f\u0131[\/vc_column_text][vc_message icon_fontawesome=&#8221;fas fa-play&#8221; css=&#8221;&#8221; css_params=&#8221;&#8221;]<span data-teams=\"true\"><strong>Her zaman dahil olanlar:hukuk uzman\u0131 taraf\u0131ndan \u00e7eviri + ba\u011f\u0131ms\u0131z d\u00fczenleme\/d\u00fczeltme, terminoloji y\u00f6netimi, kalite kontrol denetimleri, g\u00fcvenli dosya transferi ve bir proje y\u00f6neticisi.<\/strong><\/span>[\/vc_message][\/vc_column][vc_column width=&#8221;1\/3&#8243;][vc_empty_space height=&#8221;30px&#8221; css_params=&#8221;&#8221;][vc_single_image image=&#8221;1965&#8243; img_size=&#8221;240*300&#8243; css=&#8221;&#8221; css_params=&#8221;&#8221; animation_type=&#8221;bounceInRight&#8221;][\/vc_column][\/vc_row][vc_row wrap_container=&#8221;yes&#8221; conditional_render=&#8221;%5B%7B%22value_role%22%3A%22administrator%22%7D%5D&#8221; css_params=&#8221;&#8221; css=&#8221;.vc_custom_1763103177344{margin-top: 30px !important;margin-bottom: 30px !important;background-color: #393c40 !important;}&#8221;][vc_column width=&#8221;1\/3&#8243;][vc_single_image image=&#8221;1976&#8243; img_size=&#8221;full&#8221; css=&#8221;.vc_custom_1763106200528{margin-top: 30px !important;}&#8221; css_params=&#8221;&#8221; animation_type=&#8221;bounceInLeft&#8221;][\/vc_column][vc_column width=&#8221;2\/3&#8243;][vc_empty_space height=&#8221;90px&#8221; css_params=&#8221;&#8221;][vc_column_text css=&#8221;&#8221; css_params=&#8221;&#8221;]<\/p>\n<h3 style=\"color: #fff;\"><strong>\u0130ndirimler ve Ek \u00dccretler<\/strong><\/h3>\n<p>[\/vc_column_text][vc_column_text css=&#8221;&#8221; css_params=&#8221;&#8221;]<\/p>\n<ul style=\"margin-left: 30px;\">\n<li style=\"list-style-type: none;\">\n<ul style=\"margin-left: 30px;\">\n<li style=\"color: #fff;\"><strong>Hacim Anla\u015fmalar\u0131<\/strong> \u2013 50.000 kelimeden fazla veya \u00e7er\u00e7eve s\u00f6zle\u015fmeler i\u00e7in %10&#8217;a kadar indirim<\/li>\n<li style=\"color: #fff;\"><strong>CAT Avantaj\u0131<\/strong> \u2013 tekrarlar\/ %100 e\u015fle\u015fmeler, m\u00fc\u015fteri onayl\u0131 terim taban\u0131na g\u00f6re indirimli<\/li>\n<li style=\"color: #fff;\"><strong>STK \/ Akademik<\/strong> \u2013 kar amac\u0131 g\u00fctmeyen kurulu\u015flar ve \u00fcniversiteler i\u00e7in \u00f6zel fiyatland\u0131rma<\/li>\n<li style=\"color: #fff;\"><strong>Acil \/ Hafta Sonu \/ Gece \u00c7al\u0131\u015fmas\u0131<\/strong> \u2013 kapsam ve zaman dilimine ba\u011fl\u0131 olarak +%20-40<\/li>\n<li style=\"color: #fff;\"><strong>Karma\u015f\u0131k D\u00fczen \/ Tarama \/ El Yaz\u0131s\u0131<\/strong> \u2013 dosya de\u011ferlendirmesine g\u00f6re fiyatland\u0131r\u0131l\u0131r<\/li>\n<\/ul>\n<\/li>\n<\/ul>\n<p>&nbsp;[\/vc_column_text][\/vc_column][\/vc_row][vc_row wrap_container=&#8221;yes&#8221; conditional_render=&#8221;%5B%7B%22value_role%22%3A%22administrator%22%7D%5D&#8221; css_params=&#8221;&#8221; css=&#8221;.vc_custom_1763103705276{margin-top: 30px !important;margin-bottom: 30px !important;}&#8221;][vc_column width=&#8221;2\/3&#8243;][vc_empty_space height=&#8221;90px&#8221; css_params=&#8221;&#8221;][vc_column_text css=&#8221;&#8221; css_params=&#8221;&#8221;]<\/p>\n<h3><strong>Her sipari\u015fte neler elde edersiniz?<\/strong><\/h3>\n<p>[\/vc_column_text][vc_column_text css=&#8221;&#8221; css_params=&#8221;&#8221;]<\/p>\n<ul style=\"margin-left: 30px;\">\n<li><strong>ISO 17100 standard\u0131na uygun iki dilli i\u015f ak\u0131\u015f\u0131 (\u00e7evirmen + edit\u00f6r)<\/strong><\/li>\n<li><strong>Hukuki terminoloji do\u011frulu\u011fu ve m\u00fc\u015fteriye \u00f6zel terim tabanlar\u0131<\/strong><\/li>\n<li><strong>Gizlilik ve GDPR uyumlu veri g\u00fcvenli\u011fi (Gizlilik S\u00f6zle\u015fmeleri mevcuttur)<\/strong><\/li>\n<li><strong>G\u00fcvenli teslimat (PDF\/Word; talep \u00fczerine onayl\u0131 bas\u0131l\u0131 kopyalar)<\/strong><\/li>\n<li><strong>7\/24 operasyonel destek sa\u011flayan \u00f6zel proje y\u00f6neticisi<\/strong><\/li>\n<\/ul>\n<p>[\/vc_column_text][\/vc_column][vc_column width=&#8221;1\/3&#8243;][vc_empty_space height=&#8221;20px&#8221; css_params=&#8221;&#8221;][vc_single_image image=&#8221;1981&#8243; img_size=&#8221;360*330&#8243; css=&#8221;&#8221; css_params=&#8221;&#8221; animation_type=&#8221;bounceInRight&#8221;][\/vc_column][\/vc_row][vc_row wrap_container=&#8221;yes&#8221; conditional_render=&#8221;%5B%7B%22value_role%22%3A%22administrator%22%7D%5D&#8221; css_params=&#8221;&#8221; css=&#8221;.vc_custom_1763105092196{margin-top: 30px !important;margin-bottom: 30px !important;background-color: #393c40 !important;}&#8221;][vc_column width=&#8221;1\/3&#8243;][vc_empty_space height=&#8221;20px&#8221; css_params=&#8221;&#8221;][vc_empty_space height=&#8221;20px&#8221; css_params=&#8221;&#8221;][vc_single_image image=&#8221;1989&#8243; img_size=&#8221;full&#8221; css=&#8221;&#8221; css_params=&#8221;&#8221; animation_type=&#8221;bounceInLeft&#8221;][\/vc_column][vc_column width=&#8221;2\/3&#8243;][vc_empty_space height=&#8221;90px&#8221; css_params=&#8221;&#8221;][vc_column_text css=&#8221;.vc_custom_1774358832648{margin-top: 30px !important;}&#8221; css_params=&#8221;&#8221;]<\/p>\n<h3 style=\"color: #fff;\">\u00d6deme ve Faturalama<\/h3>\n<p>[\/vc_column_text][vc_column_text css=&#8221;&#8221; css_params=&#8221;&#8221;]<\/p>\n<ul style=\"margin-left: 30px;\">\n<li style=\"color: #fff;\"><strong>Para Birimleri:<\/strong> EUR \/ USD \/ GBP \/ TL<\/li>\n<li style=\"color: #fff;\"><strong>\u00d6deme Y\u00f6ntemleri:<\/strong> Banka havalesi, kurumsal kart (talep \u00fczerine)<\/li>\n<li style=\"color: #fff;\"><strong>\u015eartlar:<\/strong> Onaylanm\u0131\u015f hesaplar i\u00e7in standart kurumsal \u015fartlar (\u00f6rne\u011fin, net 15\/30); tek seferlik \u00f6zel i\u015flemler i\u00e7in \u00f6n \u00f6deme.<\/li>\n<\/ul>\n<p>[\/vc_column_text][\/vc_column][\/vc_row][vc_row wrap_container=&#8221;yes&#8221; conditional_render=&#8221;%5B%7B%22value_role%22%3A%22administrator%22%7D%5D&#8221; css_params=&#8221;&#8221; css=&#8221;.vc_custom_1763105740433{margin-top: 30px !important;margin-bottom: 30px !important;}&#8221;][vc_column width=&#8221;2\/3&#8243;][vc_empty_space height=&#8221;20px&#8221; css_params=&#8221;&#8221;][vc_empty_space height=&#8221;20px&#8221; css_params=&#8221;&#8221;][vc_column_text css=&#8221;&#8221; css_params=&#8221;&#8221;]<\/p>\n<h3><strong>Fiyat Teklifi \u0130steyin<\/strong><\/h3>\n<p>[\/vc_column_text][vc_column_text css=&#8221;&#8221; css_params=&#8221;&#8221;]<\/p>\n<p style=\"text-align: justify;\">Dosyalar\u0131n\u0131z\u0131 (tercihen d\u00fczenlenebilir formatlarda) g\u00f6nderin ve bize \u015funlar\u0131 bildirin:<\/p>\n<p>[\/vc_column_text][vc_column_text css=&#8221;&#8221; css_params=&#8221;&#8221;]<\/p>\n<ul style=\"margin-left: 30px;\">\n<li>dil \u00e7ifti(leri)<\/li>\n<li>ama\u00e7 (mahkemeye sunma, noter tasdiki, yay\u0131nlama, i\u00e7 kullan\u0131m)<\/li>\n<li>Gerekli belgeler (yeminli\/noter onayl\u0131\/apostil)<\/li>\n<\/ul>\n<p>[\/vc_column_text][vc_column_text css=&#8221;&#8221; css_params=&#8221;&#8221;]<\/p>\n<p style=\"text-align: justify;\">Tekrarlanan metinleri\/bi\u00e7imlendirmeyi de\u011ferlendirece\u011fiz, kapsam\u0131 teyit edece\u011fiz ve net, ayr\u0131nt\u0131l\u0131 bir fiyat teklifi sunaca\u011f\u0131z.<\/p>\n<p>[\/vc_column_text][\/vc_column][vc_column width=&#8221;1\/3&#8243;][vc_empty_space height=&#8221;20px&#8221; css_params=&#8221;&#8221;][vc_single_image image=&#8221;1995&#8243; img_size=&#8221;310*310&#8243; css=&#8221;&#8221; css_params=&#8221;&#8221; animation_type=&#8221;fadeInRight&#8221;][\/vc_column][\/vc_row][vc_row wrap_container=&#8221;yes&#8221; animation_delay=&#8221;300&#8243; el_class=&#8221;overlay-dark position-relative&#8221; css=&#8221;.vc_custom_1767105540552{padding-top: 106px !important;padding-bottom: 55px !important;background-image: url(https:\/\/kalitetercume.com.tr\/Legal\/wp-content\/uploads\/2025\/12\/lf2-background-1-1.jpg?id=2687) !important;background-position: center !important;background-repeat: no-repeat !important;background-size: cover !important;}&#8221; animation_type=&#8221;fadeIn&#8221; conditional_render=&#8221;%5B%7B%22value_role%22%3A%22administrator%22%7D%5D&#8221; css_params=&#8221;&#8221;][vc_column el_class=&#8221;z-index-1&#8243; conditional_render=&#8221;%5B%7B%22value_role%22%3A%22administrator%22%7D%5D&#8221;][vc_custom_heading text=&#8221;Fark\u0131m\u0131z&#8221; font_container=&#8221;tag:h4|font_size:1.2em|text_align:center&#8221; use_theme_fonts=&#8221;yes&#8221; font_weight=&#8221;600&#8243; skin=&#8221;primary&#8221; letter_spacing=&#8221;-0.05em&#8221; css=&#8221;.vc_custom_1774255142388{margin-bottom: 15px !important;}&#8221; css_params=&#8221;&#8221;][vc_custom_heading text=&#8221;\u015eirket Profili&#8221; font_container=&#8221;tag:h2|font_size:2.75em|text_align:center|line_height:24px&#8221; use_theme_fonts=&#8221;yes&#8221; font_weight=&#8221;700&#8243; skin=&#8221;light&#8221; letter_spacing=&#8221;-1px&#8221; el_class=&#8221;pb-3 mb-5 font-style-normal&#8221; css_params=&#8221;&#8221;][vc_custom_heading text=&#8221;Fark\u0131m\u0131z, uzmanla\u015fma derinli\u011fimizde yatmaktad\u0131r; yaln\u0131zca hukuk e\u011fitimi alm\u0131\u015f \u00e7evirmenler ve edit\u00f6rlerle \u00e7al\u0131\u015f\u0131yoruz ve bunlar\u0131n bir\u00e7o\u011fu hukuk ve dilbilim alan\u0131nda lisans (LL.B.), y\u00fcksek lisans (LL.M.) veya doktora (PhD) derecesine sahiptir.<br \/>\nBu, s\u00f6zle\u015fmelerden tahkim ba\u015fvurular\u0131na kadar her yasal metnin tam yasal anlam\u0131n\u0131 ve uygulanabilirli\u011fini korumas\u0131n\u0131 sa\u011flar.&#8221; font_container=&#8221;tag:p|font_size:1.2em|text_align:center|line_height:26px&#8221; use_theme_fonts=&#8221;yes&#8221; skin=&#8221;light&#8221; css=&#8221;.vc_custom_1774336482141{padding-bottom: 2px !important;}&#8221; el_class=&#8221;mx-auto mb-3 col-md-11 px-0&#8243; css_params=&#8221;&#8221;][vc_row_inner el_class=&#8221;pt-5 pb-4&#8243;][vc_column_inner width=&#8221;1\/2&#8243; offset=&#8221;vc_col-md-3&#8243;]<div class=\"stats-block stats-top   wpb_custom_c4adc97aea333ecd4954deba660692d8\"><div class=\"stats-desc\"><div id=\"counter_9693679269e0bc1101376\" data-id=\"counter_9693679269e0bc1101376\" class=\"stats-number\" style=\" font-size:4em;line-height:1.2;color:#ffffff;\" data-speed=\"3\" data-counter-value=\"25\" data-separator=\",\" data-decimal=\".\">0<\/div><div class=\"counter_suffix mycust\" style=\" font-size:4em;color:var(--porto-primary-color)\">+<\/div><div class=\"stats-text\" style=\"font-weight:700;font-size:1.2em;line-height:15px;color:#ffffff;\">Deneyim<\/div><\/div><\/div>[\/vc_column_inner][vc_column_inner width=&#8221;1\/2&#8243; offset=&#8221;vc_col-md-3&#8243;]<div class=\"stats-block stats-top   wpb_custom_c4adc97aea333ecd4954deba660692d8\"><div class=\"stats-desc\"><div id=\"counter_64126318069e0bc110173a\" data-id=\"counter_64126318069e0bc110173a\" class=\"stats-number\" style=\" font-size:4em;line-height:1.2;color:#ffffff;\" data-speed=\"3\" data-counter-value=\"23.283\" data-separator=\",\" data-decimal=\".\">0<\/div><div class=\"counter_suffix mycust\" style=\" font-size:4em;color:var(--porto-primary-color)\">+<\/div><div class=\"stats-text\" style=\"font-weight:700;font-size:1.2em;line-height:15px;color:#ffffff;\">Proje<\/div><\/div><\/div>[\/vc_column_inner][vc_column_inner width=&#8221;1\/2&#8243; offset=&#8221;vc_col-md-3&#8243;]<div class=\"stats-block stats-top   wpb_custom_c4adc97aea333ecd4954deba660692d8\"><div class=\"stats-desc\"><div id=\"counter_144138134369e0bc1101ab3\" data-id=\"counter_144138134369e0bc1101ab3\" class=\"stats-number\" style=\" font-size:4em;line-height:1.2;color:#ffffff;\" data-speed=\"3\" data-counter-value=\"450\" data-separator=\"none\" data-decimal=\".\">0<\/div><div class=\"counter_suffix mycust\" style=\" font-size:4em;color:var(--porto-primary-color)\">+<\/div><div class=\"stats-text\" style=\"font-weight:700;font-size:1.2em;line-height:15px;color:#ffffff;\">Terc\u00fcman<\/div><\/div><\/div>[\/vc_column_inner][vc_column_inner width=&#8221;1\/2&#8243; offset=&#8221;vc_col-md-3&#8243;]<div class=\"stats-block stats-top   wpb_custom_c4adc97aea333ecd4954deba660692d8\"><div class=\"stats-desc\"><div id=\"counter_165409044469e0bc1101e28\" data-id=\"counter_165409044469e0bc1101e28\" class=\"stats-number\" style=\" font-size:4em;line-height:1.2;color:#ffffff;\" data-speed=\"3\" data-counter-value=\"50\" data-separator=\",\" data-decimal=\".\">0<\/div><div class=\"counter_suffix mycust\" style=\" font-size:4em;color:var(--porto-primary-color)\">+<\/div><div class=\"stats-text\" style=\"font-weight:700;font-size:1.2em;line-height:15px;color:#ffffff;\">Dil<\/div><\/div><\/div>[\/vc_column_inner][\/vc_row_inner][\/vc_column][\/vc_row][vc_row wrap_container=&#8221;yes&#8221; content_placement=&#8221;middle&#8221; animation_delay=&#8221;&#8221; css=&#8221;.vc_custom_1709680861094{padding-top: 90px !important;padding-bottom: 90px !important;background-color: #4e4129 !important;}&#8221; conditional_render=&#8221;%5B%7B%22value_role%22%3A%22administrator%22%7D%5D&#8221;][vc_column offset=&#8221;vc_col-lg-6&#8243; el_class=&#8221;mb-5 mb-xl-0&#8243;][vc_custom_heading text=&#8221;Size nas\u0131l yard\u0131mc\u0131 olabiliriz?&#8221; font_container=&#8221;tag:h4|font_size:1.2em|text_align:center|color:rgba(255%2C255%2C255%2C0.9)|line_height:24px&#8221; use_theme_fonts=&#8221;yes&#8221; font_weight=&#8221;600&#8243; letter_spacing=&#8221;-0.05em&#8221; animation_delay=&#8221;500&#8243; el_class=&#8221;opacity-9 mb-1&#8243; animation_type=&#8221;lightSpeedIn&#8221; css_params=&#8221;&#8221;][vc_custom_heading text=&#8221;Hukuk \u00e7evirisine mi ihtiyac\u0131n\u0131z var?&#8221; font_container=&#8221;tag:h2|font_size:2.75em|text_align:center&#8221; use_theme_fonts=&#8221;yes&#8221; font_weight=&#8221;700&#8243; skin=&#8221;light&#8221; letter_spacing=&#8221;-1px&#8221; animation_delay=&#8221;750&#8243; el_class=&#8221;mb-2 font-style-normal&#8221; animation_type=&#8221;lightSpeedIn&#8221; css_params=&#8221;&#8221;][vc_custom_heading text=&#8221;Bizimle hemen ileti\u015fime ge\u00e7in ve profesyonel destek al\u0131n.&#8221; font_container=&#8221;tag:p|font_size:1.1em|text_align:center|color:rgba(255%2C255%2C255%2C0.8)|line_height:26px&#8221; use_theme_fonts=&#8221;yes&#8221; animation_delay=&#8221;950&#8243; el_class=&#8221;mb-0 opacity-8&#8243; animation_type=&#8221;lightSpeedIn&#8221; css_params=&#8221;&#8221;][\/vc_column][vc_column animation_delay=&#8221;1600&#8243; el_class=&#8221;mb-5 mb-xl-0 order-lg-first&#8221; offset=&#8221;vc_col-lg-3&#8243; animation_type=&#8221;fadeInRight&#8221; conditional_render=&#8221;%5B%7B%22value_role%22%3A%22administrator%22%7D%5D&#8221;]<div class=\"porto-sicon-box  vc_custom_1761635678173 top-n1-icon-box mb-3 justify-content-center justify-content-xl-start  wpb_custom_a4802976ddc90dd45e8cea536ff68ec0 style_1 default-icon\"><div class=\"porto-sicon-default\"><div class=\"porto-just-icon-wrapper porto-icon none\" style=\"color:#ad9263;font-size:23.1px;\"><i class=\"Simple-Line-Icons-phone\"><\/i><\/div><\/div><div class=\"porto-sicon-header\"><a class=\"porto-sicon-box-link\" href=\"tel:+1234567890\"><div class=\"porto-sicon-title\" style=\"font-weight:700;font-size:21px;color:#ffffff;line-height:24px;letter-spacing:0;\">+90 507 220 38 62<\/div><\/a><\/div> <!-- header --><\/div><!-- porto-sicon-box --><div class=\"porto-sicon-box top-2-icon-box mb-0 justify-content-center justify-content-xl-start  wpb_custom_2ccbe3e616e3e99d1ad178e76088c729 style_1 default-icon\"><div class=\"porto-sicon-default\"><div class=\"porto-just-icon-wrapper porto-icon none\" style=\"color:#ad9263;font-size:25.2px;\"><i class=\"Simple-Line-Icons-envelope\"><\/i><\/div><\/div><div class=\"porto-sicon-header\"><a class=\"porto-sicon-box-link\" href=\"mailto:porto@consulting.com\"><div class=\"porto-sicon-title\" style=\"font-size:16.8px;color:#ffffff;line-height:24px;letter-spacing:0;\">info@kalitetercume.com.tr<\/div><\/a><\/div> <!-- header --><\/div><!-- porto-sicon-box --><div class=\"porto-sicon-box top-n1-icon-box mb-0 justify-content-center justify-content-xl-start  wpb_custom_136027c11a884a725fcd8d2f9b9d602a style_1 default-icon\"><div class=\"porto-sicon-default\"><div class=\"porto-just-icon-wrapper porto-icon none\" style=\"color:#ad9263;font-size:25.2px;\"><i class=\"Simple-Line-Icons-calendar\"><\/i><\/div><\/div><div class=\"porto-sicon-header\"><h6 class=\"porto-sicon-title\" style=\"\">7 g\u00fcn 24 saat hizmetinizdeyiz<\/h6><\/div> <!-- header --><\/div><!-- porto-sicon-box -->[\/vc_column][vc_column animation_delay=&#8221;1600&#8243; offset=&#8221;vc_col-lg-3&#8243; el_class=&#8221;text-center text-xl-end&#8221; animation_type=&#8221;fadeInLeft&#8221;][vc_btn title=&#8221;\u0130leti\u015fime Ge\u00e7in&#8221; skin=&#8221;primary&#8221; btn_fw=&#8221;700&#8243; el_cls=&#8221;br-thick&#8221; link=&#8221;url:https%3A%2F%2Fkalitetercume.com.tr%2FLegal%2Ftr%2Filetisim%2F|title:Contact&#8221; btn_px=&#8221;2.4rem&#8221; btn_py=&#8221;1.29rem&#8221; el_class=&#8221;text-none mb-0&#8243; css_params=&#8221;&#8221;][\/vc_column][\/vc_row]<\/p>\n<\/div>","protected":false},"excerpt":{"rendered":"<p>[vc_row wrap_container=&#8221;yes&#8221; content_placement=&#8221;middle&#8221; css=&#8221;.vc_custom_1763102028937{padding-top: 50px !important;padding-bottom: 0px !important;}&#8221; conditional_render=&#8221;%5B%7B%22value_role%22%3A%22administrator%22%7D%5D&#8221; css_params=&#8221;&#8221;][vc_column offset=&#8221;vc_col-lg-8 vc_col-md-8&#8243;][vc_empty_space height=&#8221;30px&#8221; css_params=&#8221;&#8221;][vc_separator color=&#8221;custom&#8221; border_width=&#8221;3&#8243; css_animation=&#8221;slideInLeft&#8221; style=&#8221;solid&#8221; el_class=&#8221;custom-border customLineAnimation d-inline-block me-3 mb-1&#8243; accent_color=&#8221;#00a1cd&#8221;][vc_custom_heading text=&#8221;Fiyatland\u0131rma&#8221; font_container=&#8221;tag:h6|font_size:2.2em|text_align:left|color:var(&#8211;porto-dark-color)|line_height:1.3&#8243; use_theme_fonts=&#8221;yes&#8221; font_weight=&#8221;600&#8243; animation_delay=&#8221;1000&#8243; el_class=&#8221;mb-2 d-inline-block&#8221; animation_type=&#8221;fadeInLeft&#8221; css_params=&#8221;&#8221;][\/vc_column][\/vc_row][vc_row wrap_container=&#8221;yes&#8221; conditional_render=&#8221;%5B%7B%22value_role%22%3A%22administrator%22%7D%5D&#8221; css_params=&#8221;&#8221; css=&#8221;.vc_custom_1763102104192{margin-top: 30px !important;margin-bottom: 30px !important;background-color: #393c40 !important;}&#8221;][vc_column width=&#8221;1\/3&#8243;][vc_single_image image=&#8221;1951&#8243; img_size=&#8221;280*280&#8243; css=&#8221;.vc_custom_1763106083607{margin-top: 40px !important;}&#8221; css_params=&#8221;&#8221; animation_type=&#8221;bounceInLeft&#8221;][\/vc_column][vc_column width=&#8221;2\/3&#8243; css=&#8221;.vc_custom_1762417517488{margin-top: -40px !important;}&#8221; [&hellip;]<\/p>\n","protected":false},"author":1,"featured_media":0,"parent":0,"menu_order":0,"comment_status":"closed","ping_status":"closed","template":"","meta":{"_acf_changed":false,"footnotes":""},"class_list":["post-3645","page","type-page","status-publish","hentry"],"acf":[],"_links":{"self":[{"href":"https:\/\/kalitetercume.com.tr\/Legal\/wp-json\/wp\/v2\/pages\/3645","targetHints":{"allow":["GET"]}}],"collection":[{"href":"https:\/\/kalitetercume.com.tr\/Legal\/wp-json\/wp\/v2\/pages"}],"about":[{"href":"https:\/\/kalitetercume.com.tr\/Legal\/wp-json\/wp\/v2\/types\/page"}],"author":[{"embeddable":true,"href":"https:\/\/kalitetercume.com.tr\/Legal\/wp-json\/wp\/v2\/users\/1"}],"replies":[{"embeddable":true,"href":"https:\/\/kalitetercume.com.tr\/Legal\/wp-json\/wp\/v2\/comments?post=3645"}],"version-history":[{"count":6,"href":"https:\/\/kalitetercume.com.tr\/Legal\/wp-json\/wp\/v2\/pages\/3645\/revisions"}],"predecessor-version":[{"id":3652,"href":"https:\/\/kalitetercume.com.tr\/Legal\/wp-json\/wp\/v2\/pages\/3645\/revisions\/3652"}],"wp:attachment":[{"href":"https:\/\/kalitetercume.com.tr\/Legal\/wp-json\/wp\/v2\/media?parent=3645"}],"curies":[{"name":"wp","href":"https:\/\/api.w.org\/{rel}","templated":true}]}}