{"id":3740,"date":"2026-04-14T09:56:30","date_gmt":"2026-04-14T06:56:30","guid":{"rendered":"https:\/\/kalitetercume.com.tr\/Legal\/?page_id=3740"},"modified":"2026-04-16T17:58:42","modified_gmt":"2026-04-16T14:58:42","slug":"cevre-hukuku","status":"publish","type":"page","link":"https:\/\/kalitetercume.com.tr\/Legal\/tr\/cevre-hukuku\/","title":{"rendered":"\u00c7evre Hukuku"},"content":{"rendered":"<div class=\"wpb-content-wrapper\"><p>[vc_row wrap_container=&#8221;yes&#8221; conditional_render=&#8221;%5B%7B%22value_role%22%3A%22administrator%22%7D%5D&#8221; css_params=&#8221;&#8221;][vc_column][vc_empty_space height=&#8221;20px&#8221; css_params=&#8221;&#8221;][vc_empty_space height=&#8221;20px&#8221; css_params=&#8221;&#8221;][vc_empty_space height=&#8221;20px&#8221; css_params=&#8221;&#8221;][\/vc_column][\/vc_row][vc_row full_width_css=&#8221;stretch_row_css&#8221; wrap_container=&#8221;yes&#8221; conditional_render=&#8221;%5B%7B%22value_role%22%3A%22administrator%22%7D%5D&#8221; css_params=&#8221;&#8221;][vc_column width=&#8221;2\/3&#8243;][vc_column_text css=&#8221;&#8221; css_params=&#8221;&#8221;]<\/p>\n<h3><strong><span dir=\"auto\">\u00c7evre Y\u00f6netmelikleri ve S\u00fcrd\u00fcr\u00fclebilirlik Uyumlulu\u011fu i\u00e7in Sertifikal\u0131 Hukuki Terc\u00fcme<\/span><\/strong><\/h3>\n<p><span dir=\"auto\">\u00c7evre hukuku, s\u00fcrd\u00fcr\u00fclebilirlik ve \u00e7evre korumas\u0131yla ilgili uluslararas\u0131 anla\u015fmalar\u0131, ulusal d\u00fczenlemeleri ve \u015firketlerin uyumluluk y\u00fck\u00fcml\u00fcl\u00fcklerini kapsayan, en h\u0131zl\u0131 geli\u015fen hukuk alanlar\u0131ndan biridir.<\/span><\/p>\n<p><strong><span dir=\"auto\">Kalite Legal<\/span><\/strong><span dir=\"auto\">&nbsp;olarak ,&nbsp;her t\u00fcrl\u00fc \u00e7evre ve s\u00fcrd\u00fcr\u00fclebilirlik ile ilgili hukuki belge i\u00e7in&nbsp;<\/span><strong><span dir=\"auto\">onayl\u0131 \u00e7eviri<\/span><\/strong><span dir=\"auto\">&nbsp;hizmeti sunuyoruz ve her \u00e7evirinin hem&nbsp;<\/span><strong><span dir=\"auto\">teknik hassasiyeti<\/span><\/strong><span dir=\"auto\">&nbsp;hem de&nbsp;<\/span><strong><span dir=\"auto\">mevzuata uygunlu\u011fu yans\u0131tmas\u0131n\u0131 sa\u011fl\u0131yoruz.<\/span><\/strong><\/p>\n<p><span dir=\"auto\">\u00c7evirmenlerimiz&nbsp;<\/span><strong><span dir=\"auto\">\u00e7evre hukuku, politikas\u0131 ve teknik \u00e7evre terminolojisi konusunda uzmand\u0131r; bu sayede d\u00fcnya \u00e7ap\u0131ndaki&nbsp;<\/span><\/strong><strong><span dir=\"auto\">hukuk firmalar\u0131, devlet kurumlar\u0131, \u015firketler ve STK&#8217;lar<\/span><\/strong><span dir=\"auto\">&nbsp;i\u00e7in do\u011fru, d\u00fczenleyici kurumlar taraf\u0131ndan onaylanm\u0131\u015f \u00e7eviriler sunabiliyoruz&nbsp;.<\/span><\/p>\n<h3><span dir=\"auto\">&#8212;&#8212;&#8212;&#8212;&#8212;&#8212;&#8212;&#8212;&#8212;&#8212;&#8212;&#8212;&#8212;&#8212;&#8212;&#8212;&#8212;&#8212;&#8212;&#8212;&#8212;&#8212;&#8212;&#8212;&#8212;&#8212;&#8212;&#8212;&#8212;&#8212;&#8212;<\/span><\/h3>\n<h3><strong><span dir=\"auto\">ISO 17100 Sertifikal\u0131 Hukuki \u00c7eviri ve Uzman \u0130ncelemesi<\/span><\/strong><\/h3>\n<p><strong><span dir=\"auto\">Her \u00e7eviri, ISO 17100 sertifikal\u0131 s\u00fcrecimiz kapsam\u0131nda,<\/span><\/strong><span dir=\"auto\">&nbsp;\u00e7evre ve d\u00fczenleyici hukuk alan\u0131nda deneyimli profesyoneller taraf\u0131ndan yap\u0131lan&nbsp;<\/span><strong><span dir=\"auto\">\u00e7eviri ve ba\u011f\u0131ms\u0131z inceleme<\/span><\/strong><span dir=\"auto\">&nbsp;ile&nbsp;ger\u00e7ekle\u015ftirilir .<\/span><\/p>\n<p><span dir=\"auto\">Ekiplerimiz, a\u015fa\u011f\u0131dakiler de dahil olmak \u00fczere, ba\u015fl\u0131ca uluslararas\u0131 \u00e7er\u00e7eveler ve anla\u015fmalar konusunda bilgi sahibidir:<\/span><\/p>\n<ul>\n<li><strong><span dir=\"auto\">Paris Anla\u015fmas\u0131 (UNFCCC)<\/span><\/strong><\/li>\n<li><strong><span dir=\"auto\">AB Ye\u015fil Mutabakat\u0131 ve \u00c7evre Direktifleri<\/span><\/strong><\/li>\n<li><strong><span dir=\"auto\">Kyoto Protokol\u00fc ve karbon piyasas\u0131 standartlar\u0131<\/span><\/strong><\/li>\n<li><strong><span dir=\"auto\">ISO 14001 \u00e7evre y\u00f6netim sistemleri<\/span><\/strong><\/li>\n<li><strong><span dir=\"auto\">ESG ve s\u00fcrd\u00fcr\u00fclebilirlik raporlama \u00e7er\u00e7eveleri (GRI, SASB)<\/span><\/strong><\/li>\n<li><strong><span dir=\"auto\">\u00c7evresel sorumluluk ve uyumluluk d\u00fczenlemeleri<\/span><\/strong><\/li>\n<\/ul>\n<p><span dir=\"auto\">\u00c7e\u015fitli yarg\u0131 b\u00f6lgelerindeki&nbsp;<\/span><strong><span dir=\"auto\">d\u00fczenleyici kurumlar\u0131n, denet\u00e7ilerin ve s\u00fcrd\u00fcr\u00fclebilirlik yetkililerinin<\/span><\/strong><span dir=\"auto\">&nbsp;gereksinimlerini kar\u015f\u0131layan \u00e7eviriler garanti ediyoruz .<\/span><\/p>\n<h3><span dir=\"auto\">&#8212;&#8212;&#8212;&#8212;&#8212;&#8212;&#8212;&#8212;&#8212;&#8212;&#8212;&#8212;&#8212;&#8212;&#8212;&#8212;&#8212;&#8212;&#8212;&#8212;&#8212;&#8212;&#8212;&#8212;&#8212;&#8212;&#8212;&#8212;&#8212;&#8212;&#8212;<\/span><\/h3>\n<h3><strong><span dir=\"auto\">Terc\u00fcme Etti\u011fimiz \u00c7evre Hukuku Belgeleri<\/span><\/strong><\/h3>\n<ul>\n<li><span dir=\"auto\">\u00c7evresel etki de\u011ferlendirmeleri (\u00c7ED)<\/span><\/li>\n<li><span dir=\"auto\">S\u00fcrd\u00fcr\u00fclebilirlik ve ESG raporlar\u0131<\/span><\/li>\n<li><span dir=\"auto\">\u00c7evre izinleri ve lisanslar\u0131<\/span><\/li>\n<li><span dir=\"auto\">\u0130klim de\u011fi\u015fikli\u011fi ve karbon ticareti anla\u015fmalar\u0131<\/span><\/li>\n<li><span dir=\"auto\">At\u0131k y\u00f6netimi ve kirlilik kontrol\u00fc d\u00fczenlemeleri<\/span><\/li>\n<li><span dir=\"auto\">Yenilenebilir enerji s\u00f6zle\u015fmeleri ve politikalar\u0131<\/span><\/li>\n<li><span dir=\"auto\">\u00c7evre uyumluluk denetimleri<\/span><\/li>\n<li><span dir=\"auto\">Uluslararas\u0131 \u00e7evre anla\u015fmalar\u0131 ve direktifleri<\/span><\/li>\n<li><span dir=\"auto\">Kurumsal sosyal sorumluluk (KSS) politikalar\u0131<\/span><\/li>\n<li><span dir=\"auto\">Hukuki g\u00f6r\u00fc\u015fler ve dan\u0131\u015fmanl\u0131k belgeleri<\/span><\/li>\n<li><span dir=\"auto\">\u00c7evre davalar\u0131 ve tahkim belgeleri<\/span><\/li>\n<li><span dir=\"auto\">Risk de\u011ferlendirme ve azaltma raporlar\u0131<\/span><\/li>\n<li><span dir=\"auto\">STK ve h\u00fck\u00fcmet \u00e7evre raporlar\u0131<\/span><\/li>\n<\/ul>\n<h3><span dir=\"auto\">&#8212;&#8212;&#8212;&#8212;&#8212;&#8212;&#8212;&#8212;&#8212;&#8212;&#8212;&#8212;&#8212;&#8212;&#8212;&#8212;&#8212;&#8212;&#8212;&#8212;&#8212;&#8212;&#8212;&#8212;&#8212;&#8212;&#8212;&#8212;&#8212;&#8212;&#8212;<\/span><\/h3>\n<h3><strong><span dir=\"auto\">Gizlilik, Teknik Hassasiyet ve Hukuki D\u00fcr\u00fcstl\u00fck<\/span><\/strong><\/h3>\n<p><span dir=\"auto\">\u00c7evre hukuku belgeleri genellikle hassas kurumsal, bilimsel ve politika ile ilgili bilgiler i\u00e7erir.<\/span><\/p>\n<p><strong><span dir=\"auto\">Kalite Legal<\/span><\/strong><span dir=\"auto\">&nbsp;olarak ,&nbsp;<strong>GDPR<\/strong>&nbsp;ve&nbsp;<strong>ISO 17100&#8217;e<\/strong>&nbsp;tam uyumlu olarak&nbsp;<\/span><strong><span dir=\"auto\">, gizlilik, veri g\u00fcvenli\u011fi ve hukuki do\u011fruluk<\/span><\/strong><span dir=\"auto\">&nbsp;konular\u0131nda en y\u00fcksek standartlar\u0131 benimsiyoruz .<\/span><\/p>\n<p><strong><span dir=\"auto\">\u00c7evirmenlerimiz ve edit\u00f6rlerimiz gizlilik s\u00f6zle\u015fmelerine (GS)<\/span><\/strong><span dir=\"auto\">&nbsp;ba\u011fl\u0131d\u0131r ve&nbsp;<strong>\u00e7evre bilimi ve politika terminolojisi<\/strong>&nbsp;konusunda ileri d\u00fczeyde bilgiye sahiptirler .<\/span><\/p>\n<p><span dir=\"auto\">\u00c7evre ve s\u00fcrd\u00fcr\u00fclebilirlik hukuku i\u00e7in \u00f6zel terminoloji veritabanlar\u0131 tutuyoruz ve bu sayede t\u00fcm dillerde ve projelerde tutarl\u0131l\u0131\u011f\u0131 sa\u011fl\u0131yoruz.<\/span><\/p>\n<p><span dir=\"auto\">7\/24 hizmet veren&nbsp;<\/span><strong><span dir=\"auto\">proje y\u00f6netim<\/span><\/strong><span dir=\"auto\">&nbsp;ekibimiz, uluslararas\u0131 \u00e7evre projeleri, k\u00fcresel uyumluluk raporlamas\u0131 ve zaman k\u0131s\u0131tlamal\u0131 yasal ba\u015fvurular i\u00e7in s\u00fcrekli destek sa\u011flamaktad\u0131r.<\/span><\/p>\n<h3><span dir=\"auto\">&#8212;&#8212;&#8212;&#8212;&#8212;&#8212;&#8212;&#8212;&#8212;&#8212;&#8212;&#8212;&#8212;&#8212;&#8212;&#8212;&#8212;&#8212;&#8212;&#8212;&#8212;&#8212;&#8212;&#8212;&#8212;&#8212;&#8212;&#8212;&#8212;&#8212;&#8212;<\/span><\/h3>\n<h3><strong><span dir=\"auto\">Fiyat Teklifi \u0130steyin<\/span><\/strong><\/h3>\n<p><span dir=\"auto\">\u00c7evre veya s\u00fcrd\u00fcr\u00fclebilirlik hukuku belgeleri i\u00e7in onayl\u0131 terc\u00fcmelere mi ihtiyac\u0131n\u0131z var?<\/span><\/p>\n<p><strong><span dir=\"auto\">Kalite Legal Translations,<\/span><\/strong><span dir=\"auto\">&nbsp;ISO 17100 sertifikal\u0131, iki kez g\u00f6zden ge\u00e7irilmi\u015f ve 50&#8217;den fazla dilde hukuk firmalar\u0131, \u015firketler ve uluslararas\u0131 kurulu\u015flar taraf\u0131ndan g\u00fcvenilen \u00e7eviriler sunmaktad\u0131r.<\/span><\/p>\n<h5><strong><img decoding=\"async\" class=\"emoji\" role=\"img\" draggable=\"false\" src=\"https:\/\/s.w.org\/images\/core\/emoji\/17.0.2\/svg\/1f4e9.svg\" alt=\"\ud83d\udce9\"><span dir=\"auto\">\u00c7evre hukuku terc\u00fcmesi uzmanlar\u0131m\u0131zla g\u00f6r\u00fc\u015fmek veya fiyat teklifi almak i\u00e7in bug\u00fcn ileti\u015fime ge\u00e7in.<\/span><\/strong><\/h5>\n<p>[\/vc_column_text][\/vc_column][vc_column width=&#8221;1\/3&#8243; conditional_render=&#8221;%5B%7B%22value_role%22%3A%22administrator%22%7D%5D&#8221; css_params=&#8221;&#8221;]<div class=\"porto-ultimate-content-box-container mb-5\"><style>.porto_ucb_b0572038ed623d75079aebad6cf9ef13{will-change: box-shadow;box-shadow:0px 0px 31px -5px rgba(0,0,0,0.14);}.porto_ucb_b0572038ed623d75079aebad6cf9ef13:hover{box-shadow:0px 0px 31px -5px rgba(0,0,0,0.14)}<\/style><div class=\"porto-ultimate-content-box vc_custom_1768400234565 porto_ucb_b0572038ed623d75079aebad6cf9ef13\" style=\"\">[vc_custom_heading text=&#8221;Hukuki \u00c7eviri Alanlar\u0131m\u0131z&#8221; font_container=&#8221;tag:h5|font_size:1.4em|text_align:center|color:%23ad9263|line_height:20px&#8221; use_theme_fonts=&#8221;yes&#8221; font_weight=&#8221;700&#8243; letter_spacing=&#8221;-0.05em&#8221; css=&#8221;.vc_custom_1776351519909{margin-bottom: 33px !important;}&#8221; css_params=&#8221;&#8221;][vc_separator color=&#8221;white&#8221; border_width=&#8221;4&#8243; css=&#8221;&#8221; css_params=&#8221;&#8221;]<div class=\"widget_sidebar_menu main-sidebar-menu vc_custom_1776147789354  wpb_custom_f1bf3be01688f2932659384675d1d31c\"><div class=\"sidebar-menu-wrap\"><ul id=\"menu-hukuki-ceviri-alanlarimiz\" class=\"sidebar-menu\"><li id=\"nav-menu-item-3835\" class=\"menu-item menu-item-type-post_type menu-item-object-page  narrow \"><a href=\"https:\/\/kalitetercume.com.tr\/Legal\/tr\/sirketler-ve-sozlesme-hukuku\/\">\u015eirketler ve S\u00f6zle\u015fme Hukuku<\/a><\/li>\n<li id=\"nav-menu-item-3836\" class=\"menu-item menu-item-type-post_type menu-item-object-page  narrow \"><a href=\"https:\/\/kalitetercume.com.tr\/Legal\/tr\/tahkim-ve-dava\/\">Tahkim ve Dava<\/a><\/li>\n<li id=\"nav-menu-item-3828\" class=\"menu-item menu-item-type-post_type menu-item-object-page  narrow \"><a href=\"https:\/\/kalitetercume.com.tr\/Legal\/tr\/mahkeme-ve-adli-belgeler\/\">Mahkeme ve Adli Belgeler<\/a><\/li>\n<li id=\"nav-menu-item-3824\" class=\"menu-item menu-item-type-post_type menu-item-object-page  narrow \"><a href=\"https:\/\/kalitetercume.com.tr\/Legal\/tr\/gocmenlik-ve-noter-islemleri\/\">G\u00f6\u00e7menlik ve Noter \u0130\u015flemleri<\/a><\/li>\n<li id=\"nav-menu-item-3803\" class=\"menu-item menu-item-type-post_type menu-item-object-page  narrow \"><a href=\"https:\/\/kalitetercume.com.tr\/Legal\/tr\/uyumluluk-ve-duzenleyici-hukuk\/\">Uyumluluk ve D\u00fczenleyici Hukuk<\/a><\/li>\n<li id=\"nav-menu-item-3798\" class=\"menu-item menu-item-type-post_type menu-item-object-page  narrow \"><a href=\"https:\/\/kalitetercume.com.tr\/Legal\/tr\/aile-hukuku\/\">Aile Hukuku<\/a><\/li>\n<li id=\"nav-menu-item-3794\" class=\"menu-item menu-item-type-post_type menu-item-object-page  narrow \"><a href=\"https:\/\/kalitetercume.com.tr\/Legal\/tr\/saglik-hukuku\/\">Sa\u011fl\u0131k Hukuku<\/a><\/li>\n<li id=\"nav-menu-item-3790\" class=\"menu-item menu-item-type-post_type menu-item-object-page  narrow \"><a href=\"https:\/\/kalitetercume.com.tr\/Legal\/tr\/fikri-mulkiyet-hukuku\/\">Fikri M\u00fclkiyet Hukuku<\/a><\/li>\n<li id=\"nav-menu-item-3786\" class=\"menu-item menu-item-type-post_type menu-item-object-page  narrow \"><a href=\"https:\/\/kalitetercume.com.tr\/Legal\/tr\/ceza-hukuku\/\">Ceza hukuku<\/a><\/li>\n<li id=\"nav-menu-item-3782\" class=\"menu-item menu-item-type-post_type menu-item-object-page  narrow \"><a href=\"https:\/\/kalitetercume.com.tr\/Legal\/tr\/is-hukuku\/\">\u0130\u015f Hukuku<\/a><\/li>\n<li id=\"nav-menu-item-3775\" class=\"menu-item menu-item-type-post_type menu-item-object-page  narrow \"><a href=\"https:\/\/kalitetercume.com.tr\/Legal\/tr\/gayrimenkul-ve-insaat-hukuku\/\">Gayrimenkul ve \u0130n\u015faat Hukuku<\/a><\/li>\n<li id=\"nav-menu-item-3771\" class=\"menu-item menu-item-type-post_type menu-item-object-page  narrow \"><a href=\"https:\/\/kalitetercume.com.tr\/Legal\/tr\/vergi-ve-finans-hukuku\/\">Vergi ve Finans Hukuku<\/a><\/li>\n<li id=\"nav-menu-item-3765\" class=\"menu-item menu-item-type-post_type menu-item-object-page  narrow \"><a href=\"https:\/\/kalitetercume.com.tr\/Legal\/tr\/sigorta-hukuku\/\">Sigorta Hukuku<\/a><\/li>\n<li id=\"nav-menu-item-3761\" class=\"menu-item menu-item-type-post_type menu-item-object-page  narrow \"><a href=\"https:\/\/kalitetercume.com.tr\/Legal\/tr\/idari-hukuk\/\">\u0130dari Hukuk<\/a><\/li>\n<li id=\"nav-menu-item-3753\" class=\"menu-item menu-item-type-post_type menu-item-object-page  narrow \"><a href=\"https:\/\/kalitetercume.com.tr\/Legal\/tr\/uluslararasi-hukuk\/\">Uluslararas\u0131 Hukuk<\/a><\/li>\n<li id=\"nav-menu-item-3747\" class=\"menu-item menu-item-type-post_type menu-item-object-page  narrow \"><a href=\"https:\/\/kalitetercume.com.tr\/Legal\/tr\/denizcilik-hukuku\/\">Deniz Hukuku<\/a><\/li>\n<li id=\"nav-menu-item-3743\" class=\"menu-item menu-item-type-post_type menu-item-object-page  narrow \"><a href=\"https:\/\/kalitetercume.com.tr\/Legal\/tr\/cevre-hukuku\/\">\u00c7evre Hukuku<\/a><\/li>\n<li id=\"nav-menu-item-3732\" class=\"menu-item menu-item-type-post_type menu-item-object-page  narrow \"><a href=\"https:\/\/kalitetercume.com.tr\/Legal\/tr\/bankacilik-ve-finans-hukuku\/\">Bankac\u0131l\u0131k ve Finans Hukuku<\/a><\/li>\n<\/ul><\/div><\/div><\/div><\/div><div class=\"porto-ultimate-content-box-container text-center\"><style>.porto_ucb_b0572038ed623d75079aebad6cf9ef13{will-change: box-shadow;box-shadow:0px 0px 31px -5px rgba(0,0,0,0.14);}.porto_ucb_b0572038ed623d75079aebad6cf9ef13:hover{box-shadow:0px 0px 31px -5px rgba(0,0,0,0.14)}<\/style><div class=\"porto-ultimate-content-box vc_custom_1709720852896 porto_ucb_b0572038ed623d75079aebad6cf9ef13\" style=\"\">[vc_custom_heading text=&#8221;Size nas\u0131l yard\u0131mc\u0131 olabiliriz?&#8221; font_container=&#8221;tag:div|font_size:1.2em|text_align:center|color:rgba(255%2C255%2C255%2C0.9)|line_height:24px&#8221; use_theme_fonts=&#8221;yes&#8221; font_weight=&#8221;600&#8243; letter_spacing=&#8221;-0.05em&#8221; animation_delay=&#8221;500&#8243; el_class=&#8221;opacity-9 mb-1&#8243; animation_type=&#8221;lightSpeedIn&#8221; css_params=&#8221;&#8221;][vc_custom_heading text=&#8221;Hukuk \u00e7evirisine mi ihtiyac\u0131n\u0131z var?&#8221; font_container=&#8221;tag:h2|font_size:1.7em|text_align:center&#8221; use_theme_fonts=&#8221;yes&#8221; font_weight=&#8221;700&#8243; skin=&#8221;light&#8221; letter_spacing=&#8221;-1px&#8221; animation_delay=&#8221;750&#8243; el_class=&#8221;mb-2 font-style-normal&#8221; animation_type=&#8221;lightSpeedIn&#8221; css_params=&#8221;&#8221;][vc_custom_heading text=&#8221;Bizimle hemen ileti\u015fime ge\u00e7in.&#8221; font_container=&#8221;tag:p|font_size:1.1em|text_align:center|color:rgba(255%2C255%2C255%2C0.8)|line_height:26px&#8221; use_theme_fonts=&#8221;yes&#8221; animation_delay=&#8221;950&#8243; css=&#8221;.vc_custom_1776147842300{margin-bottom: 47px !important;}&#8221; el_class=&#8221;opacity-8&#8243; animation_type=&#8221;lightSpeedIn&#8221; css_params=&#8221;&#8221;]<div class=\"porto-sicon-box  vc_custom_1761551232120 top-n1-icon-box justify-content-center  wpb_custom_a4802976ddc90dd45e8cea536ff68ec0 style_1 default-icon\"><div class=\"porto-sicon-default\"><div class=\"porto-just-icon-wrapper porto-icon none\" style=\"color:var(--porto-primary-color);font-size:23.1px;\"><i class=\"Simple-Line-Icons-phone\"><\/i><\/div><\/div><div class=\"porto-sicon-header\"><a class=\"porto-sicon-box-link\" href=\"tel:+1234567890\"><div class=\"porto-sicon-title\" style=\"font-weight:700;font-size:21px;color:#ffffff;line-height:24px;letter-spacing:0;\">+90 507 220 38 62<\/div><\/a><\/div> <!-- header --><\/div><!-- porto-sicon-box --><div class=\"porto-sicon-box  vc_custom_1761551253231 top-2-icon-box justify-content-center  wpb_custom_2ccbe3e616e3e99d1ad178e76088c729 style_1 default-icon\"><div class=\"porto-sicon-default\"><div class=\"porto-just-icon-wrapper porto-icon none\" style=\"color:var(--porto-primary-color);font-size:25.2px;\"><i class=\"Simple-Line-Icons-envelope\"><\/i><\/div><\/div><div class=\"porto-sicon-header\"><a class=\"porto-sicon-box-link\" href=\"mailto:porto@consulting.com\"><div class=\"porto-sicon-title\" style=\"font-size:16.8px;color:#ffffff;line-height:24px;letter-spacing:0;\">info@kalitetercume.com.tr<\/div><\/a><\/div> <!-- header --><\/div><!-- porto-sicon-box --><div class=\"porto-sicon-box  vc_custom_1776147853909 top-n1-icon-box justify-content-center  wpb_custom_68c54048e3c209cf95a5deb478b05eb6 style_1 default-icon\"><div class=\"porto-sicon-default\"><div class=\"porto-just-icon-wrapper porto-icon none\" style=\"color:var(--porto-primary-color);font-size:25.2px;\"><i class=\"Simple-Line-Icons-calendar\"><\/i><\/div><\/div><div class=\"porto-sicon-header\"><div class=\"porto-sicon-title\" style=\"\">7 g\u00fcn 24 saat hizmetinizdeyiz<\/div><\/div> <!-- header --><\/div><!-- porto-sicon-box -->[vc_btn title=&#8221;\u0130leti\u015fime Ge\u00e7in&#8221; skin=&#8221;primary&#8221; btn_fw=&#8221;700&#8243; el_cls=&#8221;br-thick&#8221; link=&#8221;url:https%3A%2F%2Fkalitetercume.com.tr%2FLegal%2Ftr%2Filetisim%2F|title:Contact&#8221; btn_px=&#8221;2.4rem&#8221; btn_py=&#8221;1.29rem&#8221; el_class=&#8221;text-none mb-0&#8243; css_params=&#8221;&#8221;]<\/div><\/div>[\/vc_column][\/vc_row][vc_row full_width_css=&#8221;stretch_row_css&#8221; css=&#8221;.vc_custom_1767162407247{padding-top: 98px !important;padding-bottom: 218px !important;background-image: url(https:\/\/kalitetercume.com.tr\/Legal\/wp-content\/uploads\/2025\/12\/lf2-background-1-1.jpg?id=2687) !important;background-position: center !important;background-repeat: no-repeat !important;background-size: cover !important;}&#8221; el_class=&#8221;overlay-dark position-relative&#8221; conditional_render=&#8221;%5B%7B%22value_role%22%3A%22administrator%22%7D%5D&#8221; css_params=&#8221;&#8221;][vc_column el_class=&#8221;z-index-1&#8243; conditional_render=&#8221;%5B%7B%22value_role%22%3A%22administrator%22%7D%5D&#8221;][vc_custom_heading text=&#8221;Hukuk&#8221; font_container=&#8221;tag:h1|font_size:2.2em|text_align:center|line_height:24px&#8221; use_theme_fonts=&#8221;yes&#8221; font_weight=&#8221;600&#8243; skin=&#8221;primary&#8221; letter_spacing=&#8221;-0.05em&#8221; animation_delay=&#8221;200&#8243; el_class=&#8221;mb-2&#8243; animation_type=&#8221;fadeInUp&#8221; css_params=&#8221;&#8221;][vc_custom_heading text=&#8221;Terc\u00fcmanlar\u0131m\u0131z&#8221; font_container=&#8221;tag:h2|font_size:2.75em|text_align:center|line_height:42px&#8221; use_theme_fonts=&#8221;yes&#8221; text_transform=&#8221;text-capitalize&#8221; font_weight=&#8221;700&#8243; skin=&#8221;light&#8221; letter_spacing=&#8221;-1px&#8221; animation_delay=&#8221;400&#8243; el_class=&#8221;mb-0 font-style-normal&#8221; animation_type=&#8221;fadeInUp&#8221; css_params=&#8221;&#8221;][\/vc_column][\/vc_row][vc_row full_width_css=&#8221;stretch_row_css&#8221; no_padding=&#8221;yes&#8221; animation_delay=&#8221;1000&#8243; css=&#8221;.vc_custom_1767162167650{margin-top: -187px !important;padding-bottom: 24px !important;}&#8221; animation_type=&#8221;fadeInUp&#8221; conditional_render=&#8221;%5B%7B%22value_role%22%3A%22administrator%22%7D%5D&#8221; css_params=&#8221;&#8221;][vc_column conditional_render=&#8221;%5B%7B%22value_role%22%3A%22administrator%22%7D%5D&#8221;][porto_tb_posts post_type=&#8221;member&#8221; view=&#8221;slider&#8221; spacing=&#8221;20&#8243; columns=&#8221;5&#8243; columns_tablet=&#8221;2&#8243; navigation=&#8221;&#8221; pagination=&#8221;yes&#8221; dots_pos=&#8221;custom-dots&#8221; dots_visible=&#8221;{&#8220;xl&#8220;:&#8220;{&#8220;xl&#8220;:&#8220;`{`object&#8220;}&#8221; dots_original=&#8221;-50%&#8221; builder_id=&#8221;764&#8243; dots_pos_bottom=&#8221;{&#8220;sm&#8220;:&#8220;10&#8220;,&#8220;unit&#8220;:&#8220;&#8220;,&#8220;xs&#8220;:&#8220;&#8220;,&#8220;md&#8220;:&#8220;&#8220;,&#8220;lg&#8220;:&#8220;&#8220;,&#8220;xl&#8220;:-40}&#8221; dots_pos_left=&#8221;{&#8220;unit&#8220;:&#8220;%&#8220;,&#8220;xs&#8220;:&#8220;&#8220;,&#8220;sm&#8220;:&#8220;&#8220;,&#8220;md&#8220;:&#8220;&#8220;,&#8220;lg&#8220;:&#8220;&#8220;,&#8220;xl&#8220;:&#8220;50&#8220;}&#8221; dots_bg_color=&#8221;rgba(33,33,33,0.6)&#8221; dots_abg_color=&#8221;#212529&#8243; el_class=&#8221;mb-0 mb-md-5 pb-5 box-shadow-carousel p-l-md p-r-md&#8221;][\/vc_column][\/vc_row]<\/p>\n<\/div>","protected":false},"excerpt":{"rendered":"<p>[vc_row wrap_container=&#8221;yes&#8221; conditional_render=&#8221;%5B%7B%22value_role%22%3A%22administrator%22%7D%5D&#8221; css_params=&#8221;&#8221;][vc_column][vc_empty_space height=&#8221;20px&#8221; css_params=&#8221;&#8221;][vc_empty_space height=&#8221;20px&#8221; css_params=&#8221;&#8221;][vc_empty_space height=&#8221;20px&#8221; css_params=&#8221;&#8221;][\/vc_column][\/vc_row][vc_row full_width_css=&#8221;stretch_row_css&#8221; wrap_container=&#8221;yes&#8221; conditional_render=&#8221;%5B%7B%22value_role%22%3A%22administrator%22%7D%5D&#8221; css_params=&#8221;&#8221;][vc_column width=&#8221;2\/3&#8243;][vc_column_text css=&#8221;&#8221; css_params=&#8221;&#8221;] \u00c7evre Y\u00f6netmelikleri ve S\u00fcrd\u00fcr\u00fclebilirlik Uyumlulu\u011fu i\u00e7in Sertifikal\u0131 Hukuki Terc\u00fcme \u00c7evre hukuku, s\u00fcrd\u00fcr\u00fclebilirlik ve \u00e7evre korumas\u0131yla ilgili uluslararas\u0131 anla\u015fmalar\u0131, ulusal d\u00fczenlemeleri ve \u015firketlerin uyumluluk y\u00fck\u00fcml\u00fcl\u00fcklerini kapsayan, en h\u0131zl\u0131 geli\u015fen hukuk alanlar\u0131ndan biridir. Kalite Legal&nbsp;olarak ,&nbsp;her t\u00fcrl\u00fc \u00e7evre ve s\u00fcrd\u00fcr\u00fclebilirlik [&hellip;]<\/p>\n","protected":false},"author":1,"featured_media":0,"parent":0,"menu_order":0,"comment_status":"closed","ping_status":"closed","template":"","meta":{"_acf_changed":false,"footnotes":""},"class_list":["post-3740","page","type-page","status-publish","hentry"],"acf":[],"_links":{"self":[{"href":"https:\/\/kalitetercume.com.tr\/Legal\/wp-json\/wp\/v2\/pages\/3740","targetHints":{"allow":["GET"]}}],"collection":[{"href":"https:\/\/kalitetercume.com.tr\/Legal\/wp-json\/wp\/v2\/pages"}],"about":[{"href":"https:\/\/kalitetercume.com.tr\/Legal\/wp-json\/wp\/v2\/types\/page"}],"author":[{"embeddable":true,"href":"https:\/\/kalitetercume.com.tr\/Legal\/wp-json\/wp\/v2\/users\/1"}],"replies":[{"embeddable":true,"href":"https:\/\/kalitetercume.com.tr\/Legal\/wp-json\/wp\/v2\/comments?post=3740"}],"version-history":[{"count":3,"href":"https:\/\/kalitetercume.com.tr\/Legal\/wp-json\/wp\/v2\/pages\/3740\/revisions"}],"predecessor-version":[{"id":3806,"href":"https:\/\/kalitetercume.com.tr\/Legal\/wp-json\/wp\/v2\/pages\/3740\/revisions\/3806"}],"wp:attachment":[{"href":"https:\/\/kalitetercume.com.tr\/Legal\/wp-json\/wp\/v2\/media?parent=3740"}],"curies":[{"name":"wp","href":"https:\/\/api.w.org\/{rel}","templated":true}]}}