{"id":3768,"date":"2026-04-15T11:35:28","date_gmt":"2026-04-15T08:35:28","guid":{"rendered":"https:\/\/kalitetercume.com.tr\/Legal\/?page_id=3768"},"modified":"2026-04-16T18:01:13","modified_gmt":"2026-04-16T15:01:13","slug":"vergi-ve-finans-hukuku","status":"publish","type":"page","link":"https:\/\/kalitetercume.com.tr\/Legal\/tr\/vergi-ve-finans-hukuku\/","title":{"rendered":"Vergi ve Finans Hukuku"},"content":{"rendered":"<div class=\"wpb-content-wrapper\"><p>[vc_row wrap_container=&#8221;yes&#8221; conditional_render=&#8221;%5B%7B%22value_role%22%3A%22administrator%22%7D%5D&#8221; css_params=&#8221;&#8221;][vc_column][vc_empty_space height=&#8221;20px&#8221; css_params=&#8221;&#8221;][vc_empty_space height=&#8221;20px&#8221; css_params=&#8221;&#8221;][vc_empty_space height=&#8221;20px&#8221; css_params=&#8221;&#8221;][\/vc_column][\/vc_row][vc_row full_width_css=&#8221;stretch_row_css&#8221; wrap_container=&#8221;yes&#8221; conditional_render=&#8221;%5B%7B%22value_role%22%3A%22administrator%22%7D%5D&#8221; css_params=&#8221;&#8221;][vc_column width=&#8221;2\/3&#8243;][vc_column_text css=&#8221;&#8221; css_params=&#8221;&#8221;]<\/p>\n<h3><strong><span dir=\"auto\">Vergi, Finans ve Mevzuat Uyumlulu\u011fu i\u00e7in Sertifikal\u0131 Hukuk Terc\u00fcmesi<\/span><\/strong><\/h3>\n<p><span dir=\"auto\">Vergi ve finans hukuku, ola\u011fan\u00fcst\u00fc do\u011fruluk ve hem hukuki hem de ekonomik dilin derinlemesine anla\u015f\u0131lmas\u0131n\u0131 gerektirir.&nbsp;<\/span><strong><span dir=\"auto\">Kalite Legal olarak, vergi beyannameleri, mali tablolar, uyumluluk raporlar\u0131 ve hukuki g\u00f6r\u00fc\u015fler i\u00e7in&nbsp;<\/span><\/strong><strong><span dir=\"auto\">onayl\u0131 \u00e7eviriler<\/span><\/strong><span dir=\"auto\">&nbsp;sunarak&nbsp;, yerel ve uluslararas\u0131 d\u00fczenleyici \u00e7er\u00e7evelere tam uyumlulu\u011fu sa\u011fl\u0131yoruz.<\/span><\/p>\n<p><span dir=\"auto\">\u00c7evirmenlerimiz,&nbsp;<\/span><strong><span dir=\"auto\">vergi hukuku, muhasebe ve finansal uyumluluk konular\u0131nda geni\u015f deneyime sahip hukuk ve finans uzmanlar\u0131d\u0131r. Bu sayede,<\/span><\/strong><span dir=\"auto\">&nbsp;birden fazla yarg\u0131 alan\u0131nda faaliyet g\u00f6steren&nbsp;<\/span><strong><span dir=\"auto\">hukuk firmalar\u0131, muhasebe firmalar\u0131, bankalar ve kurumsal m\u00fc\u015fteriler<\/span><\/strong><span dir=\"auto\">&nbsp;i\u00e7in hassas, mevzuata uygun \u00e7eviriler sunabiliyoruz .<\/span><\/p>\n<h3><span dir=\"auto\">&#8212;&#8212;&#8212;&#8212;&#8212;&#8212;&#8212;&#8212;&#8212;&#8212;&#8212;&#8212;&#8212;&#8212;&#8212;&#8212;&#8212;&#8212;&#8212;&#8212;&#8212;&#8212;&#8212;&#8212;&#8212;&#8212;&#8212;&#8212;&#8212;&#8212;&#8212;<\/span><\/h3>\n<h3><strong><span dir=\"auto\">ISO 17100 Sertifikal\u0131, \u00c7ift G\u00f6zden Ge\u00e7irmeli Hukuki \u00c7eviri<\/span><\/strong><\/h3>\n<p><strong><span dir=\"auto\">T\u00fcm \u00e7eviriler, ISO 17100 sertifikal\u0131 kalite y\u00f6netim sistemimiz kapsam\u0131nda,&nbsp;<\/span><\/strong><strong><span dir=\"auto\">iki a\u015famal\u0131<\/span><\/strong><span dir=\"auto\">&nbsp;bir inceleme s\u00fcrecinden ge\u00e7erek&nbsp;ger\u00e7ekle\u015ftirilir&nbsp;: \u00e7eviri, hukuk-finans uzman\u0131 taraf\u0131ndan yap\u0131l\u0131r ve do\u011fruluk ve terminolojik tutarl\u0131l\u0131k a\u00e7\u0131s\u0131ndan ikinci bir dilbilimci taraf\u0131ndan kontrol edilir.<\/span><\/p>\n<p><span dir=\"auto\">Ekiplerimiz a\u015fa\u011f\u0131dakiler de dahil olmak \u00fczere uluslararas\u0131 standartlar ve \u00e7er\u00e7evelere a\u015finad\u0131r:<\/span><\/p>\n<ul>\n<li><strong><span dir=\"auto\">IFRS (Uluslararas\u0131 Finansal Raporlama Standartlar\u0131)<\/span><\/strong><\/li>\n<li><strong><span dir=\"auto\">OECD Transfer Fiyatland\u0131rma Rehberi<\/span><\/strong><\/li>\n<li><strong><span dir=\"auto\">Basel III ve finansal risk d\u00fczenlemeleri<\/span><\/strong><\/li>\n<li><strong><span dir=\"auto\">FATCA ve CRS vergi uyumlulu\u011fu<\/span><\/strong><\/li>\n<li><strong><span dir=\"auto\">Kara Para Aklama\/M\u00fc\u015fterini Tan\u0131ma ve Finansal Denetim Direktifleri<\/span><\/strong><\/li>\n<li><strong><span dir=\"auto\">\u00c7ifte vergilendirme anla\u015fmalar\u0131 ve s\u0131n\u0131r \u00f6tesi vergi anla\u015fmalar\u0131<\/span><\/strong><\/li>\n<\/ul>\n<p><span dir=\"auto\"><strong>Her \u00e7evirinin a\u00e7\u0131k, tutarl\u0131 ve vergi makamlar\u0131, denet\u00e7iler ve finansal d\u00fczenleyiciler<\/strong>&nbsp;taraf\u0131ndan beklenen \u00fcsluba uygun olmas\u0131n\u0131 sa\u011fl\u0131yoruz .<\/span><\/p>\n<h3><span dir=\"auto\">&#8212;&#8212;&#8212;&#8212;&#8212;&#8212;&#8212;&#8212;&#8212;&#8212;&#8212;&#8212;&#8212;&#8212;&#8212;&#8212;&#8212;&#8212;&#8212;&#8212;&#8212;&#8212;&#8212;&#8212;&#8212;&#8212;&#8212;&#8212;&#8212;&#8212;&#8212;<\/span><\/h3>\n<h3><strong><span dir=\"auto\">Vergi ve Finans Hukuku Belgelerinin \u00c7evirisi<\/span><\/strong><\/h3>\n<ul>\n<li><span dir=\"auto\">Vergi kararlar\u0131 ve de\u011ferlendirme raporlar\u0131<\/span><\/li>\n<li><span dir=\"auto\">Finansal tablolar ve denetim raporlar\u0131<\/span><\/li>\n<li><span dir=\"auto\">Vergi beyannameleri ve uyumluluk dosyalar\u0131<\/span><\/li>\n<li><span dir=\"auto\">Transfer fiyatland\u0131rma dok\u00fcmantasyonu<\/span><\/li>\n<li><span dir=\"auto\">Yat\u0131r\u0131m ve kredi s\u00f6zle\u015fmeleri<\/span><\/li>\n<li><span dir=\"auto\">Hissedar ve ortakl\u0131k s\u00f6zle\u015fmeleri<\/span><\/li>\n<li><span dir=\"auto\">Bankac\u0131l\u0131k ve finansal denetim belgeleri<\/span><\/li>\n<li><span dir=\"auto\">Mali otoritelere yap\u0131lan d\u00fczenleyici ba\u015fvurular<\/span><\/li>\n<li><span dir=\"auto\">AML\/KYC uyumluluk kay\u0131tlar\u0131<\/span><\/li>\n<li><span dir=\"auto\">\u00c7ifte vergilendirme ve uluslararas\u0131 vergi anla\u015fmalar\u0131<\/span><\/li>\n<li><span dir=\"auto\">Tahkim ve uyu\u015fmazl\u0131k \u00e7\u00f6z\u00fcm\u00fc dosyalar\u0131<\/span><\/li>\n<li><span dir=\"auto\">Hukuki g\u00f6r\u00fc\u015fler ve muht\u0131ralar<\/span><\/li>\n<li><span dir=\"auto\">Kurumsal yeniden yap\u0131land\u0131rma ve iflas raporlar\u0131<\/span><\/li>\n<\/ul>\n<h3><span dir=\"auto\">&#8212;&#8212;&#8212;&#8212;&#8212;&#8212;&#8212;&#8212;&#8212;&#8212;&#8212;&#8212;&#8212;&#8212;&#8212;&#8212;&#8212;&#8212;&#8212;&#8212;&#8212;&#8212;&#8212;&#8212;&#8212;&#8212;&#8212;&#8212;&#8212;&#8212;&#8212;<\/span><\/h3>\n<h3><strong><span dir=\"auto\">Gizlilik ve Mali Veri Korumas\u0131<\/span><\/strong><\/h3>\n<p><span dir=\"auto\"><strong>Vergi ve finansal belgeler, son derece hassas ticari ve ki\u015fisel veriler<\/strong>&nbsp;i\u00e7ermektedir .<\/span><\/p>\n<p><strong><span dir=\"auto\">Kalite Legal<\/span><\/strong><span dir=\"auto\">&nbsp;olarak ,&nbsp;veri g\u00fcvenli\u011fini sa\u011flamak i\u00e7in&nbsp;<\/span><strong><span dir=\"auto\">GDPR uyumlu s\u0131k\u0131 gizlilik protokolleri<\/span><\/strong><span dir=\"auto\">&nbsp;ve&nbsp;<\/span><strong><span dir=\"auto\">\u015fifrelenmi\u015f dosya y\u00f6netim sistemleri<\/span><\/strong><span dir=\"auto\">&nbsp;alt\u0131nda faaliyet g\u00f6steriyoruz .<\/span><\/p>\n<p><span dir=\"auto\">T\u00fcm \u00e7evirmenler ve edit\u00f6rler&nbsp;<\/span><strong><span dir=\"auto\">gizlilik s\u00f6zle\u015fmeleri (NDA)<\/span><\/strong><span dir=\"auto\">&nbsp;imzalam\u0131\u015f olup , finans ve vergi hukuku alanlar\u0131nda kan\u0131tlanm\u0131\u015f uzmanl\u0131\u011fa sahiptirler.<\/span><\/p>\n<p><strong><span dir=\"auto\">Finansal ve hukuki terminolojiye ili\u015fkin<\/span><\/strong><span dir=\"auto\">&nbsp;\u00f6zel veri tabanlar\u0131m\u0131z\u0131&nbsp;g\u00fcncel tutarak, diller aras\u0131 tutarl\u0131 ve d\u00fczenleyici kurumlarca onaylanm\u0131\u015f \u00e7eviriler sa\u011fl\u0131yoruz.<\/span><\/p>\n<p><span dir=\"auto\">7\/24 hizmet veren&nbsp;<\/span><strong><span dir=\"auto\">proje y\u00f6netim<\/span><\/strong><span dir=\"auto\">&nbsp;ekibimiz, t\u00fcm zaman dilimlerinde acil dosyalama, denetim yan\u0131tlar\u0131 ve s\u0131n\u0131r \u00f6tesi i\u015flemler konusunda destek sa\u011flamaktad\u0131r.<\/span><\/p>\n<h3><span dir=\"auto\">&#8212;&#8212;&#8212;&#8212;&#8212;&#8212;&#8212;&#8212;&#8212;&#8212;&#8212;&#8212;&#8212;&#8212;&#8212;&#8212;&#8212;&#8212;&#8212;&#8212;&#8212;&#8212;&#8212;&#8212;&#8212;&#8212;&#8212;&#8212;&#8212;&#8212;&#8212;<\/span><\/h3>\n<h3><strong><span dir=\"auto\">Fiyat Teklifi \u0130steyin<\/span><\/strong><\/h3>\n<p><span dir=\"auto\">Vergi veya finans hukuku belgeleri i\u00e7in onayl\u0131 terc\u00fcmelere mi ihtiyac\u0131n\u0131z var?<\/span><\/p>\n<p><strong><span dir=\"auto\">Kalite Legal Translations,<\/span><\/strong><span dir=\"auto\">&nbsp;50&#8217;den fazla dilde, uluslararas\u0131 hukuk firmalar\u0131, denet\u00e7iler ve finans kurulu\u015flar\u0131 taraf\u0131ndan g\u00fcvenilen, ISO 17100 sertifikal\u0131 ve iki kez g\u00f6zden ge\u00e7irilmi\u015f \u00e7eviriler sunmaktad\u0131r.<\/span><\/p>\n<h5><strong><img decoding=\"async\" class=\"emoji\" role=\"img\" draggable=\"false\" src=\"https:\/\/s.w.org\/images\/core\/emoji\/17.0.2\/svg\/1f4e9.svg\" alt=\"\ud83d\udce9\"><span dir=\"auto\">Vergi ve finans hukuku terc\u00fcme uzmanlar\u0131m\u0131zla g\u00f6r\u00fc\u015fmek veya fiyat teklifi almak i\u00e7in bug\u00fcn ileti\u015fime ge\u00e7in.<\/span><\/strong><\/h5>\n<p>[\/vc_column_text][vc_empty_space height=&#8221;20px&#8221; css_params=&#8221;&#8221;][\/vc_column][vc_column width=&#8221;1\/3&#8243; conditional_render=&#8221;%5B%7B%22value_role%22%3A%22administrator%22%7D%5D&#8221; css_params=&#8221;&#8221;]<div class=\"porto-ultimate-content-box-container mb-5\"><style>.porto_ucb_b0572038ed623d75079aebad6cf9ef13{will-change: box-shadow;box-shadow:0px 0px 31px -5px rgba(0,0,0,0.14);}.porto_ucb_b0572038ed623d75079aebad6cf9ef13:hover{box-shadow:0px 0px 31px -5px rgba(0,0,0,0.14)}<\/style><div class=\"porto-ultimate-content-box vc_custom_1768400234565 porto_ucb_b0572038ed623d75079aebad6cf9ef13\" style=\"\">[vc_custom_heading text=&#8221;Hukuki \u00c7eviri Alanlar\u0131m\u0131z&#8221; font_container=&#8221;tag:h5|font_size:1.4em|text_align:center|color:%23ad9263|line_height:20px&#8221; use_theme_fonts=&#8221;yes&#8221; font_weight=&#8221;700&#8243; letter_spacing=&#8221;-0.05em&#8221; css=&#8221;.vc_custom_1776351671461{margin-bottom: 33px !important;}&#8221; css_params=&#8221;&#8221;][vc_separator color=&#8221;white&#8221; border_width=&#8221;4&#8243; css=&#8221;&#8221; css_params=&#8221;&#8221;]<div class=\"widget_sidebar_menu main-sidebar-menu vc_custom_1776147789354  wpb_custom_f1bf3be01688f2932659384675d1d31c\"><div class=\"sidebar-menu-wrap\"><ul id=\"menu-hukuki-ceviri-alanlarimiz\" class=\"sidebar-menu\"><li id=\"nav-menu-item-3835\" class=\"menu-item menu-item-type-post_type menu-item-object-page  narrow \"><a href=\"https:\/\/kalitetercume.com.tr\/Legal\/tr\/sirketler-ve-sozlesme-hukuku\/\">\u015eirketler ve S\u00f6zle\u015fme Hukuku<\/a><\/li>\n<li id=\"nav-menu-item-3836\" class=\"menu-item menu-item-type-post_type menu-item-object-page  narrow \"><a href=\"https:\/\/kalitetercume.com.tr\/Legal\/tr\/tahkim-ve-dava\/\">Tahkim ve Dava<\/a><\/li>\n<li id=\"nav-menu-item-3828\" class=\"menu-item menu-item-type-post_type menu-item-object-page  narrow \"><a href=\"https:\/\/kalitetercume.com.tr\/Legal\/tr\/mahkeme-ve-adli-belgeler\/\">Mahkeme ve Adli Belgeler<\/a><\/li>\n<li id=\"nav-menu-item-3824\" class=\"menu-item menu-item-type-post_type menu-item-object-page  narrow \"><a href=\"https:\/\/kalitetercume.com.tr\/Legal\/tr\/gocmenlik-ve-noter-islemleri\/\">G\u00f6\u00e7menlik ve Noter \u0130\u015flemleri<\/a><\/li>\n<li id=\"nav-menu-item-3803\" class=\"menu-item menu-item-type-post_type menu-item-object-page  narrow \"><a href=\"https:\/\/kalitetercume.com.tr\/Legal\/tr\/uyumluluk-ve-duzenleyici-hukuk\/\">Uyumluluk ve D\u00fczenleyici Hukuk<\/a><\/li>\n<li id=\"nav-menu-item-3798\" class=\"menu-item menu-item-type-post_type menu-item-object-page  narrow \"><a href=\"https:\/\/kalitetercume.com.tr\/Legal\/tr\/aile-hukuku\/\">Aile Hukuku<\/a><\/li>\n<li id=\"nav-menu-item-3794\" class=\"menu-item menu-item-type-post_type menu-item-object-page  narrow \"><a href=\"https:\/\/kalitetercume.com.tr\/Legal\/tr\/saglik-hukuku\/\">Sa\u011fl\u0131k Hukuku<\/a><\/li>\n<li id=\"nav-menu-item-3790\" class=\"menu-item menu-item-type-post_type menu-item-object-page  narrow \"><a href=\"https:\/\/kalitetercume.com.tr\/Legal\/tr\/fikri-mulkiyet-hukuku\/\">Fikri M\u00fclkiyet Hukuku<\/a><\/li>\n<li id=\"nav-menu-item-3786\" class=\"menu-item menu-item-type-post_type menu-item-object-page  narrow \"><a href=\"https:\/\/kalitetercume.com.tr\/Legal\/tr\/ceza-hukuku\/\">Ceza hukuku<\/a><\/li>\n<li id=\"nav-menu-item-3782\" class=\"menu-item menu-item-type-post_type menu-item-object-page  narrow \"><a href=\"https:\/\/kalitetercume.com.tr\/Legal\/tr\/is-hukuku\/\">\u0130\u015f Hukuku<\/a><\/li>\n<li id=\"nav-menu-item-3775\" class=\"menu-item menu-item-type-post_type menu-item-object-page  narrow \"><a href=\"https:\/\/kalitetercume.com.tr\/Legal\/tr\/gayrimenkul-ve-insaat-hukuku\/\">Gayrimenkul ve \u0130n\u015faat Hukuku<\/a><\/li>\n<li id=\"nav-menu-item-3771\" class=\"menu-item menu-item-type-post_type menu-item-object-page  narrow \"><a href=\"https:\/\/kalitetercume.com.tr\/Legal\/tr\/vergi-ve-finans-hukuku\/\">Vergi ve Finans Hukuku<\/a><\/li>\n<li id=\"nav-menu-item-3765\" class=\"menu-item menu-item-type-post_type menu-item-object-page  narrow \"><a href=\"https:\/\/kalitetercume.com.tr\/Legal\/tr\/sigorta-hukuku\/\">Sigorta Hukuku<\/a><\/li>\n<li id=\"nav-menu-item-3761\" class=\"menu-item menu-item-type-post_type menu-item-object-page  narrow \"><a href=\"https:\/\/kalitetercume.com.tr\/Legal\/tr\/idari-hukuk\/\">\u0130dari Hukuk<\/a><\/li>\n<li id=\"nav-menu-item-3753\" class=\"menu-item menu-item-type-post_type menu-item-object-page  narrow \"><a href=\"https:\/\/kalitetercume.com.tr\/Legal\/tr\/uluslararasi-hukuk\/\">Uluslararas\u0131 Hukuk<\/a><\/li>\n<li id=\"nav-menu-item-3747\" class=\"menu-item menu-item-type-post_type menu-item-object-page  narrow \"><a href=\"https:\/\/kalitetercume.com.tr\/Legal\/tr\/denizcilik-hukuku\/\">Deniz Hukuku<\/a><\/li>\n<li id=\"nav-menu-item-3743\" class=\"menu-item menu-item-type-post_type menu-item-object-page  narrow \"><a href=\"https:\/\/kalitetercume.com.tr\/Legal\/tr\/cevre-hukuku\/\">\u00c7evre Hukuku<\/a><\/li>\n<li id=\"nav-menu-item-3732\" class=\"menu-item menu-item-type-post_type menu-item-object-page  narrow \"><a href=\"https:\/\/kalitetercume.com.tr\/Legal\/tr\/bankacilik-ve-finans-hukuku\/\">Bankac\u0131l\u0131k ve Finans Hukuku<\/a><\/li>\n<\/ul><\/div><\/div><\/div><\/div><div class=\"porto-ultimate-content-box-container text-center\"><style>.porto_ucb_b0572038ed623d75079aebad6cf9ef13{will-change: box-shadow;box-shadow:0px 0px 31px -5px rgba(0,0,0,0.14);}.porto_ucb_b0572038ed623d75079aebad6cf9ef13:hover{box-shadow:0px 0px 31px -5px rgba(0,0,0,0.14)}<\/style><div class=\"porto-ultimate-content-box vc_custom_1709720852896 porto_ucb_b0572038ed623d75079aebad6cf9ef13\" style=\"\">[vc_custom_heading text=&#8221;Size nas\u0131l yard\u0131mc\u0131 olabiliriz?&#8221; font_container=&#8221;tag:div|font_size:1.2em|text_align:center|color:rgba(255%2C255%2C255%2C0.9)|line_height:24px&#8221; use_theme_fonts=&#8221;yes&#8221; font_weight=&#8221;600&#8243; letter_spacing=&#8221;-0.05em&#8221; animation_delay=&#8221;500&#8243; el_class=&#8221;opacity-9 mb-1&#8243; animation_type=&#8221;lightSpeedIn&#8221; css_params=&#8221;&#8221;][vc_custom_heading text=&#8221;Hukuk \u00e7evirisine mi ihtiyac\u0131n\u0131z var?&#8221; font_container=&#8221;tag:h2|font_size:1.7em|text_align:center&#8221; use_theme_fonts=&#8221;yes&#8221; font_weight=&#8221;700&#8243; skin=&#8221;light&#8221; letter_spacing=&#8221;-1px&#8221; animation_delay=&#8221;750&#8243; el_class=&#8221;mb-2 font-style-normal&#8221; animation_type=&#8221;lightSpeedIn&#8221; css_params=&#8221;&#8221;][vc_custom_heading text=&#8221;Bizimle hemen ileti\u015fime ge\u00e7in.&#8221; font_container=&#8221;tag:p|font_size:1.1em|text_align:center|color:rgba(255%2C255%2C255%2C0.8)|line_height:26px&#8221; use_theme_fonts=&#8221;yes&#8221; animation_delay=&#8221;950&#8243; css=&#8221;.vc_custom_1776147842300{margin-bottom: 47px !important;}&#8221; el_class=&#8221;opacity-8&#8243; animation_type=&#8221;lightSpeedIn&#8221; css_params=&#8221;&#8221;]<div class=\"porto-sicon-box  vc_custom_1761551232120 top-n1-icon-box justify-content-center  wpb_custom_a4802976ddc90dd45e8cea536ff68ec0 style_1 default-icon\"><div class=\"porto-sicon-default\"><div class=\"porto-just-icon-wrapper porto-icon none\" style=\"color:var(--porto-primary-color);font-size:23.1px;\"><i class=\"Simple-Line-Icons-phone\"><\/i><\/div><\/div><div class=\"porto-sicon-header\"><a class=\"porto-sicon-box-link\" href=\"tel:+1234567890\"><div class=\"porto-sicon-title\" style=\"font-weight:700;font-size:21px;color:#ffffff;line-height:24px;letter-spacing:0;\">+90 507 220 38 62<\/div><\/a><\/div> <!-- header --><\/div><!-- porto-sicon-box --><div class=\"porto-sicon-box  vc_custom_1761551253231 top-2-icon-box justify-content-center  wpb_custom_2ccbe3e616e3e99d1ad178e76088c729 style_1 default-icon\"><div class=\"porto-sicon-default\"><div class=\"porto-just-icon-wrapper porto-icon none\" style=\"color:var(--porto-primary-color);font-size:25.2px;\"><i class=\"Simple-Line-Icons-envelope\"><\/i><\/div><\/div><div class=\"porto-sicon-header\"><a class=\"porto-sicon-box-link\" href=\"mailto:porto@consulting.com\"><div class=\"porto-sicon-title\" style=\"font-size:16.8px;color:#ffffff;line-height:24px;letter-spacing:0;\">info@kalitetercume.com.tr<\/div><\/a><\/div> <!-- header --><\/div><!-- porto-sicon-box --><div class=\"porto-sicon-box  vc_custom_1776147853909 top-n1-icon-box justify-content-center  wpb_custom_68c54048e3c209cf95a5deb478b05eb6 style_1 default-icon\"><div class=\"porto-sicon-default\"><div class=\"porto-just-icon-wrapper porto-icon none\" style=\"color:var(--porto-primary-color);font-size:25.2px;\"><i class=\"Simple-Line-Icons-calendar\"><\/i><\/div><\/div><div class=\"porto-sicon-header\"><div class=\"porto-sicon-title\" style=\"\">7 g\u00fcn 24 saat hizmetinizdeyiz<\/div><\/div> <!-- header --><\/div><!-- porto-sicon-box -->[vc_btn title=&#8221;\u0130leti\u015fime Ge\u00e7in&#8221; skin=&#8221;primary&#8221; btn_fw=&#8221;700&#8243; el_cls=&#8221;br-thick&#8221; link=&#8221;url:https%3A%2F%2Fkalitetercume.com.tr%2FLegal%2Ftr%2Filetisim%2F|title:Contact&#8221; btn_px=&#8221;2.4rem&#8221; btn_py=&#8221;1.29rem&#8221; el_class=&#8221;text-none mb-0&#8243; css_params=&#8221;&#8221;]<\/div><\/div>[\/vc_column][\/vc_row][vc_row full_width_css=&#8221;stretch_row_css&#8221; css=&#8221;.vc_custom_1767162407247{padding-top: 98px !important;padding-bottom: 218px !important;background-image: url(https:\/\/kalitetercume.com.tr\/Legal\/wp-content\/uploads\/2025\/12\/lf2-background-1-1.jpg?id=2687) !important;background-position: center !important;background-repeat: no-repeat !important;background-size: cover !important;}&#8221; el_class=&#8221;overlay-dark position-relative&#8221; conditional_render=&#8221;%5B%7B%22value_role%22%3A%22administrator%22%7D%5D&#8221; css_params=&#8221;&#8221;][vc_column el_class=&#8221;z-index-1&#8243; conditional_render=&#8221;%5B%7B%22value_role%22%3A%22administrator%22%7D%5D&#8221;][vc_custom_heading text=&#8221;Hukuk&#8221; font_container=&#8221;tag:h1|font_size:2.2em|text_align:center|line_height:24px&#8221; use_theme_fonts=&#8221;yes&#8221; font_weight=&#8221;600&#8243; skin=&#8221;primary&#8221; letter_spacing=&#8221;-0.05em&#8221; animation_delay=&#8221;200&#8243; el_class=&#8221;mb-2&#8243; animation_type=&#8221;fadeInUp&#8221; css_params=&#8221;&#8221;][vc_custom_heading text=&#8221;Terc\u00fcmanlar\u0131m\u0131z&#8221; font_container=&#8221;tag:h2|font_size:2.75em|text_align:center|line_height:42px&#8221; use_theme_fonts=&#8221;yes&#8221; text_transform=&#8221;text-capitalize&#8221; font_weight=&#8221;700&#8243; skin=&#8221;light&#8221; letter_spacing=&#8221;-1px&#8221; animation_delay=&#8221;400&#8243; el_class=&#8221;mb-0 font-style-normal&#8221; animation_type=&#8221;fadeInUp&#8221; css_params=&#8221;&#8221;][\/vc_column][\/vc_row][vc_row full_width_css=&#8221;stretch_row_css&#8221; no_padding=&#8221;yes&#8221; animation_delay=&#8221;1000&#8243; css=&#8221;.vc_custom_1767162167650{margin-top: -187px !important;padding-bottom: 24px !important;}&#8221; animation_type=&#8221;fadeInUp&#8221; conditional_render=&#8221;%5B%7B%22value_role%22%3A%22administrator%22%7D%5D&#8221; css_params=&#8221;&#8221;][vc_column conditional_render=&#8221;%5B%7B%22value_role%22%3A%22administrator%22%7D%5D&#8221;][porto_tb_posts post_type=&#8221;member&#8221; view=&#8221;slider&#8221; spacing=&#8221;20&#8243; columns=&#8221;5&#8243; columns_tablet=&#8221;2&#8243; navigation=&#8221;&#8221; pagination=&#8221;yes&#8221; dots_pos=&#8221;custom-dots&#8221; dots_visible=&#8221;{&#8220;xl&#8220;:&#8220;{&#8220;xl&#8220;:&#8220;`{`object&#8220;}&#8221; dots_original=&#8221;-50%&#8221; builder_id=&#8221;764&#8243; dots_pos_bottom=&#8221;{&#8220;sm&#8220;:&#8220;10&#8220;,&#8220;unit&#8220;:&#8220;&#8220;,&#8220;xs&#8220;:&#8220;&#8220;,&#8220;md&#8220;:&#8220;&#8220;,&#8220;lg&#8220;:&#8220;&#8220;,&#8220;xl&#8220;:-40}&#8221; dots_pos_left=&#8221;{&#8220;unit&#8220;:&#8220;%&#8220;,&#8220;xs&#8220;:&#8220;&#8220;,&#8220;sm&#8220;:&#8220;&#8220;,&#8220;md&#8220;:&#8220;&#8220;,&#8220;lg&#8220;:&#8220;&#8220;,&#8220;xl&#8220;:&#8220;50&#8220;}&#8221; dots_bg_color=&#8221;rgba(33,33,33,0.6)&#8221; dots_abg_color=&#8221;#212529&#8243; el_class=&#8221;mb-0 mb-md-5 pb-5 box-shadow-carousel p-l-md p-r-md&#8221;][\/vc_column][\/vc_row]<\/p>\n<\/div>","protected":false},"excerpt":{"rendered":"<p>[vc_row wrap_container=&#8221;yes&#8221; conditional_render=&#8221;%5B%7B%22value_role%22%3A%22administrator%22%7D%5D&#8221; css_params=&#8221;&#8221;][vc_column][vc_empty_space height=&#8221;20px&#8221; css_params=&#8221;&#8221;][vc_empty_space height=&#8221;20px&#8221; css_params=&#8221;&#8221;][vc_empty_space height=&#8221;20px&#8221; css_params=&#8221;&#8221;][\/vc_column][\/vc_row][vc_row full_width_css=&#8221;stretch_row_css&#8221; wrap_container=&#8221;yes&#8221; conditional_render=&#8221;%5B%7B%22value_role%22%3A%22administrator%22%7D%5D&#8221; css_params=&#8221;&#8221;][vc_column width=&#8221;2\/3&#8243;][vc_column_text css=&#8221;&#8221; css_params=&#8221;&#8221;] Vergi, Finans ve Mevzuat Uyumlulu\u011fu i\u00e7in Sertifikal\u0131 Hukuk Terc\u00fcmesi Vergi ve finans hukuku, ola\u011fan\u00fcst\u00fc do\u011fruluk ve hem hukuki hem de ekonomik dilin derinlemesine anla\u015f\u0131lmas\u0131n\u0131 gerektirir.&nbsp;Kalite Legal olarak, vergi beyannameleri, mali tablolar, uyumluluk raporlar\u0131 ve hukuki g\u00f6r\u00fc\u015fler i\u00e7in&nbsp;onayl\u0131 \u00e7eviriler&nbsp;sunarak&nbsp;, [&hellip;]<\/p>\n","protected":false},"author":1,"featured_media":0,"parent":0,"menu_order":0,"comment_status":"closed","ping_status":"closed","template":"","meta":{"_acf_changed":false,"footnotes":""},"class_list":["post-3768","page","type-page","status-publish","hentry"],"acf":[],"_links":{"self":[{"href":"https:\/\/kalitetercume.com.tr\/Legal\/wp-json\/wp\/v2\/pages\/3768","targetHints":{"allow":["GET"]}}],"collection":[{"href":"https:\/\/kalitetercume.com.tr\/Legal\/wp-json\/wp\/v2\/pages"}],"about":[{"href":"https:\/\/kalitetercume.com.tr\/Legal\/wp-json\/wp\/v2\/types\/page"}],"author":[{"embeddable":true,"href":"https:\/\/kalitetercume.com.tr\/Legal\/wp-json\/wp\/v2\/users\/1"}],"replies":[{"embeddable":true,"href":"https:\/\/kalitetercume.com.tr\/Legal\/wp-json\/wp\/v2\/comments?post=3768"}],"version-history":[{"count":4,"href":"https:\/\/kalitetercume.com.tr\/Legal\/wp-json\/wp\/v2\/pages\/3768\/revisions"}],"predecessor-version":[{"id":3813,"href":"https:\/\/kalitetercume.com.tr\/Legal\/wp-json\/wp\/v2\/pages\/3768\/revisions\/3813"}],"wp:attachment":[{"href":"https:\/\/kalitetercume.com.tr\/Legal\/wp-json\/wp\/v2\/media?parent=3768"}],"curies":[{"name":"wp","href":"https:\/\/api.w.org\/{rel}","templated":true}]}}