{"id":3779,"date":"2026-04-16T09:48:25","date_gmt":"2026-04-16T06:48:25","guid":{"rendered":"https:\/\/kalitetercume.com.tr\/Legal\/?page_id=3779"},"modified":"2026-04-16T18:01:28","modified_gmt":"2026-04-16T15:01:28","slug":"is-hukuku","status":"publish","type":"page","link":"https:\/\/kalitetercume.com.tr\/Legal\/tr\/is-hukuku\/","title":{"rendered":"\u0130\u015f Hukuku"},"content":{"rendered":"<div class=\"wpb-content-wrapper\"><p>[vc_row wrap_container=&#8221;yes&#8221; conditional_render=&#8221;%5B%7B%22value_role%22%3A%22administrator%22%7D%5D&#8221; css_params=&#8221;&#8221;][vc_column][vc_empty_space height=&#8221;20px&#8221; css_params=&#8221;&#8221;][vc_empty_space height=&#8221;20px&#8221; css_params=&#8221;&#8221;][vc_empty_space height=&#8221;20px&#8221; css_params=&#8221;&#8221;][\/vc_column][\/vc_row][vc_row full_width_css=&#8221;stretch_row_css&#8221; wrap_container=&#8221;yes&#8221; conditional_render=&#8221;%5B%7B%22value_role%22%3A%22administrator%22%7D%5D&#8221; css_params=&#8221;&#8221;][vc_column width=&#8221;2\/3&#8243;][vc_column_text css=&#8221;&#8221; css_params=&#8221;&#8221;]<\/p>\n<h3><strong><span dir=\"auto\">\u0130\u015f ve \u00c7al\u0131\u015fma Hukuku Konular\u0131nda Sertifikal\u0131 Hukuk Terc\u00fcmesi<\/span><\/strong><\/h3>\n<p><span dir=\"auto\">\u0130\u015f hukuku, i\u015fverenler ve \u00e7al\u0131\u015fanlar aras\u0131ndaki ili\u015fkiyi d\u00fczenler ve s\u00f6zle\u015fmesel y\u00fck\u00fcml\u00fcl\u00fckleri, uyumluluk gerekliliklerini ve uyu\u015fmazl\u0131k \u00e7\u00f6z\u00fcm\u00fcn\u00fc kapsar. Dilin hassasiyeti hayati \u00f6nem ta\u015f\u0131r; bir i\u015f s\u00f6zle\u015fmesinde veya tahkim dosyas\u0131nda yanl\u0131\u015f \u00e7evrilmi\u015f tek bir madde, hak ve y\u00fck\u00fcml\u00fcl\u00fcklerin anlam\u0131n\u0131 de\u011fi\u015ftirebilir.<\/span><\/p>\n<p><strong><span dir=\"auto\">Kalite Legal<\/span><\/strong><span dir=\"auto\">\u00a0olarak ,\u00a0t\u00fcm i\u015f ve \u00e7al\u0131\u015fma hukuku belgeleri i\u00e7in\u00a0<\/span><strong><span dir=\"auto\">do\u011fru ve ISO 17100 sertifikal\u0131 \u00e7eviriler<\/span><\/strong><span dir=\"auto\">\u00a0sunuyoruz .<\/span><\/p>\n<h3><strong><span dir=\"auto\">ISO 17100 Sertifikal\u0131 S\u00fcre\u00e7 ve Hukuki Uzmanl\u0131k<\/span><\/strong><\/h3>\n<p><span dir=\"auto\">\u00c7evirmenlerimiz hem\u00a0<\/span><strong><span dir=\"auto\">ulusal i\u015f hukuku<\/span><\/strong><span dir=\"auto\">\u00a0hem de\u00a0<\/span><strong><span dir=\"auto\">uluslararas\u0131 istihdam \u00e7er\u00e7eveleri<\/span><\/strong><span dir=\"auto\">\u00a0konusunda uzmand\u0131r ve her \u00e7evirinin ilgili yarg\u0131 yetkisi ve terminolojiye uygun olmas\u0131n\u0131 sa\u011flarlar.<\/span><\/p>\n<p><strong><span dir=\"auto\">Hukuk b\u00fcrolar\u0131na, \u015firketlerin insan kaynaklar\u0131 departmanlar\u0131na, sendikalara ve kamu kurumlar\u0131na<\/span><\/strong><span dir=\"auto\">\u00a0yasal ge\u00e7erlili\u011fi olan, dilsel olarak do\u011fru ve gizlilik g\u00fcvencesi ta\u015f\u0131yan \u00e7eviriler sunarak\u00a0destek veriyoruz .<\/span><\/p>\n<h3><span dir=\"auto\">&#8212;&#8212;&#8212;&#8212;&#8212;&#8212;&#8212;&#8212;&#8212;&#8212;&#8212;&#8212;&#8212;&#8212;&#8212;&#8212;&#8212;&#8212;&#8212;&#8212;&#8212;&#8212;&#8212;&#8212;&#8212;&#8212;&#8212;&#8212;&#8212;&#8212;&#8212;<\/span><\/h3>\n<h3><strong><span dir=\"auto\">ISO 17100 Sertifikal\u0131 S\u00fcre\u00e7 ve \u00c7ift Dilli \u0130nceleme<\/span><\/strong><\/h3>\n<p><strong><span dir=\"auto\">Her \u00e7eviri, ISO 17100 sertifikal\u0131 kalite kontrol\u00fc<\/span><\/strong><span dir=\"auto\">\u00a0alt\u0131nda tamamlan\u0131r\u00a0ve bu da \u00e7ift y\u00f6nl\u00fc inceleme s\u00fcrecini garanti eder: biri i\u015f hukuku konusunda uzmanla\u015fm\u0131\u015f bir \u00e7evirmen, di\u011feri ise hukuki ve terminolojik tutarl\u0131l\u0131\u011f\u0131 do\u011frulayan bir edit\u00f6r.<\/span><\/p>\n<p><span dir=\"auto\">Ekibimiz a\u015fa\u011f\u0131daki konularda geni\u015f deneyime sahiptir:<\/span><\/p>\n<ul>\n<li><strong><span dir=\"auto\">ILO (Uluslararas\u0131 \u00c7al\u0131\u015fma \u00d6rg\u00fct\u00fc) s\u00f6zle\u015fmeleri<\/span><\/strong><\/li>\n<li><strong><span dir=\"auto\">AB istihdam direktifleri<\/span><\/strong><\/li>\n<li><strong><span dir=\"auto\">Toplu pazarl\u0131k ve sendika anla\u015fmalar\u0131<\/span><\/strong><\/li>\n<li><strong><span dir=\"auto\">\u0130\u015fyeri uyumlulu\u011fu, \u00e7e\u015fitlilik ve veri koruma \u00e7er\u00e7eveleri (GDPR)<\/span><\/strong><\/li>\n<\/ul>\n<p><span dir=\"auto\">Bu, \u00e7evrilen t\u00fcm belgelerin d\u00fcnya \u00e7ap\u0131ndaki d\u00fczenleyici kurumlar, mahkemeler ve insan kaynaklar\u0131 uyumluluk denet\u00e7ileri taraf\u0131ndan beklenen yasal ve prosed\u00fcrel standartlar\u0131 kar\u015f\u0131lamas\u0131n\u0131 sa\u011flar.<\/span><\/p>\n<h3><span dir=\"auto\">&#8212;&#8212;&#8212;&#8212;&#8212;&#8212;&#8212;&#8212;&#8212;&#8212;&#8212;&#8212;&#8212;&#8212;&#8212;&#8212;&#8212;&#8212;&#8212;&#8212;&#8212;&#8212;&#8212;&#8212;&#8212;&#8212;&#8212;&#8212;&#8212;&#8212;&#8212;<\/span><\/h3>\n<h3><strong><span dir=\"auto\">Terc\u00fcme Etti\u011fimiz \u0130\u015f Hukuku Belgeleri<\/span><\/strong><\/h3>\n<ul>\n<li><span dir=\"auto\">Bireysel ve toplu i\u015f s\u00f6zle\u015fmeleri<\/span><\/li>\n<li><span dir=\"auto\">\u015eirket politikalar\u0131 ve \u0130K k\u0131lavuzlar\u0131<\/span><\/li>\n<li><span dir=\"auto\">\u0130\u015ften \u00e7\u0131karma ve fesih mektuplar\u0131<\/span><\/li>\n<li><span dir=\"auto\">\u0130\u015fyeri soru\u015fturma raporlar\u0131<\/span><\/li>\n<li><span dir=\"auto\">Sendika ve toplu pazarl\u0131k anla\u015fmalar\u0131<\/span><\/li>\n<li><span dir=\"auto\">\u0130\u015f\u00e7i uyu\u015fmazl\u0131\u011f\u0131 ba\u015fvurular\u0131 ve mahkeme kararlar\u0131<\/span><\/li>\n<li><span dir=\"auto\">Tahkim ve arabuluculuk belgeleri<\/span><\/li>\n<li><span dir=\"auto\">\u0130\u015f sa\u011fl\u0131\u011f\u0131 ve g\u00fcvenli\u011fi raporlar\u0131<\/span><\/li>\n<li><span dir=\"auto\">\u00c7al\u0131\u015fan el kitaplar\u0131 ve i\u015fe al\u0131m materyalleri<\/span><\/li>\n<li><span dir=\"auto\">E\u015fitlik, \u00e7e\u015fitlilik ve kapsay\u0131c\u0131l\u0131k politikalar\u0131<\/span><\/li>\n<li><span dir=\"auto\">Uyumluluk ve denetim dok\u00fcmantasyonu<\/span><\/li>\n<li><span dir=\"auto\">Sosyal g\u00fcvenlik ve yard\u0131mlar formlar\u0131<\/span><\/li>\n<li><span dir=\"auto\">Kurum i\u00e7i \u015fikayet ve disiplin kay\u0131tlar\u0131<\/span><\/li>\n<\/ul>\n<h3><span dir=\"auto\">&#8212;&#8212;&#8212;&#8212;&#8212;&#8212;&#8212;&#8212;&#8212;&#8212;&#8212;&#8212;&#8212;&#8212;&#8212;&#8212;&#8212;&#8212;&#8212;&#8212;&#8212;&#8212;&#8212;&#8212;&#8212;&#8212;&#8212;&#8212;&#8212;&#8212;&#8212;<\/span><\/h3>\n<h3><strong><span dir=\"auto\">Gizlilik ve Hukuki Kesinlik<\/span><\/strong><\/h3>\n<p><span dir=\"auto\">\u0130\u015f s\u00f6zle\u015fmesiyle ilgili belgeler genellikle\u00a0<\/span><strong><span dir=\"auto\">hassas ki\u015fisel veriler ve gizli \u015firket politikalar\u0131 i\u00e7erir.<\/span><\/strong><\/p>\n<p><strong><span dir=\"auto\">Kalite Legal<\/span><\/strong><span dir=\"auto\">\u00a0olarak ,\u00a0<strong>GDPR ve uluslararas\u0131 gizlilik standartlar\u0131na<\/strong>\u00a0tam uyum sa\u011flayarak,\u00a0<\/span><strong><span dir=\"auto\">gizlilik ve veri koruma protokollerine<\/span><\/strong><span dir=\"auto\">\u00a0s\u0131k\u0131 s\u0131k\u0131ya ba\u011fl\u0131 kal\u0131yoruz .<\/span><\/p>\n<p><span dir=\"auto\"><strong>GDPR ve uluslararas\u0131 gizlilik standartlar\u0131na uyum sa\u011flanmaktad\u0131r. T\u00fcm \u00e7evirmenler ve edit\u00f6rler gizlilik s\u00f6zle\u015fmeleri (GDPR)<\/strong>\u00a0ile yasal olarak ba\u011fl\u0131d\u0131rlar .<\/span><\/p>\n<p><strong><span dir=\"auto\">Ayr\u0131ca, i\u015f ve \u00e7al\u0131\u015fma hukuku i\u00e7in \u00f6zel terminoloji veritabanlar\u0131<\/span><\/strong><span dir=\"auto\">\u00a0da bulunduruyoruz\u00a0; bu sayede birden fazla yarg\u0131 b\u00f6lgesinde ve \u015firket politikalar\u0131nda tutarl\u0131 \u00e7eviri sa\u011fl\u0131yoruz.<\/span><\/p>\n<p><strong><span dir=\"auto\">7\/24 proje y\u00f6netim<\/span><\/strong><span dir=\"auto\">\u00a0yap\u0131m\u0131z\u00a0, k\u00fcresel \u0130K ve i\u015f hukuku projelerini h\u0131zl\u0131 ve g\u00fcvenli bir \u015fekilde y\u00fcr\u00fctmemizi sa\u011flar; bu da birden fazla zaman dilimini y\u00f6neten \u00e7ok uluslu kurulu\u015flar i\u00e7in idealdir.<\/span><\/p>\n<h3><span dir=\"auto\">&#8212;&#8212;&#8212;&#8212;&#8212;&#8212;&#8212;&#8212;&#8212;&#8212;&#8212;&#8212;&#8212;&#8212;&#8212;&#8212;&#8212;&#8212;&#8212;&#8212;&#8212;&#8212;&#8212;&#8212;&#8212;&#8212;&#8212;&#8212;&#8212;&#8212;&#8212;<\/span><\/h3>\n<h3><strong><span dir=\"auto\">Fiyat Teklifi \u0130steyin<\/span><\/strong><\/h3>\n<p><span dir=\"auto\">\u0130\u015f hukuku veya \u00e7al\u0131\u015fma hukuku belgeleri i\u00e7in onayl\u0131 terc\u00fcmelere mi ihtiyac\u0131n\u0131z var?<\/span><\/p>\n<p><strong><span dir=\"auto\">Kalite Legal Translations,<\/span><\/strong><span dir=\"auto\">\u00a0ISO 17100 sertifikal\u0131, iki kez g\u00f6zden ge\u00e7irilmi\u015f ve 50&#8217;den fazla dilde kurumsal \u015firketler, sendikalar ve uluslararas\u0131 hukuk firmalar\u0131 taraf\u0131ndan g\u00fcvenilen \u00e7eviriler sunmaktad\u0131r.<\/span><\/p>\n<h4><strong><img decoding=\"async\" class=\"emoji\" role=\"img\" draggable=\"false\" src=\"https:\/\/s.w.org\/images\/core\/emoji\/17.0.2\/svg\/1f4e9.svg\" alt=\"\ud83d\udce9\" \/><span dir=\"auto\">Fiyat teklifi veya dan\u0131\u015fmanl\u0131k i\u00e7in bug\u00fcn i\u015f hukuku terc\u00fcme uzmanlar\u0131m\u0131zla ileti\u015fime ge\u00e7in.<\/span><\/strong><\/h4>\n<p>[\/vc_column_text][vc_empty_space css_params=&#8221;&#8221;][\/vc_column][vc_column width=&#8221;1\/3&#8243; conditional_render=&#8221;%5B%7B%22value_role%22%3A%22administrator%22%7D%5D&#8221; css_params=&#8221;&#8221;]<div class=\"porto-ultimate-content-box-container mb-5\"><style>.porto_ucb_b0572038ed623d75079aebad6cf9ef13{will-change: box-shadow;box-shadow:0px 0px 31px -5px rgba(0,0,0,0.14);}.porto_ucb_b0572038ed623d75079aebad6cf9ef13:hover{box-shadow:0px 0px 31px -5px rgba(0,0,0,0.14)}<\/style><div class=\"porto-ultimate-content-box vc_custom_1768400234565 porto_ucb_b0572038ed623d75079aebad6cf9ef13\" style=\"\">[vc_custom_heading text=&#8221;Hukuki \u00c7eviri Alanlar\u0131m\u0131z&#8221; font_container=&#8221;tag:h5|font_size:1.4em|text_align:center|color:%23ad9263|line_height:20px&#8221; use_theme_fonts=&#8221;yes&#8221; font_weight=&#8221;700&#8243; letter_spacing=&#8221;-0.05em&#8221; css=&#8221;.vc_custom_1776351686365{margin-bottom: 33px !important;}&#8221; css_params=&#8221;&#8221;][vc_separator color=&#8221;white&#8221; border_width=&#8221;4&#8243; css=&#8221;&#8221; css_params=&#8221;&#8221;]<div class=\"widget_sidebar_menu main-sidebar-menu vc_custom_1776147789354  wpb_custom_f1bf3be01688f2932659384675d1d31c\"><div class=\"sidebar-menu-wrap\"><ul id=\"menu-hukuki-ceviri-alanlarimiz\" class=\"sidebar-menu\"><li id=\"nav-menu-item-3835\" class=\"menu-item menu-item-type-post_type menu-item-object-page  narrow \"><a href=\"https:\/\/kalitetercume.com.tr\/Legal\/tr\/sirketler-ve-sozlesme-hukuku\/\">\u015eirketler ve S\u00f6zle\u015fme Hukuku<\/a><\/li>\n<li id=\"nav-menu-item-3836\" class=\"menu-item menu-item-type-post_type menu-item-object-page  narrow \"><a href=\"https:\/\/kalitetercume.com.tr\/Legal\/tr\/tahkim-ve-dava\/\">Tahkim ve Dava<\/a><\/li>\n<li id=\"nav-menu-item-3828\" class=\"menu-item menu-item-type-post_type menu-item-object-page  narrow \"><a href=\"https:\/\/kalitetercume.com.tr\/Legal\/tr\/mahkeme-ve-adli-belgeler\/\">Mahkeme ve Adli Belgeler<\/a><\/li>\n<li id=\"nav-menu-item-3824\" class=\"menu-item menu-item-type-post_type menu-item-object-page  narrow \"><a href=\"https:\/\/kalitetercume.com.tr\/Legal\/tr\/gocmenlik-ve-noter-islemleri\/\">G\u00f6\u00e7menlik ve Noter \u0130\u015flemleri<\/a><\/li>\n<li id=\"nav-menu-item-3803\" class=\"menu-item menu-item-type-post_type menu-item-object-page  narrow \"><a href=\"https:\/\/kalitetercume.com.tr\/Legal\/tr\/uyumluluk-ve-duzenleyici-hukuk\/\">Uyumluluk ve D\u00fczenleyici Hukuk<\/a><\/li>\n<li id=\"nav-menu-item-3798\" class=\"menu-item menu-item-type-post_type menu-item-object-page  narrow \"><a href=\"https:\/\/kalitetercume.com.tr\/Legal\/tr\/aile-hukuku\/\">Aile Hukuku<\/a><\/li>\n<li id=\"nav-menu-item-3794\" class=\"menu-item menu-item-type-post_type menu-item-object-page  narrow \"><a href=\"https:\/\/kalitetercume.com.tr\/Legal\/tr\/saglik-hukuku\/\">Sa\u011fl\u0131k Hukuku<\/a><\/li>\n<li id=\"nav-menu-item-3790\" class=\"menu-item menu-item-type-post_type menu-item-object-page  narrow \"><a href=\"https:\/\/kalitetercume.com.tr\/Legal\/tr\/fikri-mulkiyet-hukuku\/\">Fikri M\u00fclkiyet Hukuku<\/a><\/li>\n<li id=\"nav-menu-item-3786\" class=\"menu-item menu-item-type-post_type menu-item-object-page  narrow \"><a href=\"https:\/\/kalitetercume.com.tr\/Legal\/tr\/ceza-hukuku\/\">Ceza hukuku<\/a><\/li>\n<li id=\"nav-menu-item-3782\" class=\"menu-item menu-item-type-post_type menu-item-object-page  narrow \"><a href=\"https:\/\/kalitetercume.com.tr\/Legal\/tr\/is-hukuku\/\">\u0130\u015f Hukuku<\/a><\/li>\n<li id=\"nav-menu-item-3775\" class=\"menu-item menu-item-type-post_type menu-item-object-page  narrow \"><a href=\"https:\/\/kalitetercume.com.tr\/Legal\/tr\/gayrimenkul-ve-insaat-hukuku\/\">Gayrimenkul ve \u0130n\u015faat Hukuku<\/a><\/li>\n<li id=\"nav-menu-item-3771\" class=\"menu-item menu-item-type-post_type menu-item-object-page  narrow \"><a href=\"https:\/\/kalitetercume.com.tr\/Legal\/tr\/vergi-ve-finans-hukuku\/\">Vergi ve Finans Hukuku<\/a><\/li>\n<li id=\"nav-menu-item-3765\" class=\"menu-item menu-item-type-post_type menu-item-object-page  narrow \"><a href=\"https:\/\/kalitetercume.com.tr\/Legal\/tr\/sigorta-hukuku\/\">Sigorta Hukuku<\/a><\/li>\n<li id=\"nav-menu-item-3761\" class=\"menu-item menu-item-type-post_type menu-item-object-page  narrow \"><a href=\"https:\/\/kalitetercume.com.tr\/Legal\/tr\/idari-hukuk\/\">\u0130dari Hukuk<\/a><\/li>\n<li id=\"nav-menu-item-3753\" class=\"menu-item menu-item-type-post_type menu-item-object-page  narrow \"><a href=\"https:\/\/kalitetercume.com.tr\/Legal\/tr\/uluslararasi-hukuk\/\">Uluslararas\u0131 Hukuk<\/a><\/li>\n<li id=\"nav-menu-item-3747\" class=\"menu-item menu-item-type-post_type menu-item-object-page  narrow \"><a href=\"https:\/\/kalitetercume.com.tr\/Legal\/tr\/denizcilik-hukuku\/\">Deniz Hukuku<\/a><\/li>\n<li id=\"nav-menu-item-3743\" class=\"menu-item menu-item-type-post_type menu-item-object-page  narrow \"><a href=\"https:\/\/kalitetercume.com.tr\/Legal\/tr\/cevre-hukuku\/\">\u00c7evre Hukuku<\/a><\/li>\n<li id=\"nav-menu-item-3732\" class=\"menu-item menu-item-type-post_type menu-item-object-page  narrow \"><a href=\"https:\/\/kalitetercume.com.tr\/Legal\/tr\/bankacilik-ve-finans-hukuku\/\">Bankac\u0131l\u0131k ve Finans Hukuku<\/a><\/li>\n<\/ul><\/div><\/div><\/div><\/div><div class=\"porto-ultimate-content-box-container text-center\"><style>.porto_ucb_b0572038ed623d75079aebad6cf9ef13{will-change: box-shadow;box-shadow:0px 0px 31px -5px rgba(0,0,0,0.14);}.porto_ucb_b0572038ed623d75079aebad6cf9ef13:hover{box-shadow:0px 0px 31px -5px rgba(0,0,0,0.14)}<\/style><div class=\"porto-ultimate-content-box vc_custom_1709720852896 porto_ucb_b0572038ed623d75079aebad6cf9ef13\" style=\"\">[vc_custom_heading text=&#8221;Size nas\u0131l yard\u0131mc\u0131 olabiliriz?&#8221; font_container=&#8221;tag:div|font_size:1.2em|text_align:center|color:rgba(255%2C255%2C255%2C0.9)|line_height:24px&#8221; use_theme_fonts=&#8221;yes&#8221; font_weight=&#8221;600&#8243; letter_spacing=&#8221;-0.05em&#8221; animation_delay=&#8221;500&#8243; el_class=&#8221;opacity-9 mb-1&#8243; animation_type=&#8221;lightSpeedIn&#8221; css_params=&#8221;&#8221;][vc_custom_heading text=&#8221;Hukuk \u00e7evirisine mi ihtiyac\u0131n\u0131z var?&#8221; font_container=&#8221;tag:h2|font_size:1.7em|text_align:center&#8221; use_theme_fonts=&#8221;yes&#8221; font_weight=&#8221;700&#8243; skin=&#8221;light&#8221; letter_spacing=&#8221;-1px&#8221; animation_delay=&#8221;750&#8243; el_class=&#8221;mb-2 font-style-normal&#8221; animation_type=&#8221;lightSpeedIn&#8221; css_params=&#8221;&#8221;][vc_custom_heading text=&#8221;Bizimle hemen ileti\u015fime ge\u00e7in.&#8221; font_container=&#8221;tag:p|font_size:1.1em|text_align:center|color:rgba(255%2C255%2C255%2C0.8)|line_height:26px&#8221; use_theme_fonts=&#8221;yes&#8221; animation_delay=&#8221;950&#8243; css=&#8221;.vc_custom_1776147842300{margin-bottom: 47px !important;}&#8221; el_class=&#8221;opacity-8&#8243; animation_type=&#8221;lightSpeedIn&#8221; css_params=&#8221;&#8221;]<div class=\"porto-sicon-box  vc_custom_1761551232120 top-n1-icon-box justify-content-center  wpb_custom_a4802976ddc90dd45e8cea536ff68ec0 style_1 default-icon\"><div class=\"porto-sicon-default\"><div class=\"porto-just-icon-wrapper porto-icon none\" style=\"color:var(--porto-primary-color);font-size:23.1px;\"><i class=\"Simple-Line-Icons-phone\"><\/i><\/div><\/div><div class=\"porto-sicon-header\"><a class=\"porto-sicon-box-link\" href=\"tel:+1234567890\"><div class=\"porto-sicon-title\" style=\"font-weight:700;font-size:21px;color:#ffffff;line-height:24px;letter-spacing:0;\">+90 507 220 38 62<\/div><\/a><\/div> <!-- header --><\/div><!-- porto-sicon-box --><div class=\"porto-sicon-box  vc_custom_1761551253231 top-2-icon-box justify-content-center  wpb_custom_2ccbe3e616e3e99d1ad178e76088c729 style_1 default-icon\"><div class=\"porto-sicon-default\"><div class=\"porto-just-icon-wrapper porto-icon none\" style=\"color:var(--porto-primary-color);font-size:25.2px;\"><i class=\"Simple-Line-Icons-envelope\"><\/i><\/div><\/div><div class=\"porto-sicon-header\"><a class=\"porto-sicon-box-link\" href=\"mailto:porto@consulting.com\"><div class=\"porto-sicon-title\" style=\"font-size:16.8px;color:#ffffff;line-height:24px;letter-spacing:0;\">info@kalitetercume.com.tr<\/div><\/a><\/div> <!-- header --><\/div><!-- porto-sicon-box --><div class=\"porto-sicon-box  vc_custom_1776147853909 top-n1-icon-box justify-content-center  wpb_custom_68c54048e3c209cf95a5deb478b05eb6 style_1 default-icon\"><div class=\"porto-sicon-default\"><div class=\"porto-just-icon-wrapper porto-icon none\" style=\"color:var(--porto-primary-color);font-size:25.2px;\"><i class=\"Simple-Line-Icons-calendar\"><\/i><\/div><\/div><div class=\"porto-sicon-header\"><div class=\"porto-sicon-title\" style=\"\">7 g\u00fcn 24 saat hizmetinizdeyiz<\/div><\/div> <!-- header --><\/div><!-- porto-sicon-box -->[vc_btn title=&#8221;\u0130leti\u015fime Ge\u00e7in&#8221; skin=&#8221;primary&#8221; btn_fw=&#8221;700&#8243; el_cls=&#8221;br-thick&#8221; link=&#8221;url:https%3A%2F%2Fkalitetercume.com.tr%2FLegal%2Ftr%2Filetisim%2F|title:Contact&#8221; btn_px=&#8221;2.4rem&#8221; btn_py=&#8221;1.29rem&#8221; el_class=&#8221;text-none mb-0&#8243; css_params=&#8221;&#8221;]<\/div><\/div>[\/vc_column][\/vc_row][vc_row full_width_css=&#8221;stretch_row_css&#8221; css=&#8221;.vc_custom_1767162407247{padding-top: 98px !important;padding-bottom: 218px !important;background-image: url(https:\/\/kalitetercume.com.tr\/Legal\/wp-content\/uploads\/2025\/12\/lf2-background-1-1.jpg?id=2687) !important;background-position: center !important;background-repeat: no-repeat !important;background-size: cover !important;}&#8221; el_class=&#8221;overlay-dark position-relative&#8221; conditional_render=&#8221;%5B%7B%22value_role%22%3A%22administrator%22%7D%5D&#8221; css_params=&#8221;&#8221;][vc_column el_class=&#8221;z-index-1&#8243; conditional_render=&#8221;%5B%7B%22value_role%22%3A%22administrator%22%7D%5D&#8221;][vc_custom_heading text=&#8221;Hukuk&#8221; font_container=&#8221;tag:h1|font_size:2.2em|text_align:center|line_height:24px&#8221; use_theme_fonts=&#8221;yes&#8221; font_weight=&#8221;600&#8243; skin=&#8221;primary&#8221; letter_spacing=&#8221;-0.05em&#8221; animation_delay=&#8221;200&#8243; el_class=&#8221;mb-2&#8243; animation_type=&#8221;fadeInUp&#8221; css_params=&#8221;&#8221;][vc_custom_heading text=&#8221;Terc\u00fcmanlar\u0131m\u0131z&#8221; font_container=&#8221;tag:h2|font_size:2.75em|text_align:center|line_height:42px&#8221; use_theme_fonts=&#8221;yes&#8221; text_transform=&#8221;text-capitalize&#8221; font_weight=&#8221;700&#8243; skin=&#8221;light&#8221; letter_spacing=&#8221;-1px&#8221; animation_delay=&#8221;400&#8243; el_class=&#8221;mb-0 font-style-normal&#8221; animation_type=&#8221;fadeInUp&#8221; css_params=&#8221;&#8221;][\/vc_column][\/vc_row][vc_row full_width_css=&#8221;stretch_row_css&#8221; no_padding=&#8221;yes&#8221; animation_delay=&#8221;1000&#8243; css=&#8221;.vc_custom_1767162167650{margin-top: -187px !important;padding-bottom: 24px !important;}&#8221; animation_type=&#8221;fadeInUp&#8221; conditional_render=&#8221;%5B%7B%22value_role%22%3A%22administrator%22%7D%5D&#8221; css_params=&#8221;&#8221;][vc_column conditional_render=&#8221;%5B%7B%22value_role%22%3A%22administrator%22%7D%5D&#8221;][porto_tb_posts post_type=&#8221;member&#8221; view=&#8221;slider&#8221; spacing=&#8221;20&#8243; columns=&#8221;5&#8243; columns_tablet=&#8221;2&#8243; navigation=&#8221;&#8221; pagination=&#8221;yes&#8221; dots_pos=&#8221;custom-dots&#8221; dots_visible=&#8221;{&#8220;xl&#8220;:&#8220;{&#8220;xl&#8220;:&#8220;`{`object&#8220;}&#8221; dots_original=&#8221;-50%&#8221; builder_id=&#8221;764&#8243; dots_pos_bottom=&#8221;{&#8220;sm&#8220;:&#8220;10&#8220;,&#8220;unit&#8220;:&#8220;&#8220;,&#8220;xs&#8220;:&#8220;&#8220;,&#8220;md&#8220;:&#8220;&#8220;,&#8220;lg&#8220;:&#8220;&#8220;,&#8220;xl&#8220;:-40}&#8221; dots_pos_left=&#8221;{&#8220;unit&#8220;:&#8220;%&#8220;,&#8220;xs&#8220;:&#8220;&#8220;,&#8220;sm&#8220;:&#8220;&#8220;,&#8220;md&#8220;:&#8220;&#8220;,&#8220;lg&#8220;:&#8220;&#8220;,&#8220;xl&#8220;:&#8220;50&#8220;}&#8221; dots_bg_color=&#8221;rgba(33,33,33,0.6)&#8221; dots_abg_color=&#8221;#212529&#8243; el_class=&#8221;mb-0 mb-md-5 pb-5 box-shadow-carousel p-l-md p-r-md&#8221;][\/vc_column][\/vc_row]<\/p>\n<\/div>","protected":false},"excerpt":{"rendered":"<p>[vc_row wrap_container=&#8221;yes&#8221; conditional_render=&#8221;%5B%7B%22value_role%22%3A%22administrator%22%7D%5D&#8221; css_params=&#8221;&#8221;][vc_column][vc_empty_space height=&#8221;20px&#8221; css_params=&#8221;&#8221;][vc_empty_space height=&#8221;20px&#8221; css_params=&#8221;&#8221;][vc_empty_space height=&#8221;20px&#8221; css_params=&#8221;&#8221;][\/vc_column][\/vc_row][vc_row full_width_css=&#8221;stretch_row_css&#8221; wrap_container=&#8221;yes&#8221; conditional_render=&#8221;%5B%7B%22value_role%22%3A%22administrator%22%7D%5D&#8221; css_params=&#8221;&#8221;][vc_column width=&#8221;2\/3&#8243;][vc_column_text css=&#8221;&#8221; css_params=&#8221;&#8221;] \u0130\u015f ve \u00c7al\u0131\u015fma Hukuku Konular\u0131nda Sertifikal\u0131 Hukuk Terc\u00fcmesi \u0130\u015f hukuku, i\u015fverenler ve \u00e7al\u0131\u015fanlar aras\u0131ndaki ili\u015fkiyi d\u00fczenler ve s\u00f6zle\u015fmesel y\u00fck\u00fcml\u00fcl\u00fckleri, uyumluluk gerekliliklerini ve uyu\u015fmazl\u0131k \u00e7\u00f6z\u00fcm\u00fcn\u00fc kapsar. Dilin hassasiyeti hayati \u00f6nem ta\u015f\u0131r; bir i\u015f s\u00f6zle\u015fmesinde veya tahkim dosyas\u0131nda yanl\u0131\u015f \u00e7evrilmi\u015f [&hellip;]<\/p>\n","protected":false},"author":1,"featured_media":0,"parent":0,"menu_order":0,"comment_status":"closed","ping_status":"closed","template":"","meta":{"_acf_changed":false,"footnotes":""},"class_list":["post-3779","page","type-page","status-publish","hentry"],"acf":[],"_links":{"self":[{"href":"https:\/\/kalitetercume.com.tr\/Legal\/wp-json\/wp\/v2\/pages\/3779","targetHints":{"allow":["GET"]}}],"collection":[{"href":"https:\/\/kalitetercume.com.tr\/Legal\/wp-json\/wp\/v2\/pages"}],"about":[{"href":"https:\/\/kalitetercume.com.tr\/Legal\/wp-json\/wp\/v2\/types\/page"}],"author":[{"embeddable":true,"href":"https:\/\/kalitetercume.com.tr\/Legal\/wp-json\/wp\/v2\/users\/1"}],"replies":[{"embeddable":true,"href":"https:\/\/kalitetercume.com.tr\/Legal\/wp-json\/wp\/v2\/comments?post=3779"}],"version-history":[{"count":2,"href":"https:\/\/kalitetercume.com.tr\/Legal\/wp-json\/wp\/v2\/pages\/3779\/revisions"}],"predecessor-version":[{"id":3815,"href":"https:\/\/kalitetercume.com.tr\/Legal\/wp-json\/wp\/v2\/pages\/3779\/revisions\/3815"}],"wp:attachment":[{"href":"https:\/\/kalitetercume.com.tr\/Legal\/wp-json\/wp\/v2\/media?parent=3779"}],"curies":[{"name":"wp","href":"https:\/\/api.w.org\/{rel}","templated":true}]}}