{"id":3791,"date":"2026-04-16T11:55:35","date_gmt":"2026-04-16T08:55:35","guid":{"rendered":"https:\/\/kalitetercume.com.tr\/Legal\/?page_id=3791"},"modified":"2026-04-16T18:02:51","modified_gmt":"2026-04-16T15:02:51","slug":"saglik-hukuku","status":"publish","type":"page","link":"https:\/\/kalitetercume.com.tr\/Legal\/tr\/saglik-hukuku\/","title":{"rendered":"Sa\u011fl\u0131k Hukuku"},"content":{"rendered":"<div class=\"wpb-content-wrapper\"><p>[vc_row wrap_container=&#8221;yes&#8221; conditional_render=&#8221;%5B%7B%22value_role%22%3A%22administrator%22%7D%5D&#8221; css_params=&#8221;&#8221;][vc_column][vc_empty_space height=&#8221;20px&#8221; css_params=&#8221;&#8221;][vc_empty_space height=&#8221;20px&#8221; css_params=&#8221;&#8221;][vc_empty_space height=&#8221;20px&#8221; css_params=&#8221;&#8221;][\/vc_column][\/vc_row][vc_row full_width_css=&#8221;stretch_row_css&#8221; wrap_container=&#8221;yes&#8221; conditional_render=&#8221;%5B%7B%22value_role%22%3A%22administrator%22%7D%5D&#8221; css_params=&#8221;&#8221;][vc_column width=&#8221;2\/3&#8243;][vc_column_text css=&#8221;&#8221; css_params=&#8221;&#8221;]<\/p>\n<h3><strong><span dir=\"auto\">Sa\u011fl\u0131k ve T\u0131p Hukuku Belgeleri i\u00e7in Uzman Hukuk Terc\u00fcmesi<\/span><\/strong><\/h3>\n<p><span dir=\"auto\">Sa\u011fl\u0131k hukuku, t\u0131p, hukuk ve etik alanlar\u0131n\u0131n kesi\u015fti\u011fi noktada yer al\u0131r ve bu nedenle hem klinik hem de hukuki terminolojiyi anlayan \u00e7evirmenlere ihtiya\u00e7 duyar.<\/span><\/p>\n<p><strong><span dir=\"auto\">Kalite Legal olarak, t\u0131p, ila\u00e7 ve sa\u011fl\u0131k sekt\u00f6r\u00fcne ili\u015fkin hukuki belgeler<\/span><\/strong><span dir=\"auto\">\u00a0i\u00e7in onayl\u0131 terc\u00fcme hizmeti sunarak ,\u00a0uluslararas\u0131 sa\u011fl\u0131k d\u00fczenlemelerine ve etik standartlara tam uyumlulu\u011fu sa\u011fl\u0131yoruz.<\/span><\/p>\n<p><strong><span dir=\"auto\">\u00c7evirmenlerimiz , hukuk, t\u0131p ve ya\u015fam bilimleri<\/span><\/strong><span dir=\"auto\">\u00a0alanlar\u0131nda deneyimli profesyonellerdir ve\u00a0klinik ara\u015ft\u0131rma s\u00f6zle\u015fmeleri, hasta onam formlar\u0131 ve d\u00fczenleyici ba\u015fvurular gibi karma\u015f\u0131k belgeleri hassasiyet ve gizlilikle ele alabilmektedirler.<\/span><\/p>\n<p><strong><span dir=\"auto\">Hukuk b\u00fcrolar\u0131na, hastanelere, ila\u00e7 \u015firketlerine ve sa\u011fl\u0131k otoritelerine<\/span><\/strong><span dir=\"auto\">\u00a0hizmet vererek ,\u00a0m\u00fc\u015fterilerimizin diller ve s\u0131n\u0131rlar \u00f6tesinde a\u00e7\u0131k ve yasal bir \u015fekilde ileti\u015fim kurmalar\u0131na yard\u0131mc\u0131 oluyoruz.<\/span><\/p>\n<h3><span dir=\"auto\">&#8212;&#8212;&#8212;&#8212;&#8212;&#8212;&#8212;&#8212;&#8212;&#8212;&#8212;&#8212;&#8212;&#8212;&#8212;&#8212;&#8212;&#8212;&#8212;&#8212;&#8212;&#8212;&#8212;&#8212;&#8212;&#8212;&#8212;&#8212;&#8212;&#8212;&#8212;<\/span><\/h3>\n<h3><strong><span dir=\"auto\">ISO 17100 Sertifikal\u0131 S\u00fcre\u00e7 ve \u00c7ift Uzman \u0130ncelemesi<\/span><\/strong><\/h3>\n<p><strong><span dir=\"auto\">Her \u00e7eviri, ISO 17100 sertifikal\u0131 kalite standartlar\u0131na uygun olarak,\u00a0<\/span><\/strong><strong><span dir=\"auto\">iki a\u015famal\u0131<\/span><\/strong><span dir=\"auto\">\u00a0bir inceleme s\u00fcrecinden ge\u00e7irilerek\u00a0tamamlan\u0131r\u00a0: \u00e7eviri, bir hukuk-t\u0131p dilbilimcisi taraf\u0131ndan yap\u0131l\u0131r ve terminolojik do\u011fruluk ve \u00fcslup netli\u011fi a\u00e7\u0131s\u0131ndan ikinci bir uzman taraf\u0131ndan d\u00fczenlenir.<\/span><\/p>\n<p><span dir=\"auto\">Ekiplerimiz, a\u015fa\u011f\u0131dakiler de dahil olmak \u00fczere uluslararas\u0131 sa\u011fl\u0131k hizmetleri d\u00fczenlemeleri ve \u00e7er\u00e7eveleri konusunda olduk\u00e7a deneyimlidir:<\/span><\/p>\n<ul>\n<li><strong><span dir=\"auto\">HIPAA<\/span><\/strong><span dir=\"auto\">\u00a0(Sa\u011fl\u0131k Sigortas\u0131 Ta\u015f\u0131nabilirli\u011fi ve Hesap Verebilirlik Yasas\u0131)<\/span><\/li>\n<li><strong><span dir=\"auto\">EMA\/FDA klinik ara\u015ft\u0131rma standartlar\u0131<\/span><\/strong><\/li>\n<li><strong><span dir=\"auto\">GDPR t\u0131bbi veri koruma gereklilikleri<\/span><\/strong><\/li>\n<li><strong><span dir=\"auto\">\u0130yi Klinik Uygulamalar (GCP)<\/span><\/strong><span dir=\"auto\">\u00a0ve\u00a0<\/span><strong><span dir=\"auto\">\u0130yi \u00dcretim Uygulamalar\u0131 (GMP) k\u0131lavuzlar\u0131<\/span><\/strong><\/li>\n<li><strong><span dir=\"auto\">DS\u00d6 ve OECD t\u0131bbi etik ilkeleri<\/span><\/strong><\/li>\n<\/ul>\n<p><span dir=\"auto\">Bu, t\u00fcm \u00e7evirilerin do\u011fru, mevzuata uygun ve d\u00fcnya \u00e7ap\u0131ndaki t\u0131p ve hukuk otoriteleri taraf\u0131ndan kabul edilebilir olmas\u0131n\u0131 sa\u011flar.<\/span><\/p>\n<h3><span dir=\"auto\">&#8212;&#8212;&#8212;&#8212;&#8212;&#8212;&#8212;&#8212;&#8212;&#8212;&#8212;&#8212;&#8212;&#8212;&#8212;&#8212;&#8212;&#8212;&#8212;&#8212;&#8212;&#8212;&#8212;&#8212;&#8212;&#8212;&#8212;&#8212;&#8212;&#8212;&#8212;<\/span><\/h3>\n<h3><strong><span dir=\"auto\">Sa\u011fl\u0131k Hukuku Belgelerini Terc\u00fcme Ediyoruz<\/span><\/strong><\/h3>\n<ul>\n<li><span dir=\"auto\">T\u0131bbi ve hastane s\u00f6zle\u015fmeleri<\/span><\/li>\n<li><span dir=\"auto\">Klinik deneme ve ara\u015ft\u0131rma anla\u015fmalar\u0131<\/span><\/li>\n<li><span dir=\"auto\">Hasta onay formlar\u0131 ve gizlilik bildirimleri<\/span><\/li>\n<li><span dir=\"auto\">T\u0131bbi ihmal davalar\u0131na ait dosyalar ve mahkeme belgeleri<\/span><\/li>\n<li><span dir=\"auto\">\u0130la\u00e7 d\u00fczenlemeleri ve uyumluluk raporlar\u0131<\/span><\/li>\n<li><span dir=\"auto\">Etik Kurul (IRB\/EC) ba\u015fvurular\u0131<\/span><\/li>\n<li><span dir=\"auto\">Sa\u011fl\u0131k sigortas\u0131 poli\u00e7eleri ve talepleri<\/span><\/li>\n<li><span dir=\"auto\">T\u0131bbi cihaz kay\u0131t belgeleri<\/span><\/li>\n<li><span dir=\"auto\">Halk sa\u011fl\u0131\u011f\u0131 d\u00fczenlemeleri ve politika belgeleri<\/span><\/li>\n<li><span dir=\"auto\">Hastane akreditasyonu ve denetim raporlar\u0131<\/span><\/li>\n<li><span dir=\"auto\">Veri koruma ve gizlilik beyanlar\u0131<\/span><\/li>\n<li><span dir=\"auto\">Ara\u015ft\u0131rma yay\u0131nlar\u0131 ve t\u0131bbi-hukuki incelemeler<\/span><\/li>\n<\/ul>\n<h3><span dir=\"auto\">&#8212;&#8212;&#8212;&#8212;&#8212;&#8212;&#8212;&#8212;&#8212;&#8212;&#8212;&#8212;&#8212;&#8212;&#8212;&#8212;&#8212;&#8212;&#8212;&#8212;&#8212;&#8212;&#8212;&#8212;&#8212;&#8212;&#8212;&#8212;&#8212;&#8212;&#8212;<\/span><\/h3>\n<h3><strong><span dir=\"auto\">Gizlilik ve Veri Koruma<\/span><\/strong><\/h3>\n<p><span dir=\"auto\">Sa\u011fl\u0131k hukuku belgeleri genellikle\u00a0<\/span><strong><span dir=\"auto\">hassas ki\u015fisel ve t\u0131bbi veriler i\u00e7erir.<\/span><\/strong><\/p>\n<p><span dir=\"auto\">Kalite Legal olarak\u00a0<\/span><strong><span dir=\"auto\">,\u00a0<\/span><\/strong><strong><span dir=\"auto\">GDPR, HIPAA<\/span><\/strong><span dir=\"auto\">\u00a0ve\u00a0<strong>ISO 17100<\/strong>\u00a0y\u00f6netmeliklerine uygun olarak gizlilik ve veri g\u00fcvenli\u011fi konusunda en y\u00fcksek standartlar\u0131 koruyoruz .<\/span><\/p>\n<p><span dir=\"auto\">Veri aktar\u0131m\u0131 i\u00e7in\u00a0<\/span><strong><span dir=\"auto\">g\u00fcvenli \u015fifreli sistemler<\/span><\/strong><span dir=\"auto\">\u00a0kullan\u0131yoruz ve\u00a0sa\u011fl\u0131k hukukuyla ilgili\u00a0<\/span><strong><span dir=\"auto\">terminoloji veritabanlar\u0131n\u0131 g\u00fcncel tutarak diller aras\u0131 do\u011frulu\u011fu sa\u011fl\u0131yoruz.<\/span><\/strong><\/p>\n<p><span dir=\"auto\">7\/24 hizmet veren\u00a0<\/span><strong><span dir=\"auto\">proje y\u00f6netim<\/span><\/strong><span dir=\"auto\">\u00a0ekibimiz, t\u00fcm zaman dilimlerindeki sa\u011fl\u0131k kurumlar\u0131na ve hukuk firmalar\u0131na destek vererek g\u00fcvenilir sonu\u00e7lar ve tutarl\u0131 kalite sa\u011flamaktad\u0131r.<\/span><\/p>\n<h3><span dir=\"auto\">&#8212;&#8212;&#8212;&#8212;&#8212;&#8212;&#8212;&#8212;&#8212;&#8212;&#8212;&#8212;&#8212;&#8212;&#8212;&#8212;&#8212;&#8212;&#8212;&#8212;&#8212;&#8212;&#8212;&#8212;&#8212;&#8212;&#8212;&#8212;&#8212;&#8212;&#8212;<\/span><\/h3>\n<h3><strong><span dir=\"auto\">Fiyat Teklifi \u0130steyin<\/span><\/strong><\/h3>\n<p><span dir=\"auto\">Sa\u011fl\u0131k veya t\u0131p hukuku belgeleri i\u00e7in onayl\u0131 terc\u00fcmelere mi ihtiyac\u0131n\u0131z var?<\/span><\/p>\n<p><strong><span dir=\"auto\">Kalite Legal Translations,<\/span><\/strong><span dir=\"auto\">\u00a0hukuk firmalar\u0131, hastaneler ve ila\u00e7 \u015firketleri taraf\u0131ndan 50&#8217;den fazla dilde g\u00fcvenle kullan\u0131lan, ISO 17100 sertifikal\u0131 ve iki kez g\u00f6zden ge\u00e7irilmi\u015f \u00e7eviriler sunmaktad\u0131r.<\/span><\/p>\n<h4><strong><img decoding=\"async\" class=\"emoji\" role=\"img\" draggable=\"false\" src=\"https:\/\/s.w.org\/images\/core\/emoji\/17.0.2\/svg\/1f4e9.svg\" alt=\"\ud83d\udce9\" \/><span dir=\"auto\">Sa\u011fl\u0131k hukuku terc\u00fcmesi uzmanlar\u0131m\u0131zla g\u00f6r\u00fc\u015fmek veya fiyat teklifi almak i\u00e7in bug\u00fcn ileti\u015fime ge\u00e7in.<\/span><\/strong><\/h4>\n<p>[\/vc_column_text][vc_empty_space css_params=&#8221;&#8221;][\/vc_column][vc_column width=&#8221;1\/3&#8243; conditional_render=&#8221;%5B%7B%22value_role%22%3A%22administrator%22%7D%5D&#8221; css_params=&#8221;&#8221;]<div class=\"porto-ultimate-content-box-container mb-5\"><style>.porto_ucb_b0572038ed623d75079aebad6cf9ef13{will-change: box-shadow;box-shadow:0px 0px 31px -5px rgba(0,0,0,0.14);}.porto_ucb_b0572038ed623d75079aebad6cf9ef13:hover{box-shadow:0px 0px 31px -5px rgba(0,0,0,0.14)}<\/style><div class=\"porto-ultimate-content-box vc_custom_1768400234565 porto_ucb_b0572038ed623d75079aebad6cf9ef13\" style=\"\">[vc_custom_heading text=&#8221;Hukuki \u00c7eviri Alanlar\u0131m\u0131z&#8221; font_container=&#8221;tag:h5|font_size:1.4em|text_align:center|color:%23ad9263|line_height:20px&#8221; use_theme_fonts=&#8221;yes&#8221; font_weight=&#8221;700&#8243; letter_spacing=&#8221;-0.05em&#8221; css=&#8221;.vc_custom_1776351769498{margin-bottom: 33px !important;}&#8221; css_params=&#8221;&#8221;][vc_separator color=&#8221;white&#8221; border_width=&#8221;4&#8243; css=&#8221;&#8221; css_params=&#8221;&#8221;]<div class=\"widget_sidebar_menu main-sidebar-menu vc_custom_1776147789354  wpb_custom_f1bf3be01688f2932659384675d1d31c\"><div class=\"sidebar-menu-wrap\"><ul id=\"menu-hukuki-ceviri-alanlarimiz\" class=\"sidebar-menu\"><li id=\"nav-menu-item-3835\" class=\"menu-item menu-item-type-post_type menu-item-object-page  narrow \"><a href=\"https:\/\/kalitetercume.com.tr\/Legal\/tr\/sirketler-ve-sozlesme-hukuku\/\">\u015eirketler ve S\u00f6zle\u015fme Hukuku<\/a><\/li>\n<li id=\"nav-menu-item-3836\" class=\"menu-item menu-item-type-post_type menu-item-object-page  narrow \"><a href=\"https:\/\/kalitetercume.com.tr\/Legal\/tr\/tahkim-ve-dava\/\">Tahkim ve Dava<\/a><\/li>\n<li id=\"nav-menu-item-3828\" class=\"menu-item menu-item-type-post_type menu-item-object-page  narrow \"><a href=\"https:\/\/kalitetercume.com.tr\/Legal\/tr\/mahkeme-ve-adli-belgeler\/\">Mahkeme ve Adli Belgeler<\/a><\/li>\n<li id=\"nav-menu-item-3824\" class=\"menu-item menu-item-type-post_type menu-item-object-page  narrow \"><a href=\"https:\/\/kalitetercume.com.tr\/Legal\/tr\/gocmenlik-ve-noter-islemleri\/\">G\u00f6\u00e7menlik ve Noter \u0130\u015flemleri<\/a><\/li>\n<li id=\"nav-menu-item-3803\" class=\"menu-item menu-item-type-post_type menu-item-object-page  narrow \"><a href=\"https:\/\/kalitetercume.com.tr\/Legal\/tr\/uyumluluk-ve-duzenleyici-hukuk\/\">Uyumluluk ve D\u00fczenleyici Hukuk<\/a><\/li>\n<li id=\"nav-menu-item-3798\" class=\"menu-item menu-item-type-post_type menu-item-object-page  narrow \"><a href=\"https:\/\/kalitetercume.com.tr\/Legal\/tr\/aile-hukuku\/\">Aile Hukuku<\/a><\/li>\n<li id=\"nav-menu-item-3794\" class=\"menu-item menu-item-type-post_type menu-item-object-page  narrow \"><a href=\"https:\/\/kalitetercume.com.tr\/Legal\/tr\/saglik-hukuku\/\">Sa\u011fl\u0131k Hukuku<\/a><\/li>\n<li id=\"nav-menu-item-3790\" class=\"menu-item menu-item-type-post_type menu-item-object-page  narrow \"><a href=\"https:\/\/kalitetercume.com.tr\/Legal\/tr\/fikri-mulkiyet-hukuku\/\">Fikri M\u00fclkiyet Hukuku<\/a><\/li>\n<li id=\"nav-menu-item-3786\" class=\"menu-item menu-item-type-post_type menu-item-object-page  narrow \"><a href=\"https:\/\/kalitetercume.com.tr\/Legal\/tr\/ceza-hukuku\/\">Ceza hukuku<\/a><\/li>\n<li id=\"nav-menu-item-3782\" class=\"menu-item menu-item-type-post_type menu-item-object-page  narrow \"><a href=\"https:\/\/kalitetercume.com.tr\/Legal\/tr\/is-hukuku\/\">\u0130\u015f Hukuku<\/a><\/li>\n<li id=\"nav-menu-item-3775\" class=\"menu-item menu-item-type-post_type menu-item-object-page  narrow \"><a href=\"https:\/\/kalitetercume.com.tr\/Legal\/tr\/gayrimenkul-ve-insaat-hukuku\/\">Gayrimenkul ve \u0130n\u015faat Hukuku<\/a><\/li>\n<li id=\"nav-menu-item-3771\" class=\"menu-item menu-item-type-post_type menu-item-object-page  narrow \"><a href=\"https:\/\/kalitetercume.com.tr\/Legal\/tr\/vergi-ve-finans-hukuku\/\">Vergi ve Finans Hukuku<\/a><\/li>\n<li id=\"nav-menu-item-3765\" class=\"menu-item menu-item-type-post_type menu-item-object-page  narrow \"><a href=\"https:\/\/kalitetercume.com.tr\/Legal\/tr\/sigorta-hukuku\/\">Sigorta Hukuku<\/a><\/li>\n<li id=\"nav-menu-item-3761\" class=\"menu-item menu-item-type-post_type menu-item-object-page  narrow \"><a href=\"https:\/\/kalitetercume.com.tr\/Legal\/tr\/idari-hukuk\/\">\u0130dari Hukuk<\/a><\/li>\n<li id=\"nav-menu-item-3753\" class=\"menu-item menu-item-type-post_type menu-item-object-page  narrow \"><a href=\"https:\/\/kalitetercume.com.tr\/Legal\/tr\/uluslararasi-hukuk\/\">Uluslararas\u0131 Hukuk<\/a><\/li>\n<li id=\"nav-menu-item-3747\" class=\"menu-item menu-item-type-post_type menu-item-object-page  narrow \"><a href=\"https:\/\/kalitetercume.com.tr\/Legal\/tr\/denizcilik-hukuku\/\">Deniz Hukuku<\/a><\/li>\n<li id=\"nav-menu-item-3743\" class=\"menu-item menu-item-type-post_type menu-item-object-page  narrow \"><a href=\"https:\/\/kalitetercume.com.tr\/Legal\/tr\/cevre-hukuku\/\">\u00c7evre Hukuku<\/a><\/li>\n<li id=\"nav-menu-item-3732\" class=\"menu-item menu-item-type-post_type menu-item-object-page  narrow \"><a href=\"https:\/\/kalitetercume.com.tr\/Legal\/tr\/bankacilik-ve-finans-hukuku\/\">Bankac\u0131l\u0131k ve Finans Hukuku<\/a><\/li>\n<\/ul><\/div><\/div><\/div><\/div><div class=\"porto-ultimate-content-box-container text-center\"><style>.porto_ucb_b0572038ed623d75079aebad6cf9ef13{will-change: box-shadow;box-shadow:0px 0px 31px -5px rgba(0,0,0,0.14);}.porto_ucb_b0572038ed623d75079aebad6cf9ef13:hover{box-shadow:0px 0px 31px -5px rgba(0,0,0,0.14)}<\/style><div class=\"porto-ultimate-content-box vc_custom_1709720852896 porto_ucb_b0572038ed623d75079aebad6cf9ef13\" style=\"\">[vc_custom_heading text=&#8221;Size nas\u0131l yard\u0131mc\u0131 olabiliriz?&#8221; font_container=&#8221;tag:div|font_size:1.2em|text_align:center|color:rgba(255%2C255%2C255%2C0.9)|line_height:24px&#8221; use_theme_fonts=&#8221;yes&#8221; font_weight=&#8221;600&#8243; letter_spacing=&#8221;-0.05em&#8221; animation_delay=&#8221;500&#8243; el_class=&#8221;opacity-9 mb-1&#8243; animation_type=&#8221;lightSpeedIn&#8221; css_params=&#8221;&#8221;][vc_custom_heading text=&#8221;Hukuk \u00e7evirisine mi ihtiyac\u0131n\u0131z var?&#8221; font_container=&#8221;tag:h2|font_size:1.7em|text_align:center&#8221; use_theme_fonts=&#8221;yes&#8221; font_weight=&#8221;700&#8243; skin=&#8221;light&#8221; letter_spacing=&#8221;-1px&#8221; animation_delay=&#8221;750&#8243; el_class=&#8221;mb-2 font-style-normal&#8221; animation_type=&#8221;lightSpeedIn&#8221; css_params=&#8221;&#8221;][vc_custom_heading text=&#8221;Bizimle hemen ileti\u015fime ge\u00e7in.&#8221; font_container=&#8221;tag:p|font_size:1.1em|text_align:center|color:rgba(255%2C255%2C255%2C0.8)|line_height:26px&#8221; use_theme_fonts=&#8221;yes&#8221; animation_delay=&#8221;950&#8243; css=&#8221;.vc_custom_1776147842300{margin-bottom: 47px !important;}&#8221; el_class=&#8221;opacity-8&#8243; animation_type=&#8221;lightSpeedIn&#8221; css_params=&#8221;&#8221;]<div class=\"porto-sicon-box  vc_custom_1761551232120 top-n1-icon-box justify-content-center  wpb_custom_a4802976ddc90dd45e8cea536ff68ec0 style_1 default-icon\"><div class=\"porto-sicon-default\"><div class=\"porto-just-icon-wrapper porto-icon none\" style=\"color:var(--porto-primary-color);font-size:23.1px;\"><i class=\"Simple-Line-Icons-phone\"><\/i><\/div><\/div><div class=\"porto-sicon-header\"><a class=\"porto-sicon-box-link\" href=\"tel:+1234567890\"><div class=\"porto-sicon-title\" style=\"font-weight:700;font-size:21px;color:#ffffff;line-height:24px;letter-spacing:0;\">+90 507 220 38 62<\/div><\/a><\/div> <!-- header --><\/div><!-- porto-sicon-box --><div class=\"porto-sicon-box  vc_custom_1761551253231 top-2-icon-box justify-content-center  wpb_custom_2ccbe3e616e3e99d1ad178e76088c729 style_1 default-icon\"><div class=\"porto-sicon-default\"><div class=\"porto-just-icon-wrapper porto-icon none\" style=\"color:var(--porto-primary-color);font-size:25.2px;\"><i class=\"Simple-Line-Icons-envelope\"><\/i><\/div><\/div><div class=\"porto-sicon-header\"><a class=\"porto-sicon-box-link\" href=\"mailto:porto@consulting.com\"><div class=\"porto-sicon-title\" style=\"font-size:16.8px;color:#ffffff;line-height:24px;letter-spacing:0;\">info@kalitetercume.com.tr<\/div><\/a><\/div> <!-- header --><\/div><!-- porto-sicon-box --><div class=\"porto-sicon-box  vc_custom_1776147853909 top-n1-icon-box justify-content-center  wpb_custom_68c54048e3c209cf95a5deb478b05eb6 style_1 default-icon\"><div class=\"porto-sicon-default\"><div class=\"porto-just-icon-wrapper porto-icon none\" style=\"color:var(--porto-primary-color);font-size:25.2px;\"><i class=\"Simple-Line-Icons-calendar\"><\/i><\/div><\/div><div class=\"porto-sicon-header\"><div class=\"porto-sicon-title\" style=\"\">7 g\u00fcn 24 saat hizmetinizdeyiz<\/div><\/div> <!-- header --><\/div><!-- porto-sicon-box -->[vc_btn title=&#8221;\u0130leti\u015fime Ge\u00e7in&#8221; skin=&#8221;primary&#8221; btn_fw=&#8221;700&#8243; el_cls=&#8221;br-thick&#8221; link=&#8221;url:https%3A%2F%2Fkalitetercume.com.tr%2FLegal%2Ftr%2Filetisim%2F|title:Contact&#8221; btn_px=&#8221;2.4rem&#8221; btn_py=&#8221;1.29rem&#8221; el_class=&#8221;text-none mb-0&#8243; css_params=&#8221;&#8221;]<\/div><\/div>[\/vc_column][\/vc_row][vc_row full_width_css=&#8221;stretch_row_css&#8221; css=&#8221;.vc_custom_1767162407247{padding-top: 98px !important;padding-bottom: 218px !important;background-image: url(https:\/\/kalitetercume.com.tr\/Legal\/wp-content\/uploads\/2025\/12\/lf2-background-1-1.jpg?id=2687) !important;background-position: center !important;background-repeat: no-repeat !important;background-size: cover !important;}&#8221; el_class=&#8221;overlay-dark position-relative&#8221; conditional_render=&#8221;%5B%7B%22value_role%22%3A%22administrator%22%7D%5D&#8221; css_params=&#8221;&#8221;][vc_column el_class=&#8221;z-index-1&#8243; conditional_render=&#8221;%5B%7B%22value_role%22%3A%22administrator%22%7D%5D&#8221;][vc_custom_heading text=&#8221;Hukuk&#8221; font_container=&#8221;tag:h1|font_size:2.2em|text_align:center|line_height:24px&#8221; use_theme_fonts=&#8221;yes&#8221; font_weight=&#8221;600&#8243; skin=&#8221;primary&#8221; letter_spacing=&#8221;-0.05em&#8221; animation_delay=&#8221;200&#8243; el_class=&#8221;mb-2&#8243; animation_type=&#8221;fadeInUp&#8221; css_params=&#8221;&#8221;][vc_custom_heading text=&#8221;Terc\u00fcmanlar\u0131m\u0131z&#8221; font_container=&#8221;tag:h2|font_size:2.75em|text_align:center|line_height:42px&#8221; use_theme_fonts=&#8221;yes&#8221; text_transform=&#8221;text-capitalize&#8221; font_weight=&#8221;700&#8243; skin=&#8221;light&#8221; letter_spacing=&#8221;-1px&#8221; animation_delay=&#8221;400&#8243; el_class=&#8221;mb-0 font-style-normal&#8221; animation_type=&#8221;fadeInUp&#8221; css_params=&#8221;&#8221;][\/vc_column][\/vc_row][vc_row full_width_css=&#8221;stretch_row_css&#8221; no_padding=&#8221;yes&#8221; animation_delay=&#8221;1000&#8243; css=&#8221;.vc_custom_1767162167650{margin-top: -187px !important;padding-bottom: 24px !important;}&#8221; animation_type=&#8221;fadeInUp&#8221; conditional_render=&#8221;%5B%7B%22value_role%22%3A%22administrator%22%7D%5D&#8221; css_params=&#8221;&#8221;][vc_column conditional_render=&#8221;%5B%7B%22value_role%22%3A%22administrator%22%7D%5D&#8221;][porto_tb_posts post_type=&#8221;member&#8221; view=&#8221;slider&#8221; spacing=&#8221;20&#8243; columns=&#8221;5&#8243; columns_tablet=&#8221;2&#8243; navigation=&#8221;&#8221; pagination=&#8221;yes&#8221; dots_pos=&#8221;custom-dots&#8221; dots_visible=&#8221;{&#8220;xl&#8220;:&#8220;{&#8220;xl&#8220;:&#8220;`{`object&#8220;}&#8221; dots_original=&#8221;-50%&#8221; builder_id=&#8221;764&#8243; dots_pos_bottom=&#8221;{&#8220;sm&#8220;:&#8220;10&#8220;,&#8220;unit&#8220;:&#8220;&#8220;,&#8220;xs&#8220;:&#8220;&#8220;,&#8220;md&#8220;:&#8220;&#8220;,&#8220;lg&#8220;:&#8220;&#8220;,&#8220;xl&#8220;:-40}&#8221; dots_pos_left=&#8221;{&#8220;unit&#8220;:&#8220;%&#8220;,&#8220;xs&#8220;:&#8220;&#8220;,&#8220;sm&#8220;:&#8220;&#8220;,&#8220;md&#8220;:&#8220;&#8220;,&#8220;lg&#8220;:&#8220;&#8220;,&#8220;xl&#8220;:&#8220;50&#8220;}&#8221; dots_bg_color=&#8221;rgba(33,33,33,0.6)&#8221; dots_abg_color=&#8221;#212529&#8243; el_class=&#8221;mb-0 mb-md-5 pb-5 box-shadow-carousel p-l-md p-r-md&#8221;][\/vc_column][\/vc_row]<\/p>\n<\/div>","protected":false},"excerpt":{"rendered":"<p>[vc_row wrap_container=&#8221;yes&#8221; conditional_render=&#8221;%5B%7B%22value_role%22%3A%22administrator%22%7D%5D&#8221; css_params=&#8221;&#8221;][vc_column][vc_empty_space height=&#8221;20px&#8221; css_params=&#8221;&#8221;][vc_empty_space height=&#8221;20px&#8221; css_params=&#8221;&#8221;][vc_empty_space height=&#8221;20px&#8221; css_params=&#8221;&#8221;][\/vc_column][\/vc_row][vc_row full_width_css=&#8221;stretch_row_css&#8221; wrap_container=&#8221;yes&#8221; conditional_render=&#8221;%5B%7B%22value_role%22%3A%22administrator%22%7D%5D&#8221; css_params=&#8221;&#8221;][vc_column width=&#8221;2\/3&#8243;][vc_column_text css=&#8221;&#8221; css_params=&#8221;&#8221;] Sa\u011fl\u0131k ve T\u0131p Hukuku Belgeleri i\u00e7in Uzman Hukuk Terc\u00fcmesi Sa\u011fl\u0131k hukuku, t\u0131p, hukuk ve etik alanlar\u0131n\u0131n kesi\u015fti\u011fi noktada yer al\u0131r ve bu nedenle hem klinik hem de hukuki terminolojiyi anlayan \u00e7evirmenlere ihtiya\u00e7 duyar. Kalite Legal olarak, t\u0131p, ila\u00e7 [&hellip;]<\/p>\n","protected":false},"author":1,"featured_media":0,"parent":0,"menu_order":0,"comment_status":"closed","ping_status":"closed","template":"","meta":{"_acf_changed":false,"footnotes":""},"class_list":["post-3791","page","type-page","status-publish","hentry"],"acf":[],"_links":{"self":[{"href":"https:\/\/kalitetercume.com.tr\/Legal\/wp-json\/wp\/v2\/pages\/3791","targetHints":{"allow":["GET"]}}],"collection":[{"href":"https:\/\/kalitetercume.com.tr\/Legal\/wp-json\/wp\/v2\/pages"}],"about":[{"href":"https:\/\/kalitetercume.com.tr\/Legal\/wp-json\/wp\/v2\/types\/page"}],"author":[{"embeddable":true,"href":"https:\/\/kalitetercume.com.tr\/Legal\/wp-json\/wp\/v2\/users\/1"}],"replies":[{"embeddable":true,"href":"https:\/\/kalitetercume.com.tr\/Legal\/wp-json\/wp\/v2\/comments?post=3791"}],"version-history":[{"count":2,"href":"https:\/\/kalitetercume.com.tr\/Legal\/wp-json\/wp\/v2\/pages\/3791\/revisions"}],"predecessor-version":[{"id":3818,"href":"https:\/\/kalitetercume.com.tr\/Legal\/wp-json\/wp\/v2\/pages\/3791\/revisions\/3818"}],"wp:attachment":[{"href":"https:\/\/kalitetercume.com.tr\/Legal\/wp-json\/wp\/v2\/media?parent=3791"}],"curies":[{"name":"wp","href":"https:\/\/api.w.org\/{rel}","templated":true}]}}