{"id":3825,"date":"2026-04-17T09:28:20","date_gmt":"2026-04-17T06:28:20","guid":{"rendered":"https:\/\/kalitetercume.com.tr\/Legal\/?page_id=3825"},"modified":"2026-04-17T09:28:26","modified_gmt":"2026-04-17T06:28:26","slug":"mahkeme-ve-adli-belgeler","status":"publish","type":"page","link":"https:\/\/kalitetercume.com.tr\/Legal\/tr\/mahkeme-ve-adli-belgeler\/","title":{"rendered":"Mahkeme ve Adli Belgeler"},"content":{"rendered":"<div class=\"wpb-content-wrapper\"><p>[vc_row wrap_container=&#8221;yes&#8221; conditional_render=&#8221;%5B%7B%22value_role%22%3A%22administrator%22%7D%5D&#8221; css_params=&#8221;&#8221;][vc_column][vc_empty_space height=&#8221;20px&#8221; css_params=&#8221;&#8221;][vc_empty_space height=&#8221;20px&#8221; css_params=&#8221;&#8221;][vc_empty_space height=&#8221;20px&#8221; css_params=&#8221;&#8221;][\/vc_column][\/vc_row][vc_row full_width_css=&#8221;stretch_row_css&#8221; wrap_container=&#8221;yes&#8221; conditional_render=&#8221;%5B%7B%22value_role%22%3A%22administrator%22%7D%5D&#8221; css_params=&#8221;&#8221;][vc_column width=&#8221;2\/3&#8243;][vc_column_text css=&#8221;&#8221; css_params=&#8221;&#8221;]<\/p>\n<h3><strong><span dir=\"auto\">Mahkeme ve Resmi Hukuk Belgelerinin Onayl\u0131 Terc\u00fcmesi<\/span><\/strong><\/h3>\n<p><span dir=\"auto\">Mahkeme ve adli belge \u00e7evirisi, hukuk \u00e7evirisinin en hassas ve zorlu alanlar\u0131ndan biridir. Bir hukuk karar\u0131 veya dosyas\u0131ndaki her terim, tarih veya usul ifadesi ba\u011flay\u0131c\u0131 sonu\u00e7lar do\u011furur.&nbsp;<\/span><strong><span dir=\"auto\">Kalite Legal&#8217;de,<\/span><\/strong><span dir=\"auto\">&nbsp;\u00e7o\u011fu resmi hukuk e\u011fitimi alm\u0131\u015f veya on y\u0131l\u0131 a\u015fk\u0131n adli \u00e7eviri deneyimine sahip \u00e7evirmenlerimiz, her projede tam do\u011fruluk ve hukuki ge\u00e7erlilik sa\u011flar.<\/span><\/p>\n<p><strong><span dir=\"auto\">\u00c7e\u015fitli yarg\u0131 b\u00f6lgelerinde medeni, cezai, ticari ve idari davalarda<\/span><\/strong><span dir=\"auto\">&nbsp;kullan\u0131lan belgelerin \u00e7evirisinde uzmanla\u015fm\u0131\u015f bulunuyoruz&nbsp;. \u00c7evirilerimiz, d\u00fcnya \u00e7ap\u0131ndaki&nbsp;<\/span><strong><span dir=\"auto\">mahkemelere, tahkim kurullar\u0131na, noterlere ve devlet yetkililerine<\/span><\/strong><span dir=\"auto\">&nbsp;sunulmak \u00fczere bi\u00e7imlendirilir ve onaylan\u0131r .<\/span><\/p>\n<h3><span dir=\"auto\">&#8212;&#8212;&#8212;&#8212;&#8212;&#8212;&#8212;&#8212;&#8212;&#8212;&#8212;&#8212;&#8212;&#8212;&#8212;&#8212;&#8212;&#8212;&#8212;&#8212;&#8212;&#8212;&#8212;&#8212;&#8212;&#8212;&#8212;&#8212;&#8212;&#8212;&#8212;<\/span><\/h3>\n<h3><strong><span dir=\"auto\">Uyumluluk, Sertifikasyon ve Prosed\u00fcrel Uzmanl\u0131k<\/span><\/strong><\/h3>\n<p><strong><span dir=\"auto\">T\u00fcm adli belgelerin \u00e7evirileri, ISO 17100<\/span><\/strong><span dir=\"auto\">&nbsp;kalite standartlar\u0131na tam uyum i\u00e7inde yap\u0131lmaktad\u0131r&nbsp;. Her \u00e7eviri, onaylanmadan \u00f6nce ikinci bir hukuk uzman\u0131 taraf\u0131ndan incelenir. Ayr\u0131ca, talep \u00fczerine&nbsp;<\/span><strong><span dir=\"auto\">noter onayl\u0131 \u00e7eviri, apostil i\u015flemleri<\/span><\/strong><span dir=\"auto\">&nbsp;ve&nbsp;g\u00fcvenli kurye ile&nbsp;<\/span><strong><span dir=\"auto\">resmi belge teslimi hizmeti de sunmaktay\u0131z.<\/span><\/strong><\/p>\n<p><strong><span dir=\"auto\">Ekibimiz, \u00e7e\u015fitli mahkeme bilgi sistemlerinden&nbsp;<\/span><\/strong><strong><span dir=\"auto\">ve elektronik dosyalama platformlar\u0131ndan<\/span><\/strong><span dir=\"auto\">&nbsp;gelen belgeleri i\u015fleme konusunda deneyimlidir ve&nbsp;prosed\u00fcrel do\u011frulu\u011fu ve bi\u00e7im tutarl\u0131l\u0131\u011f\u0131n\u0131 sa\u011flar. Belge ister dava, ister icra, isterse idari prosed\u00fcrlerle ilgili olsun, Kalite Legal&nbsp;diller aras\u0131&nbsp;<\/span><strong><span dir=\"auto\">kesinlik, gizlilik ve hukuki e\u015fde\u011ferlik garantisi verir .<\/span><\/strong><\/p>\n<h3><span dir=\"auto\">&#8212;&#8212;&#8212;&#8212;&#8212;&#8212;&#8212;&#8212;&#8212;&#8212;&#8212;&#8212;&#8212;&#8212;&#8212;&#8212;&#8212;&#8212;&#8212;&#8212;&#8212;&#8212;&#8212;&#8212;&#8212;&#8212;&#8212;&#8212;&#8212;&#8212;&#8212;<\/span><\/h3>\n<h3><strong><span dir=\"auto\">Yarg\u0131 ve Mahkeme Belgelerinin Terc\u00fcmesini Yap\u0131yoruz<\/span><\/strong><\/h3>\n<ul>\n<li><span dir=\"auto\">Mahkeme kararlar\u0131 ve h\u00fck\u00fcmleri<\/span><\/li>\n<li><span dir=\"auto\">Dilek\u00e7eler ve savunmalar<\/span><\/li>\n<li><span dir=\"auto\">\u00c7a\u011fr\u0131 ve bildirimler<\/span><\/li>\n<li><span dir=\"auto\">\u0130cra ve iflas dosyalar\u0131<\/span><\/li>\n<li><span dir=\"auto\">Ceza davas\u0131 kay\u0131tlar\u0131 ve iddianameler<\/span><\/li>\n<li><span dir=\"auto\">Polis ve savc\u0131l\u0131k raporlar\u0131<\/span><\/li>\n<li><span dir=\"auto\">Uzman ve tan\u0131k ifadeleri<\/span><\/li>\n<li><span dir=\"auto\">\u0130tiraz ve itiraz belgeleri<\/span><\/li>\n<li><span dir=\"auto\">Noter kay\u0131tlar\u0131 ve sertifikalar\u0131<\/span><\/li>\n<li><span dir=\"auto\">Apostil ve tasdik belgeleri<\/span><\/li>\n<li><span dir=\"auto\">Vekaletname ve temsil formlar\u0131<\/span><\/li>\n<li><span dir=\"auto\">H\u00fck\u00fcmet ve idari yaz\u0131\u015fmalar<\/span><\/li>\n<\/ul>\n<h3><span dir=\"auto\">&#8212;&#8212;&#8212;&#8212;&#8212;&#8212;&#8212;&#8212;&#8212;&#8212;&#8212;&#8212;&#8212;&#8212;&#8212;&#8212;&#8212;&#8212;&#8212;&#8212;&#8212;&#8212;&#8212;&#8212;&#8212;&#8212;&#8212;&#8212;&#8212;&#8212;&#8212;<\/span><\/h3>\n<h3><strong><span dir=\"auto\">Gizlilik ve Hukuki Ge\u00e7erlilik<\/span><\/strong><\/h3>\n<p><span dir=\"auto\">T\u00fcm belgeler kesin gizlilik i\u00e7inde i\u015flenir. \u00c7evirmenlerimiz ve edit\u00f6rlerimiz her proje i\u00e7in gizlilik s\u00f6zle\u015fmesi imzalarlar.<\/span><\/p>\n<p><span dir=\"auto\">\u00c7eviriler, orijinal belgelerin yap\u0131s\u0131n\u0131 ve d\u00fczenini koruyarak, resmi sunuma haz\u0131r hale getirir.<\/span><\/p>\n<p><strong><span dir=\"auto\">Hukuki s\u00fcre\u00e7lerde k\u00fc\u00e7\u00fck bir tutars\u0131zl\u0131\u011f\u0131n bile b\u00fcy\u00fck sonu\u00e7lar do\u011furabilece\u011finin<\/span><\/strong><span dir=\"auto\">&nbsp;fark\u0131nday\u0131z&nbsp;; bu nedenle t\u00fcm adli \u00e7evirilerde s\u0131f\u0131r hata politikas\u0131 uyguluyoruz.<\/span><\/p>\n<h3><span dir=\"auto\">&#8212;&#8212;&#8212;&#8212;&#8212;&#8212;&#8212;&#8212;&#8212;&#8212;&#8212;&#8212;&#8212;&#8212;&#8212;&#8212;&#8212;&#8212;&#8212;&#8212;&#8212;&#8212;&#8212;&#8212;&#8212;&#8212;&#8212;&#8212;&#8212;&#8212;&#8212;<\/span><\/h3>\n<h3><strong><span dir=\"auto\">Fiyat Teklifi \u0130steyin<\/span><\/strong><\/h3>\n<p><span dir=\"auto\">Onayl\u0131, mahkeme taraf\u0131ndan tasdik edilmi\u015f bir terc\u00fcmeye mi ihtiyac\u0131n\u0131z var?<\/span><\/p>\n<p><strong><span dir=\"auto\">Kalite Hukuk \u00c7evirileri,<\/span><\/strong><span dir=\"auto\">&nbsp;d\u00fcnya \u00e7ap\u0131ndaki mahkemeler ve yetkili merciler taraf\u0131ndan kabul edilen, noter onayl\u0131 ve ISO sertifikal\u0131 \u00e7eviriler sunmaktad\u0131r.<\/span><\/p>\n<h4><strong><img decoding=\"async\" class=\"emoji\" role=\"img\" draggable=\"false\" src=\"https:\/\/s.w.org\/images\/core\/emoji\/17.0.2\/svg\/1f4e9.svg\" alt=\"\ud83d\udce9\"><span dir=\"auto\">Diledi\u011finiz zaman bizimle ileti\u015fime ge\u00e7in; hukuk \u00e7evirisi proje y\u00f6neticilerimiz 7\/24 hizmetinizdedir.<\/span><\/strong><\/h4>\n<p>[\/vc_column_text][vc_empty_space css_params=&#8221;&#8221;][\/vc_column][vc_column width=&#8221;1\/3&#8243; conditional_render=&#8221;%5B%7B%22value_role%22%3A%22administrator%22%7D%5D&#8221; css_params=&#8221;&#8221;]<div class=\"porto-ultimate-content-box-container mb-5\"><style>.porto_ucb_b0572038ed623d75079aebad6cf9ef13{will-change: box-shadow;box-shadow:0px 0px 31px -5px rgba(0,0,0,0.14);}.porto_ucb_b0572038ed623d75079aebad6cf9ef13:hover{box-shadow:0px 0px 31px -5px rgba(0,0,0,0.14)}<\/style><div class=\"porto-ultimate-content-box vc_custom_1768400234565 porto_ucb_b0572038ed623d75079aebad6cf9ef13\" style=\"\">[vc_custom_heading text=&#8221;Hukuki \u00c7eviri Alanlar\u0131m\u0131z&#8221; font_container=&#8221;tag:h5|font_size:1.4em|text_align:center|color:%23ad9263|line_height:20px&#8221; use_theme_fonts=&#8221;yes&#8221; font_weight=&#8221;700&#8243; letter_spacing=&#8221;-0.05em&#8221; css=&#8221;.vc_custom_1776351735742{margin-bottom: 33px !important;}&#8221; css_params=&#8221;&#8221;][vc_separator color=&#8221;white&#8221; border_width=&#8221;4&#8243; css=&#8221;&#8221; css_params=&#8221;&#8221;]<div class=\"widget_sidebar_menu main-sidebar-menu vc_custom_1776147789354  wpb_custom_f1bf3be01688f2932659384675d1d31c\"><div class=\"sidebar-menu-wrap\"><ul id=\"menu-hukuki-ceviri-alanlarimiz\" class=\"sidebar-menu\"><li id=\"nav-menu-item-3835\" class=\"menu-item menu-item-type-post_type menu-item-object-page  narrow \"><a href=\"https:\/\/kalitetercume.com.tr\/Legal\/tr\/sirketler-ve-sozlesme-hukuku\/\">\u015eirketler ve S\u00f6zle\u015fme Hukuku<\/a><\/li>\n<li id=\"nav-menu-item-3836\" class=\"menu-item menu-item-type-post_type menu-item-object-page  narrow \"><a href=\"https:\/\/kalitetercume.com.tr\/Legal\/tr\/tahkim-ve-dava\/\">Tahkim ve Dava<\/a><\/li>\n<li id=\"nav-menu-item-3828\" class=\"menu-item menu-item-type-post_type menu-item-object-page  narrow \"><a href=\"https:\/\/kalitetercume.com.tr\/Legal\/tr\/mahkeme-ve-adli-belgeler\/\">Mahkeme ve Adli Belgeler<\/a><\/li>\n<li id=\"nav-menu-item-3824\" class=\"menu-item menu-item-type-post_type menu-item-object-page  narrow \"><a href=\"https:\/\/kalitetercume.com.tr\/Legal\/tr\/gocmenlik-ve-noter-islemleri\/\">G\u00f6\u00e7menlik ve Noter \u0130\u015flemleri<\/a><\/li>\n<li id=\"nav-menu-item-3803\" class=\"menu-item menu-item-type-post_type menu-item-object-page  narrow \"><a href=\"https:\/\/kalitetercume.com.tr\/Legal\/tr\/uyumluluk-ve-duzenleyici-hukuk\/\">Uyumluluk ve D\u00fczenleyici Hukuk<\/a><\/li>\n<li id=\"nav-menu-item-3798\" class=\"menu-item menu-item-type-post_type menu-item-object-page  narrow \"><a href=\"https:\/\/kalitetercume.com.tr\/Legal\/tr\/aile-hukuku\/\">Aile Hukuku<\/a><\/li>\n<li id=\"nav-menu-item-3794\" class=\"menu-item menu-item-type-post_type menu-item-object-page  narrow \"><a href=\"https:\/\/kalitetercume.com.tr\/Legal\/tr\/saglik-hukuku\/\">Sa\u011fl\u0131k Hukuku<\/a><\/li>\n<li id=\"nav-menu-item-3790\" class=\"menu-item menu-item-type-post_type menu-item-object-page  narrow \"><a href=\"https:\/\/kalitetercume.com.tr\/Legal\/tr\/fikri-mulkiyet-hukuku\/\">Fikri M\u00fclkiyet Hukuku<\/a><\/li>\n<li id=\"nav-menu-item-3786\" class=\"menu-item menu-item-type-post_type menu-item-object-page  narrow \"><a href=\"https:\/\/kalitetercume.com.tr\/Legal\/tr\/ceza-hukuku\/\">Ceza hukuku<\/a><\/li>\n<li id=\"nav-menu-item-3782\" class=\"menu-item menu-item-type-post_type menu-item-object-page  narrow \"><a href=\"https:\/\/kalitetercume.com.tr\/Legal\/tr\/is-hukuku\/\">\u0130\u015f Hukuku<\/a><\/li>\n<li id=\"nav-menu-item-3775\" class=\"menu-item menu-item-type-post_type menu-item-object-page  narrow \"><a href=\"https:\/\/kalitetercume.com.tr\/Legal\/tr\/gayrimenkul-ve-insaat-hukuku\/\">Gayrimenkul ve \u0130n\u015faat Hukuku<\/a><\/li>\n<li id=\"nav-menu-item-3771\" class=\"menu-item menu-item-type-post_type menu-item-object-page  narrow \"><a href=\"https:\/\/kalitetercume.com.tr\/Legal\/tr\/vergi-ve-finans-hukuku\/\">Vergi ve Finans Hukuku<\/a><\/li>\n<li id=\"nav-menu-item-3765\" class=\"menu-item menu-item-type-post_type menu-item-object-page  narrow \"><a href=\"https:\/\/kalitetercume.com.tr\/Legal\/tr\/sigorta-hukuku\/\">Sigorta Hukuku<\/a><\/li>\n<li id=\"nav-menu-item-3761\" class=\"menu-item menu-item-type-post_type menu-item-object-page  narrow \"><a href=\"https:\/\/kalitetercume.com.tr\/Legal\/tr\/idari-hukuk\/\">\u0130dari Hukuk<\/a><\/li>\n<li id=\"nav-menu-item-3753\" class=\"menu-item menu-item-type-post_type menu-item-object-page  narrow \"><a href=\"https:\/\/kalitetercume.com.tr\/Legal\/tr\/uluslararasi-hukuk\/\">Uluslararas\u0131 Hukuk<\/a><\/li>\n<li id=\"nav-menu-item-3747\" class=\"menu-item menu-item-type-post_type menu-item-object-page  narrow \"><a href=\"https:\/\/kalitetercume.com.tr\/Legal\/tr\/denizcilik-hukuku\/\">Deniz Hukuku<\/a><\/li>\n<li id=\"nav-menu-item-3743\" class=\"menu-item menu-item-type-post_type menu-item-object-page  narrow \"><a href=\"https:\/\/kalitetercume.com.tr\/Legal\/tr\/cevre-hukuku\/\">\u00c7evre Hukuku<\/a><\/li>\n<li id=\"nav-menu-item-3732\" class=\"menu-item menu-item-type-post_type menu-item-object-page  narrow \"><a href=\"https:\/\/kalitetercume.com.tr\/Legal\/tr\/bankacilik-ve-finans-hukuku\/\">Bankac\u0131l\u0131k ve Finans Hukuku<\/a><\/li>\n<\/ul><\/div><\/div><\/div><\/div><div class=\"porto-ultimate-content-box-container text-center\"><style>.porto_ucb_b0572038ed623d75079aebad6cf9ef13{will-change: box-shadow;box-shadow:0px 0px 31px -5px rgba(0,0,0,0.14);}.porto_ucb_b0572038ed623d75079aebad6cf9ef13:hover{box-shadow:0px 0px 31px -5px rgba(0,0,0,0.14)}<\/style><div class=\"porto-ultimate-content-box vc_custom_1709720852896 porto_ucb_b0572038ed623d75079aebad6cf9ef13\" style=\"\">[vc_custom_heading text=&#8221;Size nas\u0131l yard\u0131mc\u0131 olabiliriz?&#8221; font_container=&#8221;tag:div|font_size:1.2em|text_align:center|color:rgba(255%2C255%2C255%2C0.9)|line_height:24px&#8221; use_theme_fonts=&#8221;yes&#8221; font_weight=&#8221;600&#8243; letter_spacing=&#8221;-0.05em&#8221; animation_delay=&#8221;500&#8243; el_class=&#8221;opacity-9 mb-1&#8243; animation_type=&#8221;lightSpeedIn&#8221; css_params=&#8221;&#8221;][vc_custom_heading text=&#8221;Hukuk \u00e7evirisine mi ihtiyac\u0131n\u0131z var?&#8221; font_container=&#8221;tag:h2|font_size:1.7em|text_align:center&#8221; use_theme_fonts=&#8221;yes&#8221; font_weight=&#8221;700&#8243; skin=&#8221;light&#8221; letter_spacing=&#8221;-1px&#8221; animation_delay=&#8221;750&#8243; el_class=&#8221;mb-2 font-style-normal&#8221; animation_type=&#8221;lightSpeedIn&#8221; css_params=&#8221;&#8221;][vc_custom_heading text=&#8221;Bizimle hemen ileti\u015fime ge\u00e7in.&#8221; font_container=&#8221;tag:p|font_size:1.1em|text_align:center|color:rgba(255%2C255%2C255%2C0.8)|line_height:26px&#8221; use_theme_fonts=&#8221;yes&#8221; animation_delay=&#8221;950&#8243; css=&#8221;.vc_custom_1776147842300{margin-bottom: 47px !important;}&#8221; el_class=&#8221;opacity-8&#8243; animation_type=&#8221;lightSpeedIn&#8221; css_params=&#8221;&#8221;]<div class=\"porto-sicon-box  vc_custom_1761551232120 top-n1-icon-box justify-content-center  wpb_custom_a4802976ddc90dd45e8cea536ff68ec0 style_1 default-icon\"><div class=\"porto-sicon-default\"><div class=\"porto-just-icon-wrapper porto-icon none\" style=\"color:var(--porto-primary-color);font-size:23.1px;\"><i class=\"Simple-Line-Icons-phone\"><\/i><\/div><\/div><div class=\"porto-sicon-header\"><a class=\"porto-sicon-box-link\" href=\"tel:+1234567890\"><div class=\"porto-sicon-title\" style=\"font-weight:700;font-size:21px;color:#ffffff;line-height:24px;letter-spacing:0;\">+90 507 220 38 62<\/div><\/a><\/div> <!-- header --><\/div><!-- porto-sicon-box --><div class=\"porto-sicon-box  vc_custom_1761551253231 top-2-icon-box justify-content-center  wpb_custom_2ccbe3e616e3e99d1ad178e76088c729 style_1 default-icon\"><div class=\"porto-sicon-default\"><div class=\"porto-just-icon-wrapper porto-icon none\" style=\"color:var(--porto-primary-color);font-size:25.2px;\"><i class=\"Simple-Line-Icons-envelope\"><\/i><\/div><\/div><div class=\"porto-sicon-header\"><a class=\"porto-sicon-box-link\" href=\"mailto:porto@consulting.com\"><div class=\"porto-sicon-title\" style=\"font-size:16.8px;color:#ffffff;line-height:24px;letter-spacing:0;\">info@kalitetercume.com.tr<\/div><\/a><\/div> <!-- header --><\/div><!-- porto-sicon-box --><div class=\"porto-sicon-box  vc_custom_1776147853909 top-n1-icon-box justify-content-center  wpb_custom_68c54048e3c209cf95a5deb478b05eb6 style_1 default-icon\"><div class=\"porto-sicon-default\"><div class=\"porto-just-icon-wrapper porto-icon none\" style=\"color:var(--porto-primary-color);font-size:25.2px;\"><i class=\"Simple-Line-Icons-calendar\"><\/i><\/div><\/div><div class=\"porto-sicon-header\"><div class=\"porto-sicon-title\" style=\"\">7 g\u00fcn 24 saat hizmetinizdeyiz<\/div><\/div> <!-- header --><\/div><!-- porto-sicon-box -->[vc_btn title=&#8221;\u0130leti\u015fime Ge\u00e7in&#8221; skin=&#8221;primary&#8221; btn_fw=&#8221;700&#8243; el_cls=&#8221;br-thick&#8221; link=&#8221;url:https%3A%2F%2Fkalitetercume.com.tr%2FLegal%2Ftr%2Filetisim%2F|title:Contact&#8221; btn_px=&#8221;2.4rem&#8221; btn_py=&#8221;1.29rem&#8221; el_class=&#8221;text-none mb-0&#8243; css_params=&#8221;&#8221;]<\/div><\/div>[\/vc_column][\/vc_row][vc_row full_width_css=&#8221;stretch_row_css&#8221; css=&#8221;.vc_custom_1767162407247{padding-top: 98px !important;padding-bottom: 218px !important;background-image: url(https:\/\/kalitetercume.com.tr\/Legal\/wp-content\/uploads\/2025\/12\/lf2-background-1-1.jpg?id=2687) !important;background-position: center !important;background-repeat: no-repeat !important;background-size: cover !important;}&#8221; el_class=&#8221;overlay-dark position-relative&#8221; conditional_render=&#8221;%5B%7B%22value_role%22%3A%22administrator%22%7D%5D&#8221; css_params=&#8221;&#8221;][vc_column el_class=&#8221;z-index-1&#8243; conditional_render=&#8221;%5B%7B%22value_role%22%3A%22administrator%22%7D%5D&#8221;][vc_custom_heading text=&#8221;Hukuk&#8221; font_container=&#8221;tag:h1|font_size:2.2em|text_align:center|line_height:24px&#8221; use_theme_fonts=&#8221;yes&#8221; font_weight=&#8221;600&#8243; skin=&#8221;primary&#8221; letter_spacing=&#8221;-0.05em&#8221; animation_delay=&#8221;200&#8243; el_class=&#8221;mb-2&#8243; animation_type=&#8221;fadeInUp&#8221; css_params=&#8221;&#8221;][vc_custom_heading text=&#8221;Terc\u00fcmanlar\u0131m\u0131z&#8221; font_container=&#8221;tag:h2|font_size:2.75em|text_align:center|line_height:42px&#8221; use_theme_fonts=&#8221;yes&#8221; text_transform=&#8221;text-capitalize&#8221; font_weight=&#8221;700&#8243; skin=&#8221;light&#8221; letter_spacing=&#8221;-1px&#8221; animation_delay=&#8221;400&#8243; el_class=&#8221;mb-0 font-style-normal&#8221; animation_type=&#8221;fadeInUp&#8221; css_params=&#8221;&#8221;][\/vc_column][\/vc_row][vc_row full_width_css=&#8221;stretch_row_css&#8221; no_padding=&#8221;yes&#8221; animation_delay=&#8221;1000&#8243; css=&#8221;.vc_custom_1767162167650{margin-top: -187px !important;padding-bottom: 24px !important;}&#8221; animation_type=&#8221;fadeInUp&#8221; conditional_render=&#8221;%5B%7B%22value_role%22%3A%22administrator%22%7D%5D&#8221; css_params=&#8221;&#8221;][vc_column conditional_render=&#8221;%5B%7B%22value_role%22%3A%22administrator%22%7D%5D&#8221;][porto_tb_posts post_type=&#8221;member&#8221; view=&#8221;slider&#8221; spacing=&#8221;20&#8243; columns=&#8221;5&#8243; columns_tablet=&#8221;2&#8243; navigation=&#8221;&#8221; pagination=&#8221;yes&#8221; dots_pos=&#8221;custom-dots&#8221; dots_visible=&#8221;{&#8220;xl&#8220;:&#8220;{&#8220;xl&#8220;:&#8220;`{`object&#8220;}&#8221; dots_original=&#8221;-50%&#8221; builder_id=&#8221;764&#8243; dots_pos_bottom=&#8221;{&#8220;sm&#8220;:&#8220;10&#8220;,&#8220;unit&#8220;:&#8220;&#8220;,&#8220;xs&#8220;:&#8220;&#8220;,&#8220;md&#8220;:&#8220;&#8220;,&#8220;lg&#8220;:&#8220;&#8220;,&#8220;xl&#8220;:-40}&#8221; dots_pos_left=&#8221;{&#8220;unit&#8220;:&#8220;%&#8220;,&#8220;xs&#8220;:&#8220;&#8220;,&#8220;sm&#8220;:&#8220;&#8220;,&#8220;md&#8220;:&#8220;&#8220;,&#8220;lg&#8220;:&#8220;&#8220;,&#8220;xl&#8220;:&#8220;50&#8220;}&#8221; dots_bg_color=&#8221;rgba(33,33,33,0.6)&#8221; dots_abg_color=&#8221;#212529&#8243; el_class=&#8221;mb-0 mb-md-5 pb-5 box-shadow-carousel p-l-md p-r-md&#8221;][\/vc_column][\/vc_row]<\/p>\n<\/div>","protected":false},"excerpt":{"rendered":"<p>[vc_row wrap_container=&#8221;yes&#8221; conditional_render=&#8221;%5B%7B%22value_role%22%3A%22administrator%22%7D%5D&#8221; css_params=&#8221;&#8221;][vc_column][vc_empty_space height=&#8221;20px&#8221; css_params=&#8221;&#8221;][vc_empty_space height=&#8221;20px&#8221; css_params=&#8221;&#8221;][vc_empty_space height=&#8221;20px&#8221; css_params=&#8221;&#8221;][\/vc_column][\/vc_row][vc_row full_width_css=&#8221;stretch_row_css&#8221; wrap_container=&#8221;yes&#8221; conditional_render=&#8221;%5B%7B%22value_role%22%3A%22administrator%22%7D%5D&#8221; css_params=&#8221;&#8221;][vc_column width=&#8221;2\/3&#8243;][vc_column_text css=&#8221;&#8221; css_params=&#8221;&#8221;] Mahkeme ve Resmi Hukuk Belgelerinin Onayl\u0131 Terc\u00fcmesi Mahkeme ve adli belge \u00e7evirisi, hukuk \u00e7evirisinin en hassas ve zorlu alanlar\u0131ndan biridir. Bir hukuk karar\u0131 veya dosyas\u0131ndaki her terim, tarih veya usul ifadesi ba\u011flay\u0131c\u0131 sonu\u00e7lar do\u011furur.&nbsp;Kalite Legal&#8217;de,&nbsp;\u00e7o\u011fu resmi hukuk e\u011fitimi [&hellip;]<\/p>\n","protected":false},"author":1,"featured_media":0,"parent":0,"menu_order":0,"comment_status":"closed","ping_status":"closed","template":"","meta":{"_acf_changed":false,"footnotes":""},"class_list":["post-3825","page","type-page","status-publish","hentry"],"acf":[],"_links":{"self":[{"href":"https:\/\/kalitetercume.com.tr\/Legal\/wp-json\/wp\/v2\/pages\/3825","targetHints":{"allow":["GET"]}}],"collection":[{"href":"https:\/\/kalitetercume.com.tr\/Legal\/wp-json\/wp\/v2\/pages"}],"about":[{"href":"https:\/\/kalitetercume.com.tr\/Legal\/wp-json\/wp\/v2\/types\/page"}],"author":[{"embeddable":true,"href":"https:\/\/kalitetercume.com.tr\/Legal\/wp-json\/wp\/v2\/users\/1"}],"replies":[{"embeddable":true,"href":"https:\/\/kalitetercume.com.tr\/Legal\/wp-json\/wp\/v2\/comments?post=3825"}],"version-history":[{"count":1,"href":"https:\/\/kalitetercume.com.tr\/Legal\/wp-json\/wp\/v2\/pages\/3825\/revisions"}],"predecessor-version":[{"id":3826,"href":"https:\/\/kalitetercume.com.tr\/Legal\/wp-json\/wp\/v2\/pages\/3825\/revisions\/3826"}],"wp:attachment":[{"href":"https:\/\/kalitetercume.com.tr\/Legal\/wp-json\/wp\/v2\/media?parent=3825"}],"curies":[{"name":"wp","href":"https:\/\/api.w.org\/{rel}","templated":true}]}}